{"id":628,"date":"2017-01-23T13:37:00","date_gmt":"2017-01-23T12:37:00","guid":{"rendered":"http:\/\/agora.xtec.cat\/escolabogatell\/?page_id=628"},"modified":"2018-10-31T12:09:08","modified_gmt":"2018-10-31T11:09:08","slug":"projectes-i-activitats-destacades-del-centre","status":"publish","type":"page","link":"https:\/\/agora.xtec.cat\/escolabogatell\/lanostraescola\/projectes-i-activitats-destacades-del-centre\/","title":{"rendered":"Projectes i activitats destacades del centre"},"content":{"rendered":"<ol>\n<li><strong><em>Projecte pluriling\u00fce<\/em><\/strong><\/li>\n<\/ol>\n<p><span style=\"color: #000000; font-family: verdana, sans-serif; font-size: large;\">El nostre projecte ling\u00fc\u00edstic \u00e9s triling\u00fce: catal\u00e0, castell\u00e0 i angl\u00e8s.<\/span><\/p>\n<p><span style=\"color: #000000; font-family: verdana, sans-serif; font-size: large;\">El catal\u00e0 com a llengua del nostre pa\u00eds s&#8217;articula d&#8217;una manera coherent amb l&#8217;ensenyament de les altres lleng\u00fces.<\/span><\/p>\n<p>Quadre Resum del tractament de lleng\u00fces a l&#8217;escola:<\/p>\n<table class=\" alignleft\" style=\"height: 483px; width: 810px;\">\n<tbody>\n<tr>\n<td style=\"width: 57px;\"><\/td>\n<td style=\"text-align: center; width: 387px;\"><strong>CATAL\u00c0<\/strong><\/td>\n<td style=\"text-align: center; width: 197px;\"><strong>CASTELL\u00c0<\/strong><\/td>\n<td style=\"text-align: center; width: 157px;\"><strong>ANGL\u00c8S<\/strong><\/td>\n<\/tr>\n<tr>\n<td style=\"width: 57px;\">\u00a0<strong> P3<\/strong><\/td>\n<td style=\"text-align: center; width: 387px;\"><strong>Totes les \u00e0rees<\/strong><\/td>\n<td style=\"text-align: center; width: 197px;\"><strong>Can\u00e7ons i poemes<\/strong><\/td>\n<td style=\"text-align: center; width: 157px;\"><\/td>\n<\/tr>\n<tr>\n<td style=\"width: 57px;\">\n<table style=\"height: 421px; width: 40px;\">\n<tbody>\n<tr>\n<td style=\"width: 34px;\"><strong>P4<\/strong><\/td>\n<\/tr>\n<tr>\n<td style=\"width: 34px;\"><strong>P5<\/strong><\/td>\n<\/tr>\n<tr>\n<td style=\"width: 34px;\"><strong>1r<\/strong><\/td>\n<\/tr>\n<tr>\n<td style=\"width: 34px;\"><strong>2n<\/strong><\/td>\n<\/tr>\n<tr>\n<td style=\"width: 34px;\"><strong>3r<\/strong><\/td>\n<\/tr>\n<tr>\n<td style=\"width: 34px;\"><strong>4t<\/strong><\/td>\n<\/tr>\n<tr>\n<td style=\"width: 34px;\"><strong>5\u00e9<\/strong><\/td>\n<\/tr>\n<tr>\n<td style=\"width: 34px;\"><strong>6\u00e8<\/strong><\/td>\n<\/tr>\n<\/tbody>\n<\/table>\n<\/td>\n<td style=\"text-align: center; width: 387px;\"><strong>La resta de sessions que no siguin les que es fan en castell\u00e0 i\u00a0<\/strong><b>angl\u00e8s<\/b><\/td>\n<td style=\"width: 197px;\">\n<table style=\"height: 418px;\" width=\"186\">\n<tbody>\n<tr style=\"height: 44px;\">\n<td style=\"height: 44px; width: 180px;\"><strong>Can\u00e7ons i poemes<\/strong><\/td>\n<\/tr>\n<tr style=\"height: 53px;\">\n<td style=\"height: 53px; width: 180px;\"><strong>Can\u00e7ons i poemes<\/strong><\/td>\n<\/tr>\n<tr style=\"height: 31px;\">\n<td style=\"height: 31px; width: 180px;\"><strong>1 sessi\u00f3 + pl\u00e0stica<\/strong><\/td>\n<\/tr>\n<tr style=\"height: 51px;\">\n<td style=\"height: 51px; width: 180px;\"><strong>2 sessions<\/strong><\/td>\n<\/tr>\n<tr style=\"height: 54px;\">\n<td style=\"height: 54px; width: 180px;\"><strong>2 sessi\u00f3 + pl\u00e0stica<\/strong><\/td>\n<\/tr>\n<tr style=\"height: 52px;\">\n<td style=\"height: 52px; width: 180px;\"><strong>2 sessions + Resoluci\u00f3 de problemes<\/strong><\/td>\n<\/tr>\n<tr style=\"height: 53px;\">\n<td style=\"height: 53px; width: 180px;\"><strong>2 sessions + pl\u00e0stica + Resoluci\u00f3 de problemes<\/strong><\/td>\n<\/tr>\n<tr style=\"height: 53px;\">\n<td style=\"height: 53px; width: 180px;\"><strong>2 sessions + Resoluci\u00f3 de problemes<\/strong><\/td>\n<\/tr>\n<\/tbody>\n<\/table>\n<\/td>\n<td style=\"width: 157px;\">\n<table style=\"height: 408px;\" width=\"209\">\n<tbody>\n<tr style=\"height: 43px;\">\n<td style=\"height: 43px; width: 203px;\"><strong>1 sessi\u00f3 amb grup sencer<\/strong><\/td>\n<\/tr>\n<tr style=\"height: 43px;\">\n<td style=\"height: 43px; width: 203px;\"><strong>2\u00a0sessi\u00f3 amb grup sencer<\/strong><\/td>\n<\/tr>\n<tr style=\"height: 30px;\">\n<td style=\"height: 30px; width: 203px;\"><strong>3 sessions + 1 espai<br \/>\n<\/strong><\/td>\n<\/tr>\n<tr style=\"height: 44px;\">\n<td style=\"height: 44px; width: 203px;\"><strong>3 sessions + 1 projectes+ 1 espai<br \/>\n<\/strong><\/td>\n<\/tr>\n<tr style=\"height: 44px;\">\n<td style=\"height: 44px; width: 203px;\"><strong>3 sessions + 1 science<\/strong><\/td>\n<\/tr>\n<tr style=\"height: 44px;\">\n<td style=\"height: 44px; width: 203px;\"><strong>2 sessions + 1 mig grup + 2 science<\/strong><\/td>\n<\/tr>\n<tr style=\"height: 40px;\">\n<td style=\"height: 40px; width: 203px;\"><strong>2 sessions + 1 mig grup + 2 science<\/strong><\/td>\n<\/tr>\n<tr style=\"height: 44px;\">\n<td style=\"height: 44px; width: 203px;\"><strong>2 sessions + 1 mig grup + 2 science<\/strong><\/td>\n<\/tr>\n<\/tbody>\n<\/table>\n<\/td>\n<\/tr>\n<\/tbody>\n<\/table>\n<h3 style=\"text-align: left;\"><\/h3>\n<h2 style=\"text-align: left;\" align=\"left\"><\/h2>\n<p>&nbsp;<\/p>\n<p>&nbsp;<\/p>\n<p>&nbsp;<\/p>\n<p>&nbsp;<\/p>\n<p>&nbsp;<\/p>\n<p>&nbsp;<\/p>\n<p>&nbsp;<\/p>\n<p>&nbsp;<\/p>\n<p>&nbsp;<\/p>\n<p>&nbsp;<\/p>\n<p>&nbsp;<\/p>\n<p>&nbsp;<\/p>\n<p>&nbsp;<\/p>\n<p>2. <em><strong>La inform\u00e0tica com a eina, esta incorporada a totes les \u00e0rees.<\/strong><\/em><\/p>\n<p>3. <em><strong>Experimentaci\u00f3-aula de ci\u00e8ncies.<\/strong><\/em><\/p>\n<p>4. <em><strong>Participaci\u00f3 a Escoles+Sostenibles.<\/strong><\/em><\/p>\n<p>5. <strong><em>Formem part de\u00a0 &#8220;xarxes pel canvi &#8221;<br \/>\n<\/em><\/strong><\/p>\n<p>6. <em><strong>Projecte de visual i pl\u00e0stica sobre autors i moviments art\u00edstics.<\/strong><\/em><\/p>\n<p>7. <strong><em>Participaci\u00f3 al congr\u00e9s de ci\u00e8ncia (cicle inicial) i al Congr\u00e8s de Petits Talents Cinet\u00edfics (cicle superior)<\/em><\/strong><\/p>\n<p>8. <strong><em>Participaci\u00f3 en el projecte &#8220;Formigues cooperatives&#8221; a cicle mitj\u00e0 ( educaci\u00f3 fisica)<\/em><\/strong><\/p>\n<p>9. <strong><em>Participaci\u00f3 al Dansa ara.<\/em><\/strong><\/p>\n<p>10. <strong><em>Setmana de les Matem\u00e0tiques.<\/em> <\/strong><\/p>\n","protected":false},"excerpt":{"rendered":"<ol>\n<li>Projecte pluriling\u00fce<\/li>\n<\/ol>\n<p>El nostre projecte ling\u00fc\u00edstic \u00e9s triling\u00fce: catal\u00e0, castell\u00e0 i angl\u00e8s.<br \/>\nEl catal\u00e0 com a llengua del nostre pa\u00eds s&#8217;articula d&#8217;una manera coherent amb l&#8217;ensenyament de les altres lleng\u00fces.<br \/>\nQuadre Resum del tractament de lleng\u00fces a l&#8217;escola:<\/p>\n<p>CATAL\u00c0<br \/>\nCASTELL\u00c0<br \/>\nANGL\u00c8S<\/p>\n<p>\u00a0 P3<br \/>\nTotes les \u00e0rees<br \/>\nCan\u00e7ons i poemes<\/p>\n<p>P4<\/p>\n<p>P5<\/p>\n<p>1r<\/p>\n<p>2n<\/p>\n<p>3r<\/p>\n<p>4t<\/p>\n<p>5\u00e9<\/p>\n<p>6\u00e8<\/p>\n<p>La resta de sessions que no&hellip;  <a href=\"https:\/\/agora.xtec.cat\/escolabogatell\/lanostraescola\/projectes-i-activitats-destacades-del-centre\/\" title=\"Read Projectes i activitats destacades del centre\">Llegeix m\u00e9s\u00bb<\/a><\/p>\n","protected":false},"author":1,"featured_media":0,"parent":30,"menu_order":0,"comment_status":"closed","ping_status":"closed","template":"page-templates\/side-menu.php","meta":{"_bbp_topic_count":0,"_bbp_reply_count":0,"_bbp_total_topic_count":0,"_bbp_total_reply_count":0,"_bbp_voice_count":0,"_bbp_anonymous_reply_count":0,"_bbp_topic_count_hidden":0,"_bbp_reply_count_hidden":0,"_bbp_forum_subforum_count":0,"footnotes":""},"class_list":["post-628","page","type-page","status-publish","hentry"],"post_mailing_queue_ids":[],"_links":{"self":[{"href":"https:\/\/agora.xtec.cat\/escolabogatell\/wp-json\/wp\/v2\/pages\/628","targetHints":{"allow":["GET"]}}],"collection":[{"href":"https:\/\/agora.xtec.cat\/escolabogatell\/wp-json\/wp\/v2\/pages"}],"about":[{"href":"https:\/\/agora.xtec.cat\/escolabogatell\/wp-json\/wp\/v2\/types\/page"}],"author":[{"embeddable":true,"href":"https:\/\/agora.xtec.cat\/escolabogatell\/wp-json\/wp\/v2\/users\/1"}],"replies":[{"embeddable":true,"href":"https:\/\/agora.xtec.cat\/escolabogatell\/wp-json\/wp\/v2\/comments?post=628"}],"version-history":[{"count":4,"href":"https:\/\/agora.xtec.cat\/escolabogatell\/wp-json\/wp\/v2\/pages\/628\/revisions"}],"predecessor-version":[{"id":1039,"href":"https:\/\/agora.xtec.cat\/escolabogatell\/wp-json\/wp\/v2\/pages\/628\/revisions\/1039"}],"up":[{"embeddable":true,"href":"https:\/\/agora.xtec.cat\/escolabogatell\/wp-json\/wp\/v2\/pages\/30"}],"wp:attachment":[{"href":"https:\/\/agora.xtec.cat\/escolabogatell\/wp-json\/wp\/v2\/media?parent=628"}],"curies":[{"name":"wp","href":"https:\/\/api.w.org\/{rel}","templated":true}]}}