{"id":34,"date":"2014-09-18T12:32:18","date_gmt":"2014-09-18T12:32:18","guid":{"rendered":"http:\/\/agora.xtec.cat\/escolabogatell\/?page_id=34"},"modified":"2018-10-31T12:11:22","modified_gmt":"2018-10-31T11:11:22","slug":"oferta-educativa","status":"publish","type":"page","link":"https:\/\/agora.xtec.cat\/escolabogatell\/lanostraescola\/oferta-educativa\/","title":{"rendered":"Oferta educativa"},"content":{"rendered":"<p>Som una escola de titularitat p\u00fablica d&#8217; Educaci\u00f3 Infantil i Prim\u00e0ria de dues l\u00ednies.<\/p>\n<p>Oferim la formaci\u00f3 integral de l&#8217;alumnat amb atenci\u00f3 a la diversitat, on potenciem les capacitats individuals dels infants i el treball en grups redu\u00efts en diverses \u00e0rees. Incidim en la import\u00e0ncia de la col\u00b7laboraci\u00f3 entre l&#8217;escola i les fam\u00edlies per tal d&#8217;afavorir el desenvolupament de l&#8217;alumnat i la relaci\u00f3 amb el barri i la ciutat per gaudir dels recursos\u00a0 que ens ofereixen.<\/p>\n<p>Disposem de menjador amb cuina pr\u00f2pia, acollida de mat\u00ed i tarda i activitats extraescolars organitzat per l&#8217;AFA.<\/p>\n<p>Instituts adscrits a l&#8217;escola per garantir la qualitat de l&#8217;ensenyament:<\/p>\n<p><a href=\"http:\/\/iesicaria.xtec.cat\/tiki-view_articles.php\">Institut Ic\u00e0ria<\/a>, <a href=\"http:\/\/www.iesfrontmaritim.cat\/linstitut\/\">Institut Front Mar\u00edtim, <\/a><a href=\"http:\/\/www.4cantons.cat\/\">Institut Quatre Cantons,<\/a>\u00a0<a href=\"http:\/\/www.institutmariaespinalt.cat\/\" target=\"_blank\" rel=\"noopener noreferrer\">Institut Maria Espinalt<\/a>\u00a0, i <a href=\"http:\/\/institut22.cat\/\" target=\"_blank\" rel=\"noopener\">22<span class=\"\"><span class=\"atwho-query\">@<\/span><\/span><\/a><a href=\"http:\/\/www.iesverdaguer.cat\/\"><br \/>\n<\/a><\/p>\n","protected":false},"excerpt":{"rendered":"<p>Som una escola de titularitat p\u00fablica d&#8217; Educaci\u00f3 Infantil i Prim\u00e0ria de dues l\u00ednies.<br \/>\nOferim la formaci\u00f3 integral de l&#8217;alumnat amb atenci\u00f3 a la diversitat, on potenciem les capacitats individuals dels infants i el treball en grups redu\u00efts en diverses \u00e0rees. Incidim en la import\u00e0ncia de&hellip;  <a href=\"https:\/\/agora.xtec.cat\/escolabogatell\/lanostraescola\/oferta-educativa\/\" title=\"Read Oferta educativa\">Llegeix m\u00e9s\u00bb<\/a><\/p>\n","protected":false},"author":2,"featured_media":0,"parent":30,"menu_order":11,"comment_status":"closed","ping_status":"closed","template":"page-templates\/side-menu.php","meta":{"_bbp_topic_count":0,"_bbp_reply_count":0,"_bbp_total_topic_count":0,"_bbp_total_reply_count":0,"_bbp_voice_count":0,"_bbp_anonymous_reply_count":0,"_bbp_topic_count_hidden":0,"_bbp_reply_count_hidden":0,"_bbp_forum_subforum_count":0,"footnotes":""},"class_list":["post-34","page","type-page","status-publish","hentry"],"post_mailing_queue_ids":[],"_links":{"self":[{"href":"https:\/\/agora.xtec.cat\/escolabogatell\/wp-json\/wp\/v2\/pages\/34","targetHints":{"allow":["GET"]}}],"collection":[{"href":"https:\/\/agora.xtec.cat\/escolabogatell\/wp-json\/wp\/v2\/pages"}],"about":[{"href":"https:\/\/agora.xtec.cat\/escolabogatell\/wp-json\/wp\/v2\/types\/page"}],"author":[{"embeddable":true,"href":"https:\/\/agora.xtec.cat\/escolabogatell\/wp-json\/wp\/v2\/users\/2"}],"replies":[{"embeddable":true,"href":"https:\/\/agora.xtec.cat\/escolabogatell\/wp-json\/wp\/v2\/comments?post=34"}],"version-history":[{"count":4,"href":"https:\/\/agora.xtec.cat\/escolabogatell\/wp-json\/wp\/v2\/pages\/34\/revisions"}],"predecessor-version":[{"id":1040,"href":"https:\/\/agora.xtec.cat\/escolabogatell\/wp-json\/wp\/v2\/pages\/34\/revisions\/1040"}],"up":[{"embeddable":true,"href":"https:\/\/agora.xtec.cat\/escolabogatell\/wp-json\/wp\/v2\/pages\/30"}],"wp:attachment":[{"href":"https:\/\/agora.xtec.cat\/escolabogatell\/wp-json\/wp\/v2\/media?parent=34"}],"curies":[{"name":"wp","href":"https:\/\/api.w.org\/{rel}","templated":true}]}}