{"id":30,"date":"2014-09-18T12:30:23","date_gmt":"2014-09-18T12:30:23","guid":{"rendered":"http:\/\/agora.xtec.cat\/escolabogatell\/?page_id=30"},"modified":"2018-04-13T11:13:33","modified_gmt":"2018-04-13T09:13:33","slug":"lanostraescola","status":"publish","type":"page","link":"https:\/\/agora.xtec.cat\/escolabogatell\/lanostraescola\/","title":{"rendered":"LA NOSTRA ESCOLA"},"content":{"rendered":"<p>El Bogatell era tamb\u00e9 el nom d&#8217;un torrent que naixia al Guinard\u00f3 i que alimentava la Llacuna del Poblenou, despr\u00e9s de creuar part del Camp de l&#8217;Arpa i del Clot. Fa m\u00e9s de 700 anys aquesta zona era una terra d&#8217;aiguamolls amb aus i insectes. De mica en mica les maresmes es van anar assecant degut a la pr\u00e0ctica de l&#8217;agricultura i a l&#8217;aprofitament industrial de l&#8217;aigua.<\/p>\n<p>Fa 250 anys, amb el creixement de la ciutat de Barcelona, els fabricants van comen\u00e7ar a edificar naus industrials. Per evitar inundacions es van canalitzar i conduir les rieres cap a la llacuna formada pel Bogatell. Posteriorment es va acabar canalitzant fins al mar.<\/p>\n<p>L&#8217;any 1980 s&#8217;ocupa l&#8217;actual escola constru\u00efda als terrenys de l&#8217;antiga Estaci\u00f3 Receptora de la Llet. A l&#8217;any 1984 es construeix l&#8217;edifici de p\u00e0rvuls amb quatre aules i 10 anys m\u00e9s tard es l&#8217;edifici s&#8217;amplia amb dues aules m\u00e9s.<\/p>\n<p>Edifici d&#8217;educaci\u00f3 prim\u00e0ria<\/p>\n<p><iframe loading=\"lazy\" width=\"560\" height=\"315\" src=\"https:\/\/www.youtube.com\/embed\/YiHeTBF8lQU\" frameborder=\"0\" allow=\"autoplay; encrypted-media\" allowfullscreen><\/iframe><\/p>\n<p>Edifici d&#8217;educaci\u00f3 infantil<\/p>\n<div><iframe loading=\"lazy\" width=\"480\" height=\"360\" src=\"http:\/\/www.kizoa.com\/embed-184041430-P716915694o1l1\" frameborder=\"0\" allowfullscreen><\/iframe><br \/><a href=\"http:\/\/www.kizoa.es\/Editar-V\u00eddeos-Movie-Maker\/d184041430k9681923o2l1\/edingfantilweb\"><\/a><\/div>\n","protected":false},"excerpt":{"rendered":"<p>El Bogatell era tamb\u00e9 el nom d&#8217;un torrent que naixia al Guinard\u00f3 i que alimentava la Llacuna del Poblenou, despr\u00e9s de creuar part del Camp de l&#8217;Arpa i del Clot. Fa m\u00e9s de 700 anys aquesta zona era una terra d&#8217;aiguamolls amb aus i insectes.&hellip;  <a href=\"https:\/\/agora.xtec.cat\/escolabogatell\/lanostraescola\/\" title=\"Read LA NOSTRA ESCOLA\">Llegeix m\u00e9s\u00bb<\/a><\/p>\n","protected":false},"author":2,"featured_media":0,"parent":0,"menu_order":1,"comment_status":"closed","ping_status":"closed","template":"page-templates\/side-menu.php","meta":{"_bbp_topic_count":0,"_bbp_reply_count":0,"_bbp_total_topic_count":0,"_bbp_total_reply_count":0,"_bbp_voice_count":0,"_bbp_anonymous_reply_count":0,"_bbp_topic_count_hidden":0,"_bbp_reply_count_hidden":0,"_bbp_forum_subforum_count":0,"footnotes":""},"class_list":["post-30","page","type-page","status-publish","hentry"],"post_mailing_queue_ids":[],"_links":{"self":[{"href":"https:\/\/agora.xtec.cat\/escolabogatell\/wp-json\/wp\/v2\/pages\/30","targetHints":{"allow":["GET"]}}],"collection":[{"href":"https:\/\/agora.xtec.cat\/escolabogatell\/wp-json\/wp\/v2\/pages"}],"about":[{"href":"https:\/\/agora.xtec.cat\/escolabogatell\/wp-json\/wp\/v2\/types\/page"}],"author":[{"embeddable":true,"href":"https:\/\/agora.xtec.cat\/escolabogatell\/wp-json\/wp\/v2\/users\/2"}],"replies":[{"embeddable":true,"href":"https:\/\/agora.xtec.cat\/escolabogatell\/wp-json\/wp\/v2\/comments?post=30"}],"version-history":[{"count":4,"href":"https:\/\/agora.xtec.cat\/escolabogatell\/wp-json\/wp\/v2\/pages\/30\/revisions"}],"predecessor-version":[{"id":950,"href":"https:\/\/agora.xtec.cat\/escolabogatell\/wp-json\/wp\/v2\/pages\/30\/revisions\/950"}],"wp:attachment":[{"href":"https:\/\/agora.xtec.cat\/escolabogatell\/wp-json\/wp\/v2\/media?parent=30"}],"curies":[{"name":"wp","href":"https:\/\/api.w.org\/{rel}","templated":true}]}}