{"id":28,"date":"2014-09-18T12:29:35","date_gmt":"2014-09-18T12:29:35","guid":{"rendered":"http:\/\/agora.xtec.cat\/escolabogatell\/?page_id=28"},"modified":"2019-09-18T13:34:02","modified_gmt":"2019-09-18T11:34:02","slug":"comunitateducativa","status":"publish","type":"page","link":"https:\/\/agora.xtec.cat\/escolabogatell\/lanostraescola\/comunitateducativa\/","title":{"rendered":"Comunitat educativa"},"content":{"rendered":"<h2 style=\"text-align: left;\">Mestres<\/h2>\n<p style=\"text-align: center;\"><b>EQUIP DIRECTIU<\/b><\/p>\n<table class=\" aligncenter\" style=\"height: 150px; width: 440px;\">\n<tbody>\n<tr>\n<td style=\"width: 123.467px;\">\u00c0ngels Carrasco<\/td>\n<td style=\"width: 104.767px;\">Directora<\/td>\n<td style=\"text-align: left; width: 201.767px;\">Especialista d&#8217;educaci\u00f3 f\u00edsica<\/td>\n<\/tr>\n<tr>\n<td style=\"width: 123.467px;\">Ant\u00f2nia Montero<\/td>\n<td style=\"width: 104.767px;\">Cap d&#8217;estudis<\/td>\n<td style=\"width: 201.767px;\">Especialista d&#8217;educaci\u00f3 f\u00edsica<\/td>\n<\/tr>\n<tr>\n<td style=\"width: 123.467px;\">Aida Siguero<\/td>\n<td style=\"width: 104.767px;\">Secretaria<\/td>\n<td style=\"width: 201.767px;\">Especialista d&#8217;educaci\u00f3 f\u00edsica<\/td>\n<\/tr>\n<\/tbody>\n<\/table>\n<p style=\"text-align: center;\"><b>\u00a0EDUCACI\u00d3 INFANTIL\u00a0<\/b><\/p>\n<table class=\" aligncenter\" style=\"height: 337px;\" width=\"553\">\n<tbody>\n<tr>\n<td style=\"text-align: start; width: 131.517px;\"><span style=\"text-align: center;\">N\u00daRIA NAVARRO\u00a0<\/span><\/td>\n<td style=\"width: 121.5px;\">TUTORA P3<\/td>\n<td style=\"text-align: center; width: 78.5px;\"><\/td>\n<td style=\"text-align: center; width: 207.5px;\"><\/td>\n<\/tr>\n<tr style=\"text-align: justify;\">\n<td style=\"width: 131.517px;\">LAURA URIACH<\/td>\n<td style=\"width: 121.5px;\">TUTORA P4A<\/td>\n<td style=\"width: 78.5px;\"><\/td>\n<td style=\"width: 207.5px;\"><\/td>\n<\/tr>\n<tr style=\"text-align: justify;\">\n<td style=\"width: 131.517px;\">ESTHER TOM\u00c0S<\/td>\n<td style=\"width: 121.5px;\">TUTORA P4B<\/td>\n<td style=\"width: 78.5px;\"><\/td>\n<td style=\"width: 207.5px;\">COORDINADORA d&#8217;INFANTIL<\/td>\n<\/tr>\n<tr style=\"text-align: justify;\">\n<td style=\"width: 131.517px;\">BARBARA HERVELLA<\/td>\n<td style=\"width: 121.5px;\">TUTORA P5A<\/td>\n<td style=\"width: 78.5px;\"><\/td>\n<td style=\"width: 207.5px;\"><\/td>\n<\/tr>\n<tr style=\"text-align: justify;\">\n<td style=\"width: 131.517px;\">OLGA MART\u00cdN<\/td>\n<td style=\"width: 121.5px;\">TUTORA P5B<\/td>\n<td style=\"width: 78.5px;\"><\/td>\n<td style=\"width: 207.5px;\"><\/td>\n<\/tr>\n<tr style=\"text-align: justify;\">\n<td style=\"width: 131.517px;\">MILA GONZ\u00c0LEZ<\/td>\n<td style=\"width: 121.5px;\">Psicomotricitat<\/td>\n<td style=\"width: 78.5px;\">REFOR\u00c7<\/td>\n<td style=\"width: 207.5px;\"><\/td>\n<\/tr>\n<tr style=\"text-align: justify;\">\n<td style=\"width: 131.517px;\">JOANA NAVAS<\/td>\n<td style=\"width: 121.5px;\">T\u00c8CNICA D\u00b4E. I.<\/td>\n<td style=\"width: 78.5px;\"><\/td>\n<td style=\"width: 207.5px;\"><\/td>\n<\/tr>\n<\/tbody>\n<\/table>\n<p>&nbsp;<\/p>\n<p style=\"text-align: center;\"><b>EDUCACI\u00d3 PRIM\u00c0RIA<\/b><\/p>\n<table class=\" aligncenter\" style=\"height: 417px;\" width=\"482\">\n<tbody>\n<tr>\n<td style=\"text-align: center; width: 127.778px;\">ELENA ANDR\u00c9S<\/td>\n<td style=\"text-align: center; width: 110px;\">TUTORA\u00a01r A<\/td>\n<td style=\"text-align: center; width: 231.111px;\">COORDINADORA\u00a0CICLE INICIAL<\/td>\n<\/tr>\n<tr>\n<td style=\"text-align: center; width: 127.778px;\">CARME MIRANDA<\/td>\n<td style=\"text-align: center; width: 110px;\">TUTORA\u00a01r B<\/td>\n<td style=\"text-align: center; width: 231.111px;\"><\/td>\n<\/tr>\n<tr>\n<td style=\"text-align: center; width: 127.778px;\">NURI VALL\u00c9S<\/td>\n<td style=\"text-align: center; width: 110px;\">TUTORA 1r C<\/td>\n<td style=\"text-align: center; width: 231.111px;\"><\/td>\n<\/tr>\n<tr>\n<td style=\"width: 127.778px;\">MAITE \u00c1LVARO<\/td>\n<td style=\"text-align: center; width: 110px;\">TUTORA 2n A<\/td>\n<td style=\"text-align: center; width: 231.111px;\"><\/td>\n<\/tr>\n<tr>\n<td style=\"width: 127.778px;\">\u00a0 \u00a0 AURORA\u00a0 \u00a0 \u00a0 \u00a0 \u00a0 \u00a0 \u00a0PLANA<\/td>\n<td style=\"text-align: center; width: 110px;\">TUTORA\u00a0 2n B<\/td>\n<td style=\"text-align: center; width: 231.111px;\"><\/td>\n<\/tr>\n<tr>\n<td style=\"text-align: center; width: 127.778px;\">ANNA BEL<\/td>\n<td style=\"text-align: center; width: 110px;\">TUTORA\u00a03r A<\/td>\n<td style=\"text-align: center; width: 231.111px;\"><\/td>\n<\/tr>\n<tr>\n<td style=\"text-align: center; width: 127.778px;\">MARIA<span style=\"background-color: #f9f9f9;\"> JALLOW<\/span><\/td>\n<td style=\"text-align: center; width: 110px;\">TUTORA\u00a03r B<\/td>\n<td style=\"text-align: center; width: 231.111px;\"><\/td>\n<\/tr>\n<tr>\n<td style=\"text-align: center; width: 127.778px;\">GEMMA ZARAGOZA<\/td>\n<td style=\"text-align: center; width: 110px;\">TUTORA 4t A<\/td>\n<td style=\"text-align: center; width: 231.111px;\"><span style=\"background-color: #f9f9f9;\">COORDINADORA\u00a0CICLE MITJ\u00c0<\/span><\/td>\n<\/tr>\n<tr>\n<td style=\"text-align: center; width: 127.778px;\">MARTA PORTELL<\/td>\n<td style=\"text-align: center; width: 110px;\">TUTORA 4t B<\/td>\n<td style=\"text-align: center; width: 231.111px;\"><\/td>\n<\/tr>\n<tr>\n<td style=\"text-align: center; width: 127.778px;\">AIDA SIGUERO<\/td>\n<td style=\"text-align: center; width: 110px;\">TUTORA\u00a05\u00e9 A<\/td>\n<td style=\"text-align: center; width: 231.111px;\"><span style=\"background-color: #ffffff;\">\u00a0COORDINADORA CICLE SUPERIOR<\/span><\/td>\n<\/tr>\n<\/tbody>\n<\/table>\n<table class=\" aligncenter\" style=\"height: 717px; width: 490px;\">\n<tbody>\n<tr>\n<td style=\"text-align: center; width: 117.778px;\">ESTHER RIBAS<\/td>\n<td style=\"text-align: center; width: 140px;\">TUTORA\u00a05\u00e9 B<\/td>\n<td style=\"text-align: center; width: 206.667px;\"><\/td>\n<\/tr>\n<tr>\n<td style=\"text-align: center; width: 117.778px;\">MARTA COL\u00c0S<\/td>\n<td style=\"text-align: center; width: 140px;\">TUTORA\u00a06\u00e9 A<\/td>\n<td style=\"text-align: center; width: 206.667px;\"><\/td>\n<\/tr>\n<tr>\n<td style=\"text-align: center; width: 117.778px;\">ANNA GASS\u00d3<\/td>\n<td style=\"text-align: center; width: 140px;\">TUTORA\u00a06\u00e9 B<\/td>\n<td style=\"text-align: center; width: 206.667px;\"><\/td>\n<\/tr>\n<tr>\n<td style=\"text-align: center; width: 117.778px;\">ROSA VELASCO<\/td>\n<td style=\"text-align: center; width: 140px;\">ED. ESPECIAL<\/td>\n<td style=\"text-align: center; width: 206.667px;\"><\/td>\n<\/tr>\n<tr>\n<td style=\"text-align: center; width: 117.778px;\">GEMMA CEREZO<\/td>\n<td style=\"text-align: center; width: 140px;\">ED.\u00a0ESPECIAL<\/td>\n<td style=\"text-align: center; width: 206.667px;\">COORDINADORA TAC<\/td>\n<\/tr>\n<tr>\n<td style=\"text-align: center; width: 117.778px;\">PATR\u00cdCIA FERRE<\/td>\n<td style=\"text-align: center; width: 140px;\">M\u00daSICA<\/td>\n<td style=\"text-align: center; width: 206.667px;\"><\/td>\n<\/tr>\n<tr>\n<td style=\"text-align: center; width: 117.778px;\">CRISTINA GARC\u00cdA<\/td>\n<td style=\"text-align: center; width: 140px;\">M\u00daSICA<\/td>\n<td style=\"text-align: center; width: 206.667px;\"><\/td>\n<\/tr>\n<tr>\n<td style=\"text-align: center; width: 117.778px;\">JORDI GISBERT<\/td>\n<td style=\"text-align: center; width: 140px;\">ED. F\u00cdSICA<\/td>\n<td style=\"text-align: center; width: 206.667px;\"><\/td>\n<\/tr>\n<tr>\n<td style=\"text-align: center; width: 117.778px;\">ANNA BLANCO<\/td>\n<td style=\"text-align: center; width: 140px;\">ANGL\u00c8S ED. INFANTIL<\/td>\n<td style=\"text-align: center; width: 206.667px;\"><\/td>\n<\/tr>\n<tr>\n<td style=\"text-align: center; width: 117.778px;\">LAURA URIACH<\/td>\n<td style=\"text-align: center; width: 140px;\">ANGL\u00c8S ED. INFANTIL<\/td>\n<td style=\"text-align: center; width: 206.667px;\"><\/td>\n<\/tr>\n<tr>\n<td style=\"text-align: center; width: 117.778px;\">ORIOL CARBONELL<\/td>\n<td style=\"text-align: center; width: 140px;\">ANGL\u00c8S CICLE INICIAL I SUPERIOR<\/td>\n<td style=\"text-align: center; width: 206.667px;\"><\/td>\n<\/tr>\n<tr>\n<td style=\"text-align: center; width: 117.778px;\">ANNA QUER<\/td>\n<td style=\"text-align: center; width: 140px;\">ANGL\u00c8S CICLE INICIAL<\/td>\n<td style=\"text-align: center; width: 206.667px;\"><\/td>\n<\/tr>\n<tr>\n<td style=\"text-align: center; width: 117.778px;\">\u00a0AL\u00cdCIA P\u00c9REZ-MALDONADO<\/td>\n<td style=\"text-align: center; width: 140px;\">ANGL\u00c8S C. MITJ\u00c0<\/td>\n<td style=\"text-align: center; width: 206.667px;\">\u00a0COORDINADORA\u00a0LIC<\/td>\n<\/tr>\n<tr>\n<td style=\"text-align: center; width: 117.778px;\">ANNA GASS\u00d3<\/td>\n<td style=\"text-align: center; width: 140px;\">ANGL\u00c8S 6\u00e8<\/td>\n<td style=\"text-align: center; width: 206.667px;\"><\/td>\n<\/tr>\n<tr>\n<td style=\"text-align: center; width: 117.778px;\">EMI HUGUET<\/td>\n<td style=\"text-align: center; width: 140px;\">ANGL\u00c8S 5\u00e8<\/td>\n<td style=\"text-align: center; width: 206.667px;\"><span style=\"background-color: #f9f9f9;\">COORDINADORA\u00a0RISCOS LABORALS<\/span><\/td>\n<\/tr>\n<\/tbody>\n<\/table>\n<p style=\"text-align: center;\"><b>PERSONAL ADMINISTRACI\u00d3 I SERVEI<br \/>\n<\/b><\/p>\n<table class=\" aligncenter\" style=\"height: 183px;\" width=\"310\">\n<tbody>\n<tr>\n<td>Joana Navas<\/td>\n<td>T\u00e8cnica d&#8217;educaci\u00f3 infantil<\/td>\n<\/tr>\n<tr>\n<td>Montse Ramon<\/td>\n<td>Vetlladora<\/td>\n<\/tr>\n<tr>\n<td>Lydia Nebot<\/td>\n<td>Consergeria<\/td>\n<\/tr>\n<tr>\n<td>Silvia<\/td>\n<td>Administraci\u00f3<\/td>\n<\/tr>\n<\/tbody>\n<\/table>\n<h2 style=\"text-align: left;\"><\/h2>\n<h2 style=\"text-align: left;\">Consell escolar<\/h2>\n<p style=\"text-align: left;\">Membres del Consell Escolar:<b><br \/>\n<\/b><\/p>\n<table class=\" aligncenter\" style=\"height: 194px;\" width=\"399\">\n<tbody>\n<tr>\n<td>Emilia Huguet, Olga Mart\u00edn, Alicia P\u00e9rez-Maldonado, Barbara Hervella, Marta Col\u00e0s, Gemma Zaragoza, \u00c0ngels Carrasco, Antonia Montero, Aida Siguero<\/td>\n<\/tr>\n<tr>\n<td>Joana Navas<\/td>\n<\/tr>\n<tr>\n<td>Helena Sarasa, t\u00e8cnic de l&#8217;Ajuntament de Barcelona<\/td>\n<\/tr>\n<tr>\n<td>Elisabeth Guin\u00f3, Maria Rodriguez, Ana Bargall\u00f3, Eva Guerrero, Oscar Ortega, Ylenia Coll (representant de l\u2019AFA)<\/td>\n<\/tr>\n<\/tbody>\n<\/table>\n<h2 style=\"text-align: left;\"><\/h2>\n<h2 style=\"text-align: left;\">AFA<\/h2>\n<p>Membres de l&#8217;AMPA:<\/p>\n<p>&#8211; Presidenta: Miriam Oriol Domenech.<\/p>\n<p>&#8211; Vicepresidenta:<\/p>\n<p>&#8211; Secretaria: Yl\u00e8nia Coll Palomas.<\/p>\n<p>&#8211; Tresorera: Silvia Carrera Canales.<\/p>\n<p>&nbsp;<\/p>\n<h2 style=\"text-align: left;\">Cuina i monitors de menjador<\/h2>\n<p>Aquest \u00e9s l&#8217;equip de cuina de l&#8217;escola.<\/p>\n<p><a href=\"http:\/\/agora.xtec.cat\/escolabogatell\/wp-content\/uploads\/usu412\/2014\/09\/DSC_0269.jpg\"><img loading=\"lazy\" decoding=\"async\" class=\"alignnone wp-image-348\" src=\"http:\/\/agora.xtec.cat\/escolabogatell\/wp-content\/uploads\/usu412\/2014\/09\/DSC_0269-1024x768.jpg\" alt=\"DSC_0269\" width=\"600\" height=\"450\" srcset=\"https:\/\/agora.xtec.cat\/escolabogatell\/wp-content\/uploads\/usu412\/2014\/09\/DSC_0269-1024x768.jpg 1024w, https:\/\/agora.xtec.cat\/escolabogatell\/wp-content\/uploads\/usu412\/2014\/09\/DSC_0269-300x225.jpg 300w, https:\/\/agora.xtec.cat\/escolabogatell\/wp-content\/uploads\/usu412\/2014\/09\/DSC_0269-200x150.jpg 200w\" sizes=\"auto, (max-width: 600px) 100vw, 600px\" \/><\/a><\/p>\n<p>&nbsp;<\/p>\n<p>Equip de monitors del menjador<\/p>\n<p><img loading=\"lazy\" decoding=\"async\" class=\"alignnone wp-image-813 size-large\" src=\"http:\/\/agora.xtec.cat\/escolabogatell\/wp-content\/uploads\/usu412\/2014\/09\/IMG-20171005-WA0009-1024x482.jpg\" alt=\"\" width=\"1024\" height=\"482\" srcset=\"https:\/\/agora.xtec.cat\/escolabogatell\/wp-content\/uploads\/usu412\/2014\/09\/IMG-20171005-WA0009-1024x482.jpg 1024w, https:\/\/agora.xtec.cat\/escolabogatell\/wp-content\/uploads\/usu412\/2014\/09\/IMG-20171005-WA0009-300x141.jpg 300w, https:\/\/agora.xtec.cat\/escolabogatell\/wp-content\/uploads\/usu412\/2014\/09\/IMG-20171005-WA0009-768x361.jpg 768w, https:\/\/agora.xtec.cat\/escolabogatell\/wp-content\/uploads\/usu412\/2014\/09\/IMG-20171005-WA0009.jpg 1207w\" sizes=\"auto, (max-width: 1024px) 100vw, 1024px\" \/><\/p>\n<h2 style=\"text-align: left;\"><\/h2>\n<h2 style=\"text-align: left;\">Neteja<\/h2>\n<p><a href=\"http:\/\/agora.xtec.cat\/escolabogatell\/wp-content\/uploads\/usu412\/2014\/09\/DSC_0359.jpg\"><img loading=\"lazy\" decoding=\"async\" class=\"alignnone wp-image-425\" src=\"http:\/\/agora.xtec.cat\/escolabogatell\/wp-content\/uploads\/usu412\/2014\/09\/DSC_0359-1024x768.jpg\" alt=\"DSC_0359\" width=\"618\" height=\"463\" srcset=\"https:\/\/agora.xtec.cat\/escolabogatell\/wp-content\/uploads\/usu412\/2014\/09\/DSC_0359-1024x768.jpg 1024w, https:\/\/agora.xtec.cat\/escolabogatell\/wp-content\/uploads\/usu412\/2014\/09\/DSC_0359-300x225.jpg 300w, https:\/\/agora.xtec.cat\/escolabogatell\/wp-content\/uploads\/usu412\/2014\/09\/DSC_0359-200x150.jpg 200w\" sizes=\"auto, (max-width: 618px) 100vw, 618px\" \/><\/a><\/p>\n","protected":false},"excerpt":{"rendered":"<p>Mestres<br \/>\nEQUIP DIRECTIU<\/p>\n<p>\u00c0ngels Carrasco<br \/>\nDirectora<br \/>\nEspecialista d&#8217;educaci\u00f3 f\u00edsica<\/p>\n<p>Ant\u00f2nia Montero<br \/>\nCap d&#8217;estudis<br \/>\nEspecialista d&#8217;educaci\u00f3 f\u00edsica<\/p>\n<p>Aida Siguero<br \/>\nSecretaria<br \/>\nEspecialista d&#8217;educaci\u00f3 f\u00edsica<\/p>\n<p>\u00a0EDUCACI\u00d3 INFANTIL\u00a0<\/p>\n<p>N\u00daRIA NAVARRO\u00a0<br \/>\nTUTORA P3<\/p>\n<p>LAURA URIACH<br \/>\nTUTORA P4A<\/p>\n<p>ESTHER TOM\u00c0S<br \/>\nTUTORA P4B<\/p>\n<p>COORDINADORA d&#8217;INFANTIL<\/p>\n<p>BARBARA HERVELLA<br \/>\nTUTORA P5A<\/p>\n<p>OLGA MART\u00cdN<br \/>\nTUTORA P5B<\/p>\n<p>MILA GONZ\u00c0LEZ<br \/>\nPsicomotricitat<br \/>\nREFOR\u00c7<\/p>\n<p>JOANA NAVAS<br \/>\nT\u00c8CNICA D\u00b4E. I.<\/p>\n<p>&nbsp;<br \/>\nEDUCACI\u00d3 PRIM\u00c0RIA<\/p>\n<p>ELENA ANDR\u00c9S<br \/>\nTUTORA\u00a01r A<br \/>\nCOORDINADORA\u00a0CICLE INICIAL<\/p>\n<p>CARME MIRANDA<br \/>\nTUTORA\u00a01r B<\/p>\n<p>NURI VALL\u00c9S<br \/>\nTUTORA 1r C<\/p>\n<p>MAITE \u00c1LVARO<br \/>\nTUTORA 2n A<\/p>\n<p>\u00a0 \u00a0 AURORA\u00a0 \u00a0 \u00a0 \u00a0&hellip;  <a href=\"https:\/\/agora.xtec.cat\/escolabogatell\/lanostraescola\/comunitateducativa\/\" title=\"Read Comunitat educativa\">Llegeix m\u00e9s\u00bb<\/a><\/p>\n","protected":false},"author":2,"featured_media":0,"parent":30,"menu_order":30,"comment_status":"closed","ping_status":"closed","template":"page-templates\/side-menu.php","meta":{"_bbp_topic_count":0,"_bbp_reply_count":0,"_bbp_total_topic_count":0,"_bbp_total_reply_count":0,"_bbp_voice_count":0,"_bbp_anonymous_reply_count":0,"_bbp_topic_count_hidden":0,"_bbp_reply_count_hidden":0,"_bbp_forum_subforum_count":0,"footnotes":""},"class_list":["post-28","page","type-page","status-publish","hentry"],"post_mailing_queue_ids":[],"_links":{"self":[{"href":"https:\/\/agora.xtec.cat\/escolabogatell\/wp-json\/wp\/v2\/pages\/28","targetHints":{"allow":["GET"]}}],"collection":[{"href":"https:\/\/agora.xtec.cat\/escolabogatell\/wp-json\/wp\/v2\/pages"}],"about":[{"href":"https:\/\/agora.xtec.cat\/escolabogatell\/wp-json\/wp\/v2\/types\/page"}],"author":[{"embeddable":true,"href":"https:\/\/agora.xtec.cat\/escolabogatell\/wp-json\/wp\/v2\/users\/2"}],"replies":[{"embeddable":true,"href":"https:\/\/agora.xtec.cat\/escolabogatell\/wp-json\/wp\/v2\/comments?post=28"}],"version-history":[{"count":3,"href":"https:\/\/agora.xtec.cat\/escolabogatell\/wp-json\/wp\/v2\/pages\/28\/revisions"}],"predecessor-version":[{"id":1375,"href":"https:\/\/agora.xtec.cat\/escolabogatell\/wp-json\/wp\/v2\/pages\/28\/revisions\/1375"}],"up":[{"embeddable":true,"href":"https:\/\/agora.xtec.cat\/escolabogatell\/wp-json\/wp\/v2\/pages\/30"}],"wp:attachment":[{"href":"https:\/\/agora.xtec.cat\/escolabogatell\/wp-json\/wp\/v2\/media?parent=28"}],"curies":[{"name":"wp","href":"https:\/\/api.w.org\/{rel}","templated":true}]}}