{"id":24,"date":"2014-09-18T12:23:15","date_gmt":"2014-09-18T12:23:15","guid":{"rendered":"http:\/\/agora.xtec.cat\/escolabogatell\/?page_id=24"},"modified":"2017-09-21T10:50:17","modified_gmt":"2017-09-21T08:50:17","slug":"on-som","status":"publish","type":"page","link":"https:\/\/agora.xtec.cat\/escolabogatell\/lanostraescola\/on-som\/","title":{"rendered":"On som"},"content":{"rendered":"<p style=\"color: #666666; text-align: left;\"><span style=\"color: #000000;\">L&#8217; escola Bogatell \u00e9s una escola catalana de titularitat p\u00fablica. Est\u00e0 situada al barri de la Vila Ol\u00edmpica del Poblenou, dins el districte de Sant Mart\u00ed.<\/span><\/p>\n<p style=\"color: #666666; text-align: left;\"><span style=\"color: #000000;\">Ens podeu trobar a:<\/span><\/p>\n<p><iframe loading=\"lazy\" style=\"border: 0;\" src=\"https:\/\/www.google.com\/maps\/embed?pb=!1m18!1m12!1m3!1d2993.113330753381!2d2.192349214965413!3d41.39334510358954!2m3!1f0!2f0!3f0!3m2!1i1024!2i768!4f13.1!3m3!1m2!1s0x12a4a310836700a7%3A0xd104a5a2019c04ed!2sEscola+Bogatell!5e0!3m2!1ses!2ses!4v1484656995748\" width=\"600\" height=\"450\" frameborder=\"0\" allowfullscreen=\"allowfullscreen\"><\/iframe><\/p>\n<p style=\"color: #666666; text-align: left;\"><span style=\"color: #000000;\">c\/ Ram\u00f3n Turr\u00f3 74-76, 08005 Barcelona<\/span><\/p>\n<p style=\"color: #666666; text-align: left;\"><span style=\"color: #000000;\">Tel\u00e8fon\/fax: 932250494<\/span><\/p>\n<p style=\"color: #666666; text-align: left;\"><span style=\"color: #000000;\">Correu electr\u00f2nic: escolabogatell@xtec.cat<\/span><\/p>\n<p style=\"color: #666666; text-align: left;\"><span style=\"color: #000000;\">Horari de visites:<br \/>\n<\/span><\/p>\n<p style=\"color: #666666; text-align: left;\"><span style=\"color: #000000;\">Direcci\u00f3 dimecres de 9.00 a 10.00<\/span><\/p>\n<p style=\"color: #666666; text-align: left;\"><span style=\"color: #000000;\">Cap d&#8217;estudis divendres d&#8217; 11:30 a 12:30<\/span><\/p>\n<p style=\"color: #666666; text-align: left;\"><span style=\"color: #000000;\">Secret\u00e0ria dilluns d&#8217; 11:30 a 12:30<\/span><\/p>\n<p style=\"color: #666666; text-align: left;\">Metro L4 Bogatell i L1 Marina<\/p>\n<p style=\"color: #666666; text-align: left;\"><span style=\"color: #000000;\">Autob\u00fas: 36, 59, 92, H16 i V27<\/span><\/p>\n","protected":false},"excerpt":{"rendered":"<p>L&#8217; escola Bogatell \u00e9s una escola catalana de titularitat p\u00fablica. Est\u00e0 situada al barri de la Vila Ol\u00edmpica del Poblenou, dins el districte de Sant Mart\u00ed.<br \/>\nEns podeu trobar a:<\/p>\n<p>c\/ Ram\u00f3n Turr\u00f3 74-76, 08005 Barcelona<br \/>\nTel\u00e8fon\/fax: 932250494<br \/>\nCorreu electr\u00f2nic: escolabogatell@xtec.cat<br \/>\nHorari de visites:<\/p>\n<p>Direcci\u00f3 dimecres de 9.00 a 10.00<br \/>\nCap d&#8217;estudis&hellip;  <a href=\"https:\/\/agora.xtec.cat\/escolabogatell\/lanostraescola\/on-som\/\" title=\"Read On som\">Llegeix m\u00e9s\u00bb<\/a><\/p>\n","protected":false},"author":2,"featured_media":0,"parent":30,"menu_order":19,"comment_status":"closed","ping_status":"closed","template":"page-templates\/side-menu.php","meta":{"_bbp_topic_count":0,"_bbp_reply_count":0,"_bbp_total_topic_count":0,"_bbp_total_reply_count":0,"_bbp_voice_count":0,"_bbp_anonymous_reply_count":0,"_bbp_topic_count_hidden":0,"_bbp_reply_count_hidden":0,"_bbp_forum_subforum_count":0,"footnotes":""},"class_list":["post-24","page","type-page","status-publish","hentry"],"post_mailing_queue_ids":[],"_links":{"self":[{"href":"https:\/\/agora.xtec.cat\/escolabogatell\/wp-json\/wp\/v2\/pages\/24","targetHints":{"allow":["GET"]}}],"collection":[{"href":"https:\/\/agora.xtec.cat\/escolabogatell\/wp-json\/wp\/v2\/pages"}],"about":[{"href":"https:\/\/agora.xtec.cat\/escolabogatell\/wp-json\/wp\/v2\/types\/page"}],"author":[{"embeddable":true,"href":"https:\/\/agora.xtec.cat\/escolabogatell\/wp-json\/wp\/v2\/users\/2"}],"replies":[{"embeddable":true,"href":"https:\/\/agora.xtec.cat\/escolabogatell\/wp-json\/wp\/v2\/comments?post=24"}],"version-history":[{"count":4,"href":"https:\/\/agora.xtec.cat\/escolabogatell\/wp-json\/wp\/v2\/pages\/24\/revisions"}],"predecessor-version":[{"id":611,"href":"https:\/\/agora.xtec.cat\/escolabogatell\/wp-json\/wp\/v2\/pages\/24\/revisions\/611"}],"up":[{"embeddable":true,"href":"https:\/\/agora.xtec.cat\/escolabogatell\/wp-json\/wp\/v2\/pages\/30"}],"wp:attachment":[{"href":"https:\/\/agora.xtec.cat\/escolabogatell\/wp-json\/wp\/v2\/media?parent=24"}],"curies":[{"name":"wp","href":"https:\/\/api.w.org\/{rel}","templated":true}]}}