{"id":4503,"date":"2022-07-01T12:45:55","date_gmt":"2022-07-01T10:45:55","guid":{"rendered":"https:\/\/agora.xtec.cat\/escolabobila\/?page_id=4503"},"modified":"2023-12-18T15:20:31","modified_gmt":"2023-12-18T14:20:31","slug":"projecte-stand","status":"publish","type":"page","link":"https:\/\/agora.xtec.cat\/escolabobila\/projecte-stand\/","title":{"rendered":"PROJECTE STAND"},"content":{"rendered":"<p><img loading=\"lazy\" decoding=\"async\" class=\"aligncenter size-full wp-image-4504\" src=\"https:\/\/agora.xtec.cat\/escolabobila\/wp-content\/uploads\/usu556\/2022\/07\/1.png\" alt=\"\" width=\"500\" height=\"250\" srcset=\"https:\/\/agora.xtec.cat\/escolabobila\/wp-content\/uploads\/usu556\/2022\/07\/1.png 500w, https:\/\/agora.xtec.cat\/escolabobila\/wp-content\/uploads\/usu556\/2022\/07\/1-300x150.png 300w\" sizes=\"auto, (max-width: 500px) 100vw, 500px\" \/><\/p>\n<p>&nbsp;<\/p>\n<p><strong>L&#8217;ESCOLA HA ENTRAT AL PROJECTE EUROPEU STAND<\/strong><\/p>\n<p>Aquest projecte tindr\u00e0 com a objectiu equipar els professors i el personal escolar, aix\u00ed com els estudiants i les seves fam\u00edlies, amb compet\u00e8ncies, eines i suport personalitzat, recolzant la transici\u00f3 digital dels sistemes escolars de la UE i preparant-los per enfrontar els desafiaments a llarg termini provocats per la pand\u00e8mia.<\/p>\n<p>&nbsp;<\/p>\n<p>Per\u00a0 m\u00e9s informaci\u00f3:<\/p>\n<blockquote class=\"wp-embedded-content\" data-secret=\"xUbTNC5FB4\"><p><a href=\"https:\/\/standproject.eu\/ca\/\">STAND<\/a><\/p><\/blockquote>\n<p><iframe loading=\"lazy\" class=\"wp-embedded-content\" sandbox=\"allow-scripts\" security=\"restricted\" style=\"position: absolute; clip: rect(1px, 1px, 1px, 1px);\" title=\"&#8220;STAND&#8221; &#8212; STAND\" src=\"https:\/\/standproject.eu\/ca\/embed\/#?secret=liBkXc52IS#?secret=xUbTNC5FB4\" data-secret=\"xUbTNC5FB4\" width=\"500\" height=\"282\" frameborder=\"0\" marginwidth=\"0\" marginheight=\"0\" scrolling=\"no\"><\/iframe><\/p>\n<p><a href=\"https:\/\/www.blueroominnovation.com\/ca\/stand-erasmus-plus\/\">https:\/\/www.blueroominnovation.com\/ca\/stand-erasmus-plus\/<\/a><\/p>\n<p><span style=\"color: #000000;\"><span style=\"font-family: Linux Biolinum G;\"><span style=\"font-size: medium;\">A m\u00e9s, la plataforma d&#8217;aprenentatge electr\u00f2nic STAND vol superar la bretxa existent en la preparaci\u00f3 digital de les escoles, donant als professors i al personal escolar un suport concret en termes de desenvolupament de compet\u00e8ncies TIC, proporcionant una formaci\u00f3 \u00fatil sobre m\u00e8todes i enfocaments alternatius d&#8217;educaci\u00f3 digital. <\/span><\/span><\/span><\/p>\n<p><span style=\"color: #000000;\"><span style=\"font-family: Linux Biolinum G;\"><span style=\"font-size: medium;\">Si hi voleu accedir aqu\u00ed us deixem el link perqu\u00e8 us inscriviu!<\/span><\/span><\/span><\/p>\n<p align=\"justify\"><a href=\"https:\/\/course.standproject.eu\/user\/auth\/login\">https:\/\/course.standproject.eu\/user\/auth\/login<\/a><\/p>\n<p align=\"justify\"><a href=\"https:\/\/drive.google.com\/drive\/folders\/1ao1hOXcm2EXcrUGc50HWK4T_j28CCOLW?usp=sharing\">DOCUMENTS STAND<\/a><\/p>\n","protected":false},"excerpt":{"rendered":"<p>&nbsp; L&#8217;ESCOLA HA ENTRAT AL PROJECTE EUROPEU STAND Aquest projecte tindr\u00e0 com a objectiu equipar els professors i el personal escolar, aix\u00ed com els estudiants i les seves fam\u00edlies, amb compet\u00e8ncies, eines i suport personalitzat, recolzant la transici\u00f3 digital dels sistemes escolars de la UE i preparant-los per enfrontar els desafiaments a llarg termini provocats [&hellip;]<\/p>\n","protected":false},"author":1,"featured_media":0,"parent":0,"menu_order":0,"comment_status":"closed","ping_status":"closed","template":"","meta":{"_bbp_topic_count":0,"_bbp_reply_count":0,"_bbp_total_topic_count":0,"_bbp_total_reply_count":0,"_bbp_voice_count":0,"_bbp_anonymous_reply_count":0,"_bbp_topic_count_hidden":0,"_bbp_reply_count_hidden":0,"_bbp_forum_subforum_count":0,"site-sidebar-layout":"default","site-content-layout":"","ast-site-content-layout":"","site-content-style":"default","site-sidebar-style":"default","ast-global-header-display":"","ast-banner-title-visibility":"","ast-main-header-display":"","ast-hfb-above-header-display":"","ast-hfb-below-header-display":"","ast-hfb-mobile-header-display":"","site-post-title":"","ast-breadcrumbs-content":"","ast-featured-img":"","footer-sml-layout":"","theme-transparent-header-meta":"","adv-header-id-meta":"","stick-header-meta":"","header-above-stick-meta":"","header-main-stick-meta":"","header-below-stick-meta":"","astra-migrate-meta-layouts":"default","ast-page-background-enabled":"default","ast-page-background-meta":{"desktop":{"background-color":"var(--ast-global-color-4)","background-image":"","background-repeat":"repeat","background-position":"center center","background-size":"auto","background-attachment":"scroll","background-type":"","background-media":"","overlay-type":"","overlay-color":"","overlay-opacity":"","overlay-gradient":""},"tablet":{"background-color":"","background-image":"","background-repeat":"repeat","background-position":"center center","background-size":"auto","background-attachment":"scroll","background-type":"","background-media":"","overlay-type":"","overlay-color":"","overlay-opacity":"","overlay-gradient":""},"mobile":{"background-color":"","background-image":"","background-repeat":"repeat","background-position":"center center","background-size":"auto","background-attachment":"scroll","background-type":"","background-media":"","overlay-type":"","overlay-color":"","overlay-opacity":"","overlay-gradient":""}},"ast-content-background-meta":{"desktop":{"background-color":"var(--ast-global-color-5)","background-image":"","background-repeat":"repeat","background-position":"center center","background-size":"auto","background-attachment":"scroll","background-type":"","background-media":"","overlay-type":"","overlay-color":"","overlay-opacity":"","overlay-gradient":""},"tablet":{"background-color":"var(--ast-global-color-5)","background-image":"","background-repeat":"repeat","background-position":"center center","background-size":"auto","background-attachment":"scroll","background-type":"","background-media":"","overlay-type":"","overlay-color":"","overlay-opacity":"","overlay-gradient":""},"mobile":{"background-color":"var(--ast-global-color-5)","background-image":"","background-repeat":"repeat","background-position":"center center","background-size":"auto","background-attachment":"scroll","background-type":"","background-media":"","overlay-type":"","overlay-color":"","overlay-opacity":"","overlay-gradient":""}},"footnotes":""},"class_list":["post-4503","page","type-page","status-publish","hentry"],"post_mailing_queue_ids":[],"_links":{"self":[{"href":"https:\/\/agora.xtec.cat\/escolabobila\/wp-json\/wp\/v2\/pages\/4503","targetHints":{"allow":["GET"]}}],"collection":[{"href":"https:\/\/agora.xtec.cat\/escolabobila\/wp-json\/wp\/v2\/pages"}],"about":[{"href":"https:\/\/agora.xtec.cat\/escolabobila\/wp-json\/wp\/v2\/types\/page"}],"author":[{"embeddable":true,"href":"https:\/\/agora.xtec.cat\/escolabobila\/wp-json\/wp\/v2\/users\/1"}],"replies":[{"embeddable":true,"href":"https:\/\/agora.xtec.cat\/escolabobila\/wp-json\/wp\/v2\/comments?post=4503"}],"version-history":[{"count":3,"href":"https:\/\/agora.xtec.cat\/escolabobila\/wp-json\/wp\/v2\/pages\/4503\/revisions"}],"predecessor-version":[{"id":5201,"href":"https:\/\/agora.xtec.cat\/escolabobila\/wp-json\/wp\/v2\/pages\/4503\/revisions\/5201"}],"wp:attachment":[{"href":"https:\/\/agora.xtec.cat\/escolabobila\/wp-json\/wp\/v2\/media?parent=4503"}],"curies":[{"name":"wp","href":"https:\/\/api.w.org\/{rel}","templated":true}]}}