{"id":3877,"date":"2021-11-24T09:44:02","date_gmt":"2021-11-24T08:44:02","guid":{"rendered":"https:\/\/agora.xtec.cat\/escolabobila\/?page_id=3877"},"modified":"2026-03-06T18:45:02","modified_gmt":"2026-03-06T17:45:02","slug":"qui-som","status":"publish","type":"page","link":"https:\/\/agora.xtec.cat\/escolabobila\/qui-som\/","title":{"rendered":"Qui som?"},"content":{"rendered":"<p><strong>CONTEXT<\/strong><\/p>\n<p>A les Preses, van deixar de tenir escola l\u2019any 1979. Les nenes i els nens del poble van anar al centre Verntallat de la Vall d\u2019en Bas, situat a pocs metres del nucli urb\u00e0. Una escola que actualment acull nens i nenes de les Preses, Sant Esteve d\u2019en Bas, el Mallol, Sant Privat d\u2019en Bas, Puigpardines, la Pinya, Joanetes, Hostalets d\u2019en Bas i, fins i tot, d\u2019Olot. Coincidint amb l&#8217;increment del nombre d\u2019alumnes al Verntallat i la manca d\u2019espai, el Departament d\u2019ensenyament va atendre la reivindicaci\u00f3 hist\u00f2rica dels presencs, aix\u00ed com tota la comunitat educativa de l\u2019escola Verntallat, i constru\u00ed una escola al poble.<\/p>\n<p>L\u2019escola nova, est\u00e0 ubicada en una zona rural de la Garrotxa, en el municipi de les Preses al costat de la Vall d\u2019en Bas i d\u2019Olot en un entorn de gran riquesa paisatg\u00edstica, amb vistes sobre el Puigsacalm i Santa Magdalena. Aquesta nova escola completa l\u2019oferta de serveis del poble i, a m\u00e9s, vertebra l\u2019ocupaci\u00f3 d\u2019un espai caracter\u00edstic, el de l\u2019antiga b\u00f2bila, on es mant\u00e9 la xemeneia industrial com a referent hist\u00f2ric. \u00c9s una escola p\u00fablica d\u2019educaci\u00f3 infantil i prim\u00e0ria que dep\u00e8n de la Generalitat de Catalunya. Tot i que el primer any s\u2019inici\u00e0 amb quatre grups (P3, P4, P5 i 1r de prim\u00e0ria), actualment t\u00e9 ja una sola l\u00ednea completa fins a 6\u00e8.<\/p>\n<p>La majoria dels nostres alumnes s\u00f3n del mateix municipi. El nivell cultural i social de la majoria de les fam\u00edlies \u00e9s de nivell mitj\u00e0, si b\u00e9, hi ha un tant per cent baix de fam\u00edlies amb necessitats. L\u2019associaci\u00f3 de pares i mares d\u2019alumnes \u00e9s una entitat plenament integrada en la vida escolar i, juntament amb l\u2019escola, promou la participaci\u00f3 en diferents activitats.<\/p>\n<p><strong>EQUIP DE MESTRES<\/strong><\/p>\n<table width=\"576\">\n<tbody>\n<tr>\n<td width=\"228\">Anna Hidalgo<\/td>\n<td width=\"348\">Directora i suport.<\/td>\n<\/tr>\n<tr>\n<td width=\"228\">Angi Riera<\/td>\n<td width=\"348\">Secret\u00e0ria, Educaci\u00f3 F\u00edsica i suport.<\/td>\n<\/tr>\n<tr>\n<td width=\"228\">Mila Duran<\/td>\n<td width=\"348\">Cap d\u2019estudis i suport.<\/td>\n<\/tr>\n<tr>\n<td width=\"228\">Marta Cros<\/td>\n<td width=\"348\">Tutora I3<\/td>\n<\/tr>\n<tr>\n<td width=\"228\">Anna Selva<\/td>\n<td width=\"348\">Tutora I4<\/td>\n<\/tr>\n<tr>\n<td width=\"228\"><span style=\"font-size: 16px; font-style: normal; font-weight: 400;\">Margarita Busquets<\/span><\/td>\n<td width=\"348\">Tutora I5<\/td>\n<\/tr>\n<tr>\n<td width=\"228\">Mireia Morais<\/td>\n<td width=\"348\">Tutora 1r i angl\u00e8s<\/td>\n<\/tr>\n<tr>\n<td width=\"228\">S\u00f2nia Juanola<\/td>\n<td width=\"348\">Tutora 2n<\/td>\n<\/tr>\n<tr>\n<td width=\"228\"><span style=\"font-size: 16px; font-style: normal; font-weight: 400;\">Esther Canalias<\/span><\/td>\n<td width=\"348\">Tutora 3r<\/td>\n<\/tr>\n<tr>\n<td width=\"228\"><span style=\"background-color: #ffffff;\">Anna Avellaneda<\/span><\/td>\n<td width=\"348\">Tutora 4t<\/td>\n<\/tr>\n<tr>\n<td width=\"228\">Montse Virosta<\/td>\n<td width=\"348\">Tutora 5\u00e8<\/td>\n<\/tr>\n<tr>\n<td width=\"228\"><span style=\"font-size: 16px; font-style: normal; font-weight: 400;\">Anna Sellabona<\/span><\/td>\n<td width=\"348\">Tutora 6\u00e8<\/td>\n<\/tr>\n<tr>\n<td width=\"228\">Marc Romero<\/td>\n<td width=\"348\">M\u00fasica<\/td>\n<\/tr>\n<tr>\n<td width=\"228\">Anna Serras<\/td>\n<td width=\"348\">Atenci\u00f3 a la diversitat<\/td>\n<\/tr>\n<tr>\n<td width=\"228\">Mireia Morais i Aura Llu\u00eds<\/td>\n<td width=\"348\">Angl\u00e8s<\/td>\n<\/tr>\n<\/tbody>\n<\/table>\n<p><strong style=\"font-family: inherit; font-size: 1em;\">TRETS D&#8217;IDENTITAT<\/strong><\/p>\n<ul>\n<li>ESCOLA INCLUSIVA: una escola que veu l\u2019heterogene\u00eftat dels seus alumnes com un valor, que els enriqueix m\u00fatuament i que possibilita que cadascun avanci segons les seves caracter\u00edstiques i capacitats.<\/li>\n<li>ESCOLA EQUITATIVA: donar a cadascun dels alumnes all\u00f2 que necessita per poder progressar en el seu aprenentatge.<\/li>\n<li>ESCOLA PARTICIPATIVA: la gesti\u00f3 ha de ser compartida per professors, alumnes, pares i ajuntament, mantenint unes bones relacions per facilitar la participaci\u00f3 en les activitats que es proposin tant en temps lectiu com complementari i extraescolars.<\/li>\n<li>ESCOLA LAICA: respectem les creences que siguin respectuoses amb les diferents maneres de pensar.<\/li>\n<li>ESCOLA CATALANA: la llengua catalana \u00e9s utilitzada com a llengua normal i habitual de relaci\u00f3. L\u2019escola assumeix la tasca de normalitzar el catal\u00e0 i d\u2019arrelar als alumnes al nostre pa\u00eds i a la nostra cultura, respectant les normes vigents sobre l\u2019ensenyament en catal\u00e0.<\/li>\n<li>ESCOLA OBERTA A L\u2019ENTORN: Apostarem per la sostenibilitat social i ambiental i per una alimentaci\u00f3 saludable, implicats en la conservaci\u00f3 del medi ambient, social i natural.<\/li>\n<\/ul>\n","protected":false},"excerpt":{"rendered":"<p>CONTEXT A les Preses, van deixar de tenir escola l\u2019any 1979. Les nenes i els nens del poble van anar al centre Verntallat de la Vall d\u2019en Bas, situat a pocs metres del nucli urb\u00e0. Una escola que actualment acull nens i nenes de les Preses, Sant Esteve d\u2019en Bas, el Mallol, Sant Privat d\u2019en [&hellip;]<\/p>\n","protected":false},"author":1,"featured_media":0,"parent":0,"menu_order":0,"comment_status":"closed","ping_status":"closed","template":"","meta":{"_bbp_topic_count":0,"_bbp_reply_count":0,"_bbp_total_topic_count":0,"_bbp_total_reply_count":0,"_bbp_voice_count":0,"_bbp_anonymous_reply_count":0,"_bbp_topic_count_hidden":0,"_bbp_reply_count_hidden":0,"_bbp_forum_subforum_count":0,"site-sidebar-layout":"default","site-content-layout":"","ast-site-content-layout":"default","site-content-style":"default","site-sidebar-style":"default","ast-global-header-display":"","ast-banner-title-visibility":"","ast-main-header-display":"","ast-hfb-above-header-display":"","ast-hfb-below-header-display":"","ast-hfb-mobile-header-display":"","site-post-title":"","ast-breadcrumbs-content":"","ast-featured-img":"","footer-sml-layout":"","theme-transparent-header-meta":"default","adv-header-id-meta":"","stick-header-meta":"","header-above-stick-meta":"","header-main-stick-meta":"","header-below-stick-meta":"","astra-migrate-meta-layouts":"set","ast-page-background-enabled":"default","ast-page-background-meta":{"desktop":{"background-color":"var(--ast-global-color-4)","background-image":"","background-repeat":"repeat","background-position":"center center","background-size":"auto","background-attachment":"scroll","background-type":"","background-media":"","overlay-type":"","overlay-color":"","overlay-opacity":"","overlay-gradient":""},"tablet":{"background-color":"","background-image":"","background-repeat":"repeat","background-position":"center center","background-size":"auto","background-attachment":"scroll","background-type":"","background-media":"","overlay-type":"","overlay-color":"","overlay-opacity":"","overlay-gradient":""},"mobile":{"background-color":"","background-image":"","background-repeat":"repeat","background-position":"center center","background-size":"auto","background-attachment":"scroll","background-type":"","background-media":"","overlay-type":"","overlay-color":"","overlay-opacity":"","overlay-gradient":""}},"ast-content-background-meta":{"desktop":{"background-color":"var(--ast-global-color-5)","background-image":"","background-repeat":"repeat","background-position":"center center","background-size":"auto","background-attachment":"scroll","background-type":"","background-media":"","overlay-type":"","overlay-color":"","overlay-opacity":"","overlay-gradient":""},"tablet":{"background-color":"var(--ast-global-color-5)","background-image":"","background-repeat":"repeat","background-position":"center center","background-size":"auto","background-attachment":"scroll","background-type":"","background-media":"","overlay-type":"","overlay-color":"","overlay-opacity":"","overlay-gradient":""},"mobile":{"background-color":"var(--ast-global-color-5)","background-image":"","background-repeat":"repeat","background-position":"center center","background-size":"auto","background-attachment":"scroll","background-type":"","background-media":"","overlay-type":"","overlay-color":"","overlay-opacity":"","overlay-gradient":""}},"footnotes":""},"class_list":["post-3877","page","type-page","status-publish","hentry"],"post_mailing_queue_ids":[],"_links":{"self":[{"href":"https:\/\/agora.xtec.cat\/escolabobila\/wp-json\/wp\/v2\/pages\/3877","targetHints":{"allow":["GET"]}}],"collection":[{"href":"https:\/\/agora.xtec.cat\/escolabobila\/wp-json\/wp\/v2\/pages"}],"about":[{"href":"https:\/\/agora.xtec.cat\/escolabobila\/wp-json\/wp\/v2\/types\/page"}],"author":[{"embeddable":true,"href":"https:\/\/agora.xtec.cat\/escolabobila\/wp-json\/wp\/v2\/users\/1"}],"replies":[{"embeddable":true,"href":"https:\/\/agora.xtec.cat\/escolabobila\/wp-json\/wp\/v2\/comments?post=3877"}],"version-history":[{"count":7,"href":"https:\/\/agora.xtec.cat\/escolabobila\/wp-json\/wp\/v2\/pages\/3877\/revisions"}],"predecessor-version":[{"id":5966,"href":"https:\/\/agora.xtec.cat\/escolabobila\/wp-json\/wp\/v2\/pages\/3877\/revisions\/5966"}],"wp:attachment":[{"href":"https:\/\/agora.xtec.cat\/escolabobila\/wp-json\/wp\/v2\/media?parent=3877"}],"curies":[{"name":"wp","href":"https:\/\/api.w.org\/{rel}","templated":true}]}}