{"id":357,"date":"2016-10-28T21:43:13","date_gmt":"2016-10-28T19:43:13","guid":{"rendered":"http:\/\/agora.xtec.cat\/escolabobila\/?page_id=357"},"modified":"2023-12-18T15:51:30","modified_gmt":"2023-12-18T14:51:30","slug":"calaix-de-sastre","status":"publish","type":"page","link":"https:\/\/agora.xtec.cat\/escolabobila\/lescola\/calaix-de-sastre\/","title":{"rendered":"CALAIX DE SASTRE"},"content":{"rendered":"<p>Vols escoltar la nostra can\u00e7\u00f3? Clica a la imatge.<\/p>\n<p><a href=\"https:\/\/goo.gl\/photos\/beKPjzKtTrT2UBjB9\"><img loading=\"lazy\" decoding=\"async\" class=\"aligncenter wp-image-339 size-full\" src=\"http:\/\/agora.xtec.cat\/escolabobila\/wp-content\/uploads\/usu556\/2014\/09\/metalocus_colegio_bobila_08_1400.jpg\" alt=\"metalocus_colegio_bobila_08_1400\" width=\"680\" height=\"303\" srcset=\"https:\/\/agora.xtec.cat\/escolabobila\/wp-content\/uploads\/usu556\/2014\/09\/metalocus_colegio_bobila_08_1400.jpg 680w, https:\/\/agora.xtec.cat\/escolabobila\/wp-content\/uploads\/usu556\/2014\/09\/metalocus_colegio_bobila_08_1400-300x134.jpg 300w\" sizes=\"auto, (max-width: 680px) 100vw, 680px\" \/><\/a><\/p>\n<hr \/>\n<p>&nbsp;<\/p>\n<p>Clica a la imatge per mirar el v\u00eddeo: El Tafaner. Una presentaci\u00f3 de la nostra escola a trav\u00e9s d&#8217;un robot.<\/p>\n<p><a href=\"https:\/\/goo.gl\/photos\/cLeSK6YokAEEu6CC6\"><img loading=\"lazy\" decoding=\"async\" class=\"aligncenter wp-image-3857 \" src=\"https:\/\/agora.xtec.cat\/escolabobila\/wp-content\/uploads\/usu556\/2021\/11\/IMG-2438-300x173.jpg\" alt=\"\" width=\"585\" height=\"337\" srcset=\"https:\/\/agora.xtec.cat\/escolabobila\/wp-content\/uploads\/usu556\/2021\/11\/IMG-2438-300x173.jpg 300w, https:\/\/agora.xtec.cat\/escolabobila\/wp-content\/uploads\/usu556\/2021\/11\/IMG-2438-768x442.jpg 768w, https:\/\/agora.xtec.cat\/escolabobila\/wp-content\/uploads\/usu556\/2021\/11\/IMG-2438.jpg 834w\" sizes=\"auto, (max-width: 585px) 100vw, 585px\" \/><\/a><\/p>\n<hr \/>\n<p>&nbsp;<\/p>\n<p>Clica a la imatge i mira com treballem l&#8217;etapa d&#8217;Educaci\u00f3 Infantil<\/p>\n<p><a href=\"https:\/\/docs.google.com\/leaf?id=0BxREAG-d87aVbG1iS0NrLXlQYlE\"><img loading=\"lazy\" decoding=\"async\" class=\"aligncenter wp-image-107 size-full\" src=\"http:\/\/agora.xtec.cat\/escolabobila\/wp-content\/uploads\/usu556\/2014\/09\/nens2.png\" alt=\"nens2\" width=\"393\" height=\"258\" srcset=\"https:\/\/agora.xtec.cat\/escolabobila\/wp-content\/uploads\/usu556\/2014\/09\/nens2.png 393w, https:\/\/agora.xtec.cat\/escolabobila\/wp-content\/uploads\/usu556\/2014\/09\/nens2-300x196.png 300w\" sizes=\"auto, (max-width: 393px) 100vw, 393px\" \/><\/a><\/p>\n<hr \/>\n<h1><\/h1>\n<h1 style=\"text-align: center;\">INAUGURACI\u00d3 DE L&#8217;ESCOLA:<\/h1>\n<h1 style=\"text-align: center;\">30 DE GENER 2015<\/h1>\n<p>Cliqueu a la imatge i mireu les fotos del dia de la inauguraci\u00f3:<\/p>\n<p><a href=\"https:\/\/goo.gl\/photos\/dfeTTc2r6Pjx9e4h9\"><img loading=\"lazy\" decoding=\"async\" class=\"aligncenter size-full wp-image-774\" src=\"http:\/\/agora.xtec.cat\/escolabobila\/wp-content\/uploads\/usu556\/2016\/10\/IMG_0229-Medium.jpg\" alt=\"img_0229-medium\" width=\"1024\" height=\"768\" srcset=\"https:\/\/agora.xtec.cat\/escolabobila\/wp-content\/uploads\/usu556\/2016\/10\/IMG_0229-Medium.jpg 1024w, https:\/\/agora.xtec.cat\/escolabobila\/wp-content\/uploads\/usu556\/2016\/10\/IMG_0229-Medium-300x225.jpg 300w, https:\/\/agora.xtec.cat\/escolabobila\/wp-content\/uploads\/usu556\/2016\/10\/IMG_0229-Medium-768x576.jpg 768w, https:\/\/agora.xtec.cat\/escolabobila\/wp-content\/uploads\/usu556\/2016\/10\/IMG_0229-Medium-200x150.jpg 200w\" sizes=\"auto, (max-width: 1024px) 100vw, 1024px\" \/><\/a><\/p>\n<div style=\"text-align: center;\"><\/div>\n<div>\n<hr \/>\n<\/div>\n<div><\/div>\n<div><\/div>\n<div style=\"text-align: center;\"><span style=\"font-size: xx-large;\"><b>RECOLLIDA PREMI CAC DE 500\u20ac<br \/>\n<\/b><\/span><\/div>\n<div style=\"text-align: center;\"><span style=\"font-size: xx-large;\"><b>AL PROJECTE DE R\u00c0DIO<br \/>\n<\/b><\/span><\/div>\n<div style=\"text-align: center;\">\n<h4><span style=\"font-size: xx-large;\"><b>CURS 2015-16<\/b><\/span><\/h4>\n<p>El dia 30 de maig, els alumnes i mestres de Cicle Superior de l\u2019escola, vam anar a l\u2019auditori del Cosmocaixa, a Barcelona, a l\u2019acte de lliuraments de la 13a edici\u00f3 dels premis \u201cEl CAC a l\u2019escola\u201d. La nostra escola hi participava amb les produccions de r\u00e0dio que hem fet durant aquests darrers cursos, en col\u00b7laboraci\u00f3 amb R\u00e0dio la Vall.<\/p>\n<\/div>\n<div style=\"text-align: center;\"><iframe loading=\"lazy\" src=\"\/\/www.youtube.com\/embed\/QAw8ywC01JI\" width=\"560\" height=\"315\" frameborder=\"0\" allowfullscreen=\"allowfullscreen\"><\/iframe><\/div>\n<div>\n<hr \/>\n<\/div>\n<p>&nbsp;<\/p>\n<p>Tamb\u00e9 vam sortir a l&#8217;InfoK, l&#8217;informatiu del Canal Super3<\/p>\n<p><iframe loading=\"lazy\" src=\"\/\/www.youtube.com\/embed\/mZMuNi7VEhU\" width=\"560\" height=\"315\" frameborder=\"0\" allowfullscreen=\"allowfullscreen\"><\/iframe><\/p>\n<div style=\"text-align: center;\">\n<div>\n<div><\/div>\n<div>\n<hr \/>\n<\/div>\n<div><\/div>\n<div><span style=\"font-size: xx-large;\"><b>GUANYADORS D&#8217;UNA BECA DE 3000\u20ac<br \/>\n<\/b><\/span><\/div>\n<\/div>\n<div><span style=\"font-size: xx-large;\"><b>CURS 2014-15<br \/>\n<\/b><\/span><\/div>\n<div><\/div>\n<div style=\"text-align: left;\">\n<p><b>Amb el projecte \u201cEl llenguatge de programaci\u00f3\u201d hem guanyat una beca de 3000\u20ac<\/b><\/p>\n<p>A trav\u00e9s d\u2019aquest projecte els alumnes resoldran determinats reptes, ja sigui programant robots o altres aplicacions,\u00a0tot fomentant les seves habilitats en la resoluci\u00f3 de problemes, la l\u00f2gica i la creativitat.<\/p>\n<p><img loading=\"lazy\" decoding=\"async\" class=\"aligncenter wp-image-766 \" src=\"http:\/\/agora.xtec.cat\/escolabobila\/wp-content\/uploads\/usu556\/2016\/10\/1435312538_foto-tots-Medium-1024x683.jpg\" alt=\"1435312538_foto-tots-medium\" width=\"690\" height=\"460\" srcset=\"https:\/\/agora.xtec.cat\/escolabobila\/wp-content\/uploads\/usu556\/2016\/10\/1435312538_foto-tots-Medium-1024x683.jpg 1024w, https:\/\/agora.xtec.cat\/escolabobila\/wp-content\/uploads\/usu556\/2016\/10\/1435312538_foto-tots-Medium-300x200.jpg 300w, https:\/\/agora.xtec.cat\/escolabobila\/wp-content\/uploads\/usu556\/2016\/10\/1435312538_foto-tots-Medium-768x512.jpg 768w, https:\/\/agora.xtec.cat\/escolabobila\/wp-content\/uploads\/usu556\/2016\/10\/1435312538_foto-tots-Medium.jpg 1152w\" sizes=\"auto, (max-width: 690px) 100vw, 690px\" \/><\/p>\n<p><img loading=\"lazy\" decoding=\"async\" class=\"aligncenter wp-image-765 \" src=\"http:\/\/agora.xtec.cat\/escolabobila\/wp-content\/uploads\/usu556\/2016\/10\/1435312541_Cart-Medium-1024x724.jpg\" alt=\"1435312541_cart-medium\" width=\"701\" height=\"496\" srcset=\"https:\/\/agora.xtec.cat\/escolabobila\/wp-content\/uploads\/usu556\/2016\/10\/1435312541_Cart-Medium-1024x724.jpg 1024w, https:\/\/agora.xtec.cat\/escolabobila\/wp-content\/uploads\/usu556\/2016\/10\/1435312541_Cart-Medium-300x212.jpg 300w, https:\/\/agora.xtec.cat\/escolabobila\/wp-content\/uploads\/usu556\/2016\/10\/1435312541_Cart-Medium-768x543.jpg 768w, https:\/\/agora.xtec.cat\/escolabobila\/wp-content\/uploads\/usu556\/2016\/10\/1435312541_Cart-Medium.jpg 1086w\" sizes=\"auto, (max-width: 701px) 100vw, 701px\" \/><\/p>\n<\/div>\n<\/div>\n<div><\/div>\n","protected":false},"excerpt":{"rendered":"<p>Vols escoltar la nostra can\u00e7\u00f3? Clica a la imatge. &nbsp; Clica a la imatge per mirar el v\u00eddeo: El Tafaner. Una presentaci\u00f3 de la nostra escola a trav\u00e9s d&#8217;un robot. &nbsp; Clica a la imatge i mira com treballem l&#8217;etapa d&#8217;Educaci\u00f3 Infantil INAUGURACI\u00d3 DE L&#8217;ESCOLA: 30 DE GENER 2015 Cliqueu a la imatge i mireu [&hellip;]<\/p>\n","protected":false},"author":3,"featured_media":0,"parent":22,"menu_order":0,"comment_status":"closed","ping_status":"closed","template":"","meta":{"_bbp_topic_count":0,"_bbp_reply_count":0,"_bbp_total_topic_count":0,"_bbp_total_reply_count":0,"_bbp_voice_count":0,"_bbp_anonymous_reply_count":0,"_bbp_topic_count_hidden":0,"_bbp_reply_count_hidden":0,"_bbp_forum_subforum_count":0,"site-sidebar-layout":"default","site-content-layout":"","ast-site-content-layout":"","site-content-style":"default","site-sidebar-style":"default","ast-global-header-display":"","ast-banner-title-visibility":"","ast-main-header-display":"","ast-hfb-above-header-display":"","ast-hfb-below-header-display":"","ast-hfb-mobile-header-display":"","site-post-title":"","ast-breadcrumbs-content":"","ast-featured-img":"","footer-sml-layout":"","theme-transparent-header-meta":"","adv-header-id-meta":"","stick-header-meta":"","header-above-stick-meta":"","header-main-stick-meta":"","header-below-stick-meta":"","astra-migrate-meta-layouts":"default","ast-page-background-enabled":"default","ast-page-background-meta":{"desktop":{"background-color":"var(--ast-global-color-4)","background-image":"","background-repeat":"repeat","background-position":"center center","background-size":"auto","background-attachment":"scroll","background-type":"","background-media":"","overlay-type":"","overlay-color":"","overlay-opacity":"","overlay-gradient":""},"tablet":{"background-color":"","background-image":"","background-repeat":"repeat","background-position":"center center","background-size":"auto","background-attachment":"scroll","background-type":"","background-media":"","overlay-type":"","overlay-color":"","overlay-opacity":"","overlay-gradient":""},"mobile":{"background-color":"","background-image":"","background-repeat":"repeat","background-position":"center center","background-size":"auto","background-attachment":"scroll","background-type":"","background-media":"","overlay-type":"","overlay-color":"","overlay-opacity":"","overlay-gradient":""}},"ast-content-background-meta":{"desktop":{"background-color":"var(--ast-global-color-5)","background-image":"","background-repeat":"repeat","background-position":"center center","background-size":"auto","background-attachment":"scroll","background-type":"","background-media":"","overlay-type":"","overlay-color":"","overlay-opacity":"","overlay-gradient":""},"tablet":{"background-color":"var(--ast-global-color-5)","background-image":"","background-repeat":"repeat","background-position":"center center","background-size":"auto","background-attachment":"scroll","background-type":"","background-media":"","overlay-type":"","overlay-color":"","overlay-opacity":"","overlay-gradient":""},"mobile":{"background-color":"var(--ast-global-color-5)","background-image":"","background-repeat":"repeat","background-position":"center center","background-size":"auto","background-attachment":"scroll","background-type":"","background-media":"","overlay-type":"","overlay-color":"","overlay-opacity":"","overlay-gradient":""}},"footnotes":""},"class_list":["post-357","page","type-page","status-publish","hentry"],"post_mailing_queue_ids":[],"_links":{"self":[{"href":"https:\/\/agora.xtec.cat\/escolabobila\/wp-json\/wp\/v2\/pages\/357","targetHints":{"allow":["GET"]}}],"collection":[{"href":"https:\/\/agora.xtec.cat\/escolabobila\/wp-json\/wp\/v2\/pages"}],"about":[{"href":"https:\/\/agora.xtec.cat\/escolabobila\/wp-json\/wp\/v2\/types\/page"}],"author":[{"embeddable":true,"href":"https:\/\/agora.xtec.cat\/escolabobila\/wp-json\/wp\/v2\/users\/3"}],"replies":[{"embeddable":true,"href":"https:\/\/agora.xtec.cat\/escolabobila\/wp-json\/wp\/v2\/comments?post=357"}],"version-history":[{"count":6,"href":"https:\/\/agora.xtec.cat\/escolabobila\/wp-json\/wp\/v2\/pages\/357\/revisions"}],"predecessor-version":[{"id":5206,"href":"https:\/\/agora.xtec.cat\/escolabobila\/wp-json\/wp\/v2\/pages\/357\/revisions\/5206"}],"up":[{"embeddable":true,"href":"https:\/\/agora.xtec.cat\/escolabobila\/wp-json\/wp\/v2\/pages\/22"}],"wp:attachment":[{"href":"https:\/\/agora.xtec.cat\/escolabobila\/wp-json\/wp\/v2\/media?parent=357"}],"curies":[{"name":"wp","href":"https:\/\/api.w.org\/{rel}","templated":true}]}}