{"id":329,"date":"2016-10-20T10:02:50","date_gmt":"2016-10-20T09:02:50","guid":{"rendered":"http:\/\/agora.xtec.cat\/escolabobila\/?page_id=329"},"modified":"2025-11-17T15:59:15","modified_gmt":"2025-11-17T14:59:15","slug":"documents","status":"publish","type":"page","link":"https:\/\/agora.xtec.cat\/escolabobila\/lescola\/documents\/","title":{"rendered":"Documents"},"content":{"rendered":"<p>Podeu accedir a la carpeta per descarregar-vos documents que poden ser del vostre inter\u00e8s:<\/p>\n<ul>\n<li><a href=\"https:\/\/drive.google.com\/drive\/u\/1\/folders\/18ys3FN31l3YK6keSB_G42KJqlPZm46Rc\">Notificacions de retards i\/o abs\u00e8ncies<\/a><\/li>\n<li><a href=\"https:\/\/drive.google.com\/file\/d\/1cW8wfkG_KYd4UU0xQSLOryvUcNCN01Wy\/view?usp=sharing\">Canvis en el transport escolar<\/a><\/li>\n<li><a href=\"https:\/\/drive.google.com\/file\/d\/1V2jmGMttyWcHZtn_vA_h47fZA14LcUOx\/view?usp=drive_link\">Pla de funcionament de transport<\/a><\/li>\n<li><a href=\"https:\/\/drive.google.com\/file\/d\/1nT8YQmlVtluQzHSsWrl04V6ntNezcQF4\/view?usp=drive_link\">Pla de funcionament de menjador<\/a><\/li>\n<li><a href=\"https:\/\/drive.google.com\/file\/d\/19e1sIJBGsqQd2sw8tB2fhDE5Va637gpQ\/view?usp=sharing\">Autoritzaci\u00f3 sortida de l&#8217;escola dels alumnes sols<\/a><\/li>\n<li><a href=\"https:\/\/drive.google.com\/file\/d\/12-ArOzLnhbM5ZTzl7O88FWPxc7yXyOh9\/view\">Projecte Educatiu de Centre (PEC)<\/a><\/li>\n<li><a href=\"https:\/\/drive.google.com\/open?id=1t1U66sx9ahorbGJpIXmPexECZ3M-rQuL\">Projecte ling\u00fc\u00edstic<\/a><\/li>\n<li><a href=\"https:\/\/drive.google.com\/file\/d\/1xWf_xZDtmg7tsSc4zKv0ta3j4MIYom6y\/view\">Normes de funcionament de centre (NOFC)<\/a><\/li>\n<li><a href=\"https:\/\/drive.google.com\/drive\/folders\/1FuD1s5PVRPcnO6rSLMM1CmWfU-AKv5ET?usp=sharing\">Perfils Equip Directiu<\/a><\/li>\n<li><a href=\"https:\/\/drive.google.com\/drive\/folders\/1LYzoXy8KbefoIfmzM4H1ALUeqO6q1GI_?usp=sharing\">Consell escolar<\/a><\/li>\n<li><a href=\"https:\/\/www.canva.com\/design\/DAGsfGJLV5M\/qWKbqxrUOIC4WOlpphA1aw\/edit\">Circular informativa de curs 2025-2026<\/a><\/li>\n<li style=\"text-align: left;\"><a href=\"https:\/\/drive.google.com\/drive\/folders\/1c4nJxtR2sd-2BkTetOKdoI6CGON2xRc8?usp=sharing\">Gesti\u00f3 econ\u00f2mica<\/a><\/li>\n<\/ul>\n","protected":false},"excerpt":{"rendered":"<p>Podeu accedir a la carpeta per descarregar-vos documents que poden ser del vostre inter\u00e8s: Notificacions de retards i\/o abs\u00e8ncies Canvis en el transport escolar Pla de funcionament de transport Pla de funcionament de menjador Autoritzaci\u00f3 sortida de l&#8217;escola dels alumnes sols Projecte Educatiu de Centre (PEC) Projecte ling\u00fc\u00edstic Normes de funcionament de centre (NOFC) Perfils [&hellip;]<\/p>\n","protected":false},"author":3,"featured_media":0,"parent":22,"menu_order":0,"comment_status":"closed","ping_status":"closed","template":"","meta":{"_bbp_topic_count":0,"_bbp_reply_count":0,"_bbp_total_topic_count":0,"_bbp_total_reply_count":0,"_bbp_voice_count":0,"_bbp_anonymous_reply_count":0,"_bbp_topic_count_hidden":0,"_bbp_reply_count_hidden":0,"_bbp_forum_subforum_count":0,"site-sidebar-layout":"default","site-content-layout":"","ast-site-content-layout":"","site-content-style":"default","site-sidebar-style":"default","ast-global-header-display":"","ast-banner-title-visibility":"","ast-main-header-display":"","ast-hfb-above-header-display":"","ast-hfb-below-header-display":"","ast-hfb-mobile-header-display":"","site-post-title":"","ast-breadcrumbs-content":"","ast-featured-img":"","footer-sml-layout":"","theme-transparent-header-meta":"","adv-header-id-meta":"","stick-header-meta":"","header-above-stick-meta":"","header-main-stick-meta":"","header-below-stick-meta":"","astra-migrate-meta-layouts":"default","ast-page-background-enabled":"default","ast-page-background-meta":{"desktop":{"background-color":"var(--ast-global-color-4)","background-image":"","background-repeat":"repeat","background-position":"center center","background-size":"auto","background-attachment":"scroll","background-type":"","background-media":"","overlay-type":"","overlay-color":"","overlay-opacity":"","overlay-gradient":""},"tablet":{"background-color":"","background-image":"","background-repeat":"repeat","background-position":"center center","background-size":"auto","background-attachment":"scroll","background-type":"","background-media":"","overlay-type":"","overlay-color":"","overlay-opacity":"","overlay-gradient":""},"mobile":{"background-color":"","background-image":"","background-repeat":"repeat","background-position":"center center","background-size":"auto","background-attachment":"scroll","background-type":"","background-media":"","overlay-type":"","overlay-color":"","overlay-opacity":"","overlay-gradient":""}},"ast-content-background-meta":{"desktop":{"background-color":"var(--ast-global-color-5)","background-image":"","background-repeat":"repeat","background-position":"center center","background-size":"auto","background-attachment":"scroll","background-type":"","background-media":"","overlay-type":"","overlay-color":"","overlay-opacity":"","overlay-gradient":""},"tablet":{"background-color":"var(--ast-global-color-5)","background-image":"","background-repeat":"repeat","background-position":"center center","background-size":"auto","background-attachment":"scroll","background-type":"","background-media":"","overlay-type":"","overlay-color":"","overlay-opacity":"","overlay-gradient":""},"mobile":{"background-color":"var(--ast-global-color-5)","background-image":"","background-repeat":"repeat","background-position":"center center","background-size":"auto","background-attachment":"scroll","background-type":"","background-media":"","overlay-type":"","overlay-color":"","overlay-opacity":"","overlay-gradient":""}},"footnotes":""},"class_list":["post-329","page","type-page","status-publish","hentry"],"post_mailing_queue_ids":[],"_links":{"self":[{"href":"https:\/\/agora.xtec.cat\/escolabobila\/wp-json\/wp\/v2\/pages\/329","targetHints":{"allow":["GET"]}}],"collection":[{"href":"https:\/\/agora.xtec.cat\/escolabobila\/wp-json\/wp\/v2\/pages"}],"about":[{"href":"https:\/\/agora.xtec.cat\/escolabobila\/wp-json\/wp\/v2\/types\/page"}],"author":[{"embeddable":true,"href":"https:\/\/agora.xtec.cat\/escolabobila\/wp-json\/wp\/v2\/users\/3"}],"replies":[{"embeddable":true,"href":"https:\/\/agora.xtec.cat\/escolabobila\/wp-json\/wp\/v2\/comments?post=329"}],"version-history":[{"count":8,"href":"https:\/\/agora.xtec.cat\/escolabobila\/wp-json\/wp\/v2\/pages\/329\/revisions"}],"predecessor-version":[{"id":5874,"href":"https:\/\/agora.xtec.cat\/escolabobila\/wp-json\/wp\/v2\/pages\/329\/revisions\/5874"}],"up":[{"embeddable":true,"href":"https:\/\/agora.xtec.cat\/escolabobila\/wp-json\/wp\/v2\/pages\/22"}],"wp:attachment":[{"href":"https:\/\/agora.xtec.cat\/escolabobila\/wp-json\/wp\/v2\/media?parent=329"}],"curies":[{"name":"wp","href":"https:\/\/api.w.org\/{rel}","templated":true}]}}