{"id":32,"date":"2014-09-18T12:31:33","date_gmt":"2014-09-18T12:31:33","guid":{"rendered":"http:\/\/agora.xtec.cat\/escolabobila\/?page_id=32"},"modified":"2025-09-29T16:14:41","modified_gmt":"2025-09-29T14:14:41","slug":"calendari-del-curs","status":"publish","type":"page","link":"https:\/\/agora.xtec.cat\/escolabobila\/lescola\/calendari-del-curs\/","title":{"rendered":"Calendari del curs 25-26"},"content":{"rendered":"<h4>Horari escolar:<\/h4>\n<p>&#8211; MAT\u00cd: de 9 a 2\/4 d\u20191<\/p>\n<p>&#8211; TARDA: de 3 a 2\/4 de 5<\/p>\n<p>S\u2019obriran les portes a les 8:57 i es tancaran a les 9:05.<\/p>\n<ul class=\"JS2Zuw\">\n<li class=\"XN6uKA hhtymQ _28USrA _2ENCSQ OMps6g\">\n<p class=\"J4GZTQ\"><span class=\"a_GcMg\">Si passats 10 minuts de 2\/4 de 5 no heu pogut venir a recollir els vostres fills\/es aniran al servei d\u2019acollida, i conseq\u00fcentment haureu de pagar el servei. Agrair\u00edem que si teniu qualsevol imprevist, feu una trucada a l\u2019escola.<\/span><\/p>\n<\/li>\n<\/ul>\n<h4><strong>Calendari escolar:<\/strong><\/h4>\n<ul>\n<li><em>Vacances Nadal<\/em>: del 20 de desembre al 7 de gener.<\/li>\n<li><em>Setmana Santa<\/em>: del 28 de mar\u00e7 al 6 d&#8217;abril.<\/li>\n<li><em>Festes Locals<\/em>: 8 de setembre i 13 d\u2019octubre.<\/li>\n<li><em>Festes de lliure disposici\u00f3<\/em>: 31 d&#8217;octubre, 16 de febrer, 4 de maig i 25 de maig.<\/li>\n<li><em>Fi de curs<\/em>: 19 de juny.<\/li>\n<\/ul>\n<h4><strong>Jornada compactada:<\/strong><\/h4>\n<p>El 19 de desembre i del 8 al 19 de juny, es far\u00e0 jornada continuada, i l\u2019horari ser\u00e0 de 9 a 13 h. Tot i aix\u00ed hi haur\u00e0 servei de menjador i de transport. Els alumnes que utilitzin el servei de menjador sortiran a les 15:30.<\/p>\n<h4><strong>Celebracions d&#8217;escola:<\/strong><\/h4>\n<ul>\n<li>CASTANYADA: 30 d\u2019octubre<\/li>\n<li>FESTA NADAL: 12 de desembre<\/li>\n<li>FESTA DE LA PAU: 30 de gener<\/li>\n<li>CARNESTOLTES:\u00a0 10 de febrer<\/li>\n<li>DIJOUS LLARDER: 12 de febrer<\/li>\n<li>SANT JORDI: 23 d\u2019abril<\/li>\n<li>FESTA FI DE CURS: 12 de juny<\/li>\n<\/ul>\n<p>Abans de cada celebraci\u00f3 rebreu informaci\u00f3 detallada de cadascuna d\u2019elles.<\/p>\n","protected":false},"excerpt":{"rendered":"<p>Horari escolar: &#8211; MAT\u00cd: de 9 a 2\/4 d\u20191 &#8211; TARDA: de 3 a 2\/4 de 5 S\u2019obriran les portes a les 8:57 i es tancaran a les 9:05. Si passats 10 minuts de 2\/4 de 5 no heu pogut venir a recollir els vostres fills\/es aniran al servei d\u2019acollida, i conseq\u00fcentment haureu de pagar [&hellip;]<\/p>\n","protected":false},"author":2,"featured_media":0,"parent":22,"menu_order":50,"comment_status":"closed","ping_status":"closed","template":"page-templates\/side-menu.php","meta":{"_bbp_topic_count":0,"_bbp_reply_count":0,"_bbp_total_topic_count":0,"_bbp_total_reply_count":0,"_bbp_voice_count":0,"_bbp_anonymous_reply_count":0,"_bbp_topic_count_hidden":0,"_bbp_reply_count_hidden":0,"_bbp_forum_subforum_count":0,"site-sidebar-layout":"default","site-content-layout":"","ast-site-content-layout":"","site-content-style":"default","site-sidebar-style":"default","ast-global-header-display":"","ast-banner-title-visibility":"","ast-main-header-display":"","ast-hfb-above-header-display":"","ast-hfb-below-header-display":"","ast-hfb-mobile-header-display":"","site-post-title":"","ast-breadcrumbs-content":"","ast-featured-img":"","footer-sml-layout":"","theme-transparent-header-meta":"","adv-header-id-meta":"","stick-header-meta":"","header-above-stick-meta":"","header-main-stick-meta":"","header-below-stick-meta":"","astra-migrate-meta-layouts":"default","ast-page-background-enabled":"default","ast-page-background-meta":{"desktop":{"background-color":"var(--ast-global-color-4)","background-image":"","background-repeat":"repeat","background-position":"center center","background-size":"auto","background-attachment":"scroll","background-type":"","background-media":"","overlay-type":"","overlay-color":"","overlay-opacity":"","overlay-gradient":""},"tablet":{"background-color":"","background-image":"","background-repeat":"repeat","background-position":"center center","background-size":"auto","background-attachment":"scroll","background-type":"","background-media":"","overlay-type":"","overlay-color":"","overlay-opacity":"","overlay-gradient":""},"mobile":{"background-color":"","background-image":"","background-repeat":"repeat","background-position":"center center","background-size":"auto","background-attachment":"scroll","background-type":"","background-media":"","overlay-type":"","overlay-color":"","overlay-opacity":"","overlay-gradient":""}},"ast-content-background-meta":{"desktop":{"background-color":"var(--ast-global-color-5)","background-image":"","background-repeat":"repeat","background-position":"center center","background-size":"auto","background-attachment":"scroll","background-type":"","background-media":"","overlay-type":"","overlay-color":"","overlay-opacity":"","overlay-gradient":""},"tablet":{"background-color":"var(--ast-global-color-5)","background-image":"","background-repeat":"repeat","background-position":"center center","background-size":"auto","background-attachment":"scroll","background-type":"","background-media":"","overlay-type":"","overlay-color":"","overlay-opacity":"","overlay-gradient":""},"mobile":{"background-color":"var(--ast-global-color-5)","background-image":"","background-repeat":"repeat","background-position":"center center","background-size":"auto","background-attachment":"scroll","background-type":"","background-media":"","overlay-type":"","overlay-color":"","overlay-opacity":"","overlay-gradient":""}},"footnotes":""},"class_list":["post-32","page","type-page","status-publish","hentry"],"post_mailing_queue_ids":[],"_links":{"self":[{"href":"https:\/\/agora.xtec.cat\/escolabobila\/wp-json\/wp\/v2\/pages\/32","targetHints":{"allow":["GET"]}}],"collection":[{"href":"https:\/\/agora.xtec.cat\/escolabobila\/wp-json\/wp\/v2\/pages"}],"about":[{"href":"https:\/\/agora.xtec.cat\/escolabobila\/wp-json\/wp\/v2\/types\/page"}],"author":[{"embeddable":true,"href":"https:\/\/agora.xtec.cat\/escolabobila\/wp-json\/wp\/v2\/users\/2"}],"replies":[{"embeddable":true,"href":"https:\/\/agora.xtec.cat\/escolabobila\/wp-json\/wp\/v2\/comments?post=32"}],"version-history":[{"count":7,"href":"https:\/\/agora.xtec.cat\/escolabobila\/wp-json\/wp\/v2\/pages\/32\/revisions"}],"predecessor-version":[{"id":5848,"href":"https:\/\/agora.xtec.cat\/escolabobila\/wp-json\/wp\/v2\/pages\/32\/revisions\/5848"}],"up":[{"embeddable":true,"href":"https:\/\/agora.xtec.cat\/escolabobila\/wp-json\/wp\/v2\/pages\/22"}],"wp:attachment":[{"href":"https:\/\/agora.xtec.cat\/escolabobila\/wp-json\/wp\/v2\/media?parent=32"}],"curies":[{"name":"wp","href":"https:\/\/api.w.org\/{rel}","templated":true}]}}