{"id":28,"date":"2014-09-18T12:29:35","date_gmt":"2014-09-18T12:29:35","guid":{"rendered":"http:\/\/agora.xtec.cat\/escolabobila\/?page_id=28"},"modified":"2025-12-15T15:48:38","modified_gmt":"2025-12-15T14:48:38","slug":"consell-escolar","status":"publish","type":"page","link":"https:\/\/agora.xtec.cat\/escolabobila\/lescola\/consell-escolar\/","title":{"rendered":"Consell escolar"},"content":{"rendered":"<p>Actualment el consell escolar est\u00e0 format per:<\/p>\n<p><strong>REPRESENTACI\u00d3 EQUIP DIRECTIU:<\/strong><\/p>\n<p>Anna Hidalgo (directora)<br \/>\nMila Duran (cap d&#8217;estudis)<br \/>\nAngi Riera (secret\u00e0ria)<\/p>\n<p><strong>REPRESENTACI\u00d3 EQUIP DE MESTRES:<\/strong><br \/>\nAura Llu\u00eds<br \/>\nMontse Virosta<br \/>\n<span style=\"font-weight: 400;\">Anna Sellabona<\/span><br \/>\nMireia Morais<br \/>\nAnna Selva<\/p>\n<p><strong>REPRESENTACI\u00d3 AMPA:<\/strong><\/p>\n<p><span style=\"font-weight: 400;\">Oriol Piera<\/span><\/p>\n<p><span style=\"font-weight: 400;\">X\u00e8nia Martra<\/span><\/p>\n<p>Albert Coll<br \/>\nAnna Verg\u00e9s<\/p>\n<p><strong>REPRESENTACI\u00d3 AJUNTAMENT:<\/strong><br \/>\nLaia Figueras<\/p>\n<p><strong>REPRESENTACI\u00d3 PAS:<\/strong><br \/>\n<span style=\"font-weight: 400;\">Mariama Tunkara<\/span><\/p>\n","protected":false},"excerpt":{"rendered":"<p>Actualment el consell escolar est\u00e0 format per: REPRESENTACI\u00d3 EQUIP DIRECTIU: Anna Hidalgo (directora) Mila Duran (cap d&#8217;estudis) Angi Riera (secret\u00e0ria) REPRESENTACI\u00d3 EQUIP DE MESTRES: Aura Llu\u00eds Montse Virosta Anna Sellabona Mireia Morais Anna Selva REPRESENTACI\u00d3 AMPA: Oriol Piera X\u00e8nia Martra Albert Coll Anna Verg\u00e9s REPRESENTACI\u00d3 AJUNTAMENT: Laia Figueras REPRESENTACI\u00d3 PAS: Mariama Tunkara<\/p>\n","protected":false},"author":2,"featured_media":0,"parent":22,"menu_order":30,"comment_status":"closed","ping_status":"closed","template":"","meta":{"_bbp_topic_count":0,"_bbp_reply_count":0,"_bbp_total_topic_count":0,"_bbp_total_reply_count":0,"_bbp_voice_count":0,"_bbp_anonymous_reply_count":0,"_bbp_topic_count_hidden":0,"_bbp_reply_count_hidden":0,"_bbp_forum_subforum_count":0,"site-sidebar-layout":"default","site-content-layout":"","ast-site-content-layout":"default","site-content-style":"default","site-sidebar-style":"default","ast-global-header-display":"","ast-banner-title-visibility":"","ast-main-header-display":"","ast-hfb-above-header-display":"","ast-hfb-below-header-display":"","ast-hfb-mobile-header-display":"","site-post-title":"","ast-breadcrumbs-content":"","ast-featured-img":"","footer-sml-layout":"","theme-transparent-header-meta":"default","adv-header-id-meta":"","stick-header-meta":"","header-above-stick-meta":"","header-main-stick-meta":"","header-below-stick-meta":"","astra-migrate-meta-layouts":"set","ast-page-background-enabled":"default","ast-page-background-meta":{"desktop":{"background-color":"var(--ast-global-color-4)","background-image":"","background-repeat":"repeat","background-position":"center center","background-size":"auto","background-attachment":"scroll","background-type":"","background-media":"","overlay-type":"","overlay-color":"","overlay-opacity":"","overlay-gradient":""},"tablet":{"background-color":"","background-image":"","background-repeat":"repeat","background-position":"center center","background-size":"auto","background-attachment":"scroll","background-type":"","background-media":"","overlay-type":"","overlay-color":"","overlay-opacity":"","overlay-gradient":""},"mobile":{"background-color":"","background-image":"","background-repeat":"repeat","background-position":"center center","background-size":"auto","background-attachment":"scroll","background-type":"","background-media":"","overlay-type":"","overlay-color":"","overlay-opacity":"","overlay-gradient":""}},"ast-content-background-meta":{"desktop":{"background-color":"var(--ast-global-color-5)","background-image":"","background-repeat":"repeat","background-position":"center center","background-size":"auto","background-attachment":"scroll","background-type":"","background-media":"","overlay-type":"","overlay-color":"","overlay-opacity":"","overlay-gradient":""},"tablet":{"background-color":"var(--ast-global-color-5)","background-image":"","background-repeat":"repeat","background-position":"center center","background-size":"auto","background-attachment":"scroll","background-type":"","background-media":"","overlay-type":"","overlay-color":"","overlay-opacity":"","overlay-gradient":""},"mobile":{"background-color":"var(--ast-global-color-5)","background-image":"","background-repeat":"repeat","background-position":"center center","background-size":"auto","background-attachment":"scroll","background-type":"","background-media":"","overlay-type":"","overlay-color":"","overlay-opacity":"","overlay-gradient":""}},"footnotes":""},"class_list":["post-28","page","type-page","status-publish","hentry"],"post_mailing_queue_ids":[],"_links":{"self":[{"href":"https:\/\/agora.xtec.cat\/escolabobila\/wp-json\/wp\/v2\/pages\/28","targetHints":{"allow":["GET"]}}],"collection":[{"href":"https:\/\/agora.xtec.cat\/escolabobila\/wp-json\/wp\/v2\/pages"}],"about":[{"href":"https:\/\/agora.xtec.cat\/escolabobila\/wp-json\/wp\/v2\/types\/page"}],"author":[{"embeddable":true,"href":"https:\/\/agora.xtec.cat\/escolabobila\/wp-json\/wp\/v2\/users\/2"}],"replies":[{"embeddable":true,"href":"https:\/\/agora.xtec.cat\/escolabobila\/wp-json\/wp\/v2\/comments?post=28"}],"version-history":[{"count":5,"href":"https:\/\/agora.xtec.cat\/escolabobila\/wp-json\/wp\/v2\/pages\/28\/revisions"}],"predecessor-version":[{"id":5914,"href":"https:\/\/agora.xtec.cat\/escolabobila\/wp-json\/wp\/v2\/pages\/28\/revisions\/5914"}],"up":[{"embeddable":true,"href":"https:\/\/agora.xtec.cat\/escolabobila\/wp-json\/wp\/v2\/pages\/22"}],"wp:attachment":[{"href":"https:\/\/agora.xtec.cat\/escolabobila\/wp-json\/wp\/v2\/media?parent=28"}],"curies":[{"name":"wp","href":"https:\/\/api.w.org\/{rel}","templated":true}]}}