{"id":7896,"date":"2023-07-10T12:28:21","date_gmt":"2023-07-10T10:28:21","guid":{"rendered":"https:\/\/agora.xtec.cat\/escolabarkeno\/?page_id=7896"},"modified":"2026-03-03T13:30:41","modified_gmt":"2026-03-03T12:30:41","slug":"curs-2023-2024","status":"publish","type":"page","link":"https:\/\/agora.xtec.cat\/escolabarkeno\/","title":{"rendered":"Preinscripci\u00f3 curs 2026-2027"},"content":{"rendered":"\n<div class=\"wp-block-group is-layout-constrained wp-block-group-is-layout-constrained\">\n<figure class=\"wp-block-image alignfull size-full\"><img loading=\"lazy\" decoding=\"async\" width=\"572\" height=\"448\" src=\"https:\/\/agora.xtec.cat\/escolabarkeno\/wp-content\/uploads\/usu1546\/2026\/02\/Preinscripcio_baners_Web_educacio__Preinscripcio_web_educacio_555x431_PRIMARIA.jpg\" alt=\"\" class=\"wp-image-20167\" srcset=\"https:\/\/agora.xtec.cat\/escolabarkeno\/wp-content\/uploads\/usu1546\/2026\/02\/Preinscripcio_baners_Web_educacio__Preinscripcio_web_educacio_555x431_PRIMARIA.jpg 572w, https:\/\/agora.xtec.cat\/escolabarkeno\/wp-content\/uploads\/usu1546\/2026\/02\/Preinscripcio_baners_Web_educacio__Preinscripcio_web_educacio_555x431_PRIMARIA-300x235.jpg 300w\" sizes=\"auto, (max-width: 572px) 100vw, 572px\" \/><\/figure>\n<\/div>\n\n\n\n<p><strong>Presentaci\u00f3 de sol\u00b7licituds del 4 al 18 de mar\u00e7 de 2026 <\/strong><\/p>\n\n\n\n<p><a href=\"https:\/\/preinscripcio.gencat.cat\/ca\/estudis\/infantil-3-6\/inici\/\">Aqu\u00ed <\/a>trobareu les dates importants del proc\u00e9s i tota la informaci\u00f3.<\/p>\n\n\n\n<p>Si teniu inconvenients en poder fer la preinscripci\u00f3 telem\u00e0ticament us podeu adre\u00e7ar a una oficina municipal d&#8217;escolaritzaci\u00f3. Cliqueu <a href=\"https:\/\/preinscripcio.gencat.cat\/ca\/estudis\/infantil-3-6\/ajuda\/suport-presencial\/oficines-municipals-escolaritzacio\/\">aqu\u00ed<\/a> per a m\u00e9s informaci\u00f3.<\/p>\n\n\n\n<div class=\"wp-block-group is-layout-grid wp-container-core-group-is-layout-2 wp-block-group-is-layout-grid\">\n<div class=\"wp-block-columns is-layout-flex wp-container-core-columns-is-layout-1 wp-block-columns-is-layout-flex\">\n<div class=\"wp-block-column is-layout-flow wp-block-column-is-layout-flow\" style=\"flex-basis:100%\">\n<figure class=\"wp-block-image size-large\"><a href=\"https:\/\/agora.xtec.cat\/escolabarkeno\/wp-content\/uploads\/usu1546\/2026\/03\/INFORME_OFERTA_OME_INFORME_OFERTA-1.pdf\"><img loading=\"lazy\" decoding=\"async\" width=\"1024\" height=\"1024\" src=\"https:\/\/agora.xtec.cat\/escolabarkeno\/wp-content\/uploads\/usu1546\/2026\/03\/Cream-and-Brown-Simple-We-Are-Closed-Instagram-Post-1024x1024.png\" alt=\"\" class=\"wp-image-20181\" srcset=\"https:\/\/agora.xtec.cat\/escolabarkeno\/wp-content\/uploads\/usu1546\/2026\/03\/Cream-and-Brown-Simple-We-Are-Closed-Instagram-Post-1024x1024.png 1024w, https:\/\/agora.xtec.cat\/escolabarkeno\/wp-content\/uploads\/usu1546\/2026\/03\/Cream-and-Brown-Simple-We-Are-Closed-Instagram-Post-300x300.png 300w, https:\/\/agora.xtec.cat\/escolabarkeno\/wp-content\/uploads\/usu1546\/2026\/03\/Cream-and-Brown-Simple-We-Are-Closed-Instagram-Post-150x150.png 150w, https:\/\/agora.xtec.cat\/escolabarkeno\/wp-content\/uploads\/usu1546\/2026\/03\/Cream-and-Brown-Simple-We-Are-Closed-Instagram-Post-768x768.png 768w, https:\/\/agora.xtec.cat\/escolabarkeno\/wp-content\/uploads\/usu1546\/2026\/03\/Cream-and-Brown-Simple-We-Are-Closed-Instagram-Post.png 1080w\" sizes=\"auto, (max-width: 1024px) 100vw, 1024px\" \/><\/a><\/figure>\n<\/div>\n<\/div>\n<\/div>\n\n\n\n<p><\/p>\n","protected":false},"excerpt":{"rendered":"<p>Presentaci\u00f3 de sol\u00b7licituds del 4 al 18 de mar\u00e7 de 2026 Aqu\u00ed trobareu les dates importants del proc\u00e9s i tota la informaci\u00f3. Si teniu inconvenients en poder fer la preinscripci\u00f3 telem\u00e0ticament us podeu adre\u00e7ar a una oficina municipal d&#8217;escolaritzaci\u00f3. Cliqueu aqu\u00ed per a m\u00e9s informaci\u00f3.<\/p>\n","protected":false},"author":1,"featured_media":0,"parent":20059,"menu_order":0,"comment_status":"closed","ping_status":"closed","template":"","meta":{"site-sidebar-layout":"default","site-content-layout":"","ast-site-content-layout":"default","site-content-style":"default","site-sidebar-style":"default","ast-global-header-display":"","ast-banner-title-visibility":"","ast-main-header-display":"","ast-hfb-above-header-display":"","ast-hfb-below-header-display":"","ast-hfb-mobile-header-display":"","site-post-title":"","ast-breadcrumbs-content":"","ast-featured-img":"","footer-sml-layout":"","theme-transparent-header-meta":"","adv-header-id-meta":"","stick-header-meta":"","header-above-stick-meta":"","header-main-stick-meta":"","header-below-stick-meta":"","astra-migrate-meta-layouts":"set","ast-page-background-enabled":"default","ast-page-background-meta":{"desktop":{"background-color":"var(--ast-global-color-4)","background-image":"","background-repeat":"repeat","background-position":"center center","background-size":"auto","background-attachment":"scroll","background-type":"","background-media":"","overlay-type":"","overlay-color":"","overlay-opacity":"","overlay-gradient":""},"tablet":{"background-color":"","background-image":"","background-repeat":"repeat","background-position":"center center","background-size":"auto","background-attachment":"scroll","background-type":"","background-media":"","overlay-type":"","overlay-color":"","overlay-opacity":"","overlay-gradient":""},"mobile":{"background-color":"","background-image":"","background-repeat":"repeat","background-position":"center center","background-size":"auto","background-attachment":"scroll","background-type":"","background-media":"","overlay-type":"","overlay-color":"","overlay-opacity":"","overlay-gradient":""}},"ast-content-background-meta":{"desktop":{"background-color":"var(--ast-global-color-5)","background-image":"","background-repeat":"repeat","background-position":"center center","background-size":"auto","background-attachment":"scroll","background-type":"","background-media":"","overlay-type":"","overlay-color":"","overlay-opacity":"","overlay-gradient":""},"tablet":{"background-color":"var(--ast-global-color-5)","background-image":"","background-repeat":"repeat","background-position":"center center","background-size":"auto","background-attachment":"scroll","background-type":"","background-media":"","overlay-type":"","overlay-color":"","overlay-opacity":"","overlay-gradient":""},"mobile":{"background-color":"var(--ast-global-color-5)","background-image":"","background-repeat":"repeat","background-position":"center center","background-size":"auto","background-attachment":"scroll","background-type":"","background-media":"","overlay-type":"","overlay-color":"","overlay-opacity":"","overlay-gradient":""}},"footnotes":"[]"},"class_list":["post-7896","page","type-page","status-publish","hentry"],"post_mailing_queue_ids":[],"_links":{"self":[{"href":"https:\/\/agora.xtec.cat\/escolabarkeno\/wp-json\/wp\/v2\/pages\/7896","targetHints":{"allow":["GET"]}}],"collection":[{"href":"https:\/\/agora.xtec.cat\/escolabarkeno\/wp-json\/wp\/v2\/pages"}],"about":[{"href":"https:\/\/agora.xtec.cat\/escolabarkeno\/wp-json\/wp\/v2\/types\/page"}],"author":[{"embeddable":true,"href":"https:\/\/agora.xtec.cat\/escolabarkeno\/wp-json\/wp\/v2\/users\/1"}],"replies":[{"embeddable":true,"href":"https:\/\/agora.xtec.cat\/escolabarkeno\/wp-json\/wp\/v2\/comments?post=7896"}],"version-history":[{"count":6,"href":"https:\/\/agora.xtec.cat\/escolabarkeno\/wp-json\/wp\/v2\/pages\/7896\/revisions"}],"predecessor-version":[{"id":20185,"href":"https:\/\/agora.xtec.cat\/escolabarkeno\/wp-json\/wp\/v2\/pages\/7896\/revisions\/20185"}],"up":[{"embeddable":true,"href":"https:\/\/agora.xtec.cat\/escolabarkeno\/wp-json\/wp\/v2\/pages\/20059"}],"wp:attachment":[{"href":"https:\/\/agora.xtec.cat\/escolabarkeno\/wp-json\/wp\/v2\/media?parent=7896"}],"curies":[{"name":"wp","href":"https:\/\/api.w.org\/{rel}","templated":true}]}}