{"id":73,"date":"2014-09-18T14:01:51","date_gmt":"2014-09-18T13:01:51","guid":{"rendered":"http:\/\/agora.xtec.cat\/escolabarkeno\/?page_id=73"},"modified":"2022-02-02T12:39:53","modified_gmt":"2022-02-02T11:39:53","slug":"menjador-escolar","status":"publish","type":"page","link":"https:\/\/agora.xtec.cat\/escolabarkeno\/serveis\/menjador-escolar\/","title":{"rendered":"Temps de migdia"},"content":{"rendered":"<p>Des d&#8217;aquest curs 2021-2022 l&#8217;empresa ARCASA i la Fundaci\u00f3 Pere Tarr\u00e9s\u00a0es fan c\u00e0rrec del servei de cuina, menjador i monitoratge. Des de l\u2019escola mantenim un seguiment i una valoraci\u00f3 permanent amb els seus responsables.<\/p>\n<p>L&#8217;Espai del Migdia, \u00e9s tamb\u00e9 un moment educatiu per l&#8217;\u00e0pat, els h\u00e0bits alimentaris i el lleure dels nostres nens i nenes.<\/p>\n<p>Per poder gaudir del servei del migdia les fam\u00edlies s&#8217;han de donar d&#8217;alta a l&#8217;aplicaci\u00f3\u00a0<a href=\"https:\/\/ampasoft.cat\/\">https:\/\/ampasoft.cat\/<\/a>. Des d&#8217;aquesta aplicaci\u00f3 es poden gestionar l&#8217;assist\u00e8ncia i altres incid\u00e8ncies.<\/p>\n<p>A m\u00e9s us podeu posar en contacte mitjan\u00e7ant aquest correu menjadorbarkeno@gmail.com, per a consultes concretes referides al temps de migdia.<\/p>\n<p>La fam\u00edlia \u00e9s responsable de comunicar mitjan\u00e7ant l&#8217;aplicatiu o al correu del menjador, el primer dia de baixa al mat\u00ed i el primer dia d\u2019alta al mat\u00ed. Quan les fam\u00edlies avisen abans de les 9:30 que no es far\u00e0 servir el servei del menjador, es far\u00e0 un descompte sobre el preu diari.<\/p>\n<p>Els men\u00fas espor\u00e0dics, tamb\u00e9 s&#8217;han de donar d&#8217;alta a l&#8217;aplicatiu i avisar els dies que es quedaran.<\/p>\n<p><a style=\"font-family: inherit; font-size: 1em; text-align: center;\" href=\"http:\/\/agora.xtec.cat\/escolabarkeno\/wp-content\/uploads\/usu1546\/2014\/09\/menjador4.jpg\"><img loading=\"lazy\" decoding=\"async\" class=\"size-large wp-image-494 aligncenter\" src=\"http:\/\/agora.xtec.cat\/escolabarkeno\/wp-content\/uploads\/usu1546\/2014\/09\/menjador4-1024x689.jpg\" alt=\"menjador4\" width=\"1024\" height=\"689\" srcset=\"https:\/\/agora.xtec.cat\/escolabarkeno\/wp-content\/uploads\/usu1546\/2014\/09\/menjador4-1024x689.jpg 1024w, https:\/\/agora.xtec.cat\/escolabarkeno\/wp-content\/uploads\/usu1546\/2014\/09\/menjador4-300x202.jpg 300w, https:\/\/agora.xtec.cat\/escolabarkeno\/wp-content\/uploads\/usu1546\/2014\/09\/menjador4-768x516.jpg 768w\" sizes=\"auto, (max-width: 1024px) 100vw, 1024px\" \/><\/a><\/p>\n","protected":false},"excerpt":{"rendered":"<p>Des d&#8217;aquest curs 2021-2022 l&#8217;empresa ARCASA i la Fundaci\u00f3 Pere Tarr\u00e9s\u00a0es fan c\u00e0rrec del servei de cuina, menjador i monitoratge. Des de l\u2019escola mantenim un seguiment i una valoraci\u00f3 permanent amb els seus responsables. L&#8217;Espai del Migdia, \u00e9s tamb\u00e9 un moment educatiu per l&#8217;\u00e0pat, els h\u00e0bits alimentaris i el lleure dels nostres nens i nenes. [&hellip;]<\/p>\n","protected":false},"author":1,"featured_media":0,"parent":66,"menu_order":30,"comment_status":"closed","ping_status":"closed","template":"page-templates\/side-menu.php","meta":{"site-sidebar-layout":"default","site-content-layout":"","ast-site-content-layout":"","site-content-style":"default","site-sidebar-style":"default","ast-global-header-display":"","ast-banner-title-visibility":"","ast-main-header-display":"","ast-hfb-above-header-display":"","ast-hfb-below-header-display":"","ast-hfb-mobile-header-display":"","site-post-title":"","ast-breadcrumbs-content":"","ast-featured-img":"","footer-sml-layout":"","theme-transparent-header-meta":"","adv-header-id-meta":"","stick-header-meta":"","header-above-stick-meta":"","header-main-stick-meta":"","header-below-stick-meta":"","astra-migrate-meta-layouts":"default","ast-page-background-enabled":"default","ast-page-background-meta":{"desktop":{"background-color":"var(--ast-global-color-4)","background-image":"","background-repeat":"repeat","background-position":"center center","background-size":"auto","background-attachment":"scroll","background-type":"","background-media":"","overlay-type":"","overlay-color":"","overlay-opacity":"","overlay-gradient":""},"tablet":{"background-color":"","background-image":"","background-repeat":"repeat","background-position":"center center","background-size":"auto","background-attachment":"scroll","background-type":"","background-media":"","overlay-type":"","overlay-color":"","overlay-opacity":"","overlay-gradient":""},"mobile":{"background-color":"","background-image":"","background-repeat":"repeat","background-position":"center center","background-size":"auto","background-attachment":"scroll","background-type":"","background-media":"","overlay-type":"","overlay-color":"","overlay-opacity":"","overlay-gradient":""}},"ast-content-background-meta":{"desktop":{"background-color":"var(--ast-global-color-5)","background-image":"","background-repeat":"repeat","background-position":"center center","background-size":"auto","background-attachment":"scroll","background-type":"","background-media":"","overlay-type":"","overlay-color":"","overlay-opacity":"","overlay-gradient":""},"tablet":{"background-color":"var(--ast-global-color-5)","background-image":"","background-repeat":"repeat","background-position":"center center","background-size":"auto","background-attachment":"scroll","background-type":"","background-media":"","overlay-type":"","overlay-color":"","overlay-opacity":"","overlay-gradient":""},"mobile":{"background-color":"var(--ast-global-color-5)","background-image":"","background-repeat":"repeat","background-position":"center center","background-size":"auto","background-attachment":"scroll","background-type":"","background-media":"","overlay-type":"","overlay-color":"","overlay-opacity":"","overlay-gradient":""}},"footnotes":""},"class_list":["post-73","page","type-page","status-publish","hentry"],"post_mailing_queue_ids":[],"_links":{"self":[{"href":"https:\/\/agora.xtec.cat\/escolabarkeno\/wp-json\/wp\/v2\/pages\/73","targetHints":{"allow":["GET"]}}],"collection":[{"href":"https:\/\/agora.xtec.cat\/escolabarkeno\/wp-json\/wp\/v2\/pages"}],"about":[{"href":"https:\/\/agora.xtec.cat\/escolabarkeno\/wp-json\/wp\/v2\/types\/page"}],"author":[{"embeddable":true,"href":"https:\/\/agora.xtec.cat\/escolabarkeno\/wp-json\/wp\/v2\/users\/1"}],"replies":[{"embeddable":true,"href":"https:\/\/agora.xtec.cat\/escolabarkeno\/wp-json\/wp\/v2\/comments?post=73"}],"version-history":[{"count":3,"href":"https:\/\/agora.xtec.cat\/escolabarkeno\/wp-json\/wp\/v2\/pages\/73\/revisions"}],"predecessor-version":[{"id":6957,"href":"https:\/\/agora.xtec.cat\/escolabarkeno\/wp-json\/wp\/v2\/pages\/73\/revisions\/6957"}],"up":[{"embeddable":true,"href":"https:\/\/agora.xtec.cat\/escolabarkeno\/wp-json\/wp\/v2\/pages\/66"}],"wp:attachment":[{"href":"https:\/\/agora.xtec.cat\/escolabarkeno\/wp-json\/wp\/v2\/media?parent=73"}],"curies":[{"name":"wp","href":"https:\/\/api.w.org\/{rel}","templated":true}]}}