{"id":64,"date":"2014-09-18T12:39:08","date_gmt":"2014-09-18T11:39:08","guid":{"rendered":"http:\/\/agora.xtec.cat\/escolabarkeno\/?page_id=64"},"modified":"2020-04-07T19:45:39","modified_gmt":"2020-04-07T17:45:39","slug":"projecte-educatiu","status":"publish","type":"page","link":"https:\/\/agora.xtec.cat\/escolabarkeno\/projecte-educatiu\/","title":{"rendered":"Projecte educatiu"},"content":{"rendered":"<p><a href=\"https:\/\/youtu.be\/r5StufXMKk4\">https:\/\/youtu.be\/r5StufXMKk4<\/a><\/p>\n<p><a href=\"https:\/\/agora.xtec.cat\/escolabarkeno\/wp-content\/uploads\/usu1546\/2020\/04\/Projecte-educatiu_2010.pdf\">Projecte educatiu<\/a><\/p>\n<p><strong>Trets d&#8217;identitat\u00a0<\/strong><\/p>\n<p>L&#8217;Escola B\u00e0rkeno \u00e9s una escola catalana. El catal\u00e0 \u00e9s la llengua de comunicaci\u00f3 i d&#8217;aprenentatge.<\/p>\n<p>Per respondre als principis de respecte i de pluralisme ideol\u00f2gic de la societat, l&#8217;Escola es declara aconfessional i vetlla per a qu\u00e8 s&#8217;acompleixin els continguts dels Drets Humans.<\/p>\n<p>L&#8217;Escola treballa per a la integraci\u00f3 de tots els membres del centre, intentant que cadasc\u00fa hi trobi el seu lloc i es desenvolupi al m\u00e0xim segons les seves caracter\u00edstiques. Entenem la difer\u00e8ncia com un element enriquidor que ens ajuda a formar-nos i a cr\u00e9ixer com a persones.<\/p>\n<p>L&#8217;Escola creu en una l\u00ednia pedag\u00f2gica basada fonamentalment en l&#8217;aprenentatge significatiu. Aix\u00ed realitza propostes de treball diverses per afavorir que els alumnes despleguin les seves capacitats, tant intel\u00b7lectuals com socials, motrius i sensorials, f\u00edsiques i art\u00edstiques.<\/p>\n<p>L&#8217;Escola pensa en l&#8217;educaci\u00f3 com a proc\u00e9s integral i ent\u00e9n els nens i nenes en la seva dimensi\u00f3 global. El treball d&#8217;h\u00e0bits i d&#8217;actituds \u00e9s b\u00e0sic per poder viure en societat de forma justa, responsable i dialogant.<\/p>\n<p>L&#8217;Escola est\u00e0 oberta a la realitat del segle XXI i als canvis que es van donant de car\u00e0cter t\u00e8cnic, cient\u00edfic, cultural i ecol\u00f2gic.<\/p>\n<p>L&#8217;Escola opta per un model d&#8217;organitzaci\u00f3 basat en la participaci\u00f3 dels seus diferents components. Un projecte col\u00b7lectiu on els diversos estaments han de ser-hi presents amb di\u00e0leg constructiu a partir de les seves pr\u00f2pies funcions.<\/p>\n<p>Vol formar ciutadans \u00edntegres desenvolupant la reflexi\u00f3 i la cr\u00edtica com a eines positives.<\/p>\n<p><!--more--><\/p>\n<p>&nbsp;<\/p>\n<div class=\"ast-oembed-container \" style=\"height: 100%;\"><iframe loading=\"lazy\" title=\"Projecte ESCOLES T\u00c0NDEM - Mercat de les Flors amb Escola B\u00e0rkeno\" width=\"500\" height=\"281\" src=\"https:\/\/www.youtube.com\/embed\/m8pUTkn8eOA?start=64&#038;feature=oembed\" frameborder=\"0\" allow=\"accelerometer; autoplay; clipboard-write; encrypted-media; gyroscope; picture-in-picture; web-share\" referrerpolicy=\"strict-origin-when-cross-origin\" allowfullscreen><\/iframe><\/div>\n<p>&nbsp;<\/p>\n","protected":false},"excerpt":{"rendered":"<p>https:\/\/youtu.be\/r5StufXMKk4 Projecte educatiu Trets d&#8217;identitat\u00a0 L&#8217;Escola B\u00e0rkeno \u00e9s una escola catalana. El catal\u00e0 \u00e9s la llengua de comunicaci\u00f3 i d&#8217;aprenentatge. Per respondre als principis de respecte i de pluralisme ideol\u00f2gic de la societat, l&#8217;Escola es declara aconfessional i vetlla per a qu\u00e8 s&#8217;acompleixin els continguts dels Drets Humans. L&#8217;Escola treballa per a la integraci\u00f3 de [&hellip;]<\/p>\n","protected":false},"author":1,"featured_media":0,"parent":0,"menu_order":0,"comment_status":"closed","ping_status":"closed","template":"page-templates\/side-menu.php","meta":{"site-sidebar-layout":"default","site-content-layout":"","ast-site-content-layout":"","site-content-style":"default","site-sidebar-style":"default","ast-global-header-display":"","ast-banner-title-visibility":"","ast-main-header-display":"","ast-hfb-above-header-display":"","ast-hfb-below-header-display":"","ast-hfb-mobile-header-display":"","site-post-title":"","ast-breadcrumbs-content":"","ast-featured-img":"","footer-sml-layout":"","theme-transparent-header-meta":"","adv-header-id-meta":"","stick-header-meta":"","header-above-stick-meta":"","header-main-stick-meta":"","header-below-stick-meta":"","astra-migrate-meta-layouts":"default","ast-page-background-enabled":"default","ast-page-background-meta":{"desktop":{"background-color":"var(--ast-global-color-4)","background-image":"","background-repeat":"repeat","background-position":"center center","background-size":"auto","background-attachment":"scroll","background-type":"","background-media":"","overlay-type":"","overlay-color":"","overlay-opacity":"","overlay-gradient":""},"tablet":{"background-color":"","background-image":"","background-repeat":"repeat","background-position":"center center","background-size":"auto","background-attachment":"scroll","background-type":"","background-media":"","overlay-type":"","overlay-color":"","overlay-opacity":"","overlay-gradient":""},"mobile":{"background-color":"","background-image":"","background-repeat":"repeat","background-position":"center center","background-size":"auto","background-attachment":"scroll","background-type":"","background-media":"","overlay-type":"","overlay-color":"","overlay-opacity":"","overlay-gradient":""}},"ast-content-background-meta":{"desktop":{"background-color":"var(--ast-global-color-5)","background-image":"","background-repeat":"repeat","background-position":"center center","background-size":"auto","background-attachment":"scroll","background-type":"","background-media":"","overlay-type":"","overlay-color":"","overlay-opacity":"","overlay-gradient":""},"tablet":{"background-color":"var(--ast-global-color-5)","background-image":"","background-repeat":"repeat","background-position":"center center","background-size":"auto","background-attachment":"scroll","background-type":"","background-media":"","overlay-type":"","overlay-color":"","overlay-opacity":"","overlay-gradient":""},"mobile":{"background-color":"var(--ast-global-color-5)","background-image":"","background-repeat":"repeat","background-position":"center center","background-size":"auto","background-attachment":"scroll","background-type":"","background-media":"","overlay-type":"","overlay-color":"","overlay-opacity":"","overlay-gradient":""}},"footnotes":""},"class_list":["post-64","page","type-page","status-publish","hentry"],"post_mailing_queue_ids":[],"_links":{"self":[{"href":"https:\/\/agora.xtec.cat\/escolabarkeno\/wp-json\/wp\/v2\/pages\/64","targetHints":{"allow":["GET"]}}],"collection":[{"href":"https:\/\/agora.xtec.cat\/escolabarkeno\/wp-json\/wp\/v2\/pages"}],"about":[{"href":"https:\/\/agora.xtec.cat\/escolabarkeno\/wp-json\/wp\/v2\/types\/page"}],"author":[{"embeddable":true,"href":"https:\/\/agora.xtec.cat\/escolabarkeno\/wp-json\/wp\/v2\/users\/1"}],"replies":[{"embeddable":true,"href":"https:\/\/agora.xtec.cat\/escolabarkeno\/wp-json\/wp\/v2\/comments?post=64"}],"version-history":[{"count":4,"href":"https:\/\/agora.xtec.cat\/escolabarkeno\/wp-json\/wp\/v2\/pages\/64\/revisions"}],"predecessor-version":[{"id":4134,"href":"https:\/\/agora.xtec.cat\/escolabarkeno\/wp-json\/wp\/v2\/pages\/64\/revisions\/4134"}],"wp:attachment":[{"href":"https:\/\/agora.xtec.cat\/escolabarkeno\/wp-json\/wp\/v2\/media?parent=64"}],"curies":[{"name":"wp","href":"https:\/\/api.w.org\/{rel}","templated":true}]}}