{"id":26,"date":"2014-09-18T12:24:32","date_gmt":"2014-09-18T11:24:32","guid":{"rendered":"http:\/\/agora.xtec.cat\/escolabarkeno\/?page_id=26"},"modified":"2020-03-23T12:13:10","modified_gmt":"2020-03-23T11:13:10","slug":"historia","status":"publish","type":"page","link":"https:\/\/agora.xtec.cat\/escolabarkeno\/lescola\/historia\/","title":{"rendered":"Hist\u00f2ria"},"content":{"rendered":"<p><span style=\"color: #333333;\">L&#8217;Escola B\u00e0rkeno \u00e9s un centre d&#8217;Educaci\u00f3 Infantil i d&#8217;Educaci\u00f3 Prim\u00e0ria del Consorci d&#8217;Educaci\u00f3 de Barcelona. Est\u00e0 situat al carrer Cisell del barri de la Marina de la Zona Franca i pertany al districte III Sants-Montju\u00efc.\u00a0<\/span><\/p>\n<p><span style=\"color: #333333;\">A inicis del segle XX el barri de la Marina estava format per dos nuclis ben diferenciats: Can Tunis i el Port i s&#8217;hi veien encara molts camps de conreu. Alguns esdeveniments ocorreguts a la ciutat de Barcelona van anar canviant la fesomia del barri tant des del punt de vista arquitect\u00f2nic com social: l&#8217;Exposici\u00f3 Universal, el Congr\u00e9s Eucar\u00edstic i l&#8217;establiment de l&#8217;empresa automobil\u00edstica SEAT.\u00a0<\/span><span style=\"color: #333333;\">Fins fa poc ha estat un barri amb mancances d&#8217;infraestructura, per\u00f2, en els \u00faltims anys, s&#8217;est\u00e0 observant una transformaci\u00f3 important ja sigui des de l&#8217;\u00e0mbit social com cultural.<\/span><\/p>\n<p><span style=\"color: #333333;\"> L&#8217;Escola B\u00e0rkeno ocupa una part de l&#8217;antic Asil del Port que va deixar de funcionar l&#8217;any 1977. Els nens i nenes que hi vivien passaren a residir en col\u00b7lectius empla\u00e7ats en diferents indrets de la ciutat. El curs 1977-1978 va acollir nom\u00e9s els infants que provenien de l&#8217;Asil per\u00f2, el seg\u00fcent, ja s&#8217;obr\u00ed al barri iniciant un proc\u00e9s de normalitzaci\u00f3 respecte a la poblaci\u00f3 escolar. El curs 1978-1979 prengu\u00e9 el nom d&#8217;escola B\u00e0rkeno.<\/span><\/p>\n<p><span style=\"color: #333333;\">En l&#8217;actualitat est\u00e0 al bell mig d&#8217;una zona on, dia a dia, es manifesten canvis remarcables: construcci\u00f3 de nous habitatges residencials i laborals, construcci\u00f3 nova l\u00ednia de metro&#8230; i es troba envoltada de nombrosos serveis pedag\u00f2gics com l&#8217;Escola Bressol Collserola, l&#8217;Espai familiar La Casa dels Colors,\u00a0 l&#8217;Institut Montju\u00efc i l&#8217;Escola d&#8217;Adults Sant Ramon de Penyafort. Amb tot ells hi mantenim una estreta relaci\u00f3.<\/span><\/p>\n<p><span style=\"color: #333333;\">Darrerament l&#8217;escola B\u00e0rkeno ha fet un esfor\u00e7 per actualitzar les instal\u00b7lacions, per innovar les din\u00e0miques de treball i per augmentar les compet\u00e8ncies b\u00e0siques d&#8217;aprenentatge a trav\u00e9s d&#8217;un ambient de respecte, de rigor i d&#8217;acolliment.<\/span><\/p>\n","protected":false},"excerpt":{"rendered":"<p>L&#8217;Escola B\u00e0rkeno \u00e9s un centre d&#8217;Educaci\u00f3 Infantil i d&#8217;Educaci\u00f3 Prim\u00e0ria del Consorci d&#8217;Educaci\u00f3 de Barcelona. Est\u00e0 situat al carrer Cisell del barri de la Marina de la Zona Franca i pertany al districte III Sants-Montju\u00efc.\u00a0 A inicis del segle XX el barri de la Marina estava format per dos nuclis ben diferenciats: Can Tunis i [&hellip;]<\/p>\n","protected":false},"author":1,"featured_media":0,"parent":22,"menu_order":20,"comment_status":"closed","ping_status":"closed","template":"page-templates\/side-menu.php","meta":{"site-sidebar-layout":"default","site-content-layout":"","ast-site-content-layout":"","site-content-style":"default","site-sidebar-style":"default","ast-global-header-display":"","ast-banner-title-visibility":"","ast-main-header-display":"","ast-hfb-above-header-display":"","ast-hfb-below-header-display":"","ast-hfb-mobile-header-display":"","site-post-title":"","ast-breadcrumbs-content":"","ast-featured-img":"","footer-sml-layout":"","theme-transparent-header-meta":"","adv-header-id-meta":"","stick-header-meta":"","header-above-stick-meta":"","header-main-stick-meta":"","header-below-stick-meta":"","astra-migrate-meta-layouts":"default","ast-page-background-enabled":"default","ast-page-background-meta":{"desktop":{"background-color":"var(--ast-global-color-4)","background-image":"","background-repeat":"repeat","background-position":"center center","background-size":"auto","background-attachment":"scroll","background-type":"","background-media":"","overlay-type":"","overlay-color":"","overlay-opacity":"","overlay-gradient":""},"tablet":{"background-color":"","background-image":"","background-repeat":"repeat","background-position":"center center","background-size":"auto","background-attachment":"scroll","background-type":"","background-media":"","overlay-type":"","overlay-color":"","overlay-opacity":"","overlay-gradient":""},"mobile":{"background-color":"","background-image":"","background-repeat":"repeat","background-position":"center center","background-size":"auto","background-attachment":"scroll","background-type":"","background-media":"","overlay-type":"","overlay-color":"","overlay-opacity":"","overlay-gradient":""}},"ast-content-background-meta":{"desktop":{"background-color":"var(--ast-global-color-5)","background-image":"","background-repeat":"repeat","background-position":"center center","background-size":"auto","background-attachment":"scroll","background-type":"","background-media":"","overlay-type":"","overlay-color":"","overlay-opacity":"","overlay-gradient":""},"tablet":{"background-color":"var(--ast-global-color-5)","background-image":"","background-repeat":"repeat","background-position":"center center","background-size":"auto","background-attachment":"scroll","background-type":"","background-media":"","overlay-type":"","overlay-color":"","overlay-opacity":"","overlay-gradient":""},"mobile":{"background-color":"var(--ast-global-color-5)","background-image":"","background-repeat":"repeat","background-position":"center center","background-size":"auto","background-attachment":"scroll","background-type":"","background-media":"","overlay-type":"","overlay-color":"","overlay-opacity":"","overlay-gradient":""}},"footnotes":""},"class_list":["post-26","page","type-page","status-publish","hentry"],"post_mailing_queue_ids":[],"_links":{"self":[{"href":"https:\/\/agora.xtec.cat\/escolabarkeno\/wp-json\/wp\/v2\/pages\/26","targetHints":{"allow":["GET"]}}],"collection":[{"href":"https:\/\/agora.xtec.cat\/escolabarkeno\/wp-json\/wp\/v2\/pages"}],"about":[{"href":"https:\/\/agora.xtec.cat\/escolabarkeno\/wp-json\/wp\/v2\/types\/page"}],"author":[{"embeddable":true,"href":"https:\/\/agora.xtec.cat\/escolabarkeno\/wp-json\/wp\/v2\/users\/1"}],"replies":[{"embeddable":true,"href":"https:\/\/agora.xtec.cat\/escolabarkeno\/wp-json\/wp\/v2\/comments?post=26"}],"version-history":[{"count":3,"href":"https:\/\/agora.xtec.cat\/escolabarkeno\/wp-json\/wp\/v2\/pages\/26\/revisions"}],"predecessor-version":[{"id":3814,"href":"https:\/\/agora.xtec.cat\/escolabarkeno\/wp-json\/wp\/v2\/pages\/26\/revisions\/3814"}],"up":[{"embeddable":true,"href":"https:\/\/agora.xtec.cat\/escolabarkeno\/wp-json\/wp\/v2\/pages\/22"}],"wp:attachment":[{"href":"https:\/\/agora.xtec.cat\/escolabarkeno\/wp-json\/wp\/v2\/media?parent=26"}],"curies":[{"name":"wp","href":"https:\/\/api.w.org\/{rel}","templated":true}]}}