{"id":9542,"date":"2019-02-14T10:23:05","date_gmt":"2019-02-14T09:23:05","guid":{"rendered":"http:\/\/agora.xtec.cat\/escolabaloo\/?page_id=9542"},"modified":"2019-04-07T18:47:13","modified_gmt":"2019-04-07T16:47:13","slug":"menjador","status":"publish","type":"page","link":"https:\/\/agora.xtec.cat\/escolabaloo\/menjador\/","title":{"rendered":"Activitats migdia"},"content":{"rendered":"<h4><b><em><strong>22\/03\/2019 &#8211; Fran\u00e7a<\/strong><\/em><\/b><\/h4>\n<p>us adjuntem les fotos del dia del dinar tem\u00e0tic d&#8217;aquest mes.<\/p>\n<p>Per preparar l&#8217;exquisit men\u00fa de divendres vam comptar amb l&#8217;ajut de l&#8217;Oriol i la Merc\u00e8 que van venir a donar un cop de m\u00e0 a la Montse i en Marc per preparar les creps i les brotxetes de fruita.<\/p>\n<p>Despr\u00e9s de dinar vam acabar l&#8217;estona amb jocs i dances del pa\u00eds.<\/p>\n<p>Equip del Servei de migdia.<\/p>\n<p><a href=\"https:\/\/drive.google.com\/drive\/folders\/1mJP989BXFftr2XlOqiyDncqLQyWTVBS5?usp=sharing\">imatges dinar Fran\u00e7a<\/a><\/p>\n<h4>\u00a0<b><em><strong>19\/03\/2019 &#8211;\u00a0<\/strong><\/em><\/b><em>Men\u00fa tem\u00e0tic<\/em><\/h4>\n<p>Benvolgudes fam\u00edlies,<\/p>\n<p>Us informem que aquest cop el pa\u00eds m\u00e9s votat ha estat Fran\u00e7a.<\/p>\n<p>Aix\u00ed doncs, durant aquesta setmana\u00a0dedicarem l\u2019estona del Menjador a realitzar diferents jocs i activitats relacionats amb el pa\u00eds.<\/p>\n<p>El divendres dia 22 gaud\u00edrem d\u00b4un dinar franc\u00e8s bon\u00edssimmmmmmm!!!!!!!<\/p>\n<h4><b><em><strong>5\/03\/2019 &#8211; Carnestoltes<\/strong><\/em><\/b><\/h4>\n<p>Us adjuntem un enlla\u00e7 amb fotos de la preparaci\u00f3 de la decoraci\u00f3 del menjador per carnestoltes!!!!!!! Ha quedat molt maco!!!!!!!!<\/p>\n<h4><b><em><strong>19 \/02 \/2019 \u00a0&#8211; M\u00e8xic<\/strong><\/em><\/b><b><\/b><\/h4>\n<p>Us informem que aquest cop el pa\u00eds m\u00e9s votat ha estat M\u00e8xic!!!!!!!!!<\/p>\n<p>Aix\u00ed doncs, el dia 22 d\u2019aquest mes dedicarem l\u2019estona del Menjador a la cuina Mexicana, amb el men\u00fa corresponent i alguna ambientaci\u00f3 apropiada.<br \/>\n<a href=\"https:\/\/agora.xtec.cat\/escolabaloo\/wp-content\/uploads\/usu902\/2019\/02\/1550495045-img-20190129-wa0043.gif\"><img loading=\"lazy\" decoding=\"async\" class=\"aligncenter wp-image-9602 size-medium\" src=\"https:\/\/agora.xtec.cat\/escolabaloo\/wp-content\/uploads\/usu902\/2019\/02\/1550495045-img-20190129-wa0043-300x225.gif\" alt=\"\" width=\"300\" height=\"225\" srcset=\"https:\/\/agora.xtec.cat\/escolabaloo\/wp-content\/uploads\/usu902\/2019\/02\/1550495045-img-20190129-wa0043-300x225.gif 300w, https:\/\/agora.xtec.cat\/escolabaloo\/wp-content\/uploads\/usu902\/2019\/02\/1550495045-img-20190129-wa0043-768x576.gif 768w, https:\/\/agora.xtec.cat\/escolabaloo\/wp-content\/uploads\/usu902\/2019\/02\/1550495045-img-20190129-wa0043-200x150.gif 200w\" sizes=\"auto, (max-width: 300px) 100vw, 300px\" \/><\/a><\/p>\n<p>Gaudirem d\u2019una setmana molt divertida amb diferents activitats, jocs, balls, etc&#8230; !!!!!!!!!!!!!!!!!!!!!!!!!!!!!<\/p>\n<p>L\u2019equip de Menjador<\/p>\n<p>&nbsp;<\/p>\n<h4><b><em><strong>05 \/02 \/2019 \u00a0&#8211;\u00a0<\/strong><\/em><\/b><b>Setmana tem\u00e0tica<\/b><\/h4>\n<p>Coincidint amb\u00a0 el dinar tem\u00e0tic del pa\u00eds escollit pels infants (It\u00e0lia)\u00a0hem realitzat diferents jocs i activitats.\u00a0 Des de la comissi\u00f3 de jocs\u00a0 i esports vam tirar endavant un joc anomenat\u00a0la Morra, \u2019tamb\u00e9 vam ballar un ball t\u00edpic itali\u00e0 anomenat Tarantela, la comissi\u00f3 de conviv\u00e8ncia i tallers tamb\u00e9 vam realitzantun mapa per situar on \u00e9s el pa\u00eds<\/p>\n<p>Ha estat una setmana molt divertida i hem apr\u00e8s un munt de coses!!!!!!!!<\/p>\n<p>Amb totes aquestes activitats\u00a0 conclou la setmana Italiana, i amb moltes ganes de saber quin ser\u00e0 el proper pa\u00eds!!!!!!!<\/p>\n<p style=\"text-align: center;\"><a href=\"https:\/\/drive.google.com\/drive\/u\/2\/folders\/1MsiulGULZkSQOCs8snNSHAjWoccDFytN\">Activitats setmana tem\u00e0tica<\/a><\/p>\n<h4><em style=\"line-height: 25.6px;\"><strong>30 \/01 \/2019 &#8211;\u00a0<\/strong><\/em><strong style=\"line-height: 25.6px;\">Dia Mundial de la Pau<\/strong><\/h4>\n<p>Benvolgudes fam\u00edlies,<\/p>\n<p>com sabeu, el Dia Escolar de la No Viol\u00e8ncia i la Pau (DENIP) \u00e9s el 30 de gener des de 1964.<br \/>\nEs commemora la mort del Mahatma Gandhi i contribueix a promoure la cultura de la pau, no viol\u00e8ncia, el comprom\u00eds i la resoluci\u00f3 pac\u00edfica dels conflictes entre els infants i els joves.<br \/>\nLa comissi\u00f3 de menjador del Servei migdia aquell dia va promoure una activitat relacionada amb el tema.<br \/>\nUs fem aribar la transcripci\u00f3 feta pels alumnes de les activitats que es van portar a terme.<\/p>\n<p>Tere S i Raquel , monitores de la comissi\u00f3 de conviv\u00e8ncia del Servei de migdia.<\/p>\n<p>El dia 30 de gener es celebra el dia de la no viol\u00e8ncia i la pau. Aqu\u00ed, a l\u2019escola, tamb\u00e9 ho vam celebrar durant l\u2019estona de Menjador.<\/p>\n<p>&#8220;Els nens i nenes de 3r ens vam assabentar per la Gemma, a la classe i v\u00e0rem fer grulles de paper.<br \/>\nEls de la Comissi\u00f3 de Conviv\u00e8ncia de Menjador vam fer un mural de la pau. Els que van voler, van pintar les seves mans.<br \/>\nA l\u2019hora de dinar vam llegir 10 Drets d\u2019 Infants. Els haur\u00edem de tenir tots els nens del mon.<\/p>\n<p>Comissi\u00f3 de Conviv\u00e8ncia de Menjador: Aina, Luc\u00eda, Adriana i Leire, 3r<\/p>\n<p>Aina i Candela, 5\u00e8<\/p>\n<p>Guillem, 4t i Bru, 6\u00e8<\/p>\n<p><a href=\"https:\/\/agora.xtec.cat\/escolabaloo\/wp-content\/uploads\/usu902\/2019\/01\/DENIP.jpeg\"><img loading=\"lazy\" decoding=\"async\" class=\"aligncenter wp-image-9423 size-medium\" src=\"https:\/\/agora.xtec.cat\/escolabaloo\/wp-content\/uploads\/usu902\/2019\/01\/DENIP-300x180.jpeg\" alt=\"\" width=\"300\" height=\"180\" srcset=\"https:\/\/agora.xtec.cat\/escolabaloo\/wp-content\/uploads\/usu902\/2019\/01\/DENIP-300x180.jpeg 300w, https:\/\/agora.xtec.cat\/escolabaloo\/wp-content\/uploads\/usu902\/2019\/01\/DENIP-768x460.jpeg 768w, https:\/\/agora.xtec.cat\/escolabaloo\/wp-content\/uploads\/usu902\/2019\/01\/DENIP-1024x613.jpeg 1024w, https:\/\/agora.xtec.cat\/escolabaloo\/wp-content\/uploads\/usu902\/2019\/01\/DENIP.jpeg 1244w\" sizes=\"auto, (max-width: 300px) 100vw, 300px\" \/><\/a><\/p>\n<h4><\/h4>\n<h4><b><em>18\/ 01\/2019<\/em>\u00a0 &#8211; Men\u00fa tem\u00e0tic<\/b><\/h4>\n<p>Benvolgudes fam\u00edlies,<\/p>\n<p>Us informem que en la reuni\u00f3 de nens i nenes delegats del dia 11 de desembre es va aprovar la seva proposta de descobrir, a l\u2019hora de dinar i un cop al mes, la gastronomia i alguna tradici\u00f3 de diferents pa\u00efsos del m\u00f3n.<\/p>\n<p>El dia 20 de desembre, a l\u2019estona de Menjador, els nens i nenes van votar entre els 11 pa\u00efsos que els delegats havien proposat.<\/p>\n<p>El m\u00e9s votat va ser It\u00e0lia.<\/p>\n<p>Aix\u00ed doncs, el dia\u00a025 d\u2019aquest mes\u00a0dedicarem l\u2019estona del Menjador a la cuina italiana, amb el men\u00fa corresponent i alguna ambientaci\u00f3 apropiada.<\/p>\n<p>Si tot va b\u00e9, d\u2019aqu\u00ed a final de curs, farem el mateix amb 5 pa\u00efsos m\u00e9s.<\/p>\n<p>L\u2019equip de Menjador <a href=\"https:\/\/agora.xtec.cat\/escolabaloo\/wp-content\/uploads\/usu902\/2019\/01\/IMG-20190115-WA0021.jpg\"><img loading=\"lazy\" decoding=\"async\" class=\"aligncenter wp-image-9381 size-medium\" src=\"https:\/\/agora.xtec.cat\/escolabaloo\/wp-content\/uploads\/usu902\/2019\/01\/IMG-20190115-WA0021-300x225.jpg\" alt=\"\" width=\"300\" height=\"225\" srcset=\"https:\/\/agora.xtec.cat\/escolabaloo\/wp-content\/uploads\/usu902\/2019\/01\/IMG-20190115-WA0021-300x225.jpg 300w, https:\/\/agora.xtec.cat\/escolabaloo\/wp-content\/uploads\/usu902\/2019\/01\/IMG-20190115-WA0021-768x576.jpg 768w, https:\/\/agora.xtec.cat\/escolabaloo\/wp-content\/uploads\/usu902\/2019\/01\/IMG-20190115-WA0021-1024x768.jpg 1024w, https:\/\/agora.xtec.cat\/escolabaloo\/wp-content\/uploads\/usu902\/2019\/01\/IMG-20190115-WA0021-200x150.jpg 200w, https:\/\/agora.xtec.cat\/escolabaloo\/wp-content\/uploads\/usu902\/2019\/01\/IMG-20190115-WA0021.jpg 1600w\" sizes=\"auto, (max-width: 300px) 100vw, 300px\" \/><\/a><\/p>\n<h4><em>08\/01\/2019<\/em> &#8211; Canvi de men\u00fa<\/h4>\n<p>Per motius aliens a la cuina, avui hem realitzat un canvi en el men\u00fa. Avui menjarem arr\u00f2s\u00a0a la cassola i\u00a0dem\u00e0\u00a0macarrons.<\/p>\n<p>Cordialment<\/p>\n<p>Neus\u00a0<span class=\"hiddenGrammarError\">(\u00a0<\/span>coordinadora de menjador)<\/p>\n","protected":false},"excerpt":{"rendered":"<p>22\/03\/2019 &#8211; Fran\u00e7a<br \/>\nus adjuntem les fotos del dia del dinar tem\u00e0tic d&#8217;aquest mes.<br \/>\nPer preparar l&#8217;exquisit men\u00fa de divendres vam comptar amb l&#8217;ajut de l&#8217;Oriol i la Merc\u00e8 que van venir a donar un cop de m\u00e0 a la Montse i en Marc per preparar les&hellip;  <a href=\"https:\/\/agora.xtec.cat\/escolabaloo\/menjador\/\" title=\"Read Activitats migdia\">Llegeix m\u00e9s\u00bb<\/a><\/p>\n","protected":false},"author":1,"featured_media":0,"parent":0,"menu_order":0,"comment_status":"closed","ping_status":"closed","template":"","meta":{"_bbp_topic_count":0,"_bbp_reply_count":0,"_bbp_total_topic_count":0,"_bbp_total_reply_count":0,"_bbp_voice_count":0,"_bbp_anonymous_reply_count":0,"_bbp_topic_count_hidden":0,"_bbp_reply_count_hidden":0,"_bbp_forum_subforum_count":0,"footnotes":""},"class_list":["post-9542","page","type-page","status-publish","hentry"],"post_mailing_queue_ids":[],"_links":{"self":[{"href":"https:\/\/agora.xtec.cat\/escolabaloo\/wp-json\/wp\/v2\/pages\/9542","targetHints":{"allow":["GET"]}}],"collection":[{"href":"https:\/\/agora.xtec.cat\/escolabaloo\/wp-json\/wp\/v2\/pages"}],"about":[{"href":"https:\/\/agora.xtec.cat\/escolabaloo\/wp-json\/wp\/v2\/types\/page"}],"author":[{"embeddable":true,"href":"https:\/\/agora.xtec.cat\/escolabaloo\/wp-json\/wp\/v2\/users\/1"}],"replies":[{"embeddable":true,"href":"https:\/\/agora.xtec.cat\/escolabaloo\/wp-json\/wp\/v2\/comments?post=9542"}],"version-history":[{"count":3,"href":"https:\/\/agora.xtec.cat\/escolabaloo\/wp-json\/wp\/v2\/pages\/9542\/revisions"}],"predecessor-version":[{"id":9746,"href":"https:\/\/agora.xtec.cat\/escolabaloo\/wp-json\/wp\/v2\/pages\/9542\/revisions\/9746"}],"wp:attachment":[{"href":"https:\/\/agora.xtec.cat\/escolabaloo\/wp-json\/wp\/v2\/media?parent=9542"}],"curies":[{"name":"wp","href":"https:\/\/api.w.org\/{rel}","templated":true}]}}