{"id":9527,"date":"2019-02-14T09:31:25","date_gmt":"2019-02-14T08:31:25","guid":{"rendered":"http:\/\/agora.xtec.cat\/escolabaloo\/?page_id=9527"},"modified":"2019-02-14T12:47:35","modified_gmt":"2019-02-14T11:47:35","slug":"projecte-linguistic","status":"publish","type":"page","link":"https:\/\/agora.xtec.cat\/escolabaloo\/projecte-educatiu\/projecte-linguistic\/","title":{"rendered":"Projecte Ling\u00fc\u00edstic"},"content":{"rendered":"<p><strong>El \u00a0PROJECTE LING\u00dc\u00cdSTIC<\/strong>\u00a0\u00e9s el marc de refer\u00e8ncia de l&#8217;escola que condueix a l&#8217;assoliment dels objectius\u00a0generals pel que fa a la la compet\u00e8ncia ling\u00fc\u00edstica.<\/p>\n<p>L&#8217;\u00faltima actualitzaci\u00f3 del nostre PLC data del 17 d&#8217;abril del 2008, \u00e9s per aix\u00f2 que estem treballant en l&#8217;actualitzaci\u00f3 del document a fi que reflecteixi de forma m\u00e9s precisa el context actual.<\/p>\n<p style=\"text-align: justify;\"><strong>El PROJECTE LING\u00dc\u00cdSTIC DEL CENTRE<\/strong> cont\u00e9 \u00a0la informaci\u00f3 seg\u00fcent:<br \/>\n<em>1. An\u00e0lisi del context<\/em><br \/>\n&#8211; Dades socioling\u00fc\u00edstiques<br \/>\n&#8211; Bagatge ling\u00fc\u00edstic de l\u2019alumnat i les seves necessitats individuals vinculades als seus\u00a0resultats acad\u00e8mics<br \/>\n&#8211; Compet\u00e8ncia ling\u00fc\u00edstica del professorat (acreditacions de coneixements de lleng\u00fces)<br \/>\n&#8211; Places docents amb perfil professional (nombre i tipologia de les places amb perfil)<br \/>\n<em>2. El tractament de les lleng\u00fces estrangeres<\/em><br \/>\n3. <em>Els objectius\u00a0en relaci\u00f3 amb l\u2019aprenentatge i l\u2019\u00fas de les lleng\u00fces<br \/>\n4. Els criteris metodol\u00f2gics i organitzatius en relaci\u00f3 a l\u2019aprenentatge de les lleng\u00fces<br \/>\n5.\u00a0La comunicaci\u00f3 interna i la relaci\u00f3 amb l\u2019entorn<br \/>\n6.La formaci\u00f3 i l\u2019acreditaci\u00f3 ling\u00fc\u00edstica del professorat<a href=\"https:\/\/agora.xtec.cat\/escolabaloo\/wp-content\/uploads\/usu902\/2019\/02\/web_654_20181112192810.jpg\"><img loading=\"lazy\" decoding=\"async\" class=\"aligncenter size-full wp-image-9573\" src=\"https:\/\/agora.xtec.cat\/escolabaloo\/wp-content\/uploads\/usu902\/2019\/02\/web_654_20181112192810.jpg\" alt=\"\" width=\"280\" height=\"280\" srcset=\"https:\/\/agora.xtec.cat\/escolabaloo\/wp-content\/uploads\/usu902\/2019\/02\/web_654_20181112192810.jpg 280w, https:\/\/agora.xtec.cat\/escolabaloo\/wp-content\/uploads\/usu902\/2019\/02\/web_654_20181112192810-150x150.jpg 150w\" sizes=\"auto, (max-width: 280px) 100vw, 280px\" \/><\/a><br \/>\n<\/em><\/p>\n<p>&nbsp;<\/p>\n<p>&nbsp;<\/p>\n","protected":false},"excerpt":{"rendered":"<p>El \u00a0PROJECTE LING\u00dc\u00cdSTIC\u00a0\u00e9s el marc de refer\u00e8ncia de l&#8217;escola que condueix a l&#8217;assoliment dels objectius\u00a0generals pel que fa a la la compet\u00e8ncia ling\u00fc\u00edstica.<br \/>\nL&#8217;\u00faltima actualitzaci\u00f3 del nostre PLC data del 17 d&#8217;abril del 2008, \u00e9s per aix\u00f2 que estem treballant en l&#8217;actualitzaci\u00f3 del document a fi&hellip;  <a href=\"https:\/\/agora.xtec.cat\/escolabaloo\/projecte-educatiu\/projecte-linguistic\/\" title=\"Read Projecte Ling\u00fc\u00edstic\">Llegeix m\u00e9s\u00bb<\/a><\/p>\n","protected":false},"author":1,"featured_media":0,"parent":64,"menu_order":2,"comment_status":"closed","ping_status":"closed","template":"page-templates\/side-menu.php","meta":{"_bbp_topic_count":0,"_bbp_reply_count":0,"_bbp_total_topic_count":0,"_bbp_total_reply_count":0,"_bbp_voice_count":0,"_bbp_anonymous_reply_count":0,"_bbp_topic_count_hidden":0,"_bbp_reply_count_hidden":0,"_bbp_forum_subforum_count":0,"footnotes":""},"class_list":["post-9527","page","type-page","status-publish","hentry"],"post_mailing_queue_ids":[],"_links":{"self":[{"href":"https:\/\/agora.xtec.cat\/escolabaloo\/wp-json\/wp\/v2\/pages\/9527","targetHints":{"allow":["GET"]}}],"collection":[{"href":"https:\/\/agora.xtec.cat\/escolabaloo\/wp-json\/wp\/v2\/pages"}],"about":[{"href":"https:\/\/agora.xtec.cat\/escolabaloo\/wp-json\/wp\/v2\/types\/page"}],"author":[{"embeddable":true,"href":"https:\/\/agora.xtec.cat\/escolabaloo\/wp-json\/wp\/v2\/users\/1"}],"replies":[{"embeddable":true,"href":"https:\/\/agora.xtec.cat\/escolabaloo\/wp-json\/wp\/v2\/comments?post=9527"}],"version-history":[{"count":3,"href":"https:\/\/agora.xtec.cat\/escolabaloo\/wp-json\/wp\/v2\/pages\/9527\/revisions"}],"predecessor-version":[{"id":9574,"href":"https:\/\/agora.xtec.cat\/escolabaloo\/wp-json\/wp\/v2\/pages\/9527\/revisions\/9574"}],"up":[{"embeddable":true,"href":"https:\/\/agora.xtec.cat\/escolabaloo\/wp-json\/wp\/v2\/pages\/64"}],"wp:attachment":[{"href":"https:\/\/agora.xtec.cat\/escolabaloo\/wp-json\/wp\/v2\/media?parent=9527"}],"curies":[{"name":"wp","href":"https:\/\/api.w.org\/{rel}","templated":true}]}}