{"id":9080,"date":"2018-10-01T21:56:11","date_gmt":"2018-10-01T19:56:11","guid":{"rendered":"http:\/\/agora.xtec.cat\/escolabaloo\/?page_id=9080"},"modified":"2019-02-14T09:28:43","modified_gmt":"2019-02-14T08:28:43","slug":"nova-seccio","status":"publish","type":"page","link":"https:\/\/agora.xtec.cat\/escolabaloo\/comissio-escola-familia\/nova-seccio\/","title":{"rendered":"Nova secci\u00f3"},"content":{"rendered":"<blockquote><p>La comissi\u00f3 de pares i mares obre una nova secci\u00f3 a la web de recomanacions d&#8217;activitats i xerrades que es facin a prop de l\u2019escola, com l\u2019associaci\u00f3 de ve\u00efns, altres escoles, i espais on es realitzin activitats relacionades amb l\u2019\u00e0mbit educatiu, de les que aprendre alguns coneixements i extreure\u2019n recursos \u00fatils per educar els nostres fills.<\/p><\/blockquote>\n","protected":false},"excerpt":{"rendered":"<p>La comissi\u00f3 de pares i mares obre una nova secci\u00f3 a la web de recomanacions d&#8217;activitats i xerrades que es facin a prop de l\u2019escola, com l\u2019associaci\u00f3 de ve\u00efns, altres escoles, i espais on es realitzin activitats relacionades amb l\u2019\u00e0mbit educatiu, de les que aprendre&hellip;  <a href=\"https:\/\/agora.xtec.cat\/escolabaloo\/comissio-escola-familia\/nova-seccio\/\" title=\"Read Nova secci\u00f3\">Llegeix m\u00e9s\u00bb<\/a><\/p>\n","protected":false},"author":1,"featured_media":0,"parent":7741,"menu_order":3,"comment_status":"closed","ping_status":"closed","template":"page-templates\/side-menu.php","meta":{"_bbp_topic_count":0,"_bbp_reply_count":0,"_bbp_total_topic_count":0,"_bbp_total_reply_count":0,"_bbp_voice_count":0,"_bbp_anonymous_reply_count":0,"_bbp_topic_count_hidden":0,"_bbp_reply_count_hidden":0,"_bbp_forum_subforum_count":0,"footnotes":""},"class_list":["post-9080","page","type-page","status-publish","hentry"],"post_mailing_queue_ids":[],"_links":{"self":[{"href":"https:\/\/agora.xtec.cat\/escolabaloo\/wp-json\/wp\/v2\/pages\/9080","targetHints":{"allow":["GET"]}}],"collection":[{"href":"https:\/\/agora.xtec.cat\/escolabaloo\/wp-json\/wp\/v2\/pages"}],"about":[{"href":"https:\/\/agora.xtec.cat\/escolabaloo\/wp-json\/wp\/v2\/types\/page"}],"author":[{"embeddable":true,"href":"https:\/\/agora.xtec.cat\/escolabaloo\/wp-json\/wp\/v2\/users\/1"}],"replies":[{"embeddable":true,"href":"https:\/\/agora.xtec.cat\/escolabaloo\/wp-json\/wp\/v2\/comments?post=9080"}],"version-history":[{"count":2,"href":"https:\/\/agora.xtec.cat\/escolabaloo\/wp-json\/wp\/v2\/pages\/9080\/revisions"}],"predecessor-version":[{"id":9525,"href":"https:\/\/agora.xtec.cat\/escolabaloo\/wp-json\/wp\/v2\/pages\/9080\/revisions\/9525"}],"up":[{"embeddable":true,"href":"https:\/\/agora.xtec.cat\/escolabaloo\/wp-json\/wp\/v2\/pages\/7741"}],"wp:attachment":[{"href":"https:\/\/agora.xtec.cat\/escolabaloo\/wp-json\/wp\/v2\/media?parent=9080"}],"curies":[{"name":"wp","href":"https:\/\/api.w.org\/{rel}","templated":true}]}}