{"id":8862,"date":"2018-06-19T09:49:04","date_gmt":"2018-06-19T07:49:04","guid":{"rendered":"http:\/\/agora.xtec.cat\/escolabaloo\/?page_id=8862"},"modified":"2018-06-19T18:39:09","modified_gmt":"2018-06-19T16:39:09","slug":"fentbaloo-fentmobilitzacio","status":"publish","type":"page","link":"https:\/\/agora.xtec.cat\/escolabaloo\/fentbaloo-fentmobilitzacio\/","title":{"rendered":"#fentbaloo #fentmobilitzaci\u00f3"},"content":{"rendered":"<p><strong><em>18\/06\/2018<\/em><\/strong><\/p>\n<p>Des d&#8217;aquest migdia, sobre la porta d&#8217;entrada de l&#8217;escola, \u00a0es pot veure, \u00a0ben visiblement, \u00a0una pancarta amb una frase ben expl\u00edcita:<\/p>\n<p style=\"text-align: center;\"><strong>AQU\u00cd \u00a0S&#8217;ENSENYA A PENSAR I NO QU\u00c8 PENSAR.\u00a0<\/strong><\/p>\n<p><a href=\"http:\/\/agora.xtec.cat\/escolabaloo\/wp-content\/uploads\/usu902\/2018\/06\/80d461b6-de5d-407f-93b9-53c1ef8c01c8.jpg\"><img loading=\"lazy\" decoding=\"async\" class=\"aligncenter wp-image-8857 size-medium\" src=\"http:\/\/agora.xtec.cat\/escolabaloo\/wp-content\/uploads\/usu902\/2018\/06\/80d461b6-de5d-407f-93b9-53c1ef8c01c8-300x225.jpg\" alt=\"\" width=\"300\" height=\"225\" srcset=\"https:\/\/agora.xtec.cat\/escolabaloo\/wp-content\/uploads\/usu902\/2018\/06\/80d461b6-de5d-407f-93b9-53c1ef8c01c8-300x225.jpg 300w, https:\/\/agora.xtec.cat\/escolabaloo\/wp-content\/uploads\/usu902\/2018\/06\/80d461b6-de5d-407f-93b9-53c1ef8c01c8-768x576.jpg 768w, https:\/\/agora.xtec.cat\/escolabaloo\/wp-content\/uploads\/usu902\/2018\/06\/80d461b6-de5d-407f-93b9-53c1ef8c01c8-1024x768.jpg 1024w, https:\/\/agora.xtec.cat\/escolabaloo\/wp-content\/uploads\/usu902\/2018\/06\/80d461b6-de5d-407f-93b9-53c1ef8c01c8-200x150.jpg 200w, https:\/\/agora.xtec.cat\/escolabaloo\/wp-content\/uploads\/usu902\/2018\/06\/80d461b6-de5d-407f-93b9-53c1ef8c01c8.jpg 1600w\" sizes=\"auto, (max-width: 300px) 100vw, 300px\" \/><\/a><\/p>\n<p style=\"text-align: left;\">D&#8217;aquesta manera tots els equips docents del districte agrupats en la coordinadora d&#8217;escoles 0-18 d&#8217;Horta-Guinard\u00f3, hem \u00a0volgut deixar pal\u00e8s el nostre posicionament davant el que est\u00e0 sent una campanya judicial i medi\u00e0tica contra els\u00a0docents de diferents centres educatius de Catalunya arran de diverses den\u00fancies d&#8217;adoctrinament per part de fam\u00edlies.<\/p>\n<p>Amb aquest \u00a0missatge fem defensa d&#8217;una escola on el respecte pels principis democr\u00e0tics i de pluralitat ideol\u00f2gica permet als docents que es pugui parlar de tot.<\/p>\n<p style=\"text-align: left;\">Preservant sempre el\u00a0respecte als infants, \u00a0afavorint el di\u00e0leg, la discrep\u00e0ncia i la capacitat de posar en dubte all\u00f2 que es transmet, volem treballar pel desenvolupament de persones lliures, amb esperit cr\u00edtic, compromeses i competents\u00a0socialment.<\/p>\n<p style=\"text-align: left;\"><em><strong>08\/06\/2018<\/strong><\/em><\/p>\n<p>Aquest diumenge dia 10 de juny a les 12 hores a Pla\u00e7a Universitat de BCN , hi ha convocada una manifestaci\u00f3 amb el lema:<\/p>\n<p style=\"text-align: center;\"><b><u>\u00a0&#8220;Deixeu l&#8217;escola en pau. Volem educar en llibertat&#8221;.<\/u><\/b><\/p>\n<p><a href=\"http:\/\/agora.xtec.cat\/escolabaloo\/wp-content\/uploads\/usu902\/2018\/06\/educar-en-llibertat-2.png\"><img loading=\"lazy\" decoding=\"async\" class=\"aligncenter size-full wp-image-8870\" src=\"http:\/\/agora.xtec.cat\/escolabaloo\/wp-content\/uploads\/usu902\/2018\/06\/educar-en-llibertat-2.png\" alt=\"\" width=\"300\" height=\"278\" \/><\/a><\/p>\n<p>Diferents organitzacions i plataformes: MUCE (Marc unitari de la comunitat educativa), Som Escola, Taula d&#8217;Emerg\u00e8ncia Docent convoquen aquesta manifestaci\u00f3 unit\u00e0ria en defensa del nostre model educatiu, del professorat i tot el col\u00b7lectiu docent i \u00a0contra els atacs a l&#8217;escola p\u00fablica.<\/p>\n<p>Us adjuntem <a href=\"http:\/\/www.mrp.cat\/admin\/magatzem\/inicides\/roda-de-premsa-160518.pdf\">el manifest.<\/a><\/p>\n<p>&nbsp;<\/p>\n<p><strong><em>22\/05\/2018<\/em><\/strong><\/p>\n<p>En Narc\u00eds Serrats Mata, exalumne de l&#8217;escola i co-autor, juntament amb la Mariona Gr\u00e0cia Closa ( tamb\u00e9 exalumna nostra) de la imatge gr\u00e0fica de l&#8217;aniversari, ha incorporat a la s\u00e8rie de cartells aquest \u00faltim disseny que ens identifica en un aspecte m\u00e9s del nostre car\u00e0cter propi.<\/p>\n<p>&nbsp;<\/p>\n<p><a href=\"http:\/\/agora.xtec.cat\/escolabaloo\/wp-content\/uploads\/usu902\/2018\/06\/b7d2c9b4-6557-43d0-ba43-136e28ab9f0f.jpg\"><img loading=\"lazy\" decoding=\"async\" class=\"aligncenter wp-image-8880\" src=\"http:\/\/agora.xtec.cat\/escolabaloo\/wp-content\/uploads\/usu902\/2018\/06\/b7d2c9b4-6557-43d0-ba43-136e28ab9f0f-725x1024.jpg\" alt=\"\" width=\"493\" height=\"696\" srcset=\"https:\/\/agora.xtec.cat\/escolabaloo\/wp-content\/uploads\/usu902\/2018\/06\/b7d2c9b4-6557-43d0-ba43-136e28ab9f0f-725x1024.jpg 725w, https:\/\/agora.xtec.cat\/escolabaloo\/wp-content\/uploads\/usu902\/2018\/06\/b7d2c9b4-6557-43d0-ba43-136e28ab9f0f-212x300.jpg 212w, https:\/\/agora.xtec.cat\/escolabaloo\/wp-content\/uploads\/usu902\/2018\/06\/b7d2c9b4-6557-43d0-ba43-136e28ab9f0f-768x1085.jpg 768w, https:\/\/agora.xtec.cat\/escolabaloo\/wp-content\/uploads\/usu902\/2018\/06\/b7d2c9b4-6557-43d0-ba43-136e28ab9f0f.jpg 843w\" sizes=\"auto, (max-width: 493px) 100vw, 493px\" \/><\/a><\/p>\n","protected":false},"excerpt":{"rendered":"<p>18\/06\/2018<br \/>\nDes d&#8217;aquest migdia, sobre la porta d&#8217;entrada de l&#8217;escola, \u00a0es pot veure, \u00a0ben visiblement, \u00a0una pancarta amb una frase ben expl\u00edcita:<br \/>\nAQU\u00cd \u00a0S&#8217;ENSENYA A PENSAR I NO QU\u00c8 PENSAR.\u00a0<br \/>\n<a href=\"http:\/\/agora.xtec.cat\/escolabaloo\/wp-content\/uploads\/usu902\/2018\/06\/80d461b6-de5d-407f-93b9-53c1ef8c01c8.jpg\"><\/a><br \/>\nD&#8217;aquesta manera tots els equips docents del districte agrupats en la coordinadora d&#8217;escoles 0-18 d&#8217;Horta-Guinard\u00f3, hem \u00a0volgut&hellip;  <a href=\"https:\/\/agora.xtec.cat\/escolabaloo\/fentbaloo-fentmobilitzacio\/\" title=\"Read #fentbaloo #fentmobilitzaci\u00f3\">Llegeix m\u00e9s\u00bb<\/a><\/p>\n","protected":false},"author":1,"featured_media":0,"parent":0,"menu_order":0,"comment_status":"closed","ping_status":"closed","template":"","meta":{"_bbp_topic_count":0,"_bbp_reply_count":0,"_bbp_total_topic_count":0,"_bbp_total_reply_count":0,"_bbp_voice_count":0,"_bbp_anonymous_reply_count":0,"_bbp_topic_count_hidden":0,"_bbp_reply_count_hidden":0,"_bbp_forum_subforum_count":0,"footnotes":""},"class_list":["post-8862","page","type-page","status-publish","hentry"],"post_mailing_queue_ids":[],"_links":{"self":[{"href":"https:\/\/agora.xtec.cat\/escolabaloo\/wp-json\/wp\/v2\/pages\/8862","targetHints":{"allow":["GET"]}}],"collection":[{"href":"https:\/\/agora.xtec.cat\/escolabaloo\/wp-json\/wp\/v2\/pages"}],"about":[{"href":"https:\/\/agora.xtec.cat\/escolabaloo\/wp-json\/wp\/v2\/types\/page"}],"author":[{"embeddable":true,"href":"https:\/\/agora.xtec.cat\/escolabaloo\/wp-json\/wp\/v2\/users\/1"}],"replies":[{"embeddable":true,"href":"https:\/\/agora.xtec.cat\/escolabaloo\/wp-json\/wp\/v2\/comments?post=8862"}],"version-history":[{"count":3,"href":"https:\/\/agora.xtec.cat\/escolabaloo\/wp-json\/wp\/v2\/pages\/8862\/revisions"}],"predecessor-version":[{"id":8883,"href":"https:\/\/agora.xtec.cat\/escolabaloo\/wp-json\/wp\/v2\/pages\/8862\/revisions\/8883"}],"wp:attachment":[{"href":"https:\/\/agora.xtec.cat\/escolabaloo\/wp-json\/wp\/v2\/media?parent=8862"}],"curies":[{"name":"wp","href":"https:\/\/api.w.org\/{rel}","templated":true}]}}