{"id":8424,"date":"2018-02-22T12:21:08","date_gmt":"2018-02-22T11:21:08","guid":{"rendered":"http:\/\/agora.xtec.cat\/escolabaloo\/?page_id=8424"},"modified":"2019-06-17T13:17:14","modified_gmt":"2019-06-17T11:17:14","slug":"preinscripcio-curs-2018-19","status":"publish","type":"page","link":"https:\/\/agora.xtec.cat\/escolabaloo\/preinscripcio-curs-2018-19\/","title":{"rendered":"MATRICULACI\u00d3 curs 2019-20"},"content":{"rendered":"<p>Aquesta p\u00e0gina vol ser una eina d&#8217;ajuda per a totes les fam\u00edlies que per primera vegada heu\u00a0d&#8217;inscriure\u00a0els vostres infants a l&#8217;escola<span class=\"hiddenGrammarError\">\u00a0.<\/span><br \/>\nDes d&#8217;aqu\u00ed\u00a0<span class=\"hiddenGrammarError\" style=\"padding-bottom: 2px; background-image: url('..\/..\/..\/..\/..\/images\/squiggle.png'); background-repeat: repeat-x; background-position: left bottom; cursor: default; color: #666666; font-family: 'Open Sans', Helvetica, Arial, sans-serif; font-size: 16px; font-style: normal; font-variant-ligatures: normal; font-variant-caps: normal; letter-spacing: normal; orphans: 2; text-align: start; text-indent: 0px; text-transform: none; white-space: normal; widows: 2; word-spacing: 0px; -webkit-text-stroke-width: 0px; text-decoration-style: initial; text-decoration-color: initial;\">podeu descarregar-vos els documents per a formalitzar la matricula<\/span>.<\/p>\n<ol>\n<li><a href=\"https:\/\/agora.xtec.cat\/escolabaloo\/wp-content\/uploads\/usu902\/2019\/06\/Documents-per-formalitzat-matricula.pdf\">Documents per a formalitzar la matr\u00edcula<\/a><\/li>\n<li><a href=\"https:\/\/agora.xtec.cat\/escolabaloo\/wp-content\/uploads\/usu902\/2019\/06\/impr\u00e8s-matriculaci\u00f3.pdf\">Full de matriculaci\u00f3<\/a><\/li>\n<li><a href=\"https:\/\/agora.xtec.cat\/escolabaloo\/wp-content\/uploads\/usu902\/2019\/06\/Mandat-SEPA.pdf\">Sol.licitud d&#8217;ingr\u00e9s a l&#8217;AMPA<\/a><\/li>\n<li><a href=\"https:\/\/agora.xtec.cat\/escolabaloo\/wp-content\/uploads\/usu902\/2019\/06\/Carta-comprom\u00eds.pdf\">Carta de comprom\u00eds educatiu<\/a><\/li>\n<li><a href=\"https:\/\/agora.xtec.cat\/escolabaloo\/wp-content\/uploads\/usu902\/2019\/06\/Autoritzaci\u00f3-dret-imatges.pdf\">Autoritzaci\u00f3 del tractament d&#8217;imatges, veu i dades<\/a><\/li>\n<li><a href=\"https:\/\/agora.xtec.cat\/escolabaloo\/wp-content\/uploads\/usu902\/2019\/06\/Autoritzaci\u00f3-\u00fas-correu-electronic.pdf\">Autoritzaci\u00f3 d&#8217;\u00fas del correu electr\u00f2nic<\/a><\/li>\n<\/ol>\n<p>Per poder lliurar la documentaci\u00f3 a l&#8217;escola cal reservar\u00a0dia i hora de visita<\/p>\n<p>&nbsp;<\/p>\n<h4><\/h4>\n<h4><\/h4>\n<h4><\/h4>\n<h4><\/h4>\n","protected":false},"excerpt":{"rendered":"<p>Aquesta p\u00e0gina vol ser una eina d&#8217;ajuda per a totes les fam\u00edlies que per primera vegada heu\u00a0d&#8217;inscriure\u00a0els vostres infants a l&#8217;escola\u00a0.<br \/>\nDes d&#8217;aqu\u00ed\u00a0podeu descarregar-vos els documents per a formalitzar la matricula.<\/p>\n<ol>\n<li><a href=\"https:\/\/agora.xtec.cat\/escolabaloo\/wp-content\/uploads\/usu902\/2019\/06\/Documents-per-formalitzat-matricula.pdf\">Documents per a formalitzar la matr\u00edcula<\/a><\/li>\n<li><a href=\"https:\/\/agora.xtec.cat\/escolabaloo\/wp-content\/uploads\/usu902\/2019\/06\/impr\u00e8s-matriculaci\u00f3.pdf\">Full de matriculaci\u00f3<\/a><\/li>\n<li><a href=\"https:\/\/agora.xtec.cat\/escolabaloo\/wp-content\/uploads\/usu902\/2019\/06\/Mandat-SEPA.pdf\">Sol.licitud d&#8217;ingr\u00e9s a l&#8217;AMPA<\/a><\/li>\n<li><a href=\"https:\/\/agora.xtec.cat\/escolabaloo\/wp-content\/uploads\/usu902\/2019\/06\/Carta-comprom\u00eds.pdf\">Carta de&hellip;  <a href=\"https:\/\/agora.xtec.cat\/escolabaloo\/preinscripcio-curs-2018-19\/\" title=\"Read MATRICULACI\u00d3 curs 2019-20\">Llegeix m\u00e9s\u00bb<\/a><br \/>\n","protected":false},"author":1,"featured_media":0,"parent":0,"menu_order":0,"comment_status":"closed","ping_status":"closed","template":"","meta":{"_bbp_topic_count":0,"_bbp_reply_count":0,"_bbp_total_topic_count":0,"_bbp_total_reply_count":0,"_bbp_voice_count":0,"_bbp_anonymous_reply_count":0,"_bbp_topic_count_hidden":0,"_bbp_reply_count_hidden":0,"_bbp_forum_subforum_count":0,"footnotes":""},"class_list":["post-8424","page","type-page","status-publish","hentry"],"post_mailing_queue_ids":[],"_links":{"self":[{"href":"https:\/\/agora.xtec.cat\/escolabaloo\/wp-json\/wp\/v2\/pages\/8424","targetHints":{"allow":["GET"]}}],"collection":[{"href":"https:\/\/agora.xtec.cat\/escolabaloo\/wp-json\/wp\/v2\/pages"}],"about":[{"href":"https:\/\/agora.xtec.cat\/escolabaloo\/wp-json\/wp\/v2\/types\/page"}],"author":[{"embeddable":true,"href":"https:\/\/agora.xtec.cat\/escolabaloo\/wp-json\/wp\/v2\/users\/1"}],"replies":[{"embeddable":true,"href":"https:\/\/agora.xtec.cat\/escolabaloo\/wp-json\/wp\/v2\/comments?post=8424"}],"version-history":[{"count":4,"href":"https:\/\/agora.xtec.cat\/escolabaloo\/wp-json\/wp\/v2\/pages\/8424\/revisions"}],"predecessor-version":[{"id":9997,"href":"https:\/\/agora.xtec.cat\/escolabaloo\/wp-json\/wp\/v2\/pages\/8424\/revisions\/9997"}],"wp:attachment":[{"href":"https:\/\/agora.xtec.cat\/escolabaloo\/wp-json\/wp\/v2\/media?parent=8424"}],"curies":[{"name":"wp","href":"https:\/\/api.w.org\/{rel}","templated":true}]}}