{"id":7741,"date":"2017-09-27T10:06:43","date_gmt":"2017-09-27T08:06:43","guid":{"rendered":"http:\/\/agora.xtec.cat\/escolabaloo\/?page_id=7741"},"modified":"2024-01-17T15:38:05","modified_gmt":"2024-01-17T14:38:05","slug":"comissio-escola-familia","status":"publish","type":"page","link":"https:\/\/agora.xtec.cat\/escolabaloo\/comissio-escola-familia\/","title":{"rendered":"Comissi\u00f3 escola  de familias"},"content":{"rendered":"<p>\u00c9s responsable\u00a0d&#8217;afavorir\u00a0i dinamitzar la participaci\u00f3 de totes les fam\u00edlies en el dia a dia de l&#8217;escola a trav\u00e9s d&#8217;activitats o xerrades per als pares, que es puguin realitzar a l&#8217;escola.<\/p>\n<p>mail: <a href=\"mailto:escolapares@escolabaloo.cat\">escolapares@escolabaloo.cat<\/a><\/p>\n<p><strong>Membres:<\/strong> Isolda Cabero, Irati i Mireia Valle<\/p>\n","protected":false},"excerpt":{"rendered":"<p>\u00c9s responsable\u00a0d&#8217;afavorir\u00a0i dinamitzar la participaci\u00f3 de totes les fam\u00edlies en el dia a dia de l&#8217;escola a trav\u00e9s d&#8217;activitats o xerrades per als pares, que es puguin realitzar a l&#8217;escola.<br \/>\nmail: <a href=\"mailto:escolapares@escolabaloo.cat\">escolapares@escolabaloo.cat<\/a><br \/>\nMembres: Isolda Cabero, Irati i Mireia Valle<\/p>\n","protected":false},"author":1,"featured_media":0,"parent":0,"menu_order":0,"comment_status":"closed","ping_status":"closed","template":"","meta":{"_bbp_topic_count":0,"_bbp_reply_count":0,"_bbp_total_topic_count":0,"_bbp_total_reply_count":0,"_bbp_voice_count":0,"_bbp_anonymous_reply_count":0,"_bbp_topic_count_hidden":0,"_bbp_reply_count_hidden":0,"_bbp_forum_subforum_count":0,"footnotes":""},"class_list":["post-7741","page","type-page","status-publish","hentry"],"post_mailing_queue_ids":[],"_links":{"self":[{"href":"https:\/\/agora.xtec.cat\/escolabaloo\/wp-json\/wp\/v2\/pages\/7741","targetHints":{"allow":["GET"]}}],"collection":[{"href":"https:\/\/agora.xtec.cat\/escolabaloo\/wp-json\/wp\/v2\/pages"}],"about":[{"href":"https:\/\/agora.xtec.cat\/escolabaloo\/wp-json\/wp\/v2\/types\/page"}],"author":[{"embeddable":true,"href":"https:\/\/agora.xtec.cat\/escolabaloo\/wp-json\/wp\/v2\/users\/1"}],"replies":[{"embeddable":true,"href":"https:\/\/agora.xtec.cat\/escolabaloo\/wp-json\/wp\/v2\/comments?post=7741"}],"version-history":[{"count":4,"href":"https:\/\/agora.xtec.cat\/escolabaloo\/wp-json\/wp\/v2\/pages\/7741\/revisions"}],"predecessor-version":[{"id":16052,"href":"https:\/\/agora.xtec.cat\/escolabaloo\/wp-json\/wp\/v2\/pages\/7741\/revisions\/16052"}],"wp:attachment":[{"href":"https:\/\/agora.xtec.cat\/escolabaloo\/wp-json\/wp\/v2\/media?parent=7741"}],"curies":[{"name":"wp","href":"https:\/\/api.w.org\/{rel}","templated":true}]}}