{"id":7735,"date":"2017-09-27T09:48:47","date_gmt":"2017-09-27T07:48:47","guid":{"rendered":"http:\/\/agora.xtec.cat\/escolabaloo\/?page_id=7735"},"modified":"2022-10-19T01:28:40","modified_gmt":"2022-10-18T23:28:40","slug":"comissio-extraescolars","status":"publish","type":"page","link":"https:\/\/agora.xtec.cat\/escolabaloo\/comissio-extraescolars\/","title":{"rendered":"Comissi\u00f3 extraescolars"},"content":{"rendered":"<p>\u00c9s la comissi\u00f3 encarregada d&#8217;organitzar aquelles activitats que es fan en horari extraescolar, ja sigui tant al llarg del curs com en per\u00edodes de jornada intensiva o de vacances.<\/p>\n<p>Gestiona i coordina els serveis d&#8217;acollida de mat\u00ed per a aquelles fam\u00edlies que n&#8217;han de fer \u00fas.<\/p>\n<p>Tamb\u00e9 s&#8217;encarrega del casal d&#8217;estiu que t\u00e9 lloc al mes de juliol.<\/p>\n<p>Aquest curs 2022-2023 les activitats extraescolars que organitzem des de l&#8217;AFA, com en els \u00faltims anys, estan organitzades per l&#8217;empresa <span class=\"hiddenSpellError\">Diver<\/span>&#8216;s les que fem a l&#8217;escola i pel Centre Esportiu Municipal Mundet la piscina.<\/p>\n<p>mail: <a href=\"mailto:extraescolarsampa@escolabaloo.cat\">extraescolarsampa@escolabaloo.cat<\/a><\/p>\n<p><strong>Membres:<\/strong> Nerea Palacios, Dami\u00e0 Serrano i Bego\u00f1a Mart\u00ednez<\/p>\n<p><a href=\"http:\/\/agora.xtec.cat\/escolabaloo\/serveis\/extraescolars\/\">Quines extraescolars oferim?<\/a><\/p>\n<p>&nbsp;<\/p>\n","protected":false},"excerpt":{"rendered":"<p>\u00c9s la comissi\u00f3 encarregada d&#8217;organitzar aquelles activitats que es fan en horari extraescolar, ja sigui tant al llarg del curs com en per\u00edodes de jornada intensiva o de vacances.<br \/>\nGestiona i coordina els serveis d&#8217;acollida de mat\u00ed per a aquelles fam\u00edlies que n&#8217;han de fer \u00fas.<br \/>\nTamb\u00e9&hellip;  <a href=\"https:\/\/agora.xtec.cat\/escolabaloo\/comissio-extraescolars\/\" title=\"Read Comissi\u00f3 extraescolars\">Llegeix m\u00e9s\u00bb<\/a><\/p>\n","protected":false},"author":1,"featured_media":0,"parent":0,"menu_order":0,"comment_status":"closed","ping_status":"closed","template":"","meta":{"_bbp_topic_count":0,"_bbp_reply_count":0,"_bbp_total_topic_count":0,"_bbp_total_reply_count":0,"_bbp_voice_count":0,"_bbp_anonymous_reply_count":0,"_bbp_topic_count_hidden":0,"_bbp_reply_count_hidden":0,"_bbp_forum_subforum_count":0,"footnotes":""},"class_list":["post-7735","page","type-page","status-publish","hentry"],"post_mailing_queue_ids":[],"_links":{"self":[{"href":"https:\/\/agora.xtec.cat\/escolabaloo\/wp-json\/wp\/v2\/pages\/7735","targetHints":{"allow":["GET"]}}],"collection":[{"href":"https:\/\/agora.xtec.cat\/escolabaloo\/wp-json\/wp\/v2\/pages"}],"about":[{"href":"https:\/\/agora.xtec.cat\/escolabaloo\/wp-json\/wp\/v2\/types\/page"}],"author":[{"embeddable":true,"href":"https:\/\/agora.xtec.cat\/escolabaloo\/wp-json\/wp\/v2\/users\/1"}],"replies":[{"embeddable":true,"href":"https:\/\/agora.xtec.cat\/escolabaloo\/wp-json\/wp\/v2\/comments?post=7735"}],"version-history":[{"count":3,"href":"https:\/\/agora.xtec.cat\/escolabaloo\/wp-json\/wp\/v2\/pages\/7735\/revisions"}],"predecessor-version":[{"id":11603,"href":"https:\/\/agora.xtec.cat\/escolabaloo\/wp-json\/wp\/v2\/pages\/7735\/revisions\/11603"}],"wp:attachment":[{"href":"https:\/\/agora.xtec.cat\/escolabaloo\/wp-json\/wp\/v2\/media?parent=7735"}],"curies":[{"name":"wp","href":"https:\/\/api.w.org\/{rel}","templated":true}]}}