{"id":77,"date":"2014-09-18T14:05:08","date_gmt":"2014-09-18T13:05:08","guid":{"rendered":"http:\/\/agora.xtec.cat\/escolabaloo\/?page_id=77"},"modified":"2022-10-03T23:43:21","modified_gmt":"2022-10-03T21:43:21","slug":"acollida","status":"publish","type":"page","link":"https:\/\/agora.xtec.cat\/escolabaloo\/serveis\/acollida\/","title":{"rendered":"Servei d&#8217;acollida matinal"},"content":{"rendered":"<p style=\"text-align: justify;\">Per tal de facilitar la conciliaci\u00f3 de la vida laboral amb els horaris escolars, l\u2019AFA posa a la vostra disposici\u00f3 el <strong>servei d&#8217;acollida matinal<\/strong> ( SAM ), des de 2\/4 de 8 fins a les 9:00 hores, durant tots els dies lectius.<\/p>\n<p style=\"text-align: justify;\">Aquest servei est\u00e0 pensat per a les fam\u00edlies que comencen a treballar molt d\u2019hora al mat\u00ed i necessiten que els nens i les nenes estiguin atesos mentre no comencen les classes, oferint un espai agradable i l\u00fadic. Tamb\u00e9 est\u00e0 pensat per a les fam\u00edlies que necessiten utilitzar aquest servei d\u2019una manera espor\u00e0dica i puntual.<\/p>\n<p style=\"text-align: justify;\">Les quotes dels serveis d&#8217;acollida s\u00f3n per utilitzaci\u00f3 del servei, independentment de l&#8217;estona que s&#8217;aprofiti.<\/p>\n<p style=\"text-align: justify;\">\n","protected":false},"excerpt":{"rendered":"<p>Per tal de facilitar la conciliaci\u00f3 de la vida laboral amb els horaris escolars, l\u2019AFA posa a la vostra disposici\u00f3 el servei d&#8217;acollida matinal ( SAM ), des de 2\/4 de 8 fins a les 9:00 hores, durant tots els dies lectius.<br \/>\nAquest servei est\u00e0 pensat&hellip;  <a href=\"https:\/\/agora.xtec.cat\/escolabaloo\/serveis\/acollida\/\" title=\"Read Servei d&#8217;acollida matinal\">Llegeix m\u00e9s\u00bb<\/a><\/p>\n","protected":false},"author":1,"featured_media":0,"parent":66,"menu_order":50,"comment_status":"closed","ping_status":"closed","template":"page-templates\/side-menu.php","meta":{"_bbp_topic_count":0,"_bbp_reply_count":0,"_bbp_total_topic_count":0,"_bbp_total_reply_count":0,"_bbp_voice_count":0,"_bbp_anonymous_reply_count":0,"_bbp_topic_count_hidden":0,"_bbp_reply_count_hidden":0,"_bbp_forum_subforum_count":0,"footnotes":""},"class_list":["post-77","page","type-page","status-publish","hentry"],"post_mailing_queue_ids":[],"_links":{"self":[{"href":"https:\/\/agora.xtec.cat\/escolabaloo\/wp-json\/wp\/v2\/pages\/77","targetHints":{"allow":["GET"]}}],"collection":[{"href":"https:\/\/agora.xtec.cat\/escolabaloo\/wp-json\/wp\/v2\/pages"}],"about":[{"href":"https:\/\/agora.xtec.cat\/escolabaloo\/wp-json\/wp\/v2\/types\/page"}],"author":[{"embeddable":true,"href":"https:\/\/agora.xtec.cat\/escolabaloo\/wp-json\/wp\/v2\/users\/1"}],"replies":[{"embeddable":true,"href":"https:\/\/agora.xtec.cat\/escolabaloo\/wp-json\/wp\/v2\/comments?post=77"}],"version-history":[{"count":3,"href":"https:\/\/agora.xtec.cat\/escolabaloo\/wp-json\/wp\/v2\/pages\/77\/revisions"}],"predecessor-version":[{"id":11593,"href":"https:\/\/agora.xtec.cat\/escolabaloo\/wp-json\/wp\/v2\/pages\/77\/revisions\/11593"}],"up":[{"embeddable":true,"href":"https:\/\/agora.xtec.cat\/escolabaloo\/wp-json\/wp\/v2\/pages\/66"}],"wp:attachment":[{"href":"https:\/\/agora.xtec.cat\/escolabaloo\/wp-json\/wp\/v2\/media?parent=77"}],"curies":[{"name":"wp","href":"https:\/\/api.w.org\/{rel}","templated":true}]}}