{"id":7587,"date":"2017-05-19T14:44:34","date_gmt":"2017-05-19T12:44:34","guid":{"rendered":"http:\/\/agora.xtec.cat\/escolabaloo\/?page_id=7587"},"modified":"2018-07-19T15:27:55","modified_gmt":"2018-07-19T13:27:55","slug":"50e-aniversari-escola-baloo","status":"publish","type":"page","link":"https:\/\/agora.xtec.cat\/escolabaloo\/50e-aniversari-escola-baloo\/","title":{"rendered":"50\u00e8 aniversari Escola Baloo"},"content":{"rendered":"<p><em><strong>3 de juliol de 2018<\/strong><\/em><\/p>\n<p>Divendres al vespre, l &#8216;escola es va omplir d&#8217;una gran quantitat de persones que van voler concentrar-se en motiu de la festa de cloenda dels actes de celebraci\u00f3 del nostre aniversari i compartir una bona vetllada de retrobaments, nost\u00e0lgia i diversi\u00f3\u00a0 entre companys, mestres i fam\u00edlies.<\/p>\n<p>Aqu\u00ed teniu un recull de les instant\u00e0nies recollides durant tota la vesprada.<\/p>\n<p><a href=\"https:\/\/drive.google.com\/drive\/folders\/1wqbW6MYP4uYwimywEdLTAbfqjq_RAfLe?usp=sharing\">29\/06\/2018. Festa 50\u00e8 aniversari\u00a0<\/a><\/p>\n<p><em><strong>18 de juny de 2018<\/strong><\/em><\/p>\n<p class=\"c6\"><span class=\"c8\">Per culminar els actes de celebraci\u00f3 del 50\u00e8 aniversari, no pots faltar a la festa del 29 de juny!<\/span><\/p>\n<p class=\"c6\"><strong><em>Us esperem!\u00a0<\/em><\/strong><\/p>\n<p><a href=\"http:\/\/agora.xtec.cat\/escolabaloo\/wp-content\/uploads\/usu902\/2017\/05\/festa-final.jpg\"><img loading=\"lazy\" decoding=\"async\" class=\"aligncenter wp-image-8876 \" src=\"http:\/\/agora.xtec.cat\/escolabaloo\/wp-content\/uploads\/usu902\/2017\/05\/festa-final-724x1024.jpg\" alt=\"\" width=\"488\" height=\"690\" srcset=\"https:\/\/agora.xtec.cat\/escolabaloo\/wp-content\/uploads\/usu902\/2017\/05\/festa-final-724x1024.jpg 724w, https:\/\/agora.xtec.cat\/escolabaloo\/wp-content\/uploads\/usu902\/2017\/05\/festa-final-212x300.jpg 212w, https:\/\/agora.xtec.cat\/escolabaloo\/wp-content\/uploads\/usu902\/2017\/05\/festa-final-768x1086.jpg 768w, https:\/\/agora.xtec.cat\/escolabaloo\/wp-content\/uploads\/usu902\/2017\/05\/festa-final.jpg 1131w\" sizes=\"auto, (max-width: 488px) 100vw, 488px\" \/><\/a><\/p>\n<p><em><strong>24 d&#8217;abril de 2018<\/strong><\/em><\/p>\n<p>El passat dia 24 d\u2019abril va celebrar-se l\u2019acte central de la celebraci\u00f3 del nostre 50\u00e8 Aniversari amb una nombrosa assist\u00e8ncia de persones vinculades a l\u2019escola al llarg d\u2019aquests cinc d\u00e8cades d&#8217;exist\u00e8ncia de la Baloo.<\/p>\n\r\n\t<div class=\"slideshow_container slideshow_container_style-light\" style=\"height: 550px; \" data-slideshow-id=\"8755\" data-style-name=\"style-light\" data-style-version=\"2.3.1\" >\r\n\r\n\t\t\t\t\t<div class=\"slideshow_loading_icon\"><\/div>\r\n\t\t\r\n\t\t<div class=\"slideshow_content\" style=\"display: none;\">\r\n\r\n\t\t\t<div class=\"slideshow_view\">\r\n\t\t\t\t<div class=\"slideshow_slide slideshow_slide_image\">\r\n\t\t\t\t\t\t\t\t\t\t\t<img src=\"https:\/\/agora.xtec.cat\/escolabaloo\/wp-content\/uploads\/usu902\/2018\/04\/IMG_0889.jpg\" alt=\"IMG_0889\" width=\"1600\" height=\"1200\" \/>\r\n\t\t\t\t\t\t\t\t\t\t<div class=\"slideshow_description_box slideshow_transparent\">\r\n\t\t\t\t\t\t<div class=\"slideshow_title\">IMG_0889<\/div>\t\t\t\t\t\t\t\t\t\t\t<\/div>\r\n\t\t\t\t<\/div>\r\n\r\n\t\t\t\t\t\t<div style=\"clear: both;\"><\/div><\/div><div class=\"slideshow_view\">\r\n\t\t\t\t<div class=\"slideshow_slide slideshow_slide_image\">\r\n\t\t\t\t\t\t\t\t\t\t\t<img src=\"https:\/\/agora.xtec.cat\/escolabaloo\/wp-content\/uploads\/usu902\/2018\/04\/IMG_0912.jpg\" alt=\"IMG_0912\" width=\"1600\" height=\"1200\" \/>\r\n\t\t\t\t\t\t\t\t\t\t<div class=\"slideshow_description_box slideshow_transparent\">\r\n\t\t\t\t\t\t<div class=\"slideshow_title\">IMG_0912<\/div>\t\t\t\t\t\t\t\t\t\t\t<\/div>\r\n\t\t\t\t<\/div>\r\n\r\n\t\t\t\t\t\t<div style=\"clear: both;\"><\/div><\/div><div class=\"slideshow_view\">\r\n\t\t\t\t<div class=\"slideshow_slide slideshow_slide_image\">\r\n\t\t\t\t\t\t\t\t\t\t\t<img src=\"https:\/\/agora.xtec.cat\/escolabaloo\/wp-content\/uploads\/usu902\/2018\/04\/IMG_0911.jpg\" alt=\"IMG_0911\" width=\"1600\" height=\"1200\" \/>\r\n\t\t\t\t\t\t\t\t\t\t<div class=\"slideshow_description_box slideshow_transparent\">\r\n\t\t\t\t\t\t<div class=\"slideshow_title\">IMG_0911<\/div>\t\t\t\t\t\t\t\t\t\t\t<\/div>\r\n\t\t\t\t<\/div>\r\n\r\n\t\t\t\t\t\t<div style=\"clear: both;\"><\/div><\/div><div class=\"slideshow_view\">\r\n\t\t\t\t<div class=\"slideshow_slide slideshow_slide_image\">\r\n\t\t\t\t\t\t\t\t\t\t\t<img src=\"https:\/\/agora.xtec.cat\/escolabaloo\/wp-content\/uploads\/usu902\/2018\/04\/IMG_0997.jpg\" alt=\"IMG_0997\" width=\"1600\" height=\"1200\" \/>\r\n\t\t\t\t\t\t\t\t\t\t<div class=\"slideshow_description_box slideshow_transparent\">\r\n\t\t\t\t\t\t<div class=\"slideshow_title\">IMG_0997<\/div>\t\t\t\t\t\t\t\t\t\t\t<\/div>\r\n\t\t\t\t<\/div>\r\n\r\n\t\t\t\t\t\t<div style=\"clear: both;\"><\/div><\/div><div class=\"slideshow_view\">\r\n\t\t\t\t<div class=\"slideshow_slide slideshow_slide_image\">\r\n\t\t\t\t\t\t\t\t\t\t\t<img src=\"https:\/\/agora.xtec.cat\/escolabaloo\/wp-content\/uploads\/usu902\/2018\/04\/IMG_0986.jpg\" alt=\"IMG_0986\" width=\"1600\" height=\"1200\" \/>\r\n\t\t\t\t\t\t\t\t\t\t<div class=\"slideshow_description_box slideshow_transparent\">\r\n\t\t\t\t\t\t<div class=\"slideshow_title\">IMG_0986<\/div>\t\t\t\t\t\t\t\t\t\t\t<\/div>\r\n\t\t\t\t<\/div>\r\n\r\n\t\t\t\t\t\t<div style=\"clear: both;\"><\/div><\/div><div class=\"slideshow_view\">\r\n\t\t\t\t<div class=\"slideshow_slide slideshow_slide_image\">\r\n\t\t\t\t\t\t\t\t\t\t\t<img src=\"https:\/\/agora.xtec.cat\/escolabaloo\/wp-content\/uploads\/usu902\/2018\/04\/IMG_0979.jpg\" alt=\"IMG_0979\" width=\"1600\" height=\"1200\" \/>\r\n\t\t\t\t\t\t\t\t\t\t<div class=\"slideshow_description_box slideshow_transparent\">\r\n\t\t\t\t\t\t<div class=\"slideshow_title\">IMG_0979<\/div>\t\t\t\t\t\t\t\t\t\t\t<\/div>\r\n\t\t\t\t<\/div>\r\n\r\n\t\t\t\t\t\t<div style=\"clear: both;\"><\/div><\/div><div class=\"slideshow_view\">\r\n\t\t\t\t<div class=\"slideshow_slide slideshow_slide_image\">\r\n\t\t\t\t\t\t\t\t\t\t\t<img src=\"https:\/\/agora.xtec.cat\/escolabaloo\/wp-content\/uploads\/usu902\/2018\/04\/IMG_0989.jpg\" alt=\"IMG_0989\" width=\"1600\" height=\"1200\" \/>\r\n\t\t\t\t\t\t\t\t\t\t<div class=\"slideshow_description_box slideshow_transparent\">\r\n\t\t\t\t\t\t<div class=\"slideshow_title\">IMG_0989<\/div>\t\t\t\t\t\t\t\t\t\t\t<\/div>\r\n\t\t\t\t<\/div>\r\n\r\n\t\t\t\t\t\t<div style=\"clear: both;\"><\/div><\/div><div class=\"slideshow_view\">\r\n\t\t\t\t<div class=\"slideshow_slide slideshow_slide_image\">\r\n\t\t\t\t\t\t\t\t\t\t\t<img src=\"https:\/\/agora.xtec.cat\/escolabaloo\/wp-content\/uploads\/usu902\/2018\/04\/IMG_1001.jpg\" alt=\"IMG_1001\" width=\"1600\" height=\"1200\" \/>\r\n\t\t\t\t\t\t\t\t\t\t<div class=\"slideshow_description_box slideshow_transparent\">\r\n\t\t\t\t\t\t<div class=\"slideshow_title\">IMG_1001<\/div>\t\t\t\t\t\t\t\t\t\t\t<\/div>\r\n\t\t\t\t<\/div>\r\n\r\n\t\t\t\t\t\t<div style=\"clear: both;\"><\/div><\/div>\r\n\t\t<\/div>\r\n\r\n\t\t<div class=\"slideshow_controlPanel slideshow_transparent\" style=\"display: none;\"><ul><li class=\"slideshow_togglePlay\" data-play-text=\"Visualitza\" data-pause-text=\"Pausa\"><\/li><\/ul><\/div>\r\n\r\n\t\t<div class=\"slideshow_button slideshow_previous slideshow_transparent\" role=\"button\" data-previous-text=\"Anterior\" style=\"display: none;\"><\/div>\r\n\t\t<div class=\"slideshow_button slideshow_next slideshow_transparent\" role=\"button\" data-next-text=\"Seg\u00fcent\" style=\"display: none;\"><\/div>\r\n\r\n\t\t<div class=\"slideshow_pagination\" style=\"display: none;\" data-go-to-text=\"V\u00e9s a la diapositiva\"><div class=\"slideshow_pagination_center\"><\/div><\/div>\r\n\r\n\t\t<!-- WordPress Slideshow Version 2.3.1 -->\r\n\r\n\t\t\t<\/div>\r\n\r\n\n<p><em><strong>23 d&#8217;abril de 2018<br \/>\n<\/strong><\/em>Inauguraci\u00f3 del nostre Himne.<br \/>\nCom a cloenda de la celebraci\u00f3 de Sant Jordi a l&#8217;escola, els alumnes de 4t han interpretat per primera vegada el que ser\u00e0 l&#8217;himne de la nostra escola. Aqu\u00ed el podeu escoltar.<\/p>\n<p><a href=\"https:\/\/soundcloud.com\/escolabaloo\/himne-baloo-lletra\"><img loading=\"lazy\" decoding=\"async\" class=\"aligncenter wp-image-8673 size-medium\" src=\"http:\/\/agora.xtec.cat\/escolabaloo\/wp-content\/uploads\/usu902\/2018\/04\/CONCERT-300x204.jpg\" alt=\"\" width=\"300\" height=\"204\" srcset=\"https:\/\/agora.xtec.cat\/escolabaloo\/wp-content\/uploads\/usu902\/2018\/04\/CONCERT-300x204.jpg 300w, https:\/\/agora.xtec.cat\/escolabaloo\/wp-content\/uploads\/usu902\/2018\/04\/CONCERT.jpg 640w\" sizes=\"auto, (max-width: 300px) 100vw, 300px\" \/><\/a><\/p>\n<p><em><strong>8 de gener de 2018<\/strong><\/em><strong><br \/>\n<\/strong>Aqu\u00ed trobareu les sis gravacions que retren homenatge a l&#8217;Escola en motiu del seu 50\u00e8 Aniversari.\u00a0<a class=\"twitter-hashtag pretty-link js-nav\" dir=\"ltr\" href=\"https:\/\/twitter.com\/hashtag\/Fentbaloo?src=hash\" data-query-source=\"hashtag_click\"><s>#<\/s>Fentbaloo<\/a><em><strong><br \/>\n<\/strong><\/em><\/p>\n<p><iframe loading=\"lazy\" title=\"#fentbaloo - L&#039;educaci\u00f3 integral dels infants -\" width=\"500\" height=\"281\" src=\"https:\/\/www.youtube.com\/embed\/S1a6_OqIaOI?list=PLxsR8mXv3Zl43rTPXX0EI7I_R5RPBaxR9\" frameborder=\"0\" allow=\"accelerometer; autoplay; clipboard-write; encrypted-media; gyroscope; picture-in-picture; web-share\" referrerpolicy=\"strict-origin-when-cross-origin\" allowfullscreen><\/iframe><\/p>\n<p><em><strong>20 de desembre 2017<br \/>\n<a href=\"http:\/\/agora.xtec.cat\/escolabaloo\/wp-content\/uploads\/usu902\/2017\/12\/50felicitacio.png\"><img loading=\"lazy\" decoding=\"async\" class=\"size-medium wp-image-8141 aligncenter\" src=\"http:\/\/agora.xtec.cat\/escolabaloo\/wp-content\/uploads\/usu902\/2017\/12\/50felicitacio-212x300.png\" alt=\"\" width=\"212\" height=\"300\" srcset=\"https:\/\/agora.xtec.cat\/escolabaloo\/wp-content\/uploads\/usu902\/2017\/12\/50felicitacio-212x300.png 212w, https:\/\/agora.xtec.cat\/escolabaloo\/wp-content\/uploads\/usu902\/2017\/12\/50felicitacio.png 453w\" sizes=\"auto, (max-width: 212px) 100vw, 212px\" \/><\/a><br \/>\n<\/strong><\/em><\/p>\n<p>&nbsp;<\/p>\n<p><em><strong>13 novembre 2017<\/strong><\/em><\/p>\n<p>Avui uns t\u00e8cnics d&#8217;una empresa de treballs verticals han instal\u00b7lat la lona a la fa\u00e7ana frontal de l\u00b4Escola. Mireu que b\u00e9 que es veu<\/p>\n\r\n\t<div class=\"slideshow_container slideshow_container_style-light\" style=\"height: 500px; \" data-slideshow-id=\"8289\" data-style-name=\"style-light\" data-style-version=\"2.3.1\" >\r\n\r\n\t\t\t\t\t<div class=\"slideshow_loading_icon\"><\/div>\r\n\t\t\r\n\t\t<div class=\"slideshow_content\" style=\"display: none;\">\r\n\r\n\t\t\t<div class=\"slideshow_view\">\r\n\t\t\t\t<div class=\"slideshow_slide slideshow_slide_image\">\r\n\t\t\t\t\t\t\t\t\t\t\t<img src=\"https:\/\/agora.xtec.cat\/escolabaloo\/wp-content\/uploads\/usu902\/2017\/11\/IMG_0845-e1510585388173.jpg\" alt=\"IMG_0845\" width=\"2448\" height=\"3263\" \/>\r\n\t\t\t\t\t\t\t\t\t\t<div class=\"slideshow_description_box slideshow_transparent\">\r\n\t\t\t\t\t\t\t\t\t\t\t\t\t\t\t\t\t<\/div>\r\n\t\t\t\t<\/div>\r\n\r\n\t\t\t\t\t\t<div style=\"clear: both;\"><\/div><\/div><div class=\"slideshow_view\">\r\n\t\t\t\t<div class=\"slideshow_slide slideshow_slide_image\">\r\n\t\t\t\t\t\t\t\t\t\t\t<img src=\"https:\/\/agora.xtec.cat\/escolabaloo\/wp-content\/uploads\/usu902\/2017\/11\/IMG_0849.jpg\" alt=\"IMG_0849\" width=\"2448\" height=\"2448\" \/>\r\n\t\t\t\t\t\t\t\t\t\t<div class=\"slideshow_description_box slideshow_transparent\">\r\n\t\t\t\t\t\t\t\t\t\t\t\t\t\t\t\t\t<\/div>\r\n\t\t\t\t<\/div>\r\n\r\n\t\t\t\t\t\t<div style=\"clear: both;\"><\/div><\/div><div class=\"slideshow_view\">\r\n\t\t\t\t<div class=\"slideshow_slide slideshow_slide_image\">\r\n\t\t\t\t\t\t\t\t\t\t\t<img src=\"https:\/\/agora.xtec.cat\/escolabaloo\/wp-content\/uploads\/usu902\/2017\/09\/Fent-Baloo-Cartellweb.png\" alt=\"Fent Baloo Cartellweb\" width=\"453\" height=\"640\" \/>\r\n\t\t\t\t\t\t\t\t\t\t<div class=\"slideshow_description_box slideshow_transparent\">\r\n\t\t\t\t\t\t\t\t\t\t\t\t\t\t\t\t\t<\/div>\r\n\t\t\t\t<\/div>\r\n\r\n\t\t\t\t\t\t<div style=\"clear: both;\"><\/div><\/div>\r\n\t\t<\/div>\r\n\r\n\t\t<div class=\"slideshow_controlPanel slideshow_transparent\" style=\"display: none;\"><ul><li class=\"slideshow_togglePlay\" data-play-text=\"Visualitza\" data-pause-text=\"Pausa\"><\/li><\/ul><\/div>\r\n\r\n\t\t<div class=\"slideshow_button slideshow_previous slideshow_transparent\" role=\"button\" data-previous-text=\"Anterior\" style=\"display: none;\"><\/div>\r\n\t\t<div class=\"slideshow_button slideshow_next slideshow_transparent\" role=\"button\" data-next-text=\"Seg\u00fcent\" style=\"display: none;\"><\/div>\r\n\r\n\t\t<div class=\"slideshow_pagination\" style=\"display: none;\" data-go-to-text=\"V\u00e9s a la diapositiva\"><div class=\"slideshow_pagination_center\"><\/div><\/div>\r\n\r\n\t\t<!-- WordPress Slideshow Version 2.3.1 -->\r\n\r\n\t\t\t<\/div>\r\n\r\n\n<p><strong><em>27 octubre 2017<br \/>\n<\/em><\/strong>Xerrada:\u00a0<a href=\"http:\/\/agora.xtec.cat\/escolabaloo\/wp-content\/uploads\/usu902\/2017\/11\/Compartir-o-CompetirBaloo.pdf\" target=\"_blank\" rel=\"noopener noreferrer\">Compartir o Competir\u00a0per Joan Subirats<br \/>\n<\/a>l&#8217;Escola de Pares i Mares de l&#8217;AMPA-Baloo organitza la xerrada &#8220;Competir o<span class=\"text_exposed_show\">\u00a0compartir?&#8221;, a c\u00e0rrec de Joan Subirats, com a tret de sortida dels actes de celebraci\u00f3 dels 50 anys de la nostra escola.<\/span><\/p>\n<div class=\"text_exposed_show\">\n<p>Joan Subirats \u00e9s Catedr\u00e0tic de Ci\u00e8ncia Pol\u00edtica de la Universitat Aut\u00f2noma de Barcelona. Ha publicat llibres i art\u00edcles sobre governan\u00e7a, gesti\u00f3 p\u00fablica i an\u00e0lisi de pol\u00edtiques p\u00fabliques, aix\u00ed com en problemes d\u2019innovaci\u00f3 democr\u00e0tica. Col\u00b7labora habitualment en diferents mitjans de comunicaci\u00f3n com El Pais, El Peri\u00f3dico, Naci\u00f3 Digital o Catalunya Radio.<\/p>\n<\/div>\n<p style=\"text-align: justify;\">\r\n\t<div class=\"slideshow_container slideshow_container_style-light\" style=\"height: 500px; \" data-slideshow-id=\"7897\" data-style-name=\"style-light\" data-style-version=\"2.3.1\" >\r\n\r\n\t\t\t\t\t<div class=\"slideshow_loading_icon\"><\/div>\r\n\t\t\r\n\t\t<div class=\"slideshow_content\" style=\"display: none;\">\r\n\r\n\t\t\t<div class=\"slideshow_view\">\r\n\t\t\t\t<div class=\"slideshow_slide slideshow_slide_image\">\r\n\t\t\t\t\t\t\t\t\t\t\t<img src=\"https:\/\/agora.xtec.cat\/escolabaloo\/wp-content\/uploads\/usu902\/2017\/11\/IMG_20171027_180849.jpg\" alt=\"IMG_20171027_180849\" width=\"2560\" height=\"1920\" \/>\r\n\t\t\t\t\t\t\t\t\t\t<div class=\"slideshow_description_box slideshow_transparent\">\r\n\t\t\t\t\t\t\t\t\t\t\t\t\t\t\t\t\t<\/div>\r\n\t\t\t\t<\/div>\r\n\r\n\t\t\t\t\t\t<div style=\"clear: both;\"><\/div><\/div><div class=\"slideshow_view\">\r\n\t\t\t\t<div class=\"slideshow_slide slideshow_slide_image\">\r\n\t\t\t\t\t\t\t\t\t\t\t<img src=\"https:\/\/agora.xtec.cat\/escolabaloo\/wp-content\/uploads\/usu902\/2017\/11\/IMG_20171027_171014.jpg\" alt=\"IMG_20171027_171014\" width=\"2560\" height=\"1920\" \/>\r\n\t\t\t\t\t\t\t\t\t\t<div class=\"slideshow_description_box slideshow_transparent\">\r\n\t\t\t\t\t\t\t\t\t\t\t\t\t\t\t\t\t<\/div>\r\n\t\t\t\t<\/div>\r\n\r\n\t\t\t\t\t\t<div style=\"clear: both;\"><\/div><\/div><div class=\"slideshow_view\">\r\n\t\t\t\t<div class=\"slideshow_slide slideshow_slide_image\">\r\n\t\t\t\t\t\t\t\t\t\t\t<img src=\"https:\/\/agora.xtec.cat\/escolabaloo\/wp-content\/uploads\/usu902\/2017\/11\/IMG_20171027_171021.jpg\" alt=\"IMG_20171027_171021\" width=\"2560\" height=\"1920\" \/>\r\n\t\t\t\t\t\t\t\t\t\t<div class=\"slideshow_description_box slideshow_transparent\">\r\n\t\t\t\t\t\t\t\t\t\t\t\t\t\t\t\t\t<\/div>\r\n\t\t\t\t<\/div>\r\n\r\n\t\t\t\t\t\t<div style=\"clear: both;\"><\/div><\/div>\r\n\t\t<\/div>\r\n\r\n\t\t<div class=\"slideshow_controlPanel slideshow_transparent\" style=\"display: none;\"><ul><li class=\"slideshow_togglePlay\" data-play-text=\"Visualitza\" data-pause-text=\"Pausa\"><\/li><\/ul><\/div>\r\n\r\n\t\t<div class=\"slideshow_button slideshow_previous slideshow_transparent\" role=\"button\" data-previous-text=\"Anterior\" style=\"display: none;\"><\/div>\r\n\t\t<div class=\"slideshow_button slideshow_next slideshow_transparent\" role=\"button\" data-next-text=\"Seg\u00fcent\" style=\"display: none;\"><\/div>\r\n\r\n\t\t<div class=\"slideshow_pagination\" style=\"display: none;\" data-go-to-text=\"V\u00e9s a la diapositiva\"><div class=\"slideshow_pagination_center\"><\/div><\/div>\r\n\r\n\t\t<!-- WordPress Slideshow Version 2.3.1 -->\r\n\r\n\t\t\t<\/div>\r\n\r\n<\/p>\n<p style=\"text-align: justify;\"><strong><em>Setembre 2017<\/em><\/strong><\/p>\n<p style=\"text-align: justify;\"><iframe loading=\"lazy\" src=\"\/\/www.youtube.com\/embed\/Cgti-SaPZa8\" width=\"560\" height=\"314\" allowfullscreen=\"allowfullscreen\"><\/iframe><\/p>\n<p>&nbsp;<\/p>\n<p>&nbsp;<\/p>\n","protected":false},"excerpt":{"rendered":"<p>3 de juliol de 2018<br \/>\nDivendres al vespre, l &#8216;escola es va omplir d&#8217;una gran quantitat de persones que van voler concentrar-se en motiu de la festa de cloenda dels actes de celebraci\u00f3 del nostre aniversari i compartir una bona vetllada de retrobaments, nost\u00e0lgia i diversi\u00f3\u00a0&hellip;  <a href=\"https:\/\/agora.xtec.cat\/escolabaloo\/50e-aniversari-escola-baloo\/\" title=\"Read 50\u00e8 aniversari Escola Baloo\">Llegeix m\u00e9s\u00bb<\/a><\/p>\n","protected":false},"author":1,"featured_media":0,"parent":0,"menu_order":0,"comment_status":"closed","ping_status":"closed","template":"","meta":{"_bbp_topic_count":0,"_bbp_reply_count":0,"_bbp_total_topic_count":0,"_bbp_total_reply_count":0,"_bbp_voice_count":0,"_bbp_anonymous_reply_count":0,"_bbp_topic_count_hidden":0,"_bbp_reply_count_hidden":0,"_bbp_forum_subforum_count":0,"footnotes":""},"class_list":["post-7587","page","type-page","status-publish","hentry"],"post_mailing_queue_ids":[],"_links":{"self":[{"href":"https:\/\/agora.xtec.cat\/escolabaloo\/wp-json\/wp\/v2\/pages\/7587","targetHints":{"allow":["GET"]}}],"collection":[{"href":"https:\/\/agora.xtec.cat\/escolabaloo\/wp-json\/wp\/v2\/pages"}],"about":[{"href":"https:\/\/agora.xtec.cat\/escolabaloo\/wp-json\/wp\/v2\/types\/page"}],"author":[{"embeddable":true,"href":"https:\/\/agora.xtec.cat\/escolabaloo\/wp-json\/wp\/v2\/users\/1"}],"replies":[{"embeddable":true,"href":"https:\/\/agora.xtec.cat\/escolabaloo\/wp-json\/wp\/v2\/comments?post=7587"}],"version-history":[{"count":3,"href":"https:\/\/agora.xtec.cat\/escolabaloo\/wp-json\/wp\/v2\/pages\/7587\/revisions"}],"predecessor-version":[{"id":8940,"href":"https:\/\/agora.xtec.cat\/escolabaloo\/wp-json\/wp\/v2\/pages\/7587\/revisions\/8940"}],"wp:attachment":[{"href":"https:\/\/agora.xtec.cat\/escolabaloo\/wp-json\/wp\/v2\/media?parent=7587"}],"curies":[{"name":"wp","href":"https:\/\/api.w.org\/{rel}","templated":true}]}}