{"id":73,"date":"2014-09-18T14:01:51","date_gmt":"2014-09-18T13:01:51","guid":{"rendered":"http:\/\/agora.xtec.cat\/escolabaloo\/?page_id=73"},"modified":"2024-02-02T18:14:54","modified_gmt":"2024-02-02T17:14:54","slug":"menjador-escolar","status":"publish","type":"page","link":"https:\/\/agora.xtec.cat\/escolabaloo\/serveis\/menjador-escolar\/","title":{"rendered":"Servei de migdia"},"content":{"rendered":"<p><a href=\"http:\/\/agora.xtec.cat\/escolabaloo\/wp-content\/uploads\/usu902\/2014\/09\/Logo-Menjador.bmp\">\u00a0\u00a0\u00a0\u00a0\u00a0\u00a0\u00a0\u00a0\u00a0\u00a0\u00a0\u00a0\u00a0\u00a0\u00a0\u00a0\u00a0\u00a0\u00a0\u00a0\u00a0\u00a0\u00a0\u00a0\u00a0 <\/a><\/p>\n<p><a href=\"http:\/\/agora.xtec.cat\/escolabaloo\/wp-content\/uploads\/usu902\/2014\/09\/Logo-Menjador.bmp\"><img loading=\"lazy\" decoding=\"async\" class=\" wp-image-6161 alignright\" src=\"http:\/\/agora.xtec.cat\/escolabaloo\/wp-content\/uploads\/usu902\/2014\/09\/Logo-Menjador.bmp\" alt=\"Logo Menjador\" width=\"119\" height=\"137\" \/><\/a><\/p>\n<p>&nbsp;<\/p>\n<p>&nbsp;<\/p>\n<p>&nbsp;<\/p>\n<p>&nbsp;<\/p>\n<p><strong>OBJECTIUS GENERALS DEL SERVEI DE MIGDIA<\/strong><\/p>\n<p><em>\u00c0REA DE DIET\u00c8TICA I NUTRICI\u00d3<\/em><\/p>\n<ul style=\"list-style-type: disc;\">\n<li>Donar a con\u00e8ixer quins h\u00e0bits alimentaris treballarem<\/li>\n<li>Transmetre\u2019ls la necessitat que tenim dels aliments per cr\u00e9ixer i viure<\/li>\n<li>Donar a con\u00e8ixer als infants els diferents aliments que ingereixen i la seva proced\u00e8ncia i or\u00edgens<\/li>\n<li>Transmetre als infants la curiositat pel tast de nous aliments.<\/li>\n<\/ul>\n<p>\u00c0REA DE SOCIALITZACI\u00d3<\/p>\n<ul>\n<li>Donar pautes per obtenir unes bones relacions amb els seus iguals dins el menjador<\/li>\n<li>Promocionar la col\u00b7laboraci\u00f3 i participaci\u00f3 en la quotidianitat del servei de menjador<\/li>\n<li>Fomentar els bons h\u00e0bits d\u2019higiene personal relacionats amb el consum d\u2019aliments<\/li>\n<li>Crear un ambient propici per al gaudi d\u2019una conversa de taula amb els companys<\/li>\n<\/ul>\n<p>\u00c0REA DE LLEURE I OCI<\/p>\n<ul>\n<li>Promoure activitats i din\u00e0miques que potenci\u00efn i estimulin l\u2019assoliment dels h\u00e0bits alimentaris , higi\u00e8nics i socials<\/li>\n<\/ul>\n<p><a href=\"http:\/\/agora.xtec.cat\/escolabaloo\/wp-content\/uploads\/usu902\/2014\/09\/Baloo-revista-1r-trimestre.pdf\" target=\"_blank\" rel=\"noopener noreferrer\">\u00a0 \u00a0\u00a0<\/a><a href=\"http:\/\/7itria.cat\/index.php\/descarregues42\/finish\/3-revista-7-i-tria\/66-2n-trimestre-2016-2017\/0.html\" target=\"_blank\" rel=\"noopener noreferrer\">\u00a0\u00a0\u00a0\u00a0\u00a0\u00a0<\/a><\/p>\n<p>&nbsp;<\/p>\n","protected":false},"excerpt":{"rendered":"<p><a href=\"http:\/\/agora.xtec.cat\/escolabaloo\/wp-content\/uploads\/usu902\/2014\/09\/Logo-Menjador.bmp\">\u00a0\u00a0\u00a0\u00a0\u00a0\u00a0\u00a0\u00a0\u00a0\u00a0\u00a0\u00a0\u00a0\u00a0\u00a0\u00a0\u00a0\u00a0\u00a0\u00a0\u00a0\u00a0\u00a0\u00a0\u00a0 <\/a><br \/>\n<a href=\"http:\/\/agora.xtec.cat\/escolabaloo\/wp-content\/uploads\/usu902\/2014\/09\/Logo-Menjador.bmp\"><\/a><br \/>\n&nbsp;<br \/>\n&nbsp;<br \/>\n&nbsp;<br \/>\n&nbsp;<br \/>\nOBJECTIUS GENERALS DEL SERVEI DE MIGDIA<br \/>\n\u00c0REA DE DIET\u00c8TICA I NUTRICI\u00d3<\/p>\n<ul style=\"list-style-type: disc;\">\n<li>Donar a con\u00e8ixer quins h\u00e0bits alimentaris treballarem<\/li>\n<li>Transmetre\u2019ls la necessitat que tenim dels aliments per cr\u00e9ixer i viure<\/li>\n<li>Donar a con\u00e8ixer als infants els diferents aliments que ingereixen i la seva proced\u00e8ncia i&hellip;  <a href=\"https:\/\/agora.xtec.cat\/escolabaloo\/serveis\/menjador-escolar\/\" title=\"Read Servei de migdia\">Llegeix m\u00e9s\u00bb<\/a><br \/>\n","protected":false},"author":1,"featured_media":0,"parent":66,"menu_order":30,"comment_status":"closed","ping_status":"closed","template":"page-templates\/side-menu.php","meta":{"_bbp_topic_count":0,"_bbp_reply_count":0,"_bbp_total_topic_count":0,"_bbp_total_reply_count":0,"_bbp_voice_count":0,"_bbp_anonymous_reply_count":0,"_bbp_topic_count_hidden":0,"_bbp_reply_count_hidden":0,"_bbp_forum_subforum_count":0,"footnotes":""},"class_list":["post-73","page","type-page","status-publish","hentry"],"post_mailing_queue_ids":[],"_links":{"self":[{"href":"https:\/\/agora.xtec.cat\/escolabaloo\/wp-json\/wp\/v2\/pages\/73","targetHints":{"allow":["GET"]}}],"collection":[{"href":"https:\/\/agora.xtec.cat\/escolabaloo\/wp-json\/wp\/v2\/pages"}],"about":[{"href":"https:\/\/agora.xtec.cat\/escolabaloo\/wp-json\/wp\/v2\/types\/page"}],"author":[{"embeddable":true,"href":"https:\/\/agora.xtec.cat\/escolabaloo\/wp-json\/wp\/v2\/users\/1"}],"replies":[{"embeddable":true,"href":"https:\/\/agora.xtec.cat\/escolabaloo\/wp-json\/wp\/v2\/comments?post=73"}],"version-history":[{"count":6,"href":"https:\/\/agora.xtec.cat\/escolabaloo\/wp-json\/wp\/v2\/pages\/73\/revisions"}],"predecessor-version":[{"id":16137,"href":"https:\/\/agora.xtec.cat\/escolabaloo\/wp-json\/wp\/v2\/pages\/73\/revisions\/16137"}],"up":[{"embeddable":true,"href":"https:\/\/agora.xtec.cat\/escolabaloo\/wp-json\/wp\/v2\/pages\/66"}],"wp:attachment":[{"href":"https:\/\/agora.xtec.cat\/escolabaloo\/wp-json\/wp\/v2\/media?parent=73"}],"curies":[{"name":"wp","href":"https:\/\/api.w.org\/{rel}","templated":true}]}}