{"id":6650,"date":"2016-11-19T16:52:36","date_gmt":"2016-11-19T15:52:36","guid":{"rendered":"http:\/\/agora.xtec.cat\/escolabaloo\/?page_id=6650"},"modified":"2024-02-15T16:29:49","modified_gmt":"2024-02-15T15:29:49","slug":"lhort","status":"publish","type":"page","link":"https:\/\/agora.xtec.cat\/escolabaloo\/lescola\/projectes-de-lescola\/lhort\/","title":{"rendered":"L\u00b4hort"},"content":{"rendered":"\r\n\t<div class=\"slideshow_container slideshow_container_style-light\" style=\"height: 500px; \" data-slideshow-id=\"6702\" data-style-name=\"style-light\" data-style-version=\"2.3.1\" >\r\n\r\n\t\t\t\t\t<div class=\"slideshow_loading_icon\"><\/div>\r\n\t\t\r\n\t\t<div class=\"slideshow_content\" style=\"display: none;\">\r\n\r\n\t\t\t<div class=\"slideshow_view\">\r\n\t\t\t\t<div class=\"slideshow_slide slideshow_slide_image\">\r\n\t\t\t\t\t\t\t\t\t\t\t<img src=\"https:\/\/agora.xtec.cat\/escolabaloo\/wp-content\/uploads\/usu902\/2017\/11\/img-hort-web.jpg\" alt=\"img hort web\" width=\"640\" height=\"480\" \/>\r\n\t\t\t\t\t\t\t\t\t\t<div class=\"slideshow_description_box slideshow_transparent\">\r\n\t\t\t\t\t\t\t\t\t\t\t\t\t\t\t\t\t<\/div>\r\n\t\t\t\t<\/div>\r\n\r\n\t\t\t\t\t\t<div style=\"clear: both;\"><\/div><\/div><div class=\"slideshow_view\">\r\n\t\t\t\t<div class=\"slideshow_slide slideshow_slide_image\">\r\n\t\t\t\t\t\t\t\t\t\t\t<img src=\"https:\/\/agora.xtec.cat\/escolabaloo\/wp-content\/uploads\/usu902\/2016\/12\/P1000124.jpg\" alt=\"p1000124\" width=\"1843\" height=\"1382\" \/>\r\n\t\t\t\t\t\t\t\t\t\t<div class=\"slideshow_description_box slideshow_transparent\">\r\n\t\t\t\t\t\t\t\t\t\t\t\t\t\t\t\t\t<\/div>\r\n\t\t\t\t<\/div>\r\n\r\n\t\t\t\t\t\t<div style=\"clear: both;\"><\/div><\/div><div class=\"slideshow_view\">\r\n\t\t\t\t<div class=\"slideshow_slide slideshow_slide_image\">\r\n\t\t\t\t\t\t\t\t\t\t\t<img src=\"https:\/\/agora.xtec.cat\/escolabaloo\/wp-content\/uploads\/usu902\/2016\/12\/P1000110.jpg\" alt=\"p1000110\" width=\"1843\" height=\"1382\" \/>\r\n\t\t\t\t\t\t\t\t\t\t<div class=\"slideshow_description_box slideshow_transparent\">\r\n\t\t\t\t\t\t\t\t\t\t\t\t\t\t\t\t\t<\/div>\r\n\t\t\t\t<\/div>\r\n\r\n\t\t\t\t\t\t<div style=\"clear: both;\"><\/div><\/div><div class=\"slideshow_view\">\r\n\t\t\t\t<div class=\"slideshow_slide slideshow_slide_image\">\r\n\t\t\t\t\t\t\t\t\t\t\t<img src=\"https:\/\/agora.xtec.cat\/escolabaloo\/wp-content\/uploads\/usu902\/2016\/12\/P1000004.jpg\" alt=\"p1000004\" width=\"1843\" height=\"1382\" \/>\r\n\t\t\t\t\t\t\t\t\t\t<div class=\"slideshow_description_box slideshow_transparent\">\r\n\t\t\t\t\t\t\t\t\t\t\t\t\t\t\t\t\t<\/div>\r\n\t\t\t\t<\/div>\r\n\r\n\t\t\t\t\t\t<div style=\"clear: both;\"><\/div><\/div>\r\n\t\t<\/div>\r\n\r\n\t\t<div class=\"slideshow_controlPanel slideshow_transparent\" style=\"display: none;\"><ul><li class=\"slideshow_togglePlay\" data-play-text=\"Visualitza\" data-pause-text=\"Pausa\"><\/li><\/ul><\/div>\r\n\r\n\t\t<div class=\"slideshow_button slideshow_previous slideshow_transparent\" role=\"button\" data-previous-text=\"Anterior\" style=\"display: none;\"><\/div>\r\n\t\t<div class=\"slideshow_button slideshow_next slideshow_transparent\" role=\"button\" data-next-text=\"Seg\u00fcent\" style=\"display: none;\"><\/div>\r\n\r\n\t\t<div class=\"slideshow_pagination\" style=\"display: none;\" data-go-to-text=\"V\u00e9s a la diapositiva\"><div class=\"slideshow_pagination_center\"><\/div><\/div>\r\n\r\n\t\t<!-- WordPress Slideshow Version 2.3.1 -->\r\n\r\n\t\t\t<\/div>\r\n\r\n\n<h6><strong>Curs 2017-18<\/strong><\/h6>\n<p><strong><u>4t, els encarregats de l\u00b4hort<\/u><\/strong><\/p>\n<p>La classe de 4t aquest any ens diem espai sorpresa, i ens dividim en dos grups de traball, espai i sorpresa.<\/p>\n<p>Cada setmana un dels dos grups s\u00b4encarrega del manteniment de l\u00b4hort.<\/p>\n<p>A la majoria de els nens i nenes de la classe de 4t esperen amb ilusi\u00f3 que arribi el dimecres per fer el manteniment de l\u00b4hort.Tot i que hi ha persones que no els hi agrada l\u00b4hort, com per exemple perque al compost hi ha la resta de l\u00b4hort hi ha cucs i molts bitxos.<\/p>\n<p>Durant aquest trimestre la Joana, el Quim i la Tere ens han ajudat i ensenyat molt m\u00e9s del que sab\u00edem abans: regar amb la m\u00e0nega de l\u00b4hort, plantar, trasplantar bledes a un test i a colar el compost.<\/p>\n<p>Aqu\u00ed anirem publicant informaci\u00f3 sobre l&#8217;hort<\/p>\n<h5><span style=\"text-decoration: underline;\">1r TRIMESTRE<\/span><\/h5>\n<p>4 d&#8217;octubre &#8211;\u00a0<a href=\"http:\/\/agora.xtec.cat\/escolabaloo\/wp-content\/uploads\/usu902\/2016\/11\/ELS-REPORTERS-DE-L\u2019HORT.pps\" target=\"_blank\" rel=\"noopener noreferrer\">ELS REPORTERS DE L\u2019HORT<\/a>\u00a0&#8211;<\/p>\n<p>11 d&#8217;octubre &#8211;\u00a0<a href=\"http:\/\/agora.xtec.cat\/escolabaloo\/wp-content\/uploads\/usu902\/2016\/11\/Cuidem-l\u2019-hort.ppsx\">Cuidem l\u2019 hort<\/a><\/p>\n<p>18 d&#8217;octubre &#8211;\u00a0<a href=\"https:\/\/agora.xtec.cat\/escolabaloo\/wp-content\/uploads\/usu902\/2016\/11\/TREBALLANT-A-L\u2019HORT.ppsx\">TREBALLANT A L\u2019HORT<\/a><\/p>\n<p>25 d&#8217;octubre &#8211;\u00a0<a href=\"http:\/\/agora.xtec.cat\/escolabaloo\/wp-content\/uploads\/usu902\/2016\/11\/FEM-HORT.ppsx\">FEM HORT<\/a><\/p>\n<p>9 de novembre &#8211;<a href=\"http:\/\/agora.xtec.cat\/escolabaloo\/wp-content\/uploads\/usu902\/2016\/11\/DIARI-DE-L\u00b4HORT.ppsx\">DIARI DE L\u00b4HORT<\/a><\/p>\n<p>15 de novembre &#8211; FOTOGRAFIANT L&#8217;HORT<\/p>\n<p>22 de novembre &#8211;<a href=\"http:\/\/agora.xtec.cat\/escolabaloo\/wp-content\/uploads\/usu902\/2016\/11\/LA-FEINA-A-L\u00b4HORT.ppsx\">LA FEINA A L\u00b4HORT<\/a><\/p>\n<h5><span style=\"text-decoration: underline;\">2n TRIMESTRE<\/span><\/h5>\n<p>31 de gener &#8211; <a href=\"http:\/\/agora.xtec.cat\/escolabaloo\/wp-content\/uploads\/usu902\/2018\/02\/TREBALLANT-A-L\u00b4HORT-1.pptx\">TREBALLANT A L&#8217;HORT<\/a><\/p>\n<p>&nbsp;<\/p>\n","protected":false},"excerpt":{"rendered":"<ul>\n<li class=\"slideshow_togglePlay\" data-play-text=\"Visualitza\" data-pause-text=\"Pausa\"><\/li>\n<\/ul>\n<p>Curs 2017-18<br \/>\n4t, els encarregats de l\u00b4hort<br \/>\nLa classe de 4t aquest any ens diem espai sorpresa, i ens dividim en dos grups de traball, espai i sorpresa.<br \/>\nCada setmana un dels dos grups s\u00b4encarrega del manteniment de l\u00b4hort.<br \/>\nA la majoria de els nens i&hellip;  <a href=\"https:\/\/agora.xtec.cat\/escolabaloo\/lescola\/projectes-de-lescola\/lhort\/\" title=\"Read L\u00b4hort\">Llegeix m\u00e9s\u00bb<\/a><\/p>\n","protected":false},"author":1,"featured_media":0,"parent":6644,"menu_order":3,"comment_status":"closed","ping_status":"closed","template":"page-templates\/side-menu.php","meta":{"_bbp_topic_count":0,"_bbp_reply_count":0,"_bbp_total_topic_count":0,"_bbp_total_reply_count":0,"_bbp_voice_count":0,"_bbp_anonymous_reply_count":0,"_bbp_topic_count_hidden":0,"_bbp_reply_count_hidden":0,"_bbp_forum_subforum_count":0,"footnotes":""},"class_list":["post-6650","page","type-page","status-publish","hentry"],"post_mailing_queue_ids":[],"_links":{"self":[{"href":"https:\/\/agora.xtec.cat\/escolabaloo\/wp-json\/wp\/v2\/pages\/6650","targetHints":{"allow":["GET"]}}],"collection":[{"href":"https:\/\/agora.xtec.cat\/escolabaloo\/wp-json\/wp\/v2\/pages"}],"about":[{"href":"https:\/\/agora.xtec.cat\/escolabaloo\/wp-json\/wp\/v2\/types\/page"}],"author":[{"embeddable":true,"href":"https:\/\/agora.xtec.cat\/escolabaloo\/wp-json\/wp\/v2\/users\/1"}],"replies":[{"embeddable":true,"href":"https:\/\/agora.xtec.cat\/escolabaloo\/wp-json\/wp\/v2\/comments?post=6650"}],"version-history":[{"count":5,"href":"https:\/\/agora.xtec.cat\/escolabaloo\/wp-json\/wp\/v2\/pages\/6650\/revisions"}],"predecessor-version":[{"id":16380,"href":"https:\/\/agora.xtec.cat\/escolabaloo\/wp-json\/wp\/v2\/pages\/6650\/revisions\/16380"}],"up":[{"embeddable":true,"href":"https:\/\/agora.xtec.cat\/escolabaloo\/wp-json\/wp\/v2\/pages\/6644"}],"wp:attachment":[{"href":"https:\/\/agora.xtec.cat\/escolabaloo\/wp-json\/wp\/v2\/media?parent=6650"}],"curies":[{"name":"wp","href":"https:\/\/api.w.org\/{rel}","templated":true}]}}