{"id":6578,"date":"2016-11-17T12:20:50","date_gmt":"2016-11-17T11:20:50","guid":{"rendered":"http:\/\/agora.xtec.cat\/escolabaloo\/?page_id=6578"},"modified":"2019-11-14T13:51:15","modified_gmt":"2019-11-14T12:51:15","slug":"carta-de-compromis","status":"publish","type":"page","link":"https:\/\/agora.xtec.cat\/escolabaloo\/projecte-educatiu\/carta-de-compromis\/","title":{"rendered":"Carta de Comprom\u00eds"},"content":{"rendered":"<div data-canvas-width=\"288.7976929361118\"><\/div>\n<div data-canvas-width=\"67.28259379197965\">La Carta de Comprom\u00eds Educatiu formalitza en un document el di\u00e0leg necessari entre les fam\u00edlies i l&#8217; equip docent.<\/div>\n<div data-canvas-width=\"67.28259379197965\"><\/div>\n<div data-canvas-width=\"67.28259379197965\"><\/div>\n<div data-canvas-width=\"67.28259379197965\">En aquest comprom\u00eds, fam\u00edlia i escola fonamenten les bases de la seva coresponsabilitat\u00a0 per a contribuir al proc\u00e9s educatiu dels infants<\/div>\n<div data-canvas-width=\"67.28259379197965\"><\/div>\n<div data-canvas-width=\"67.28259379197965\">Si voleu con\u00e8ixer quins s\u00f3n els continguts de la carta, cliqueu sobre la imatge.<\/div>\n<div data-canvas-width=\"67.28259379197965\"><a href=\"https:\/\/agora.xtec.cat\/escolabaloo\/wp-content\/uploads\/usu902\/2019\/11\/textdefinitiucartacomprom\u00eds.pdf\"><img loading=\"lazy\" decoding=\"async\" class=\"size-full wp-image-6993 aligncenter\" src=\"http:\/\/agora.xtec.cat\/escolabaloo\/wp-content\/uploads\/usu902\/2017\/01\/carta-de-comprom\u00eds.png\" alt=\"carta-de-compromis\" width=\"226\" height=\"223\" \/><\/a><\/div>\n<div data-canvas-width=\"67.28259379197965\"><\/div>\n<p style=\"text-align: center;\">\n","protected":false},"excerpt":{"rendered":"<p>La Carta de Comprom\u00eds Educatiu formalitza en un document el di\u00e0leg necessari entre les fam\u00edlies i l&#8217; equip docent.<\/p>\n<p>En aquest comprom\u00eds, fam\u00edlia i escola fonamenten les bases de la seva coresponsabilitat\u00a0 per a contribuir al proc\u00e9s educatiu dels infants<\/p>\n<p>Si voleu con\u00e8ixer quins s\u00f3n els continguts&hellip;  <a href=\"https:\/\/agora.xtec.cat\/escolabaloo\/projecte-educatiu\/carta-de-compromis\/\" title=\"Read Carta de Comprom\u00eds\">Llegeix m\u00e9s\u00bb<\/a><\/p>\n","protected":false},"author":1,"featured_media":0,"parent":64,"menu_order":3,"comment_status":"closed","ping_status":"closed","template":"page-templates\/side-menu.php","meta":{"_bbp_topic_count":0,"_bbp_reply_count":0,"_bbp_total_topic_count":0,"_bbp_total_reply_count":0,"_bbp_voice_count":0,"_bbp_anonymous_reply_count":0,"_bbp_topic_count_hidden":0,"_bbp_reply_count_hidden":0,"_bbp_forum_subforum_count":0,"footnotes":""},"class_list":["post-6578","page","type-page","status-publish","hentry"],"post_mailing_queue_ids":[],"_links":{"self":[{"href":"https:\/\/agora.xtec.cat\/escolabaloo\/wp-json\/wp\/v2\/pages\/6578","targetHints":{"allow":["GET"]}}],"collection":[{"href":"https:\/\/agora.xtec.cat\/escolabaloo\/wp-json\/wp\/v2\/pages"}],"about":[{"href":"https:\/\/agora.xtec.cat\/escolabaloo\/wp-json\/wp\/v2\/types\/page"}],"author":[{"embeddable":true,"href":"https:\/\/agora.xtec.cat\/escolabaloo\/wp-json\/wp\/v2\/users\/1"}],"replies":[{"embeddable":true,"href":"https:\/\/agora.xtec.cat\/escolabaloo\/wp-json\/wp\/v2\/comments?post=6578"}],"version-history":[{"count":4,"href":"https:\/\/agora.xtec.cat\/escolabaloo\/wp-json\/wp\/v2\/pages\/6578\/revisions"}],"predecessor-version":[{"id":10142,"href":"https:\/\/agora.xtec.cat\/escolabaloo\/wp-json\/wp\/v2\/pages\/6578\/revisions\/10142"}],"up":[{"embeddable":true,"href":"https:\/\/agora.xtec.cat\/escolabaloo\/wp-json\/wp\/v2\/pages\/64"}],"wp:attachment":[{"href":"https:\/\/agora.xtec.cat\/escolabaloo\/wp-json\/wp\/v2\/media?parent=6578"}],"curies":[{"name":"wp","href":"https:\/\/api.w.org\/{rel}","templated":true}]}}