{"id":6576,"date":"2016-11-17T12:20:16","date_gmt":"2016-11-17T11:20:16","guid":{"rendered":"http:\/\/agora.xtec.cat\/escolabaloo\/?page_id=6576"},"modified":"2018-01-31T11:16:47","modified_gmt":"2018-01-31T10:16:47","slug":"pla-de-convivencia","status":"publish","type":"page","link":"https:\/\/agora.xtec.cat\/escolabaloo\/projecte-educatiu\/pla-de-convivencia\/","title":{"rendered":"Pla de Conviv\u00e8ncia"},"content":{"rendered":"<div data-canvas-width=\"519.04\"><\/div>\n<p>El document estableix les l\u00ednies generals del model de conviv\u00e8ncia que pretenem assolir com a escola aix\u00ed com quines s\u00f3n les normes que la regularan i les actuacions a realitzar per aconseguir els nostres objectius.<\/p>\n<p>Podeu accedir a la seva lectura clicant sobre la imatge<\/p>\n<p><a href=\"http:\/\/agora.xtec.cat\/escolabaloo\/wp-content\/uploads\/usu902\/2016\/11\/Pla-de-conviv%C3%A8nciaBALOO.-Documents-final.pdf\"><img loading=\"lazy\" decoding=\"async\" class=\"size-full wp-image-6997 aligncenter\" src=\"http:\/\/agora.xtec.cat\/escolabaloo\/wp-content\/uploads\/usu902\/2016\/11\/CONVIV\u00e8NCIA.jpg\" alt=\"convivencia\" width=\"239\" height=\"211\" \/><\/a><\/p>\n<p style=\"text-align: center;\">\n","protected":false},"excerpt":{"rendered":"<p>El document estableix les l\u00ednies generals del model de conviv\u00e8ncia que pretenem assolir com a escola aix\u00ed com quines s\u00f3n les normes que la regularan i les actuacions a realitzar per aconseguir els nostres objectius.<br \/>\nPodeu accedir a la seva lectura clicant sobre la imatge<br \/>\n<a href=\"http:\/\/agora.xtec.cat\/escolabaloo\/wp-content\/uploads\/usu902\/2016\/11\/Pla-de-conviv%C3%A8nciaBALOO.-Documents-final.pdf\"><\/a><\/p>\n","protected":false},"author":1,"featured_media":0,"parent":64,"menu_order":2,"comment_status":"closed","ping_status":"closed","template":"page-templates\/side-menu.php","meta":{"_bbp_topic_count":0,"_bbp_reply_count":0,"_bbp_total_topic_count":0,"_bbp_total_reply_count":0,"_bbp_voice_count":0,"_bbp_anonymous_reply_count":0,"_bbp_topic_count_hidden":0,"_bbp_reply_count_hidden":0,"_bbp_forum_subforum_count":0,"footnotes":""},"class_list":["post-6576","page","type-page","status-publish","hentry"],"post_mailing_queue_ids":[],"_links":{"self":[{"href":"https:\/\/agora.xtec.cat\/escolabaloo\/wp-json\/wp\/v2\/pages\/6576","targetHints":{"allow":["GET"]}}],"collection":[{"href":"https:\/\/agora.xtec.cat\/escolabaloo\/wp-json\/wp\/v2\/pages"}],"about":[{"href":"https:\/\/agora.xtec.cat\/escolabaloo\/wp-json\/wp\/v2\/types\/page"}],"author":[{"embeddable":true,"href":"https:\/\/agora.xtec.cat\/escolabaloo\/wp-json\/wp\/v2\/users\/1"}],"replies":[{"embeddable":true,"href":"https:\/\/agora.xtec.cat\/escolabaloo\/wp-json\/wp\/v2\/comments?post=6576"}],"version-history":[{"count":3,"href":"https:\/\/agora.xtec.cat\/escolabaloo\/wp-json\/wp\/v2\/pages\/6576\/revisions"}],"predecessor-version":[{"id":6998,"href":"https:\/\/agora.xtec.cat\/escolabaloo\/wp-json\/wp\/v2\/pages\/6576\/revisions\/6998"}],"up":[{"embeddable":true,"href":"https:\/\/agora.xtec.cat\/escolabaloo\/wp-json\/wp\/v2\/pages\/64"}],"wp:attachment":[{"href":"https:\/\/agora.xtec.cat\/escolabaloo\/wp-json\/wp\/v2\/media?parent=6576"}],"curies":[{"name":"wp","href":"https:\/\/api.w.org\/{rel}","templated":true}]}}