{"id":6574,"date":"2016-11-17T12:19:30","date_gmt":"2016-11-17T11:19:30","guid":{"rendered":"http:\/\/agora.xtec.cat\/escolabaloo\/?page_id=6574"},"modified":"2022-06-29T12:01:59","modified_gmt":"2022-06-29T10:01:59","slug":"nofc","status":"publish","type":"page","link":"https:\/\/agora.xtec.cat\/escolabaloo\/projecte-educatiu\/nofc\/","title":{"rendered":"NOFC"},"content":{"rendered":"<div data-canvas-width=\"777.4600000000006\">\n<p>D&#8217;acord amb el que estableix el Decret 102\/2010, d&#8217;autonomia dels centres educatius, l&#8217;escola ha determinat la seva pr\u00f2pia estructura organitzativa d&#8217;acord amb els objectius i criteris del Projecte Educatiu.<\/p>\n<p>Les Normes d&#8217;organitzaci\u00f3 i funcionament del Centre queden recollides en un document i s\u00f3n l&#8217;instrument per desenvolupar i fer possible el el projecte educatiu , i en \u00faltim terme, aconseguir l&#8217;\u00e8xit educatiu.<\/p>\n<div data-canvas-width=\"225.63999999999996\">Els aspectes que cont\u00e9 aquest document s\u00f3n:<\/div>\n<div data-canvas-width=\"225.63999999999996\"><\/div>\n<div data-canvas-width=\"374.56\"><\/div>\n<div data-canvas-width=\"374.56\"><strong><em>En relaci\u00f3 a criteris organitzatius :<\/em><\/strong><\/div>\n<ul style=\"list-style-type: disc;\">\n<li data-canvas-width=\"450.2\">Estructura organitzativa de govern i de coordinaci\u00f3<\/li>\n<li data-canvas-width=\"450.2\">Criteris espec\u00edfics organitzatius<\/li>\n<li data-canvas-width=\"450.2\">Les compet\u00e8ncies i la composici\u00f3 dels \u00f2rgans de govern i de coordinaci\u00f3<\/li>\n<li data-canvas-width=\"450.2\">Les funcions de govern o de gesti\u00f3 dels \u00f2rgans unipersonals de direcci\u00f3 addicionals<\/li>\n<li data-canvas-width=\"450.2\">El nombre d&#8217;\u00f2rgans unipersonals addicionals de direcci\u00f3<\/li>\n<li data-canvas-width=\"450.2\">Concreci\u00f3 de funcions del o de la cap d&#8217;estudis<\/li>\n<li data-canvas-width=\"450.2\">Finalitats addicionals de la coordinaci\u00f3 docent<\/li>\n<li data-canvas-width=\"450.2\">Formalitzaci\u00f3 dels enc\u00e0rrecs de funcions de la direcci\u00f3<\/li>\n<\/ul>\n<div data-canvas-width=\"423.4799999999999\">\n<div data-canvas-width=\"16.68\">\n<div data-canvas-width=\"310.0799999999999\"><em><strong>En relaci\u00f3 a criteris i mecanismes pedag\u00f2gics<\/strong><\/em>:<\/div>\n<ul style=\"list-style-type: disc;\">\n<li data-canvas-width=\"348.41999999999985\">Concreci\u00f3 de l&#8217;organitzaci\u00f3 pedag\u00f2gica<\/li>\n<li data-canvas-width=\"348.41999999999985\">Criteris per a l&#8217;organitzaci\u00f3 dels grups d&#8217;alumnes<\/li>\n<li data-canvas-width=\"400.13999999999993\">Criteris per a la formaci\u00f3 dels equips docents<\/li>\n<li data-canvas-width=\"400.13999999999993\">Mecanismes de coordinaci\u00f3 docent<\/li>\n<li data-canvas-width=\"400.13999999999993\">Criteris per a l&#8217;atenci\u00f3 a la diversitat<\/li>\n<li data-canvas-width=\"400.13999999999993\">Mecanismes per garantir la globalitat de l&#8217;acci\u00f3 educativa<\/li>\n<li data-canvas-width=\"400.13999999999993\">Mecanismes d&#8217;acci\u00f3 tutorial<\/li>\n<li data-canvas-width=\"400.13999999999993\">Mecanismes que han d&#8217;afavorir i facilitar el treball en equip del personal del centre<\/li>\n<\/ul>\n<div data-canvas-width=\"133.37999999999997\"><strong><em>En relaci\u00f3 a diversos procediments:<\/em><\/strong><\/div>\n<ul style=\"list-style-type: disc;\">\n<li data-canvas-width=\"470.1399999999999\">Formulaci\u00f3, aprovaci\u00f3, revisi\u00f3 i actualitzaci\u00f3 del PEC<\/li>\n<li data-canvas-width=\"470.1399999999999\">Rendici\u00f3 de comptes al consell escolar amb relaci\u00f3 a la gesti\u00f3 del projecte<\/li>\n<li data-canvas-width=\"470.1399999999999\">Aplicaci\u00f3 dels acords de coresponsabilitat<\/li>\n<li data-canvas-width=\"470.1399999999999\">Procediment per cobrir les vacants del consell escolar<\/li>\n<li data-canvas-width=\"470.1399999999999\">Intervenci\u00f3 del claustre en la formulaci\u00f3 de les NOFC<\/li>\n<\/ul>\n<\/div>\n<p><strong><em>En relaci\u00f3 a altres procediments<\/em><\/strong><\/p>\n<\/div>\n<ul style=\"list-style-type: disc;\">\n<li data-canvas-width=\"423.4799999999999\">La composici\u00f3 i el reglament del consell escolar<\/li>\n<li data-canvas-width=\"423.4799999999999\">Establiment de comissions d&#8217;estudi i informaci\u00f3 en el si del consell escolar i delimitaci\u00f3 dels \u00e0mbits d&#8217;actuaci\u00f3 i de les seves funcions<\/li>\n<li data-canvas-width=\"423.4799999999999\">Establiment de comissions de treball en el si del claustre de professors i delimitaci\u00f3 dels \u00e0mbits d&#8217;actuaci\u00f3 i de les seves funcions<\/li>\n<li data-canvas-width=\"423.4799999999999\">Establiment de funcions i r\u00e8gim de funcionament i de reunions del consell de direcci\u00f3<\/li>\n<li data-canvas-width=\"423.4799999999999\">Funci\u00f3 de secretari o secret\u00e0ria en altres \u00f2rgans col\u00b7legiats, a m\u00e9s del consell escolar i del claustre<\/li>\n<li data-canvas-width=\"423.4799999999999\">Concrecions sobre la participaci\u00f3 en el centre de la comunitat escolar (alumnes, professors i fam\u00edlies) i mecanismes de publicitat necessaris perqu\u00e8 les fam\u00edlies puguin exercir el dret a ser informades<\/li>\n<\/ul>\n<\/div>\n<p>L&#8217;escola posa a disposici\u00f3 de les fam\u00edlies interessades en tenir el\u00a0 document complert per a la seva lectura, d&#8217;una c\u00f2pia en format paper o digital.<\/p>\n","protected":false},"excerpt":{"rendered":"<p>D&#8217;acord amb el que estableix el Decret 102\/2010, d&#8217;autonomia dels centres educatius, l&#8217;escola ha determinat la seva pr\u00f2pia estructura organitzativa d&#8217;acord amb els objectius i criteris del Projecte Educatiu.<br \/>\nLes Normes d&#8217;organitzaci\u00f3 i funcionament del Centre queden recollides en un document i s\u00f3n l&#8217;instrument per desenvolupar&hellip;  <a href=\"https:\/\/agora.xtec.cat\/escolabaloo\/projecte-educatiu\/nofc\/\" title=\"Read NOFC\">Llegeix m\u00e9s\u00bb<\/a><\/p>\n","protected":false},"author":1,"featured_media":0,"parent":64,"menu_order":1,"comment_status":"closed","ping_status":"closed","template":"page-templates\/side-menu.php","meta":{"_bbp_topic_count":0,"_bbp_reply_count":0,"_bbp_total_topic_count":0,"_bbp_total_reply_count":0,"_bbp_voice_count":0,"_bbp_anonymous_reply_count":0,"_bbp_topic_count_hidden":0,"_bbp_reply_count_hidden":0,"_bbp_forum_subforum_count":0,"footnotes":""},"class_list":["post-6574","page","type-page","status-publish","hentry"],"post_mailing_queue_ids":[],"_links":{"self":[{"href":"https:\/\/agora.xtec.cat\/escolabaloo\/wp-json\/wp\/v2\/pages\/6574","targetHints":{"allow":["GET"]}}],"collection":[{"href":"https:\/\/agora.xtec.cat\/escolabaloo\/wp-json\/wp\/v2\/pages"}],"about":[{"href":"https:\/\/agora.xtec.cat\/escolabaloo\/wp-json\/wp\/v2\/types\/page"}],"author":[{"embeddable":true,"href":"https:\/\/agora.xtec.cat\/escolabaloo\/wp-json\/wp\/v2\/users\/1"}],"replies":[{"embeddable":true,"href":"https:\/\/agora.xtec.cat\/escolabaloo\/wp-json\/wp\/v2\/comments?post=6574"}],"version-history":[{"count":4,"href":"https:\/\/agora.xtec.cat\/escolabaloo\/wp-json\/wp\/v2\/pages\/6574\/revisions"}],"predecessor-version":[{"id":11566,"href":"https:\/\/agora.xtec.cat\/escolabaloo\/wp-json\/wp\/v2\/pages\/6574\/revisions\/11566"}],"up":[{"embeddable":true,"href":"https:\/\/agora.xtec.cat\/escolabaloo\/wp-json\/wp\/v2\/pages\/64"}],"wp:attachment":[{"href":"https:\/\/agora.xtec.cat\/escolabaloo\/wp-json\/wp\/v2\/media?parent=6574"}],"curies":[{"name":"wp","href":"https:\/\/api.w.org\/{rel}","templated":true}]}}