{"id":6562,"date":"2016-11-17T10:45:37","date_gmt":"2016-11-17T09:45:37","guid":{"rendered":"http:\/\/agora.xtec.cat\/escolabaloo\/?page_id=6562"},"modified":"2018-10-04T18:20:24","modified_gmt":"2018-10-04T16:20:24","slug":"delegats-dalumnes","status":"publish","type":"page","link":"https:\/\/agora.xtec.cat\/escolabaloo\/lescola\/organitzacio\/delegats-dalumnes\/","title":{"rendered":"Delegats d&#8217;alumnes"},"content":{"rendered":"<p>A prim\u00e0ria cada classe tria a l\u2019inici de cada curs 2 delegats dels alumnes, si \u00e9s possible un nen i una nena. La seva funci\u00f3 \u00e9s representar els alumnes de cada classe a les reunions de delegats i fer propostes i suggeriments de millora del funcionament de l\u2019escola.<\/p>\n<p>Funcionament: Dos cops per trimestre es troben els delegats\/des de les classes , dos membres de l\u2019equip directiu i la responsable del servei de menjador per tractar les propostes de les classes i els temes a treballar durant ell trimestre. Un dels delegats fa l\u2019acta de la reuni\u00f3 que es penja a la cartellera dels delegats que hi ha al vest\u00edbul de l\u2019entrada.<\/p>\n<p>Les funcions dels delegats\/des dels alumnes s\u00f3n:<br \/>\nRepresentar a la seva classe en la vida escolar i en les reunions de delegats.<br \/>\nRecollir propostes dels alumnes del seu grup i portar-les a la reuni\u00f3 de delegats.<br \/>\nParticipar en l\u2019organitzaci\u00f3 d\u2019actes i festes en representaci\u00f3 dels alumnes de l\u2019escola.<br \/>\nFer propostes de millora del funcionament general de l\u2019escola.<br \/>\nResoldre petits conflictes entre alumnes de diferents classes amb el suport dels tutors\/es.<\/p>\n<p>&nbsp;<\/p>\n<p>Delegats de 1r:<\/p>\n<p>&nbsp;<\/p>\n<p>&nbsp;<\/p>\n<p>&nbsp;<\/p>\n<p>&nbsp;<\/p>\n<p>&nbsp;<\/p>\n<p>&nbsp;<\/p>\n<p>Delegats de 2n:<\/p>\n<p>&nbsp;<\/p>\n<p>&nbsp;<\/p>\n<p>&nbsp;<\/p>\n<p>&nbsp;<\/p>\n<p>&nbsp;<\/p>\n<p>&nbsp;<\/p>\n<p>Delegats de 3r:<\/p>\n<p>&nbsp;<\/p>\n<p>&nbsp;<\/p>\n<p>&nbsp;<\/p>\n<p>&nbsp;<\/p>\n<p>&nbsp;<\/p>\n<p>&nbsp;<\/p>\n<p>&nbsp;<\/p>\n<p>Delegats de 4r:<\/p>\n<p>&nbsp;<\/p>\n<p>&nbsp;<\/p>\n<p>&nbsp;<\/p>\n<p>&nbsp;<\/p>\n<p>&nbsp;<\/p>\n<p>&nbsp;<\/p>\n<p>&nbsp;<\/p>\n<p>Delegats de 5\u00e8:<\/p>\n<p>&nbsp;<\/p>\n<p>&nbsp;<\/p>\n<p>&nbsp;<\/p>\n<p>&nbsp;<\/p>\n<p>&nbsp;<\/p>\n<p>&nbsp;<\/p>\n<p>&nbsp;<\/p>\n<p>Delegats de 6\u00e8:<\/p>\n","protected":false},"excerpt":{"rendered":"<p>A prim\u00e0ria cada classe tria a l\u2019inici de cada curs 2 delegats dels alumnes, si \u00e9s possible un nen i una nena. La seva funci\u00f3 \u00e9s representar els alumnes de cada classe a les reunions de delegats i fer propostes i suggeriments de millora del&hellip;  <a href=\"https:\/\/agora.xtec.cat\/escolabaloo\/lescola\/organitzacio\/delegats-dalumnes\/\" title=\"Read Delegats d&#8217;alumnes\">Llegeix m\u00e9s\u00bb<\/a><\/p>\n","protected":false},"author":1,"featured_media":0,"parent":6554,"menu_order":3,"comment_status":"closed","ping_status":"closed","template":"page-templates\/side-menu.php","meta":{"_bbp_topic_count":0,"_bbp_reply_count":0,"_bbp_total_topic_count":0,"_bbp_total_reply_count":0,"_bbp_voice_count":0,"_bbp_anonymous_reply_count":0,"_bbp_topic_count_hidden":0,"_bbp_reply_count_hidden":0,"_bbp_forum_subforum_count":0,"footnotes":""},"class_list":["post-6562","page","type-page","status-publish","hentry"],"post_mailing_queue_ids":[],"_links":{"self":[{"href":"https:\/\/agora.xtec.cat\/escolabaloo\/wp-json\/wp\/v2\/pages\/6562","targetHints":{"allow":["GET"]}}],"collection":[{"href":"https:\/\/agora.xtec.cat\/escolabaloo\/wp-json\/wp\/v2\/pages"}],"about":[{"href":"https:\/\/agora.xtec.cat\/escolabaloo\/wp-json\/wp\/v2\/types\/page"}],"author":[{"embeddable":true,"href":"https:\/\/agora.xtec.cat\/escolabaloo\/wp-json\/wp\/v2\/users\/1"}],"replies":[{"embeddable":true,"href":"https:\/\/agora.xtec.cat\/escolabaloo\/wp-json\/wp\/v2\/comments?post=6562"}],"version-history":[{"count":4,"href":"https:\/\/agora.xtec.cat\/escolabaloo\/wp-json\/wp\/v2\/pages\/6562\/revisions"}],"predecessor-version":[{"id":9107,"href":"https:\/\/agora.xtec.cat\/escolabaloo\/wp-json\/wp\/v2\/pages\/6562\/revisions\/9107"}],"up":[{"embeddable":true,"href":"https:\/\/agora.xtec.cat\/escolabaloo\/wp-json\/wp\/v2\/pages\/6554"}],"wp:attachment":[{"href":"https:\/\/agora.xtec.cat\/escolabaloo\/wp-json\/wp\/v2\/media?parent=6562"}],"curies":[{"name":"wp","href":"https:\/\/api.w.org\/{rel}","templated":true}]}}