{"id":6560,"date":"2016-11-17T10:45:14","date_gmt":"2016-11-17T09:45:14","guid":{"rendered":"http:\/\/agora.xtec.cat\/escolabaloo\/?page_id=6560"},"modified":"2019-11-14T13:25:35","modified_gmt":"2019-11-14T12:25:35","slug":"delegats-de-families","status":"publish","type":"page","link":"https:\/\/agora.xtec.cat\/escolabaloo\/lescola\/organitzacio\/delegats-de-families\/","title":{"rendered":"Delegats de fam\u00edlies"},"content":{"rendered":"<p>Els\/les delegats\/es de classe s\u00f3n el representants de les fam\u00edlies de cada grup classe que cada inici de curs surten escollits en la reuni\u00f3 de classe . El conjunt de tots els\/les delegats\/es de tots els cursos formen la reuni\u00f3 de delegats\/es de classes.<\/p>\n<p>La reuni\u00f3 de representats \u00e9s un \u00f2rgan de participaci\u00f3 i d&#8217;informaci\u00f3 de l&#8217;Escola cap als pares, i tamb\u00e9 d&#8217;aquests cap a l&#8217;Escola.<br \/>\nEs reuneix de forma ordin\u00e0ria un cop per trimestre, convocada per la direcci\u00f3 de l\u2019Escola.<br \/>\nDe forma extraordin\u00e0ria es podr\u00e0 convocar a petici\u00f3 del Consell Escolar, de l&#8217;Equip Directiu o de com a m\u00ednim ,cinc representants de classe.<\/p>\n<p>Un membre de la reuni\u00f3, escollit a l\u2019atzar, aixeca acta de la sessi\u00f3 i es publica a la web per a informaci\u00f3 general de totes les fam\u00edlies.<br \/>\nLes funcions dels delegats\/des de les fam\u00edlies s\u00f3n:<\/p>\n<p>. Fer de transmissors d\u2019informacions, avisos i\/o propostes , entre el mestre tutor\/a i la resta de mares i pares de classe en els assumptes d\u2019inter\u00e8s general.<br \/>\n. Fer-se ress\u00f2 , a nivell general i de curs, de les inquietuds pedag\u00f2giques dels pares.<br \/>\n. Ajudar a l\u2019escola en aquelles tasques en les quals calgui la coordinaci\u00f3 de tots els pares i mares del curs (preparaci\u00f3 i participaci\u00f3 en la Festa Major&#8230;)<br \/>\n. Fer de transmissors d\u2019informacions, avisos i\/o propostes entre les fam\u00edlies i la Junta de l\u2019AMPA.<br \/>\n. Animar la participaci\u00f3 dels pares i mares en aquelles activitats col\u00b7lectives programades.<\/p>\n<p>&nbsp;<\/p>\n<p>Delegats de P3: Bea i Fernando<\/p>\n<p>Delegats de P4: Xavier i Ferran<\/p>\n<p>Delegats de P5: Isabel i Jana<\/p>\n<p>Delegats de 1r: Judit i Amador<\/p>\n<p>Delegats de 2n: Tina i Martin<\/p>\n<p>Delegats de 3r: Bego\u00f1a i Haydee<\/p>\n<p>Delegats de 4t: Monica i Susana<\/p>\n<p>Delegats de 5\u00e8: A\u00efda i Jesica<\/p>\n<p>Delegats de 6\u00e8: L\u00eddia i Magal\u00ed<\/p>\n","protected":false},"excerpt":{"rendered":"<p>Els\/les delegats\/es de classe s\u00f3n el representants de les fam\u00edlies de cada grup classe que cada inici de curs surten escollits en la reuni\u00f3 de classe . El conjunt de tots els\/les delegats\/es de tots els cursos formen la reuni\u00f3 de delegats\/es de classes.<br \/>\nLa reuni\u00f3&hellip;  <a href=\"https:\/\/agora.xtec.cat\/escolabaloo\/lescola\/organitzacio\/delegats-de-families\/\" title=\"Read Delegats de fam\u00edlies\">Llegeix m\u00e9s\u00bb<\/a><\/p>\n","protected":false},"author":1,"featured_media":0,"parent":6554,"menu_order":3,"comment_status":"closed","ping_status":"closed","template":"page-templates\/side-menu.php","meta":{"_bbp_topic_count":0,"_bbp_reply_count":0,"_bbp_total_topic_count":0,"_bbp_total_reply_count":0,"_bbp_voice_count":0,"_bbp_anonymous_reply_count":0,"_bbp_topic_count_hidden":0,"_bbp_reply_count_hidden":0,"_bbp_forum_subforum_count":0,"footnotes":""},"class_list":["post-6560","page","type-page","status-publish","hentry"],"post_mailing_queue_ids":[],"_links":{"self":[{"href":"https:\/\/agora.xtec.cat\/escolabaloo\/wp-json\/wp\/v2\/pages\/6560","targetHints":{"allow":["GET"]}}],"collection":[{"href":"https:\/\/agora.xtec.cat\/escolabaloo\/wp-json\/wp\/v2\/pages"}],"about":[{"href":"https:\/\/agora.xtec.cat\/escolabaloo\/wp-json\/wp\/v2\/types\/page"}],"author":[{"embeddable":true,"href":"https:\/\/agora.xtec.cat\/escolabaloo\/wp-json\/wp\/v2\/users\/1"}],"replies":[{"embeddable":true,"href":"https:\/\/agora.xtec.cat\/escolabaloo\/wp-json\/wp\/v2\/comments?post=6560"}],"version-history":[{"count":3,"href":"https:\/\/agora.xtec.cat\/escolabaloo\/wp-json\/wp\/v2\/pages\/6560\/revisions"}],"predecessor-version":[{"id":10139,"href":"https:\/\/agora.xtec.cat\/escolabaloo\/wp-json\/wp\/v2\/pages\/6560\/revisions\/10139"}],"up":[{"embeddable":true,"href":"https:\/\/agora.xtec.cat\/escolabaloo\/wp-json\/wp\/v2\/pages\/6554"}],"wp:attachment":[{"href":"https:\/\/agora.xtec.cat\/escolabaloo\/wp-json\/wp\/v2\/media?parent=6560"}],"curies":[{"name":"wp","href":"https:\/\/api.w.org\/{rel}","templated":true}]}}