{"id":6558,"date":"2016-11-17T10:44:50","date_gmt":"2016-11-17T09:44:50","guid":{"rendered":"http:\/\/agora.xtec.cat\/escolabaloo\/?page_id=6558"},"modified":"2017-11-13T14:12:11","modified_gmt":"2017-11-13T13:12:11","slug":"consell-escolar","status":"publish","type":"page","link":"https:\/\/agora.xtec.cat\/escolabaloo\/lescola\/organitzacio\/consell-escolar\/","title":{"rendered":"Consell Escolar"},"content":{"rendered":"<p>El Consell Escolar \u00e9s el m\u00e0xim \u00f2rgan de representaci\u00f3 i participaci\u00f3 col\u00b7legiada de tots els sectors de la<br \/>\ncomunitat educativa de l&#8217;escola.<\/p>\n<p>D&#8217;acord amb el que s&#8217;estableix en el document de les Normes d&#8217;Organitzaci\u00f3 i funcionament del centre i la resta de legislaci\u00f3 vigent, el Consell Escolar de l&#8217;Escola Baloo est\u00e0 composat per 15 membres. Aquests s\u00f3n :<br \/>\nEl\/la director\/a (que n&#8217;\u00e9s el president\/a)<br \/>\nEl\/La cap d&#8217;estudis<br \/>\nEl\/La secretari\/\u00e0ria ( amb veu i sense vot)<br \/>\nUn\/Una representant de l&#8217;ajuntament<br \/>\nUn\/Una representant del PAS (personal d&#8217;administraci\u00f3 i serveis )<br \/>\n4 membres del Claustre de mestres<br \/>\n5 representants de pares i mares d&#8217;alumnes<br \/>\nUn\/una representant de l&#8217;AMPA<\/p>\n<p>Les seves funcions s\u00f3n:<\/p>\n<p>\u2022 Aprovar i avaluar el projecte educatiu i les modificacions corresponents per una majoria de tres cinquenes parts dels membres.<br \/>\n\u2022 Aprovar i avaluar la programaci\u00f3 anual del centre, sense perjudici de les compet\u00e8ncies del claustre, en relaci\u00f3 amb la planificaci\u00f3 i organitzaci\u00f3 docent.<br \/>\n\u2022 Aprovar les propostes d&#8217;acords de coresponsabilitat, convenis i altres acords de col\u00b7laboraci\u00f3 amb entitats o institucions.<br \/>\n\u2022 Aprovar les normes d&#8217;organitzaci\u00f3 i funcionament del centre i les modificacions pertinents.<br \/>\n\u2022 Aprovar la carta de comprom\u00eds.<br \/>\n\u2022 Aprovar el pressupost del centre i el rendiment de comptes.<br \/>\n\u2022 Intervenir en el procediment d&#8217;admissi\u00f3 d&#8217;alumnes.<br \/>\n\u2022 Participar en el proc\u00e9s de selecci\u00f3 i en la proposta de cessament del director\/a.<\/p>\n<p>\u2022 Intervenir en la resoluci\u00f3 dels conflictes i , si s&#8217;escau, revisar les sancions els alumnes.<br \/>\n\u2022 Aprovar les directrius per a la programaci\u00f3 d&#8217;activitats escolars complement\u00e0ries d&#8217;activitats extra-escolars i avaluar-ne el desenvolupament.<br \/>\n\u2022 Participar en les an\u00e0lisis i les avaluacions del funcionament general del centre i con\u00e8ixer l&#8217;evoluci\u00f3 del rendiment escolar.<br \/>\n\u2022 Aprovar els criteris de col\u00b7laboraci\u00f3 amb altres centres i amb l&#8217;entorn.<br \/>\n\u2022 Aprovar els criteris de funcionament del servei de menjador i participar en el proc\u00e9s de selecci\u00f3 de l&#8217;empresa que gestiona el servei.<br \/>\n\u2022 Promoure la conservaci\u00f3 i renovaci\u00f3 de les instal\u00b7lacions i equipaments escolars i aprovar l&#8217;obtenci\u00f3 de recursos complementaris.<br \/>\n\u2022 Qualsevol altra que li siguin atribu\u00efda per les normes legals o complement\u00e0ries.<\/p>\n<p>&nbsp;<\/p>\n","protected":false},"excerpt":{"rendered":"<p>El Consell Escolar \u00e9s el m\u00e0xim \u00f2rgan de representaci\u00f3 i participaci\u00f3 col\u00b7legiada de tots els sectors de la<br \/>\ncomunitat educativa de l&#8217;escola.<br \/>\nD&#8217;acord amb el que s&#8217;estableix en el document de les Normes d&#8217;Organitzaci\u00f3 i funcionament del centre i la resta de legislaci\u00f3 vigent, el Consell Escolar&hellip;  <a href=\"https:\/\/agora.xtec.cat\/escolabaloo\/lescola\/organitzacio\/consell-escolar\/\" title=\"Read Consell Escolar\">Llegeix m\u00e9s\u00bb<\/a><\/p>\n","protected":false},"author":1,"featured_media":0,"parent":6554,"menu_order":1,"comment_status":"closed","ping_status":"closed","template":"page-templates\/side-menu.php","meta":{"_bbp_topic_count":0,"_bbp_reply_count":0,"_bbp_total_topic_count":0,"_bbp_total_reply_count":0,"_bbp_voice_count":0,"_bbp_anonymous_reply_count":0,"_bbp_topic_count_hidden":0,"_bbp_reply_count_hidden":0,"_bbp_forum_subforum_count":0,"footnotes":""},"class_list":["post-6558","page","type-page","status-publish","hentry"],"post_mailing_queue_ids":[],"_links":{"self":[{"href":"https:\/\/agora.xtec.cat\/escolabaloo\/wp-json\/wp\/v2\/pages\/6558","targetHints":{"allow":["GET"]}}],"collection":[{"href":"https:\/\/agora.xtec.cat\/escolabaloo\/wp-json\/wp\/v2\/pages"}],"about":[{"href":"https:\/\/agora.xtec.cat\/escolabaloo\/wp-json\/wp\/v2\/types\/page"}],"author":[{"embeddable":true,"href":"https:\/\/agora.xtec.cat\/escolabaloo\/wp-json\/wp\/v2\/users\/1"}],"replies":[{"embeddable":true,"href":"https:\/\/agora.xtec.cat\/escolabaloo\/wp-json\/wp\/v2\/comments?post=6558"}],"version-history":[{"count":3,"href":"https:\/\/agora.xtec.cat\/escolabaloo\/wp-json\/wp\/v2\/pages\/6558\/revisions"}],"predecessor-version":[{"id":6812,"href":"https:\/\/agora.xtec.cat\/escolabaloo\/wp-json\/wp\/v2\/pages\/6558\/revisions\/6812"}],"up":[{"embeddable":true,"href":"https:\/\/agora.xtec.cat\/escolabaloo\/wp-json\/wp\/v2\/pages\/6554"}],"wp:attachment":[{"href":"https:\/\/agora.xtec.cat\/escolabaloo\/wp-json\/wp\/v2\/media?parent=6558"}],"curies":[{"name":"wp","href":"https:\/\/api.w.org\/{rel}","templated":true}]}}