{"id":64,"date":"2014-09-18T12:39:08","date_gmt":"2014-09-18T10:39:08","guid":{"rendered":"http:\/\/agora.xtec.cat\/escolabaloo\/?page_id=64"},"modified":"2019-02-14T09:27:46","modified_gmt":"2019-02-14T08:27:46","slug":"projecte-educatiu","status":"publish","type":"page","link":"https:\/\/agora.xtec.cat\/escolabaloo\/projecte-educatiu\/","title":{"rendered":"Projecte educatiu"},"content":{"rendered":"<p>El Projecte Educatiu de Centre constitueix el\u00a0 marc de refer\u00e8ncia de tota l&#8217;activitat escolar.<\/p>\n<p>T\u00e9 en compte la traject\u00f2ria pedag\u00f2gica i organitzativa que ha seguit l&#8217;escola des de seu inici, l&#8217;experi\u00e8ncia docent compartida entre tot l&#8217;equip docent, la composici\u00f3 sociocultural dels nostres alumnes i les seves fam\u00edlies, la dimensi\u00f3 social del centre, la relaci\u00f3 amb d&#8217;altres institucionsi l&#8217;entorn natural social i geogr\u00e0fic on est\u00e0 arrelada l&#8217;escola.<\/p>\n<p>T\u00e9 la voluntat de garantir una tasca educativa coherent, coordinada, progressiva i consensuada per part de tota la comunitat educativa de l&#8217;escola que afavoreix l&#8217;assoliment de les compet\u00e8ncies b\u00e0siques dels nostres alumnes.<\/p>\n<p>Aquest doucument es desenvolupa i concreta en altres documents complementaris i vincula el seu desplegament amb els Projectes de Direcci\u00f3 que es formulen per per\u00edodes de mandat<\/p>\n","protected":false},"excerpt":{"rendered":"<p>El Projecte Educatiu de Centre constitueix el\u00a0 marc de refer\u00e8ncia de tota l&#8217;activitat escolar.<br \/>\nT\u00e9 en compte la traject\u00f2ria pedag\u00f2gica i organitzativa que ha seguit l&#8217;escola des de seu inici, l&#8217;experi\u00e8ncia docent compartida entre tot l&#8217;equip docent, la composici\u00f3 sociocultural dels nostres alumnes i les seves&hellip;  <a href=\"https:\/\/agora.xtec.cat\/escolabaloo\/projecte-educatiu\/\" title=\"Read Projecte educatiu\">Llegeix m\u00e9s\u00bb<\/a><\/p>\n","protected":false},"author":1,"featured_media":0,"parent":0,"menu_order":2,"comment_status":"closed","ping_status":"closed","template":"page-templates\/side-menu.php","meta":{"_bbp_topic_count":0,"_bbp_reply_count":0,"_bbp_total_topic_count":0,"_bbp_total_reply_count":0,"_bbp_voice_count":0,"_bbp_anonymous_reply_count":0,"_bbp_topic_count_hidden":0,"_bbp_reply_count_hidden":0,"_bbp_forum_subforum_count":0,"footnotes":""},"class_list":["post-64","page","type-page","status-publish","hentry"],"post_mailing_queue_ids":[],"_links":{"self":[{"href":"https:\/\/agora.xtec.cat\/escolabaloo\/wp-json\/wp\/v2\/pages\/64","targetHints":{"allow":["GET"]}}],"collection":[{"href":"https:\/\/agora.xtec.cat\/escolabaloo\/wp-json\/wp\/v2\/pages"}],"about":[{"href":"https:\/\/agora.xtec.cat\/escolabaloo\/wp-json\/wp\/v2\/types\/page"}],"author":[{"embeddable":true,"href":"https:\/\/agora.xtec.cat\/escolabaloo\/wp-json\/wp\/v2\/users\/1"}],"replies":[{"embeddable":true,"href":"https:\/\/agora.xtec.cat\/escolabaloo\/wp-json\/wp\/v2\/comments?post=64"}],"version-history":[{"count":3,"href":"https:\/\/agora.xtec.cat\/escolabaloo\/wp-json\/wp\/v2\/pages\/64\/revisions"}],"predecessor-version":[{"id":8214,"href":"https:\/\/agora.xtec.cat\/escolabaloo\/wp-json\/wp\/v2\/pages\/64\/revisions\/8214"}],"wp:attachment":[{"href":"https:\/\/agora.xtec.cat\/escolabaloo\/wp-json\/wp\/v2\/media?parent=64"}],"curies":[{"name":"wp","href":"https:\/\/api.w.org\/{rel}","templated":true}]}}