{"id":6223,"date":"2016-05-20T12:16:38","date_gmt":"2016-05-20T11:16:38","guid":{"rendered":"http:\/\/agora.xtec.cat\/escolabaloo\/?page_id=6223"},"modified":"2022-04-21T10:40:09","modified_gmt":"2022-04-21T08:40:09","slug":"afa","status":"publish","type":"page","link":"https:\/\/agora.xtec.cat\/escolabaloo\/afa\/","title":{"rendered":"AFA"},"content":{"rendered":"<p><a href=\"https:\/\/agora.xtec.cat\/escolabaloo\/wp-content\/uploads\/usu902\/2020\/02\/AFA_2019_def.jpg\"><img loading=\"lazy\" decoding=\"async\" class=\"wp-image-10460 alignright\" src=\"https:\/\/agora.xtec.cat\/escolabaloo\/wp-content\/uploads\/usu902\/2020\/02\/AFA_2019_def-1024x742.jpg\" alt=\"\" width=\"620\" height=\"449\" srcset=\"https:\/\/agora.xtec.cat\/escolabaloo\/wp-content\/uploads\/usu902\/2020\/02\/AFA_2019_def-1024x742.jpg 1024w, https:\/\/agora.xtec.cat\/escolabaloo\/wp-content\/uploads\/usu902\/2020\/02\/AFA_2019_def-300x218.jpg 300w, https:\/\/agora.xtec.cat\/escolabaloo\/wp-content\/uploads\/usu902\/2020\/02\/AFA_2019_def-768x557.jpg 768w\" sizes=\"auto, (max-width: 620px) 100vw, 620px\" \/><\/a><\/p>\n<p>Qu\u00e8 \u00e9s l&#8217;<strong>AFA<\/strong>?<\/p>\n<p>Hola! Benvinguts a l\u2019Escola Baloo! L&#8217;AFA \u00e9s l\u2019associaci\u00f3 de Fam\u00edlies de l\u2019Escola Baloo.<\/p>\n<p>Totes les fam\u00edlies en formem part! Ens agrupem amb l\u2019objectiu de vetllar per a la millora de l\u2019ensenyament que reben les nenes i els nens, sempre coordinats amb l&#8217;Escola.<\/p>\n<p>Ens organitzem a trav\u00e9s d\u2019un grup de pares que volunt\u00e0riament gestionen alguns serveis per ajudar al bon funcionament del centre i per ajudar a les fam\u00edlies.<\/p>\n<p>Pel que, si tens alguna proposta, dubte, felicitaci\u00f3 o queixa, pots fer-ho a trav\u00e9s del correu de la comissi\u00f3 corresponent o tamb\u00e9 a trav\u00e9s del correu:<\/p>\n<p><a href=\"mailto:afa@escolabaloo.cat\"><b>afa<span class=\"atwho-query\">@escolabaloo.cat<\/span><\/b><\/a><\/p>\n","protected":false},"excerpt":{"rendered":"<p><a href=\"https:\/\/agora.xtec.cat\/escolabaloo\/wp-content\/uploads\/usu902\/2020\/02\/AFA_2019_def.jpg\"><\/a><br \/>\nQu\u00e8 \u00e9s l&#8217;AFA?<br \/>\nHola! Benvinguts a l\u2019Escola Baloo! L&#8217;AFA \u00e9s l\u2019associaci\u00f3 de Fam\u00edlies de l\u2019Escola Baloo.<br \/>\nTotes les fam\u00edlies en formem part! Ens agrupem amb l\u2019objectiu de vetllar per a la millora de l\u2019ensenyament que reben les nenes i els nens, sempre coordinats amb l&#8217;Escola.<br \/>\nEns organitzem&hellip;  <a href=\"https:\/\/agora.xtec.cat\/escolabaloo\/afa\/\" title=\"Read AFA\">Llegeix m\u00e9s\u00bb<\/a><\/p>\n","protected":false},"author":1,"featured_media":0,"parent":0,"menu_order":0,"comment_status":"closed","ping_status":"closed","template":"page-templates\/side-menu.php","meta":{"_bbp_topic_count":0,"_bbp_reply_count":0,"_bbp_total_topic_count":0,"_bbp_total_reply_count":0,"_bbp_voice_count":0,"_bbp_anonymous_reply_count":0,"_bbp_topic_count_hidden":0,"_bbp_reply_count_hidden":0,"_bbp_forum_subforum_count":0,"footnotes":""},"class_list":["post-6223","page","type-page","status-publish","hentry"],"post_mailing_queue_ids":[],"_links":{"self":[{"href":"https:\/\/agora.xtec.cat\/escolabaloo\/wp-json\/wp\/v2\/pages\/6223","targetHints":{"allow":["GET"]}}],"collection":[{"href":"https:\/\/agora.xtec.cat\/escolabaloo\/wp-json\/wp\/v2\/pages"}],"about":[{"href":"https:\/\/agora.xtec.cat\/escolabaloo\/wp-json\/wp\/v2\/types\/page"}],"author":[{"embeddable":true,"href":"https:\/\/agora.xtec.cat\/escolabaloo\/wp-json\/wp\/v2\/users\/1"}],"replies":[{"embeddable":true,"href":"https:\/\/agora.xtec.cat\/escolabaloo\/wp-json\/wp\/v2\/comments?post=6223"}],"version-history":[{"count":5,"href":"https:\/\/agora.xtec.cat\/escolabaloo\/wp-json\/wp\/v2\/pages\/6223\/revisions"}],"predecessor-version":[{"id":11452,"href":"https:\/\/agora.xtec.cat\/escolabaloo\/wp-json\/wp\/v2\/pages\/6223\/revisions\/11452"}],"wp:attachment":[{"href":"https:\/\/agora.xtec.cat\/escolabaloo\/wp-json\/wp\/v2\/media?parent=6223"}],"curies":[{"name":"wp","href":"https:\/\/api.w.org\/{rel}","templated":true}]}}