{"id":26,"date":"2014-09-18T12:24:32","date_gmt":"2014-09-18T11:24:32","guid":{"rendered":"http:\/\/agora.xtec.cat\/escolabaloo\/?page_id=26"},"modified":"2017-11-13T14:08:02","modified_gmt":"2017-11-13T13:08:02","slug":"historia","status":"publish","type":"page","link":"https:\/\/agora.xtec.cat\/escolabaloo\/lescola\/historia\/","title":{"rendered":"Hist\u00f2ria"},"content":{"rendered":"<p>L\u2019Escola Baloo ( Cooperativa Escolar de Montbau) es constitueix durant el curs 1966-67 per donar resposta a les inquietuds d\u2019un grup de pares i mares que pretenen millorar les condicions socials i educatives del barri.<\/p>\n<p>El seu objectiu principal \u00e9s oferir als nens i nenes una escolaritzaci\u00f3 catalana, laica i de qualitat seguint un model de gesti\u00f3 cooperativa entre totes les fam\u00edlies, eliminant aix\u00ed qualsevol afany de lucre. Durant aquells primers anys i coincidint amb el ressorgir de nombrosos moviments de renovaci\u00f3 pedag\u00f2gica a Catalunya, l\u2019equip de mestres i els membres de la Cooperativa tenen pres\u00e8ncia activa en diverses institucions pedag\u00f2giques: Associaci\u00f3 de Mestres Rosa Sensat; Moviment d\u2019Escola Moderna; Coordinaci\u00f3 Escolar i \u00e9s a la d\u00e8cada dels 80 que es participa activament en la creaci\u00f3 del Col\u00b7lectiu d\u2019Escoles per l\u2019Escola P\u00fablica Catalana ( C.E.P.E.P.C ) i en l\u2019elaboraci\u00f3 dels seus Estatuts. Despr\u00e9s d\u2019uns anys de lluita , l\u2019Escola Baloo va aconseguir\u00a0 la seva integraci\u00f3 a la xarxa d\u2019escoles p\u00fabliques durant el curs 1987 \u2013 88, assolint aix\u00ed un dels objectius per als quals\u00a0 havia estat creada: un ensenyament p\u00fablic i de qualitat per a tothom.<\/p>\n<p>\u00c9s uns anys m\u00e9s tard , al setembre de l \u2018any 1993, que fruit d\u2019una redistribuci\u00f3 del mapa escolar i de les escoles de la zona, per part del Departament d\u2019ensenyament vigent , l\u2019escola canvia la seva ubicaci\u00f3 a l\u2019edifici del C\/ Vayreda als equipaments actuals, ocupant les instal.lacions de l\u2019antiga escola Enric Borr\u00e0s.<\/p>\n","protected":false},"excerpt":{"rendered":"<p>L\u2019Escola Baloo ( Cooperativa Escolar de Montbau) es constitueix durant el curs 1966-67 per donar resposta a les inquietuds d\u2019un grup de pares i mares que pretenen millorar les condicions socials i educatives del barri.<br \/>\nEl seu objectiu principal \u00e9s oferir als nens i nenes una&hellip;  <a href=\"https:\/\/agora.xtec.cat\/escolabaloo\/lescola\/historia\/\" title=\"Read Hist\u00f2ria\">Llegeix m\u00e9s\u00bb<\/a><\/p>\n","protected":false},"author":1,"featured_media":0,"parent":22,"menu_order":1,"comment_status":"closed","ping_status":"closed","template":"page-templates\/side-menu.php","meta":{"_bbp_topic_count":0,"_bbp_reply_count":0,"_bbp_total_topic_count":0,"_bbp_total_reply_count":0,"_bbp_voice_count":0,"_bbp_anonymous_reply_count":0,"_bbp_topic_count_hidden":0,"_bbp_reply_count_hidden":0,"_bbp_forum_subforum_count":0,"footnotes":""},"class_list":["post-26","page","type-page","status-publish","hentry"],"post_mailing_queue_ids":[],"_links":{"self":[{"href":"https:\/\/agora.xtec.cat\/escolabaloo\/wp-json\/wp\/v2\/pages\/26","targetHints":{"allow":["GET"]}}],"collection":[{"href":"https:\/\/agora.xtec.cat\/escolabaloo\/wp-json\/wp\/v2\/pages"}],"about":[{"href":"https:\/\/agora.xtec.cat\/escolabaloo\/wp-json\/wp\/v2\/types\/page"}],"author":[{"embeddable":true,"href":"https:\/\/agora.xtec.cat\/escolabaloo\/wp-json\/wp\/v2\/users\/1"}],"replies":[{"embeddable":true,"href":"https:\/\/agora.xtec.cat\/escolabaloo\/wp-json\/wp\/v2\/comments?post=26"}],"version-history":[{"count":2,"href":"https:\/\/agora.xtec.cat\/escolabaloo\/wp-json\/wp\/v2\/pages\/26\/revisions"}],"predecessor-version":[{"id":182,"href":"https:\/\/agora.xtec.cat\/escolabaloo\/wp-json\/wp\/v2\/pages\/26\/revisions\/182"}],"up":[{"embeddable":true,"href":"https:\/\/agora.xtec.cat\/escolabaloo\/wp-json\/wp\/v2\/pages\/22"}],"wp:attachment":[{"href":"https:\/\/agora.xtec.cat\/escolabaloo\/wp-json\/wp\/v2\/media?parent=26"}],"curies":[{"name":"wp","href":"https:\/\/api.w.org\/{rel}","templated":true}]}}