{"id":19505,"date":"2025-05-15T15:22:49","date_gmt":"2025-05-15T13:22:49","guid":{"rendered":"https:\/\/agora.xtec.cat\/escolabaloo\/?page_id=19505"},"modified":"2025-07-01T00:21:07","modified_gmt":"2025-06-30T22:21:07","slug":"lart","status":"publish","type":"page","link":"https:\/\/agora.xtec.cat\/escolabaloo\/lart\/","title":{"rendered":"L&#8217;ART"},"content":{"rendered":"<p style=\"text-align: justify;\"><em>L\u2019Escola Baloo \u00e9s una de les escoles cooperatives que ha mantingut l\u2019art a les aules, iniciant-se en el Franquisme, passant pel CEPEPC (Col\u00b7lectiu d\u2019Escoles per l\u2019Escola P\u00fablica Catalana) fins a data d\u2019avui. Aquest trajecte hagu\u00e9s sigut inviable sense el comprom\u00eds econ\u00f2mic de les fam\u00edlies i la const\u00e0ncia i tenacitat de les diferents direccions. Al llarg de tot aquest temps s\u2019han anat passant el relleu v\u00e0ries generacions d\u2019especialistes, sempre adaptant-se als diferents contextos.<\/em><\/p>\n<p style=\"text-align: right;\">Josep Serra \u201cPepo\u201d 1968-1979<\/p>\n<p style=\"text-align: right;\">Alberto Motta 1979-1981<\/p>\n<p style=\"text-align: justify;\"><em>Atrevir-se a fer coses diferents, plantejar-se reptes, anar per un pas endavant del que ja sabem fer, intentar coses noves, experimentar en lloc de copiar, suggerir m\u00e9s que mostrar, introduir el virus del dubte, del pensament divers, lateral, perif\u00e8ric, cr\u00edtic, q\u00fcestionar-se les coses i, si cal, riure\u00b4ns de nosaltres mateixos.<\/em><\/p>\n<p style=\"text-align: right;\">Ferran Garcia Mallol 1981-2014<\/p>\n<p style=\"text-align: justify;\"><em>Hem de situar el desenvolupament de la creativitat a totes les \u00e0rees de l\u2019aprenentatge que impliquin l\u2019exploraci\u00f3, la pr\u00e0ctica i l\u2019eixamplament d\u2019aquests tres \u00e0mbits de la vida de cada infant: la seva interioritat, el seu entorn, i el seu cos, que \u00e9s el pont que fa possible la relaci\u00f3 de l\u2019un amb l\u2019altre.<\/em><\/p>\n<p style=\"text-align: right;\">Ana\u00efs Pineda R\u00fcegg 2014-2021<\/p>\n<p style=\"text-align: right;\">Marta 2021-2022<\/p>\n<p style=\"text-align: justify;\"><em>\u201cL&#8217;art \u00e9s una activitat que consisteix a produir relacions amb el m\u00f3n amb l&#8217;ajuda de signes, formes, accions i objectes&#8230; \u201c. <\/em>\u00a0Ens agafem <em>a<\/em> l\u2019actitud que ens proposa Nicolas <em>Bourriaud<\/em>, servir-nos de l\u2019art per<em> \u201cestar oberts a all\u00f2 que est\u00e0 passant en el present, que invariablement supera, a priori, les nostres capacitats d&#8217;enteniment\u201d. <\/em>Nicolas Bourriaud, Relational Aesthetics, 1998<\/p>\n<p style=\"text-align: right;\">Oriol 2022-2025<\/p>\n<p style=\"text-align: center;\"><a href=\"https:\/\/agora.xtec.cat\/escolabaloo\/visual-i-plastica\/\"><span style=\"color: #ff6600;\"><strong>TORNAR<\/strong><\/span><\/a><\/p>\n","protected":false},"excerpt":{"rendered":"<p>L\u2019Escola Baloo \u00e9s una de les escoles cooperatives que ha mantingut l\u2019art a les aules, iniciant-se en el Franquisme, passant pel CEPEPC (Col\u00b7lectiu d\u2019Escoles per l\u2019Escola P\u00fablica Catalana) fins a data d\u2019avui. Aquest trajecte hagu\u00e9s sigut inviable sense el comprom\u00eds econ\u00f2mic de les fam\u00edlies i&hellip;  <a href=\"https:\/\/agora.xtec.cat\/escolabaloo\/lart\/\" title=\"Read L&#8217;ART\">Llegeix m\u00e9s\u00bb<\/a><\/p>\n","protected":false},"author":1,"featured_media":0,"parent":0,"menu_order":0,"comment_status":"closed","ping_status":"closed","template":"","meta":{"_bbp_topic_count":0,"_bbp_reply_count":0,"_bbp_total_topic_count":0,"_bbp_total_reply_count":0,"_bbp_voice_count":0,"_bbp_anonymous_reply_count":0,"_bbp_topic_count_hidden":0,"_bbp_reply_count_hidden":0,"_bbp_forum_subforum_count":0,"footnotes":""},"class_list":["post-19505","page","type-page","status-publish","hentry"],"post_mailing_queue_ids":[],"_links":{"self":[{"href":"https:\/\/agora.xtec.cat\/escolabaloo\/wp-json\/wp\/v2\/pages\/19505","targetHints":{"allow":["GET"]}}],"collection":[{"href":"https:\/\/agora.xtec.cat\/escolabaloo\/wp-json\/wp\/v2\/pages"}],"about":[{"href":"https:\/\/agora.xtec.cat\/escolabaloo\/wp-json\/wp\/v2\/types\/page"}],"author":[{"embeddable":true,"href":"https:\/\/agora.xtec.cat\/escolabaloo\/wp-json\/wp\/v2\/users\/1"}],"replies":[{"embeddable":true,"href":"https:\/\/agora.xtec.cat\/escolabaloo\/wp-json\/wp\/v2\/comments?post=19505"}],"version-history":[{"count":6,"href":"https:\/\/agora.xtec.cat\/escolabaloo\/wp-json\/wp\/v2\/pages\/19505\/revisions"}],"predecessor-version":[{"id":19692,"href":"https:\/\/agora.xtec.cat\/escolabaloo\/wp-json\/wp\/v2\/pages\/19505\/revisions\/19692"}],"wp:attachment":[{"href":"https:\/\/agora.xtec.cat\/escolabaloo\/wp-json\/wp\/v2\/media?parent=19505"}],"curies":[{"name":"wp","href":"https:\/\/api.w.org\/{rel}","templated":true}]}}