{"id":19293,"date":"2025-04-09T09:47:17","date_gmt":"2025-04-09T07:47:17","guid":{"rendered":"https:\/\/agora.xtec.cat\/escolabaloo\/?page_id=19293"},"modified":"2025-05-28T13:05:51","modified_gmt":"2025-05-28T11:05:51","slug":"i5-grup-tortugues-_t3-curs-24-25","status":"publish","type":"page","link":"https:\/\/agora.xtec.cat\/escolabaloo\/i5-grup-tortugues-_t3-curs-24-25\/","title":{"rendered":"I5  GRUP TORTUGUES _T3 curs 24 &#8211; 25"},"content":{"rendered":"<p><strong>ARBRES GOTA<\/strong><\/p>\n<p>Hi ha una de les moltes reflexions d&#8217;en Bruno Munari que sempre acompanya aquest exercici: &#8220;un arbre \u00e9s la lenta explosi\u00f3 d&#8217;una llavor&#8221;.<\/p>\n\n\t\t<style type=\"text\/css\">\n\t\t\t#gallery-1 {\n\t\t\t\tmargin: auto;\n\t\t\t}\n\t\t\t#gallery-1 .gallery-item {\n\t\t\t\tfloat: left;\n\t\t\t\tmargin-top: 10px;\n\t\t\t\ttext-align: center;\n\t\t\t\twidth: 25%;\n\t\t\t}\n\t\t\t#gallery-1 img {\n\t\t\t\tborder: 2px solid #cfcfcf;\n\t\t\t}\n\t\t\t#gallery-1 .gallery-caption {\n\t\t\t\tmargin-left: 0;\n\t\t\t}\n\t\t\t\/* see gallery_shortcode() in wp-includes\/media.php *\/\n\t\t<\/style>\n\t\t<div id='gallery-1' class='gallery galleryid-19293 gallery-columns-4 gallery-size-full'><dl class='gallery-item'>\n\t\t\t<dt class='gallery-icon portrait'>\n\t\t\t\t<a href='https:\/\/agora.xtec.cat\/escolabaloo\/i5-grup-tortugues-_t3-curs-24-25\/attachment\/arbresgota_0000_img_3648-heic\/'><img loading=\"lazy\" decoding=\"async\" width=\"397\" height=\"529\" src=\"https:\/\/agora.xtec.cat\/escolabaloo\/wp-content\/uploads\/usu902\/2025\/05\/arbresgota_0000_IMG_3648.HEIC.jpg\" class=\"attachment-full size-full\" alt=\"\" srcset=\"https:\/\/agora.xtec.cat\/escolabaloo\/wp-content\/uploads\/usu902\/2025\/05\/arbresgota_0000_IMG_3648.HEIC.jpg 397w, https:\/\/agora.xtec.cat\/escolabaloo\/wp-content\/uploads\/usu902\/2025\/05\/arbresgota_0000_IMG_3648.HEIC-225x300.jpg 225w\" sizes=\"auto, (max-width: 397px) 100vw, 397px\" \/><\/a>\n\t\t\t<\/dt><\/dl><dl class='gallery-item'>\n\t\t\t<dt class='gallery-icon portrait'>\n\t\t\t\t<a href='https:\/\/agora.xtec.cat\/escolabaloo\/i5-grup-tortugues-_t3-curs-24-25\/attachment\/arbresgota_0001_img_3649-heic\/'><img loading=\"lazy\" decoding=\"async\" width=\"397\" height=\"529\" src=\"https:\/\/agora.xtec.cat\/escolabaloo\/wp-content\/uploads\/usu902\/2025\/05\/arbresgota_0001_IMG_3649.HEIC.jpg\" class=\"attachment-full size-full\" alt=\"\" srcset=\"https:\/\/agora.xtec.cat\/escolabaloo\/wp-content\/uploads\/usu902\/2025\/05\/arbresgota_0001_IMG_3649.HEIC.jpg 397w, https:\/\/agora.xtec.cat\/escolabaloo\/wp-content\/uploads\/usu902\/2025\/05\/arbresgota_0001_IMG_3649.HEIC-225x300.jpg 225w\" sizes=\"auto, (max-width: 397px) 100vw, 397px\" \/><\/a>\n\t\t\t<\/dt><\/dl><dl class='gallery-item'>\n\t\t\t<dt class='gallery-icon portrait'>\n\t\t\t\t<a href='https:\/\/agora.xtec.cat\/escolabaloo\/i5-grup-tortugues-_t3-curs-24-25\/attachment\/arbresgota_0002_img_3652-heic\/'><img loading=\"lazy\" decoding=\"async\" width=\"397\" height=\"529\" src=\"https:\/\/agora.xtec.cat\/escolabaloo\/wp-content\/uploads\/usu902\/2025\/05\/arbresgota_0002_IMG_3652.HEIC.jpg\" class=\"attachment-full size-full\" alt=\"\" srcset=\"https:\/\/agora.xtec.cat\/escolabaloo\/wp-content\/uploads\/usu902\/2025\/05\/arbresgota_0002_IMG_3652.HEIC.jpg 397w, https:\/\/agora.xtec.cat\/escolabaloo\/wp-content\/uploads\/usu902\/2025\/05\/arbresgota_0002_IMG_3652.HEIC-225x300.jpg 225w\" sizes=\"auto, (max-width: 397px) 100vw, 397px\" \/><\/a>\n\t\t\t<\/dt><\/dl><dl class='gallery-item'>\n\t\t\t<dt class='gallery-icon portrait'>\n\t\t\t\t<a href='https:\/\/agora.xtec.cat\/escolabaloo\/i5-grup-tortugues-_t3-curs-24-25\/attachment\/arbresgota_0003_img_3653-heic\/'><img loading=\"lazy\" decoding=\"async\" width=\"397\" height=\"529\" src=\"https:\/\/agora.xtec.cat\/escolabaloo\/wp-content\/uploads\/usu902\/2025\/05\/arbresgota_0003_IMG_3653.HEIC.jpg\" class=\"attachment-full size-full\" alt=\"\" srcset=\"https:\/\/agora.xtec.cat\/escolabaloo\/wp-content\/uploads\/usu902\/2025\/05\/arbresgota_0003_IMG_3653.HEIC.jpg 397w, https:\/\/agora.xtec.cat\/escolabaloo\/wp-content\/uploads\/usu902\/2025\/05\/arbresgota_0003_IMG_3653.HEIC-225x300.jpg 225w\" sizes=\"auto, (max-width: 397px) 100vw, 397px\" \/><\/a>\n\t\t\t<\/dt><\/dl><br style=\"clear: both\" \/>\n\t\t<\/div>\n\n<p>Cadascuna marca una l\u00ednia al paper que separa el terra del cel. Despr\u00e9s nom\u00e9s cal plantar-hi una llavor, una sola gota de tinta d&#8217;on parteixen les arrels\u00a0 i d&#8217;on treu el cap la planta o l&#8217;arbre que va creixent cap a l&#8217;exterior.<\/p>\n\n\t\t<style type=\"text\/css\">\n\t\t\t#gallery-2 {\n\t\t\t\tmargin: auto;\n\t\t\t}\n\t\t\t#gallery-2 .gallery-item {\n\t\t\t\tfloat: left;\n\t\t\t\tmargin-top: 10px;\n\t\t\t\ttext-align: center;\n\t\t\t\twidth: 25%;\n\t\t\t}\n\t\t\t#gallery-2 img {\n\t\t\t\tborder: 2px solid #cfcfcf;\n\t\t\t}\n\t\t\t#gallery-2 .gallery-caption {\n\t\t\t\tmargin-left: 0;\n\t\t\t}\n\t\t\t\/* see gallery_shortcode() in wp-includes\/media.php *\/\n\t\t<\/style>\n\t\t<div id='gallery-2' class='gallery galleryid-19293 gallery-columns-4 gallery-size-full'><dl class='gallery-item'>\n\t\t\t<dt class='gallery-icon portrait'>\n\t\t\t\t<a href='https:\/\/agora.xtec.cat\/escolabaloo\/i5-grup-tortugues-_t3-curs-24-25\/attachment\/arbresgota_0005_img_3657-heic\/'><img loading=\"lazy\" decoding=\"async\" width=\"397\" height=\"529\" src=\"https:\/\/agora.xtec.cat\/escolabaloo\/wp-content\/uploads\/usu902\/2025\/05\/arbresgota_0005_IMG_3657.HEIC.jpg\" class=\"attachment-full size-full\" alt=\"\" srcset=\"https:\/\/agora.xtec.cat\/escolabaloo\/wp-content\/uploads\/usu902\/2025\/05\/arbresgota_0005_IMG_3657.HEIC.jpg 397w, https:\/\/agora.xtec.cat\/escolabaloo\/wp-content\/uploads\/usu902\/2025\/05\/arbresgota_0005_IMG_3657.HEIC-225x300.jpg 225w\" sizes=\"auto, (max-width: 397px) 100vw, 397px\" \/><\/a>\n\t\t\t<\/dt><\/dl><dl class='gallery-item'>\n\t\t\t<dt class='gallery-icon portrait'>\n\t\t\t\t<a href='https:\/\/agora.xtec.cat\/escolabaloo\/i5-grup-tortugues-_t3-curs-24-25\/attachment\/arbresgota_0007_img_3661-heic\/'><img loading=\"lazy\" decoding=\"async\" width=\"397\" height=\"529\" src=\"https:\/\/agora.xtec.cat\/escolabaloo\/wp-content\/uploads\/usu902\/2025\/05\/arbresgota_0007_IMG_3661.HEIC.jpg\" class=\"attachment-full size-full\" alt=\"\" srcset=\"https:\/\/agora.xtec.cat\/escolabaloo\/wp-content\/uploads\/usu902\/2025\/05\/arbresgota_0007_IMG_3661.HEIC.jpg 397w, https:\/\/agora.xtec.cat\/escolabaloo\/wp-content\/uploads\/usu902\/2025\/05\/arbresgota_0007_IMG_3661.HEIC-225x300.jpg 225w\" sizes=\"auto, (max-width: 397px) 100vw, 397px\" \/><\/a>\n\t\t\t<\/dt><\/dl><dl class='gallery-item'>\n\t\t\t<dt class='gallery-icon portrait'>\n\t\t\t\t<a href='https:\/\/agora.xtec.cat\/escolabaloo\/i5-grup-tortugues-_t3-curs-24-25\/attachment\/arbresgota_0009_img_3664-heic\/'><img loading=\"lazy\" decoding=\"async\" width=\"397\" height=\"529\" src=\"https:\/\/agora.xtec.cat\/escolabaloo\/wp-content\/uploads\/usu902\/2025\/05\/arbresgota_0009_IMG_3664.HEIC.jpg\" class=\"attachment-full size-full\" alt=\"\" srcset=\"https:\/\/agora.xtec.cat\/escolabaloo\/wp-content\/uploads\/usu902\/2025\/05\/arbresgota_0009_IMG_3664.HEIC.jpg 397w, https:\/\/agora.xtec.cat\/escolabaloo\/wp-content\/uploads\/usu902\/2025\/05\/arbresgota_0009_IMG_3664.HEIC-225x300.jpg 225w\" sizes=\"auto, (max-width: 397px) 100vw, 397px\" \/><\/a>\n\t\t\t<\/dt><\/dl><dl class='gallery-item'>\n\t\t\t<dt class='gallery-icon portrait'>\n\t\t\t\t<a href='https:\/\/agora.xtec.cat\/escolabaloo\/i5-grup-tortugues-_t3-curs-24-25\/attachment\/arbresgota_0008_img_3662-heic\/'><img loading=\"lazy\" decoding=\"async\" width=\"397\" height=\"529\" src=\"https:\/\/agora.xtec.cat\/escolabaloo\/wp-content\/uploads\/usu902\/2025\/05\/arbresgota_0008_IMG_3662.HEIC.jpg\" class=\"attachment-full size-full\" alt=\"\" srcset=\"https:\/\/agora.xtec.cat\/escolabaloo\/wp-content\/uploads\/usu902\/2025\/05\/arbresgota_0008_IMG_3662.HEIC.jpg 397w, https:\/\/agora.xtec.cat\/escolabaloo\/wp-content\/uploads\/usu902\/2025\/05\/arbresgota_0008_IMG_3662.HEIC-225x300.jpg 225w\" sizes=\"auto, (max-width: 397px) 100vw, 397px\" \/><\/a>\n\t\t\t<\/dt><\/dl><br style=\"clear: both\" \/>\n\t\t<\/div>\n\n<p>Gotes d&#8217;aquarel\u00b7la l\u00edquida completen el creixement, apareixen les fulles i alguns fruits<\/p>\n<p><strong>INVENTEM FRUITES<\/strong><\/p>\n\n\t\t<style type=\"text\/css\">\n\t\t\t#gallery-3 {\n\t\t\t\tmargin: auto;\n\t\t\t}\n\t\t\t#gallery-3 .gallery-item {\n\t\t\t\tfloat: left;\n\t\t\t\tmargin-top: 10px;\n\t\t\t\ttext-align: center;\n\t\t\t\twidth: 25%;\n\t\t\t}\n\t\t\t#gallery-3 img {\n\t\t\t\tborder: 2px solid #cfcfcf;\n\t\t\t}\n\t\t\t#gallery-3 .gallery-caption {\n\t\t\t\tmargin-left: 0;\n\t\t\t}\n\t\t\t\/* see gallery_shortcode() in wp-includes\/media.php *\/\n\t\t<\/style>\n\t\t<div id='gallery-3' class='gallery galleryid-19293 gallery-columns-4 gallery-size-full'><dl class='gallery-item'>\n\t\t\t<dt class='gallery-icon portrait'>\n\t\t\t\t<a href='https:\/\/agora.xtec.cat\/escolabaloo\/i5-grup-tortugues-_t3-curs-24-25\/attachment\/arbresfruiters_0000_capa-3\/'><img loading=\"lazy\" decoding=\"async\" width=\"510\" height=\"680\" src=\"https:\/\/agora.xtec.cat\/escolabaloo\/wp-content\/uploads\/usu902\/2025\/05\/arbresfruiters_0000_Capa-3.jpg\" class=\"attachment-full size-full\" alt=\"\" srcset=\"https:\/\/agora.xtec.cat\/escolabaloo\/wp-content\/uploads\/usu902\/2025\/05\/arbresfruiters_0000_Capa-3.jpg 510w, https:\/\/agora.xtec.cat\/escolabaloo\/wp-content\/uploads\/usu902\/2025\/05\/arbresfruiters_0000_Capa-3-225x300.jpg 225w\" sizes=\"auto, (max-width: 510px) 100vw, 510px\" \/><\/a>\n\t\t\t<\/dt><\/dl><dl class='gallery-item'>\n\t\t\t<dt class='gallery-icon portrait'>\n\t\t\t\t<a href='https:\/\/agora.xtec.cat\/escolabaloo\/i5-grup-tortugues-_t3-curs-24-25\/attachment\/arbresfruiters_0001_capa-2\/'><img loading=\"lazy\" decoding=\"async\" width=\"510\" height=\"680\" src=\"https:\/\/agora.xtec.cat\/escolabaloo\/wp-content\/uploads\/usu902\/2025\/05\/arbresfruiters_0001_Capa-2.jpg\" class=\"attachment-full size-full\" alt=\"\" srcset=\"https:\/\/agora.xtec.cat\/escolabaloo\/wp-content\/uploads\/usu902\/2025\/05\/arbresfruiters_0001_Capa-2.jpg 510w, https:\/\/agora.xtec.cat\/escolabaloo\/wp-content\/uploads\/usu902\/2025\/05\/arbresfruiters_0001_Capa-2-225x300.jpg 225w\" sizes=\"auto, (max-width: 510px) 100vw, 510px\" \/><\/a>\n\t\t\t<\/dt><\/dl><dl class='gallery-item'>\n\t\t\t<dt class='gallery-icon portrait'>\n\t\t\t\t<a href='https:\/\/agora.xtec.cat\/escolabaloo\/i5-grup-tortugues-_t3-curs-24-25\/attachment\/arbresfruiters_0002_capa-1\/'><img loading=\"lazy\" decoding=\"async\" width=\"510\" height=\"680\" src=\"https:\/\/agora.xtec.cat\/escolabaloo\/wp-content\/uploads\/usu902\/2025\/05\/arbresfruiters_0002_Capa-1.jpg\" class=\"attachment-full size-full\" alt=\"\" srcset=\"https:\/\/agora.xtec.cat\/escolabaloo\/wp-content\/uploads\/usu902\/2025\/05\/arbresfruiters_0002_Capa-1.jpg 510w, https:\/\/agora.xtec.cat\/escolabaloo\/wp-content\/uploads\/usu902\/2025\/05\/arbresfruiters_0002_Capa-1-225x300.jpg 225w\" sizes=\"auto, (max-width: 510px) 100vw, 510px\" \/><\/a>\n\t\t\t<\/dt><\/dl><dl class='gallery-item'>\n\t\t\t<dt class='gallery-icon portrait'>\n\t\t\t\t<a href='https:\/\/agora.xtec.cat\/escolabaloo\/i5-grup-tortugues-_t3-curs-24-25\/attachment\/arbresfruiters_0003_fondo\/'><img loading=\"lazy\" decoding=\"async\" width=\"510\" height=\"680\" src=\"https:\/\/agora.xtec.cat\/escolabaloo\/wp-content\/uploads\/usu902\/2025\/05\/arbresfruiters_0003_Fondo.jpg\" class=\"attachment-full size-full\" alt=\"\" srcset=\"https:\/\/agora.xtec.cat\/escolabaloo\/wp-content\/uploads\/usu902\/2025\/05\/arbresfruiters_0003_Fondo.jpg 510w, https:\/\/agora.xtec.cat\/escolabaloo\/wp-content\/uploads\/usu902\/2025\/05\/arbresfruiters_0003_Fondo-225x300.jpg 225w\" sizes=\"auto, (max-width: 510px) 100vw, 510px\" \/><\/a>\n\t\t\t<\/dt><\/dl><br style=\"clear: both\" \/>\n\t\t<\/div>\n\n\n\t\t<style type=\"text\/css\">\n\t\t\t#gallery-4 {\n\t\t\t\tmargin: auto;\n\t\t\t}\n\t\t\t#gallery-4 .gallery-item {\n\t\t\t\tfloat: left;\n\t\t\t\tmargin-top: 10px;\n\t\t\t\ttext-align: center;\n\t\t\t\twidth: 50%;\n\t\t\t}\n\t\t\t#gallery-4 img {\n\t\t\t\tborder: 2px solid #cfcfcf;\n\t\t\t}\n\t\t\t#gallery-4 .gallery-caption {\n\t\t\t\tmargin-left: 0;\n\t\t\t}\n\t\t\t\/* see gallery_shortcode() in wp-includes\/media.php *\/\n\t\t<\/style>\n\t\t<div id='gallery-4' class='gallery galleryid-19293 gallery-columns-2 gallery-size-full'><dl class='gallery-item'>\n\t\t\t<dt class='gallery-icon landscape'>\n\t\t\t\t<a href='https:\/\/agora.xtec.cat\/escolabaloo\/i5-grup-tortugues-_t3-curs-24-25\/attachment\/arbres-web_0001_capa-1\/'><img loading=\"lazy\" decoding=\"async\" width=\"709\" height=\"574\" src=\"https:\/\/agora.xtec.cat\/escolabaloo\/wp-content\/uploads\/usu902\/2025\/05\/arbres-web_0001_Capa-1.jpg\" class=\"attachment-full size-full\" alt=\"\" srcset=\"https:\/\/agora.xtec.cat\/escolabaloo\/wp-content\/uploads\/usu902\/2025\/05\/arbres-web_0001_Capa-1.jpg 709w, https:\/\/agora.xtec.cat\/escolabaloo\/wp-content\/uploads\/usu902\/2025\/05\/arbres-web_0001_Capa-1-300x243.jpg 300w\" sizes=\"auto, (max-width: 709px) 100vw, 709px\" \/><\/a>\n\t\t\t<\/dt><\/dl><dl class='gallery-item'>\n\t\t\t<dt class='gallery-icon landscape'>\n\t\t\t\t<a href='https:\/\/agora.xtec.cat\/escolabaloo\/i5-grup-tortugues-_t3-curs-24-25\/attachment\/arbres-web_0000_capa-0\/'><img loading=\"lazy\" decoding=\"async\" width=\"709\" height=\"574\" src=\"https:\/\/agora.xtec.cat\/escolabaloo\/wp-content\/uploads\/usu902\/2025\/05\/arbres-web_0000_Capa-0.jpg\" class=\"attachment-full size-full\" alt=\"\" srcset=\"https:\/\/agora.xtec.cat\/escolabaloo\/wp-content\/uploads\/usu902\/2025\/05\/arbres-web_0000_Capa-0.jpg 709w, https:\/\/agora.xtec.cat\/escolabaloo\/wp-content\/uploads\/usu902\/2025\/05\/arbres-web_0000_Capa-0-300x243.jpg 300w\" sizes=\"auto, (max-width: 709px) 100vw, 709px\" \/><\/a>\n\t\t\t<\/dt><\/dl><br style=\"clear: both\" \/>\n\t\t<\/div>\n\n<p><a href=\"https:\/\/agora.xtec.cat\/escolabaloo\/visual-i-plastica-_-2024-25\/\"><strong>tornar a l&#8217;INICI<\/strong><\/a><\/p>\n","protected":false},"excerpt":{"rendered":"<p>ARBRES GOTA<br \/>\nHi ha una de les moltes reflexions d&#8217;en Bruno Munari que sempre acompanya aquest exercici: &#8220;un arbre \u00e9s la lenta explosi\u00f3 d&#8217;una llavor&#8221;.<\/p>\n<p>\t\t\t#gallery-5 {<br \/>\n\t\t\t\tmargin: auto;<br \/>\n\t\t\t}<br \/>\n\t\t\t#gallery-5 .gallery-item {<br \/>\n\t\t\t\tfloat: left;<br \/>\n\t\t\t\tmargin-top: 10px;<br \/>\n\t\t\t\ttext-align: center;<br \/>\n\t\t\t\twidth: 25%;<br \/>\n\t\t\t}<br \/>\n\t\t\t#gallery-5 img {<br \/>\n\t\t\t\tborder: 2px solid #cfcfcf;<br \/>\n\t\t\t}<br \/>\n\t\t\t#gallery-5 .gallery-caption {<br \/>\n\t\t\t\tmargin-left: 0;<br \/>\n\t\t\t}<br \/>\n\t\t\t\/* see gallery_shortcode() in wp-includes\/media.php *\/<\/p>\n<p>\t\t\t\t<a&hellip;  <a href=\"https:\/\/agora.xtec.cat\/escolabaloo\/i5-grup-tortugues-_t3-curs-24-25\/\" title=\"Read I5  GRUP TORTUGUES _T3 curs 24 &#8211; 25\">Llegeix m\u00e9s\u00bb<\/a><\/p>\n","protected":false},"author":1,"featured_media":0,"parent":0,"menu_order":0,"comment_status":"closed","ping_status":"closed","template":"","meta":{"_bbp_topic_count":0,"_bbp_reply_count":0,"_bbp_total_topic_count":0,"_bbp_total_reply_count":0,"_bbp_voice_count":0,"_bbp_anonymous_reply_count":0,"_bbp_topic_count_hidden":0,"_bbp_reply_count_hidden":0,"_bbp_forum_subforum_count":0,"footnotes":""},"class_list":["post-19293","page","type-page","status-publish","hentry"],"post_mailing_queue_ids":[],"_links":{"self":[{"href":"https:\/\/agora.xtec.cat\/escolabaloo\/wp-json\/wp\/v2\/pages\/19293","targetHints":{"allow":["GET"]}}],"collection":[{"href":"https:\/\/agora.xtec.cat\/escolabaloo\/wp-json\/wp\/v2\/pages"}],"about":[{"href":"https:\/\/agora.xtec.cat\/escolabaloo\/wp-json\/wp\/v2\/types\/page"}],"author":[{"embeddable":true,"href":"https:\/\/agora.xtec.cat\/escolabaloo\/wp-json\/wp\/v2\/users\/1"}],"replies":[{"embeddable":true,"href":"https:\/\/agora.xtec.cat\/escolabaloo\/wp-json\/wp\/v2\/comments?post=19293"}],"version-history":[{"count":5,"href":"https:\/\/agora.xtec.cat\/escolabaloo\/wp-json\/wp\/v2\/pages\/19293\/revisions"}],"predecessor-version":[{"id":19622,"href":"https:\/\/agora.xtec.cat\/escolabaloo\/wp-json\/wp\/v2\/pages\/19293\/revisions\/19622"}],"wp:attachment":[{"href":"https:\/\/agora.xtec.cat\/escolabaloo\/wp-json\/wp\/v2\/media?parent=19293"}],"curies":[{"name":"wp","href":"https:\/\/api.w.org\/{rel}","templated":true}]}}