{"id":19271,"date":"2025-04-09T09:39:58","date_gmt":"2025-04-09T07:39:58","guid":{"rendered":"https:\/\/agora.xtec.cat\/escolabaloo\/?page_id=19271"},"modified":"2025-05-28T10:45:30","modified_gmt":"2025-05-28T08:45:30","slug":"6e-grup-24-25-t3","status":"publish","type":"page","link":"https:\/\/agora.xtec.cat\/escolabaloo\/6e-grup-24-25-t3\/","title":{"rendered":"6\u00e8 GRUP bandolers curs 24\/25 _ T3"},"content":{"rendered":"<p><strong>TIPOGRAFIA BANDOLERA25<\/strong><\/p>\n<p>Ja tenim la tipografia acabada! I no acaba de funcionar&#8230;<\/p>\n<p><img loading=\"lazy\" decoding=\"async\" class=\"aligncenter wp-image-19522 size-full\" src=\"https:\/\/agora.xtec.cat\/escolabaloo\/wp-content\/uploads\/usu902\/2025\/05\/BANDOLERA25-e1747317338934.jpg\" alt=\"\" width=\"752\" height=\"200\" srcset=\"https:\/\/agora.xtec.cat\/escolabaloo\/wp-content\/uploads\/usu902\/2025\/05\/BANDOLERA25-e1747317338934.jpg 752w, https:\/\/agora.xtec.cat\/escolabaloo\/wp-content\/uploads\/usu902\/2025\/05\/BANDOLERA25-e1747317338934-300x80.jpg 300w\" sizes=\"auto, (max-width: 752px) 100vw, 752px\" \/><\/p>\n<p>Passos per instal\u00b7lar-la:<\/p>\n<p>1. Descarregueu la carpeta\u00a0<a href=\"https:\/\/drive.google.com\/file\/d\/1tVDidiXtYK2Jco3empGIfknj_HmvciZ_\/view?usp=sharing\">BANDOLERA25<\/a>, un cop descarregada premeu dues vegades l\u2019arxiu per descomprimir.<\/p>\n<p>2. Obriu la carpeta BANDOLERA25,\u00a0 premeu dues vegades seguides perqu\u00e8 s\u2019obri el contingut.<\/p>\n<p>3. Us apareixer\u00e0 l\u2019arxiu en dos formats (.OTF o .TTF), ambd\u00f3s arxius funcionen tant en MAC com en Windows. Premeu qualsevol dels dos arxius i seguiu els passos que us demani el programari.<\/p>\n<p>&nbsp;<\/p>\n<p><strong>MICR\u00d2FONS DE CONTACTE EN ACCI\u00d3<\/strong><\/p>\n<p data-pm-slice=\"1 1 []\">Tamb\u00e9 hem acabat de soldar tots els micr\u00f2fons de contacte. Ha sigut lent, per\u00f2 ha valgut la pena! Ara a l&#8217;Escola ja tenim petits micr\u00f2fons que poden servir per amplificar qualsevol vibraci\u00f3.<\/p>\n<p><img loading=\"lazy\" decoding=\"async\" class=\"aligncenter wp-image-19525 size-full\" src=\"https:\/\/agora.xtec.cat\/escolabaloo\/wp-content\/uploads\/usu902\/2025\/05\/Captura-de-pantalla-2025-05-15-a-les-16.13.jpg\" alt=\"\" width=\"850\" height=\"493\" srcset=\"https:\/\/agora.xtec.cat\/escolabaloo\/wp-content\/uploads\/usu902\/2025\/05\/Captura-de-pantalla-2025-05-15-a-les-16.13.jpg 850w, https:\/\/agora.xtec.cat\/escolabaloo\/wp-content\/uploads\/usu902\/2025\/05\/Captura-de-pantalla-2025-05-15-a-les-16.13-300x174.jpg 300w, https:\/\/agora.xtec.cat\/escolabaloo\/wp-content\/uploads\/usu902\/2025\/05\/Captura-de-pantalla-2025-05-15-a-les-16.13-768x445.jpg 768w\" sizes=\"auto, (max-width: 850px) 100vw, 850px\" \/><\/p>\n\n\t\t<style type=\"text\/css\">\n\t\t\t#gallery-1 {\n\t\t\t\tmargin: auto;\n\t\t\t}\n\t\t\t#gallery-1 .gallery-item {\n\t\t\t\tfloat: left;\n\t\t\t\tmargin-top: 10px;\n\t\t\t\ttext-align: center;\n\t\t\t\twidth: 33%;\n\t\t\t}\n\t\t\t#gallery-1 img {\n\t\t\t\tborder: 2px solid #cfcfcf;\n\t\t\t}\n\t\t\t#gallery-1 .gallery-caption {\n\t\t\t\tmargin-left: 0;\n\t\t\t}\n\t\t\t\/* see gallery_shortcode() in wp-includes\/media.php *\/\n\t\t<\/style>\n\t\t<div id='gallery-1' class='gallery galleryid-19271 gallery-columns-3 gallery-size-full'><dl class='gallery-item'>\n\t\t\t<dt class='gallery-icon portrait'>\n\t\t\t\t<a href='https:\/\/agora.xtec.cat\/escolabaloo\/6e-grup-24-25-t3\/attachment\/soldant-mic-contacte_0000_img_4071-heic\/'><img loading=\"lazy\" decoding=\"async\" width=\"397\" height=\"529\" src=\"https:\/\/agora.xtec.cat\/escolabaloo\/wp-content\/uploads\/usu902\/2025\/05\/soldant-mic-contacte_0000_IMG_4071.HEIC.jpg\" class=\"attachment-full size-full\" alt=\"\" srcset=\"https:\/\/agora.xtec.cat\/escolabaloo\/wp-content\/uploads\/usu902\/2025\/05\/soldant-mic-contacte_0000_IMG_4071.HEIC.jpg 397w, https:\/\/agora.xtec.cat\/escolabaloo\/wp-content\/uploads\/usu902\/2025\/05\/soldant-mic-contacte_0000_IMG_4071.HEIC-225x300.jpg 225w\" sizes=\"auto, (max-width: 397px) 100vw, 397px\" \/><\/a>\n\t\t\t<\/dt><\/dl><dl class='gallery-item'>\n\t\t\t<dt class='gallery-icon portrait'>\n\t\t\t\t<a href='https:\/\/agora.xtec.cat\/escolabaloo\/6e-grup-24-25-t3\/attachment\/soldant-mic-contacte_0001_img_4072-heic\/'><img loading=\"lazy\" decoding=\"async\" width=\"397\" height=\"529\" src=\"https:\/\/agora.xtec.cat\/escolabaloo\/wp-content\/uploads\/usu902\/2025\/05\/soldant-mic-contacte_0001_IMG_4072.HEIC.jpg\" class=\"attachment-full size-full\" alt=\"\" srcset=\"https:\/\/agora.xtec.cat\/escolabaloo\/wp-content\/uploads\/usu902\/2025\/05\/soldant-mic-contacte_0001_IMG_4072.HEIC.jpg 397w, https:\/\/agora.xtec.cat\/escolabaloo\/wp-content\/uploads\/usu902\/2025\/05\/soldant-mic-contacte_0001_IMG_4072.HEIC-225x300.jpg 225w\" sizes=\"auto, (max-width: 397px) 100vw, 397px\" \/><\/a>\n\t\t\t<\/dt><\/dl><dl class='gallery-item'>\n\t\t\t<dt class='gallery-icon portrait'>\n\t\t\t\t<a href='https:\/\/agora.xtec.cat\/escolabaloo\/6e-grup-24-25-t3\/attachment\/soldant-mic-contacte_0002_img_4075-heic\/'><img loading=\"lazy\" decoding=\"async\" width=\"397\" height=\"529\" src=\"https:\/\/agora.xtec.cat\/escolabaloo\/wp-content\/uploads\/usu902\/2025\/05\/soldant-mic-contacte_0002_IMG_4075.HEIC.jpg\" class=\"attachment-full size-full\" alt=\"\" srcset=\"https:\/\/agora.xtec.cat\/escolabaloo\/wp-content\/uploads\/usu902\/2025\/05\/soldant-mic-contacte_0002_IMG_4075.HEIC.jpg 397w, https:\/\/agora.xtec.cat\/escolabaloo\/wp-content\/uploads\/usu902\/2025\/05\/soldant-mic-contacte_0002_IMG_4075.HEIC-225x300.jpg 225w\" sizes=\"auto, (max-width: 397px) 100vw, 397px\" \/><\/a>\n\t\t\t<\/dt><\/dl><br style=\"clear: both\" \/><dl class='gallery-item'>\n\t\t\t<dt class='gallery-icon portrait'>\n\t\t\t\t<a href='https:\/\/agora.xtec.cat\/escolabaloo\/6e-grup-24-25-t3\/attachment\/soldant-mic-contacte_0003_img_4076-heic\/'><img loading=\"lazy\" decoding=\"async\" width=\"397\" height=\"529\" src=\"https:\/\/agora.xtec.cat\/escolabaloo\/wp-content\/uploads\/usu902\/2025\/05\/soldant-mic-contacte_0003_IMG_4076.HEIC.jpg\" class=\"attachment-full size-full\" alt=\"\" srcset=\"https:\/\/agora.xtec.cat\/escolabaloo\/wp-content\/uploads\/usu902\/2025\/05\/soldant-mic-contacte_0003_IMG_4076.HEIC.jpg 397w, https:\/\/agora.xtec.cat\/escolabaloo\/wp-content\/uploads\/usu902\/2025\/05\/soldant-mic-contacte_0003_IMG_4076.HEIC-225x300.jpg 225w\" sizes=\"auto, (max-width: 397px) 100vw, 397px\" \/><\/a>\n\t\t\t<\/dt><\/dl><dl class='gallery-item'>\n\t\t\t<dt class='gallery-icon portrait'>\n\t\t\t\t<a href='https:\/\/agora.xtec.cat\/escolabaloo\/6e-grup-24-25-t3\/attachment\/soldant-mic-contacte_0004_img_4077-heic\/'><img loading=\"lazy\" decoding=\"async\" width=\"397\" height=\"529\" src=\"https:\/\/agora.xtec.cat\/escolabaloo\/wp-content\/uploads\/usu902\/2025\/05\/soldant-mic-contacte_0004_IMG_4077.HEIC.jpg\" class=\"attachment-full size-full\" alt=\"\" srcset=\"https:\/\/agora.xtec.cat\/escolabaloo\/wp-content\/uploads\/usu902\/2025\/05\/soldant-mic-contacte_0004_IMG_4077.HEIC.jpg 397w, https:\/\/agora.xtec.cat\/escolabaloo\/wp-content\/uploads\/usu902\/2025\/05\/soldant-mic-contacte_0004_IMG_4077.HEIC-225x300.jpg 225w\" sizes=\"auto, (max-width: 397px) 100vw, 397px\" \/><\/a>\n\t\t\t<\/dt><\/dl><dl class='gallery-item'>\n\t\t\t<dt class='gallery-icon portrait'>\n\t\t\t\t<a href='https:\/\/agora.xtec.cat\/escolabaloo\/6e-grup-24-25-t3\/attachment\/soldant-mic-contacte_0005_img_4081-heic\/'><img loading=\"lazy\" decoding=\"async\" width=\"397\" height=\"529\" src=\"https:\/\/agora.xtec.cat\/escolabaloo\/wp-content\/uploads\/usu902\/2025\/05\/soldant-mic-contacte_0005_IMG_4081.HEIC.jpg\" class=\"attachment-full size-full\" alt=\"\" srcset=\"https:\/\/agora.xtec.cat\/escolabaloo\/wp-content\/uploads\/usu902\/2025\/05\/soldant-mic-contacte_0005_IMG_4081.HEIC.jpg 397w, https:\/\/agora.xtec.cat\/escolabaloo\/wp-content\/uploads\/usu902\/2025\/05\/soldant-mic-contacte_0005_IMG_4081.HEIC-225x300.jpg 225w\" sizes=\"auto, (max-width: 397px) 100vw, 397px\" \/><\/a>\n\t\t\t<\/dt><\/dl><br style=\"clear: both\" \/>\n\t\t<\/div>\n\n<p><strong>DRAWDIO<\/strong><\/p>\n<p>Hem experimentat amb un <a href=\"https:\/\/www.youtube.com\/watch?v=P4-Wl0W1004\">DAWDIO<\/a>, un petit aparell que fa sonar els dibuixos i que al mateix temps et dona l&#8217;opci\u00f3 de dibuixar instruments. Un invent d&#8217;en <a href=\"https:\/\/www.youtube.com\/@jayngerous\">Jay Silver<\/a><\/p>\n<p><iframe loading=\"lazy\" title=\"Drawdio - a Pencil that draws sounds\" width=\"500\" height=\"375\" src=\"https:\/\/www.youtube.com\/embed\/gDaj3tBSM2M?start=17&#038;feature=oembed\" frameborder=\"0\" allow=\"accelerometer; autoplay; clipboard-write; encrypted-media; gyroscope; picture-in-picture; web-share\" referrerpolicy=\"strict-origin-when-cross-origin\" allowfullscreen><\/iframe><\/p>\n<p>Dibuixar sabent que el dibuix sonar\u00e0 ajuda a perdre pors. Aquella dita tan repetida del <em>&#8220;no s\u00e9 dibuixar&#8221;<\/em> desapareix i apareixen noves formes, dibuixos despreocupats, resultats i accions que podrien estar molt a prop d&#8217;aquelles obres d&#8217;art que moltes vegades generen rebuig perqu\u00e8 no les en tenem.<\/p>\n\n\t\t<style type=\"text\/css\">\n\t\t\t#gallery-2 {\n\t\t\t\tmargin: auto;\n\t\t\t}\n\t\t\t#gallery-2 .gallery-item {\n\t\t\t\tfloat: left;\n\t\t\t\tmargin-top: 10px;\n\t\t\t\ttext-align: center;\n\t\t\t\twidth: 33%;\n\t\t\t}\n\t\t\t#gallery-2 img {\n\t\t\t\tborder: 2px solid #cfcfcf;\n\t\t\t}\n\t\t\t#gallery-2 .gallery-caption {\n\t\t\t\tmargin-left: 0;\n\t\t\t}\n\t\t\t\/* see gallery_shortcode() in wp-includes\/media.php *\/\n\t\t<\/style>\n\t\t<div id='gallery-2' class='gallery galleryid-19271 gallery-columns-3 gallery-size-full'><dl class='gallery-item'>\n\t\t\t<dt class='gallery-icon portrait'>\n\t\t\t\t<a href='https:\/\/agora.xtec.cat\/escolabaloo\/6e-grup-24-25-t3\/attachment\/drawdio-baloo00005-heic\/'><img loading=\"lazy\" decoding=\"async\" width=\"373\" height=\"510\" src=\"https:\/\/agora.xtec.cat\/escolabaloo\/wp-content\/uploads\/usu902\/2025\/05\/DRAWDIO-BALOO00005.HEIC.jpg\" class=\"attachment-full size-full\" alt=\"\" srcset=\"https:\/\/agora.xtec.cat\/escolabaloo\/wp-content\/uploads\/usu902\/2025\/05\/DRAWDIO-BALOO00005.HEIC.jpg 373w, https:\/\/agora.xtec.cat\/escolabaloo\/wp-content\/uploads\/usu902\/2025\/05\/DRAWDIO-BALOO00005.HEIC-219x300.jpg 219w\" sizes=\"auto, (max-width: 373px) 100vw, 373px\" \/><\/a>\n\t\t\t<\/dt><\/dl><dl class='gallery-item'>\n\t\t\t<dt class='gallery-icon portrait'>\n\t\t\t\t<a href='https:\/\/agora.xtec.cat\/escolabaloo\/6e-grup-24-25-t3\/attachment\/drawdio-baloo00000-heic\/'><img loading=\"lazy\" decoding=\"async\" width=\"373\" height=\"510\" src=\"https:\/\/agora.xtec.cat\/escolabaloo\/wp-content\/uploads\/usu902\/2025\/05\/DRAWDIO-BALOO00000.HEIC.jpg\" class=\"attachment-full size-full\" alt=\"\" srcset=\"https:\/\/agora.xtec.cat\/escolabaloo\/wp-content\/uploads\/usu902\/2025\/05\/DRAWDIO-BALOO00000.HEIC.jpg 373w, https:\/\/agora.xtec.cat\/escolabaloo\/wp-content\/uploads\/usu902\/2025\/05\/DRAWDIO-BALOO00000.HEIC-219x300.jpg 219w\" sizes=\"auto, (max-width: 373px) 100vw, 373px\" \/><\/a>\n\t\t\t<\/dt><\/dl><dl class='gallery-item'>\n\t\t\t<dt class='gallery-icon portrait'>\n\t\t\t\t<a href='https:\/\/agora.xtec.cat\/escolabaloo\/6e-grup-24-25-t3\/attachment\/drawdio-baloo00001-heic\/'><img loading=\"lazy\" decoding=\"async\" width=\"373\" height=\"510\" src=\"https:\/\/agora.xtec.cat\/escolabaloo\/wp-content\/uploads\/usu902\/2025\/05\/DRAWDIO-BALOO00001.HEIC.jpg\" class=\"attachment-full size-full\" alt=\"\" srcset=\"https:\/\/agora.xtec.cat\/escolabaloo\/wp-content\/uploads\/usu902\/2025\/05\/DRAWDIO-BALOO00001.HEIC.jpg 373w, https:\/\/agora.xtec.cat\/escolabaloo\/wp-content\/uploads\/usu902\/2025\/05\/DRAWDIO-BALOO00001.HEIC-219x300.jpg 219w\" sizes=\"auto, (max-width: 373px) 100vw, 373px\" \/><\/a>\n\t\t\t<\/dt><\/dl><br style=\"clear: both\" \/><dl class='gallery-item'>\n\t\t\t<dt class='gallery-icon portrait'>\n\t\t\t\t<a href='https:\/\/agora.xtec.cat\/escolabaloo\/6e-grup-24-25-t3\/attachment\/drawdio-baloo00002-heic\/'><img loading=\"lazy\" decoding=\"async\" width=\"373\" height=\"510\" src=\"https:\/\/agora.xtec.cat\/escolabaloo\/wp-content\/uploads\/usu902\/2025\/05\/DRAWDIO-BALOO00002.HEIC.jpg\" class=\"attachment-full size-full\" alt=\"\" srcset=\"https:\/\/agora.xtec.cat\/escolabaloo\/wp-content\/uploads\/usu902\/2025\/05\/DRAWDIO-BALOO00002.HEIC.jpg 373w, https:\/\/agora.xtec.cat\/escolabaloo\/wp-content\/uploads\/usu902\/2025\/05\/DRAWDIO-BALOO00002.HEIC-219x300.jpg 219w\" sizes=\"auto, (max-width: 373px) 100vw, 373px\" \/><\/a>\n\t\t\t<\/dt><\/dl><dl class='gallery-item'>\n\t\t\t<dt class='gallery-icon portrait'>\n\t\t\t\t<a href='https:\/\/agora.xtec.cat\/escolabaloo\/6e-grup-24-25-t3\/attachment\/drawdio-baloo00003-heic\/'><img loading=\"lazy\" decoding=\"async\" width=\"373\" height=\"510\" src=\"https:\/\/agora.xtec.cat\/escolabaloo\/wp-content\/uploads\/usu902\/2025\/05\/DRAWDIO-BALOO00003.HEIC.jpg\" class=\"attachment-full size-full\" alt=\"\" srcset=\"https:\/\/agora.xtec.cat\/escolabaloo\/wp-content\/uploads\/usu902\/2025\/05\/DRAWDIO-BALOO00003.HEIC.jpg 373w, https:\/\/agora.xtec.cat\/escolabaloo\/wp-content\/uploads\/usu902\/2025\/05\/DRAWDIO-BALOO00003.HEIC-219x300.jpg 219w\" sizes=\"auto, (max-width: 373px) 100vw, 373px\" \/><\/a>\n\t\t\t<\/dt><\/dl><dl class='gallery-item'>\n\t\t\t<dt class='gallery-icon portrait'>\n\t\t\t\t<a href='https:\/\/agora.xtec.cat\/escolabaloo\/6e-grup-24-25-t3\/attachment\/drawdio-baloo00004-heic\/'><img loading=\"lazy\" decoding=\"async\" width=\"373\" height=\"510\" src=\"https:\/\/agora.xtec.cat\/escolabaloo\/wp-content\/uploads\/usu902\/2025\/05\/DRAWDIO-BALOO00004.HEIC.jpg\" class=\"attachment-full size-full\" alt=\"\" srcset=\"https:\/\/agora.xtec.cat\/escolabaloo\/wp-content\/uploads\/usu902\/2025\/05\/DRAWDIO-BALOO00004.HEIC.jpg 373w, https:\/\/agora.xtec.cat\/escolabaloo\/wp-content\/uploads\/usu902\/2025\/05\/DRAWDIO-BALOO00004.HEIC-219x300.jpg 219w\" sizes=\"auto, (max-width: 373px) 100vw, 373px\" \/><\/a>\n\t\t\t<\/dt><\/dl><br style=\"clear: both\" \/>\n\t\t<\/div>\n\n<!--[if lt IE 9]><script>document.createElement('audio');<\/script><![endif]-->\n<audio class=\"wp-audio-shortcode\" id=\"audio-19271-1\" preload=\"none\" style=\"width: 100%;\" controls=\"controls\"><source type=\"audio\/mpeg\" src=\"https:\/\/agora.xtec.cat\/escolabaloo\/wp-content\/uploads\/usu902\/2025\/05\/Drawdio-baloo-1.m4a?_=1\" \/><a href=\"https:\/\/agora.xtec.cat\/escolabaloo\/wp-content\/uploads\/usu902\/2025\/05\/Drawdio-baloo-1.m4a\">https:\/\/agora.xtec.cat\/escolabaloo\/wp-content\/uploads\/usu902\/2025\/05\/Drawdio-baloo-1.m4a<\/a><\/audio>\n<audio class=\"wp-audio-shortcode\" id=\"audio-19271-2\" preload=\"none\" style=\"width: 100%;\" controls=\"controls\"><source type=\"audio\/mpeg\" src=\"https:\/\/agora.xtec.cat\/escolabaloo\/wp-content\/uploads\/usu902\/2025\/05\/Drawdio-baloo-2.m4a?_=2\" \/><a href=\"https:\/\/agora.xtec.cat\/escolabaloo\/wp-content\/uploads\/usu902\/2025\/05\/Drawdio-baloo-2.m4a\">https:\/\/agora.xtec.cat\/escolabaloo\/wp-content\/uploads\/usu902\/2025\/05\/Drawdio-baloo-2.m4a<\/a><\/audio>\n\n\t\t<style type=\"text\/css\">\n\t\t\t#gallery-3 {\n\t\t\t\tmargin: auto;\n\t\t\t}\n\t\t\t#gallery-3 .gallery-item {\n\t\t\t\tfloat: left;\n\t\t\t\tmargin-top: 10px;\n\t\t\t\ttext-align: center;\n\t\t\t\twidth: 25%;\n\t\t\t}\n\t\t\t#gallery-3 img {\n\t\t\t\tborder: 2px solid #cfcfcf;\n\t\t\t}\n\t\t\t#gallery-3 .gallery-caption {\n\t\t\t\tmargin-left: 0;\n\t\t\t}\n\t\t\t\/* see gallery_shortcode() in wp-includes\/media.php *\/\n\t\t<\/style>\n\t\t<div id='gallery-3' class='gallery galleryid-19271 gallery-columns-4 gallery-size-full'><dl class='gallery-item'>\n\t\t\t<dt class='gallery-icon portrait'>\n\t\t\t\t<a href='https:\/\/agora.xtec.cat\/escolabaloo\/6e-grup-24-25-t3\/attachment\/drawdio-baloo00009-heic\/'><img loading=\"lazy\" decoding=\"async\" width=\"373\" height=\"510\" src=\"https:\/\/agora.xtec.cat\/escolabaloo\/wp-content\/uploads\/usu902\/2025\/05\/DRAWDIO-BALOO00009.HEIC.jpg\" class=\"attachment-full size-full\" alt=\"\" srcset=\"https:\/\/agora.xtec.cat\/escolabaloo\/wp-content\/uploads\/usu902\/2025\/05\/DRAWDIO-BALOO00009.HEIC.jpg 373w, https:\/\/agora.xtec.cat\/escolabaloo\/wp-content\/uploads\/usu902\/2025\/05\/DRAWDIO-BALOO00009.HEIC-219x300.jpg 219w\" sizes=\"auto, (max-width: 373px) 100vw, 373px\" \/><\/a>\n\t\t\t<\/dt><\/dl><dl class='gallery-item'>\n\t\t\t<dt class='gallery-icon portrait'>\n\t\t\t\t<a href='https:\/\/agora.xtec.cat\/escolabaloo\/6e-grup-24-25-t3\/attachment\/drawdio-baloo00008-heic\/'><img loading=\"lazy\" decoding=\"async\" width=\"373\" height=\"510\" src=\"https:\/\/agora.xtec.cat\/escolabaloo\/wp-content\/uploads\/usu902\/2025\/05\/DRAWDIO-BALOO00008.HEIC.jpg\" class=\"attachment-full size-full\" alt=\"\" srcset=\"https:\/\/agora.xtec.cat\/escolabaloo\/wp-content\/uploads\/usu902\/2025\/05\/DRAWDIO-BALOO00008.HEIC.jpg 373w, https:\/\/agora.xtec.cat\/escolabaloo\/wp-content\/uploads\/usu902\/2025\/05\/DRAWDIO-BALOO00008.HEIC-219x300.jpg 219w\" sizes=\"auto, (max-width: 373px) 100vw, 373px\" \/><\/a>\n\t\t\t<\/dt><\/dl><dl class='gallery-item'>\n\t\t\t<dt class='gallery-icon portrait'>\n\t\t\t\t<a href='https:\/\/agora.xtec.cat\/escolabaloo\/6e-grup-24-25-t3\/attachment\/drawdio-baloo00007-heic\/'><img loading=\"lazy\" decoding=\"async\" width=\"373\" height=\"510\" src=\"https:\/\/agora.xtec.cat\/escolabaloo\/wp-content\/uploads\/usu902\/2025\/05\/DRAWDIO-BALOO00007.HEIC.jpg\" class=\"attachment-full size-full\" alt=\"\" srcset=\"https:\/\/agora.xtec.cat\/escolabaloo\/wp-content\/uploads\/usu902\/2025\/05\/DRAWDIO-BALOO00007.HEIC.jpg 373w, https:\/\/agora.xtec.cat\/escolabaloo\/wp-content\/uploads\/usu902\/2025\/05\/DRAWDIO-BALOO00007.HEIC-219x300.jpg 219w\" sizes=\"auto, (max-width: 373px) 100vw, 373px\" \/><\/a>\n\t\t\t<\/dt><\/dl><dl class='gallery-item'>\n\t\t\t<dt class='gallery-icon portrait'>\n\t\t\t\t<a href='https:\/\/agora.xtec.cat\/escolabaloo\/6e-grup-24-25-t3\/attachment\/drawdio-baloo00006-heic\/'><img loading=\"lazy\" decoding=\"async\" width=\"373\" height=\"510\" src=\"https:\/\/agora.xtec.cat\/escolabaloo\/wp-content\/uploads\/usu902\/2025\/05\/DRAWDIO-BALOO00006.HEIC.jpg\" class=\"attachment-full size-full\" alt=\"\" srcset=\"https:\/\/agora.xtec.cat\/escolabaloo\/wp-content\/uploads\/usu902\/2025\/05\/DRAWDIO-BALOO00006.HEIC.jpg 373w, https:\/\/agora.xtec.cat\/escolabaloo\/wp-content\/uploads\/usu902\/2025\/05\/DRAWDIO-BALOO00006.HEIC-219x300.jpg 219w\" sizes=\"auto, (max-width: 373px) 100vw, 373px\" \/><\/a>\n\t\t\t<\/dt><\/dl><br style=\"clear: both\" \/>\n\t\t<\/div>\n\n<audio class=\"wp-audio-shortcode\" id=\"audio-19271-3\" preload=\"none\" style=\"width: 100%;\" controls=\"controls\"><source type=\"audio\/mpeg\" src=\"https:\/\/agora.xtec.cat\/escolabaloo\/wp-content\/uploads\/usu902\/2025\/05\/Drawdio-baloo-3.m4a?_=3\" \/><a href=\"https:\/\/agora.xtec.cat\/escolabaloo\/wp-content\/uploads\/usu902\/2025\/05\/Drawdio-baloo-3.m4a\">https:\/\/agora.xtec.cat\/escolabaloo\/wp-content\/uploads\/usu902\/2025\/05\/Drawdio-baloo-3.m4a<\/a><\/audio>\n<audio class=\"wp-audio-shortcode\" id=\"audio-19271-4\" preload=\"none\" style=\"width: 100%;\" controls=\"controls\"><source type=\"audio\/mpeg\" src=\"https:\/\/agora.xtec.cat\/escolabaloo\/wp-content\/uploads\/usu902\/2025\/05\/Drawdio-baloo-4.m4a?_=4\" \/><a href=\"https:\/\/agora.xtec.cat\/escolabaloo\/wp-content\/uploads\/usu902\/2025\/05\/Drawdio-baloo-4.m4a\">https:\/\/agora.xtec.cat\/escolabaloo\/wp-content\/uploads\/usu902\/2025\/05\/Drawdio-baloo-4.m4a<\/a><\/audio>\n","protected":false},"excerpt":{"rendered":"<p>TIPOGRAFIA BANDOLERA25<br \/>\nJa tenim la tipografia acabada! I no acaba de funcionar&#8230;<\/p>\n<p>Passos per instal\u00b7lar-la:<br \/>\n1. Descarregueu la carpeta\u00a0<a href=\"https:\/\/drive.google.com\/file\/d\/1tVDidiXtYK2Jco3empGIfknj_HmvciZ_\/view?usp=sharing\">BANDOLERA25<\/a>, un cop descarregada premeu dues vegades l\u2019arxiu per descomprimir.<br \/>\n2. Obriu la carpeta BANDOLERA25,\u00a0 premeu dues vegades seguides perqu\u00e8 s\u2019obri el contingut.<br \/>\n3. Us apareixer\u00e0 l\u2019arxiu en dos formats (.OTF&hellip;  <a href=\"https:\/\/agora.xtec.cat\/escolabaloo\/6e-grup-24-25-t3\/\" title=\"Read 6\u00e8 GRUP bandolers curs 24\/25 _ T3\">Llegeix m\u00e9s\u00bb<\/a><\/p>\n","protected":false},"author":1,"featured_media":0,"parent":0,"menu_order":0,"comment_status":"closed","ping_status":"closed","template":"","meta":{"_bbp_topic_count":0,"_bbp_reply_count":0,"_bbp_total_topic_count":0,"_bbp_total_reply_count":0,"_bbp_voice_count":0,"_bbp_anonymous_reply_count":0,"_bbp_topic_count_hidden":0,"_bbp_reply_count_hidden":0,"_bbp_forum_subforum_count":0,"footnotes":""},"class_list":["post-19271","page","type-page","status-publish","hentry"],"post_mailing_queue_ids":[],"_links":{"self":[{"href":"https:\/\/agora.xtec.cat\/escolabaloo\/wp-json\/wp\/v2\/pages\/19271","targetHints":{"allow":["GET"]}}],"collection":[{"href":"https:\/\/agora.xtec.cat\/escolabaloo\/wp-json\/wp\/v2\/pages"}],"about":[{"href":"https:\/\/agora.xtec.cat\/escolabaloo\/wp-json\/wp\/v2\/types\/page"}],"author":[{"embeddable":true,"href":"https:\/\/agora.xtec.cat\/escolabaloo\/wp-json\/wp\/v2\/users\/1"}],"replies":[{"embeddable":true,"href":"https:\/\/agora.xtec.cat\/escolabaloo\/wp-json\/wp\/v2\/comments?post=19271"}],"version-history":[{"count":6,"href":"https:\/\/agora.xtec.cat\/escolabaloo\/wp-json\/wp\/v2\/pages\/19271\/revisions"}],"predecessor-version":[{"id":19619,"href":"https:\/\/agora.xtec.cat\/escolabaloo\/wp-json\/wp\/v2\/pages\/19271\/revisions\/19619"}],"wp:attachment":[{"href":"https:\/\/agora.xtec.cat\/escolabaloo\/wp-json\/wp\/v2\/media?parent=19271"}],"curies":[{"name":"wp","href":"https:\/\/api.w.org\/{rel}","templated":true}]}}