{"id":18611,"date":"2025-01-15T16:09:14","date_gmt":"2025-01-15T15:09:14","guid":{"rendered":"https:\/\/agora.xtec.cat\/escolabaloo\/?page_id=18611"},"modified":"2025-04-09T09:52:49","modified_gmt":"2025-04-09T07:52:49","slug":"3r-grup-via-lactia-24-25-t2-2","status":"publish","type":"page","link":"https:\/\/agora.xtec.cat\/escolabaloo\/3r-grup-via-lactia-24-25-t2-2\/","title":{"rendered":"3R VIA L\u00c0CTIA curs  24-25 T2"},"content":{"rendered":"<p data-pm-slice=\"1 1 []\"><strong>MANERES DE DESAFIAR LA GRAVETAT<\/strong><\/p>\n<p data-pm-slice=\"1 1 []\"><iframe loading=\"lazy\" src=\"\/\/www.youtube.com\/embed\/-HgtxaZsx3U?t=1\" width=\"560\" height=\"314\" allowfullscreen=\"allowfullscreen\"><\/iframe><\/p>\n<p data-pm-slice=\"1 1 []\"><strong>COM PODR\u00cdEM VIATJAR ALS PLANETES QUE HAN FET EL GRUP DE LES ESTRELLES ?<\/strong><\/p>\n<p><img loading=\"lazy\" decoding=\"async\" class=\"aligncenter size-large wp-image-18508\" src=\"https:\/\/agora.xtec.cat\/escolabaloo\/wp-content\/uploads\/usu902\/2025\/01\/planetes-i4-1024x614.jpg\" alt=\"\" width=\"1024\" height=\"614\" srcset=\"https:\/\/agora.xtec.cat\/escolabaloo\/wp-content\/uploads\/usu902\/2025\/01\/planetes-i4-1024x614.jpg 1024w, https:\/\/agora.xtec.cat\/escolabaloo\/wp-content\/uploads\/usu902\/2025\/01\/planetes-i4-300x180.jpg 300w, https:\/\/agora.xtec.cat\/escolabaloo\/wp-content\/uploads\/usu902\/2025\/01\/planetes-i4-768x461.jpg 768w, https:\/\/agora.xtec.cat\/escolabaloo\/wp-content\/uploads\/usu902\/2025\/01\/planetes-i4.jpg 1417w\" sizes=\"auto, (max-width: 1024px) 100vw, 1024px\" \/><\/p>\n<p><img loading=\"lazy\" decoding=\"async\" class=\"aligncenter size-full wp-image-18516\" src=\"https:\/\/agora.xtec.cat\/escolabaloo\/wp-content\/uploads\/usu902\/2025\/01\/proces-planeta.jpg\" alt=\"\" width=\"850\" height=\"406\" srcset=\"https:\/\/agora.xtec.cat\/escolabaloo\/wp-content\/uploads\/usu902\/2025\/01\/proces-planeta.jpg 850w, https:\/\/agora.xtec.cat\/escolabaloo\/wp-content\/uploads\/usu902\/2025\/01\/proces-planeta-300x143.jpg 300w, https:\/\/agora.xtec.cat\/escolabaloo\/wp-content\/uploads\/usu902\/2025\/01\/proces-planeta-768x367.jpg 768w\" sizes=\"auto, (max-width: 850px) 100vw, 850px\" \/><\/p>\n<p>El trimestre passat vam investigar qu\u00e8 passaria si al taller no hi hagu\u00e9s la for\u00e7a de la gravetat.\u00a0El Rodrigo, tutor d&#8217;I3, vol aprofitar el que hem apr\u00e8s i ens ha convidat a col\u00b7laborar.<\/p>\n<p data-pm-slice=\"1 1 []\"><img loading=\"lazy\" decoding=\"async\" class=\"aligncenter size-large wp-image-18720\" src=\"https:\/\/agora.xtec.cat\/escolabaloo\/wp-content\/uploads\/usu902\/2025\/01\/dibuixant-naus_0001_Capa-3-1.jpg\" alt=\"\" width=\"709\" height=\"408\" srcset=\"https:\/\/agora.xtec.cat\/escolabaloo\/wp-content\/uploads\/usu902\/2025\/01\/dibuixant-naus_0001_Capa-3-1.jpg 709w, https:\/\/agora.xtec.cat\/escolabaloo\/wp-content\/uploads\/usu902\/2025\/01\/dibuixant-naus_0001_Capa-3-1-300x173.jpg 300w\" sizes=\"auto, (max-width: 709px) 100vw, 709px\" \/><\/p>\n<p data-pm-slice=\"1 1 []\">La idea \u00e9s construir un grapat de coets i naus espacials per viatjar als petits planetes, petits perqu\u00e8 estan molt i molt lluny!<\/p>\n<p data-pm-slice=\"1 1 []\"><img loading=\"lazy\" decoding=\"async\" class=\"aligncenter size-full wp-image-18719\" src=\"https:\/\/agora.xtec.cat\/escolabaloo\/wp-content\/uploads\/usu902\/2025\/01\/dibuixant-naus_0000_IMG_3396-1.jpg\" alt=\"\" width=\"709\" height=\"408\" srcset=\"https:\/\/agora.xtec.cat\/escolabaloo\/wp-content\/uploads\/usu902\/2025\/01\/dibuixant-naus_0000_IMG_3396-1.jpg 709w, https:\/\/agora.xtec.cat\/escolabaloo\/wp-content\/uploads\/usu902\/2025\/01\/dibuixant-naus_0000_IMG_3396-1-300x173.jpg 300w\" sizes=\"auto, (max-width: 709px) 100vw, 709px\" \/><\/p>\n<p data-pm-slice=\"1 1 []\">Comencem dissenyant les naus. Qu\u00e8 necessitem per fer viatges per l&#8217;espai? Apareixen grans necessitats; nevera, dip\u00f2sits amb aigua, armaris pels jocs, animals de companyia, camps de futbol, lavabos, llits, etc. I tot ha d&#8217;estar pensat per conviure amb la manca de gravetat&#8230; ai.<\/p>\n<p data-pm-slice=\"1 1 []\"><img loading=\"lazy\" decoding=\"async\" class=\"aligncenter size-large wp-image-18721\" src=\"https:\/\/agora.xtec.cat\/escolabaloo\/wp-content\/uploads\/usu902\/2025\/01\/dibuixant-naus_0002_Capa-1-1.jpg\" alt=\"\" width=\"909\" height=\"608\" \/><\/p>\n<p data-pm-slice=\"1 1 []\"><strong>FEM PETITES NAUS PER VIATJAR ALS PLANETES DEL GRUP ESTRELLES<\/strong><\/p>\n<p data-pm-slice=\"1 1 []\"><img loading=\"lazy\" decoding=\"async\" class=\"aligncenter wp-image-18868 size-full\" src=\"https:\/\/agora.xtec.cat\/escolabaloo\/wp-content\/uploads\/usu902\/2025\/02\/NAUS-PER-I4.jpg\" alt=\"\" width=\"850\" height=\"341\" srcset=\"https:\/\/agora.xtec.cat\/escolabaloo\/wp-content\/uploads\/usu902\/2025\/02\/NAUS-PER-I4.jpg 850w, https:\/\/agora.xtec.cat\/escolabaloo\/wp-content\/uploads\/usu902\/2025\/02\/NAUS-PER-I4-300x120.jpg 300w, https:\/\/agora.xtec.cat\/escolabaloo\/wp-content\/uploads\/usu902\/2025\/02\/NAUS-PER-I4-768x308.jpg 768w\" sizes=\"auto, (max-width: 850px) 100vw, 850px\" \/><\/p>\n\n\t\t<style type=\"text\/css\">\n\t\t\t#gallery-1 {\n\t\t\t\tmargin: auto;\n\t\t\t}\n\t\t\t#gallery-1 .gallery-item {\n\t\t\t\tfloat: left;\n\t\t\t\tmargin-top: 10px;\n\t\t\t\ttext-align: center;\n\t\t\t\twidth: 25%;\n\t\t\t}\n\t\t\t#gallery-1 img {\n\t\t\t\tborder: 2px solid #cfcfcf;\n\t\t\t}\n\t\t\t#gallery-1 .gallery-caption {\n\t\t\t\tmargin-left: 0;\n\t\t\t}\n\t\t\t\/* see gallery_shortcode() in wp-includes\/media.php *\/\n\t\t<\/style>\n\t\t<div id='gallery-1' class='gallery galleryid-18611 gallery-columns-4 gallery-size-full'><dl class='gallery-item'>\n\t\t\t<dt class='gallery-icon portrait'>\n\t\t\t\t<a href='https:\/\/agora.xtec.cat\/escolabaloo\/3r-grup-via-lactia-24-25-t2-2\/attachment\/dibuixant-naus_0000_capa-2\/'><img loading=\"lazy\" decoding=\"async\" width=\"510\" height=\"680\" src=\"https:\/\/agora.xtec.cat\/escolabaloo\/wp-content\/uploads\/usu902\/2025\/02\/DIBUIXANT-NAUS_0000_Capa-2.jpg\" class=\"attachment-full size-full\" alt=\"\" srcset=\"https:\/\/agora.xtec.cat\/escolabaloo\/wp-content\/uploads\/usu902\/2025\/02\/DIBUIXANT-NAUS_0000_Capa-2.jpg 510w, https:\/\/agora.xtec.cat\/escolabaloo\/wp-content\/uploads\/usu902\/2025\/02\/DIBUIXANT-NAUS_0000_Capa-2-225x300.jpg 225w\" sizes=\"auto, (max-width: 510px) 100vw, 510px\" \/><\/a>\n\t\t\t<\/dt><\/dl><dl class='gallery-item'>\n\t\t\t<dt class='gallery-icon portrait'>\n\t\t\t\t<a href='https:\/\/agora.xtec.cat\/escolabaloo\/3r-grup-via-lactia-24-25-t2-2\/attachment\/dibuixant-naus_0001_capa-1\/'><img loading=\"lazy\" decoding=\"async\" width=\"510\" height=\"680\" src=\"https:\/\/agora.xtec.cat\/escolabaloo\/wp-content\/uploads\/usu902\/2025\/02\/DIBUIXANT-NAUS_0001_Capa-1.jpg\" class=\"attachment-full size-full\" alt=\"\" srcset=\"https:\/\/agora.xtec.cat\/escolabaloo\/wp-content\/uploads\/usu902\/2025\/02\/DIBUIXANT-NAUS_0001_Capa-1.jpg 510w, https:\/\/agora.xtec.cat\/escolabaloo\/wp-content\/uploads\/usu902\/2025\/02\/DIBUIXANT-NAUS_0001_Capa-1-225x300.jpg 225w\" sizes=\"auto, (max-width: 510px) 100vw, 510px\" \/><\/a>\n\t\t\t<\/dt><\/dl><dl class='gallery-item'>\n\t\t\t<dt class='gallery-icon portrait'>\n\t\t\t\t<a href='https:\/\/agora.xtec.cat\/escolabaloo\/3r-grup-via-lactia-24-25-t2-2\/attachment\/dibuixant-naus_0002_fondo\/'><img loading=\"lazy\" decoding=\"async\" width=\"510\" height=\"680\" src=\"https:\/\/agora.xtec.cat\/escolabaloo\/wp-content\/uploads\/usu902\/2025\/02\/DIBUIXANT-NAUS_0002_Fondo.jpg\" class=\"attachment-full size-full\" alt=\"\" srcset=\"https:\/\/agora.xtec.cat\/escolabaloo\/wp-content\/uploads\/usu902\/2025\/02\/DIBUIXANT-NAUS_0002_Fondo.jpg 510w, https:\/\/agora.xtec.cat\/escolabaloo\/wp-content\/uploads\/usu902\/2025\/02\/DIBUIXANT-NAUS_0002_Fondo-225x300.jpg 225w\" sizes=\"auto, (max-width: 510px) 100vw, 510px\" \/><\/a>\n\t\t\t<\/dt><\/dl><dl class='gallery-item'>\n\t\t\t<dt class='gallery-icon portrait'>\n\t\t\t\t<a href='https:\/\/agora.xtec.cat\/escolabaloo\/3r-grup-via-lactia-24-25-t2-2\/attachment\/dibuixant-naus\/'><img loading=\"lazy\" decoding=\"async\" width=\"510\" height=\"680\" src=\"https:\/\/agora.xtec.cat\/escolabaloo\/wp-content\/uploads\/usu902\/2025\/02\/DIBUIXANT-NAUS.jpg\" class=\"attachment-full size-full\" alt=\"\" srcset=\"https:\/\/agora.xtec.cat\/escolabaloo\/wp-content\/uploads\/usu902\/2025\/02\/DIBUIXANT-NAUS.jpg 510w, https:\/\/agora.xtec.cat\/escolabaloo\/wp-content\/uploads\/usu902\/2025\/02\/DIBUIXANT-NAUS-225x300.jpg 225w\" sizes=\"auto, (max-width: 510px) 100vw, 510px\" \/><\/a>\n\t\t\t<\/dt><\/dl><br style=\"clear: both\" \/>\n\t\t<\/div>\n\n<p data-pm-slice=\"1 1 []\"><strong>UN COET PER LES CANIQUES D&#8217;EN MILO<\/strong><\/p>\n\n\t\t<style type=\"text\/css\">\n\t\t\t#gallery-2 {\n\t\t\t\tmargin: auto;\n\t\t\t}\n\t\t\t#gallery-2 .gallery-item {\n\t\t\t\tfloat: left;\n\t\t\t\tmargin-top: 10px;\n\t\t\t\ttext-align: center;\n\t\t\t\twidth: 33%;\n\t\t\t}\n\t\t\t#gallery-2 img {\n\t\t\t\tborder: 2px solid #cfcfcf;\n\t\t\t}\n\t\t\t#gallery-2 .gallery-caption {\n\t\t\t\tmargin-left: 0;\n\t\t\t}\n\t\t\t\/* see gallery_shortcode() in wp-includes\/media.php *\/\n\t\t<\/style>\n\t\t<div id='gallery-2' class='gallery galleryid-18611 gallery-columns-3 gallery-size-full'><dl class='gallery-item'>\n\t\t\t<dt class='gallery-icon portrait'>\n\t\t\t\t<a href='https:\/\/agora.xtec.cat\/escolabaloo\/3r-grup-via-lactia-24-25-t2-2\/attachment\/coet-per-les-caniques_0008_capa-2\/'><img loading=\"lazy\" decoding=\"async\" width=\"510\" height=\"680\" src=\"https:\/\/agora.xtec.cat\/escolabaloo\/wp-content\/uploads\/usu902\/2025\/02\/COET-PER-LES-CANIQUES_0008_Capa-2.jpg\" class=\"attachment-full size-full\" alt=\"\" srcset=\"https:\/\/agora.xtec.cat\/escolabaloo\/wp-content\/uploads\/usu902\/2025\/02\/COET-PER-LES-CANIQUES_0008_Capa-2.jpg 510w, https:\/\/agora.xtec.cat\/escolabaloo\/wp-content\/uploads\/usu902\/2025\/02\/COET-PER-LES-CANIQUES_0008_Capa-2-225x300.jpg 225w\" sizes=\"auto, (max-width: 510px) 100vw, 510px\" \/><\/a>\n\t\t\t<\/dt><\/dl><dl class='gallery-item'>\n\t\t\t<dt class='gallery-icon portrait'>\n\t\t\t\t<a href='https:\/\/agora.xtec.cat\/escolabaloo\/3r-grup-via-lactia-24-25-t2-2\/attachment\/coet-per-les-caniques_0010_fondo\/'><img loading=\"lazy\" decoding=\"async\" width=\"510\" height=\"680\" src=\"https:\/\/agora.xtec.cat\/escolabaloo\/wp-content\/uploads\/usu902\/2025\/02\/COET-PER-LES-CANIQUES_0010_Fondo.jpg\" class=\"attachment-full size-full\" alt=\"\" srcset=\"https:\/\/agora.xtec.cat\/escolabaloo\/wp-content\/uploads\/usu902\/2025\/02\/COET-PER-LES-CANIQUES_0010_Fondo.jpg 510w, https:\/\/agora.xtec.cat\/escolabaloo\/wp-content\/uploads\/usu902\/2025\/02\/COET-PER-LES-CANIQUES_0010_Fondo-225x300.jpg 225w\" sizes=\"auto, (max-width: 510px) 100vw, 510px\" \/><\/a>\n\t\t\t<\/dt><\/dl><dl class='gallery-item'>\n\t\t\t<dt class='gallery-icon portrait'>\n\t\t\t\t<a href='https:\/\/agora.xtec.cat\/escolabaloo\/3r-grup-via-lactia-24-25-t2-2\/attachment\/coet-per-les-caniques_0009_capa-1\/'><img loading=\"lazy\" decoding=\"async\" width=\"510\" height=\"680\" src=\"https:\/\/agora.xtec.cat\/escolabaloo\/wp-content\/uploads\/usu902\/2025\/02\/COET-PER-LES-CANIQUES_0009_Capa-1.jpg\" class=\"attachment-full size-full\" alt=\"\" srcset=\"https:\/\/agora.xtec.cat\/escolabaloo\/wp-content\/uploads\/usu902\/2025\/02\/COET-PER-LES-CANIQUES_0009_Capa-1.jpg 510w, https:\/\/agora.xtec.cat\/escolabaloo\/wp-content\/uploads\/usu902\/2025\/02\/COET-PER-LES-CANIQUES_0009_Capa-1-225x300.jpg 225w\" sizes=\"auto, (max-width: 510px) 100vw, 510px\" \/><\/a>\n\t\t\t<\/dt><\/dl><br style=\"clear: both\" \/><dl class='gallery-item'>\n\t\t\t<dt class='gallery-icon portrait'>\n\t\t\t\t<a href='https:\/\/agora.xtec.cat\/escolabaloo\/3r-grup-via-lactia-24-25-t2-2\/attachment\/coet-per-les-caniques_0005_capa-5\/'><img loading=\"lazy\" decoding=\"async\" width=\"510\" height=\"680\" src=\"https:\/\/agora.xtec.cat\/escolabaloo\/wp-content\/uploads\/usu902\/2025\/02\/COET-PER-LES-CANIQUES_0005_Capa-5.jpg\" class=\"attachment-full size-full\" alt=\"\" srcset=\"https:\/\/agora.xtec.cat\/escolabaloo\/wp-content\/uploads\/usu902\/2025\/02\/COET-PER-LES-CANIQUES_0005_Capa-5.jpg 510w, https:\/\/agora.xtec.cat\/escolabaloo\/wp-content\/uploads\/usu902\/2025\/02\/COET-PER-LES-CANIQUES_0005_Capa-5-225x300.jpg 225w\" sizes=\"auto, (max-width: 510px) 100vw, 510px\" \/><\/a>\n\t\t\t<\/dt><\/dl><dl class='gallery-item'>\n\t\t\t<dt class='gallery-icon portrait'>\n\t\t\t\t<a href='https:\/\/agora.xtec.cat\/escolabaloo\/3r-grup-via-lactia-24-25-t2-2\/attachment\/coet-per-les-caniques_0004_capa-6\/'><img loading=\"lazy\" decoding=\"async\" width=\"510\" height=\"680\" src=\"https:\/\/agora.xtec.cat\/escolabaloo\/wp-content\/uploads\/usu902\/2025\/02\/COET-PER-LES-CANIQUES_0004_Capa-6.jpg\" class=\"attachment-full size-full\" alt=\"\" srcset=\"https:\/\/agora.xtec.cat\/escolabaloo\/wp-content\/uploads\/usu902\/2025\/02\/COET-PER-LES-CANIQUES_0004_Capa-6.jpg 510w, https:\/\/agora.xtec.cat\/escolabaloo\/wp-content\/uploads\/usu902\/2025\/02\/COET-PER-LES-CANIQUES_0004_Capa-6-225x300.jpg 225w\" sizes=\"auto, (max-width: 510px) 100vw, 510px\" \/><\/a>\n\t\t\t<\/dt><\/dl><dl class='gallery-item'>\n\t\t\t<dt class='gallery-icon portrait'>\n\t\t\t\t<a href='https:\/\/agora.xtec.cat\/escolabaloo\/3r-grup-via-lactia-24-25-t2-2\/attachment\/coet-per-les-caniques_0006_capa-4\/'><img loading=\"lazy\" decoding=\"async\" width=\"510\" height=\"680\" src=\"https:\/\/agora.xtec.cat\/escolabaloo\/wp-content\/uploads\/usu902\/2025\/02\/COET-PER-LES-CANIQUES_0006_Capa-4.jpg\" class=\"attachment-full size-full\" alt=\"\" srcset=\"https:\/\/agora.xtec.cat\/escolabaloo\/wp-content\/uploads\/usu902\/2025\/02\/COET-PER-LES-CANIQUES_0006_Capa-4.jpg 510w, https:\/\/agora.xtec.cat\/escolabaloo\/wp-content\/uploads\/usu902\/2025\/02\/COET-PER-LES-CANIQUES_0006_Capa-4-225x300.jpg 225w\" sizes=\"auto, (max-width: 510px) 100vw, 510px\" \/><\/a>\n\t\t\t<\/dt><\/dl><br style=\"clear: both\" \/><dl class='gallery-item'>\n\t\t\t<dt class='gallery-icon portrait'>\n\t\t\t\t<a href='https:\/\/agora.xtec.cat\/escolabaloo\/3r-grup-via-lactia-24-25-t2-2\/attachment\/coet-per-les-caniques_0003_capa-7\/'><img loading=\"lazy\" decoding=\"async\" width=\"510\" height=\"680\" src=\"https:\/\/agora.xtec.cat\/escolabaloo\/wp-content\/uploads\/usu902\/2025\/02\/COET-PER-LES-CANIQUES_0003_Capa-7.jpg\" class=\"attachment-full size-full\" alt=\"\" srcset=\"https:\/\/agora.xtec.cat\/escolabaloo\/wp-content\/uploads\/usu902\/2025\/02\/COET-PER-LES-CANIQUES_0003_Capa-7.jpg 510w, https:\/\/agora.xtec.cat\/escolabaloo\/wp-content\/uploads\/usu902\/2025\/02\/COET-PER-LES-CANIQUES_0003_Capa-7-225x300.jpg 225w\" sizes=\"auto, (max-width: 510px) 100vw, 510px\" \/><\/a>\n\t\t\t<\/dt><\/dl><dl class='gallery-item'>\n\t\t\t<dt class='gallery-icon portrait'>\n\t\t\t\t<a href='https:\/\/agora.xtec.cat\/escolabaloo\/3r-grup-via-lactia-24-25-t2-2\/attachment\/coet-per-les-caniques_0001_capa-9\/'><img loading=\"lazy\" decoding=\"async\" width=\"510\" height=\"680\" src=\"https:\/\/agora.xtec.cat\/escolabaloo\/wp-content\/uploads\/usu902\/2025\/02\/COET-PER-LES-CANIQUES_0001_Capa-9.jpg\" class=\"attachment-full size-full\" alt=\"\" srcset=\"https:\/\/agora.xtec.cat\/escolabaloo\/wp-content\/uploads\/usu902\/2025\/02\/COET-PER-LES-CANIQUES_0001_Capa-9.jpg 510w, https:\/\/agora.xtec.cat\/escolabaloo\/wp-content\/uploads\/usu902\/2025\/02\/COET-PER-LES-CANIQUES_0001_Capa-9-225x300.jpg 225w\" sizes=\"auto, (max-width: 510px) 100vw, 510px\" \/><\/a>\n\t\t\t<\/dt><\/dl><dl class='gallery-item'>\n\t\t\t<dt class='gallery-icon portrait'>\n\t\t\t\t<a href='https:\/\/agora.xtec.cat\/escolabaloo\/3r-grup-via-lactia-24-25-t2-2\/attachment\/coet-per-les-caniques_0002_capa-8\/'><img loading=\"lazy\" decoding=\"async\" width=\"510\" height=\"680\" src=\"https:\/\/agora.xtec.cat\/escolabaloo\/wp-content\/uploads\/usu902\/2025\/02\/COET-PER-LES-CANIQUES_0002_Capa-8.jpg\" class=\"attachment-full size-full\" alt=\"\" srcset=\"https:\/\/agora.xtec.cat\/escolabaloo\/wp-content\/uploads\/usu902\/2025\/02\/COET-PER-LES-CANIQUES_0002_Capa-8.jpg 510w, https:\/\/agora.xtec.cat\/escolabaloo\/wp-content\/uploads\/usu902\/2025\/02\/COET-PER-LES-CANIQUES_0002_Capa-8-225x300.jpg 225w\" sizes=\"auto, (max-width: 510px) 100vw, 510px\" \/><\/a>\n\t\t\t<\/dt><\/dl><br style=\"clear: both\" \/>\n\t\t<\/div>\n\n<p><strong>NAUS DE FUSTA<\/strong><\/p>\n\n\t\t<style type=\"text\/css\">\n\t\t\t#gallery-3 {\n\t\t\t\tmargin: auto;\n\t\t\t}\n\t\t\t#gallery-3 .gallery-item {\n\t\t\t\tfloat: left;\n\t\t\t\tmargin-top: 10px;\n\t\t\t\ttext-align: center;\n\t\t\t\twidth: 25%;\n\t\t\t}\n\t\t\t#gallery-3 img {\n\t\t\t\tborder: 2px solid #cfcfcf;\n\t\t\t}\n\t\t\t#gallery-3 .gallery-caption {\n\t\t\t\tmargin-left: 0;\n\t\t\t}\n\t\t\t\/* see gallery_shortcode() in wp-includes\/media.php *\/\n\t\t<\/style>\n\t\t<div id='gallery-3' class='gallery galleryid-18611 gallery-columns-4 gallery-size-full'><dl class='gallery-item'>\n\t\t\t<dt class='gallery-icon portrait'>\n\t\t\t\t<a href='https:\/\/agora.xtec.cat\/escolabaloo\/3r-grup-via-lactia-24-25-t2-2\/attachment\/naus-de-fusta_0002_capa-3\/'><img loading=\"lazy\" decoding=\"async\" width=\"510\" height=\"680\" src=\"https:\/\/agora.xtec.cat\/escolabaloo\/wp-content\/uploads\/usu902\/2025\/02\/NAUS-DE-FUSTA_0002_Capa-3.jpg\" class=\"attachment-full size-full\" alt=\"\" srcset=\"https:\/\/agora.xtec.cat\/escolabaloo\/wp-content\/uploads\/usu902\/2025\/02\/NAUS-DE-FUSTA_0002_Capa-3.jpg 510w, https:\/\/agora.xtec.cat\/escolabaloo\/wp-content\/uploads\/usu902\/2025\/02\/NAUS-DE-FUSTA_0002_Capa-3-225x300.jpg 225w\" sizes=\"auto, (max-width: 510px) 100vw, 510px\" \/><\/a>\n\t\t\t<\/dt><\/dl><dl class='gallery-item'>\n\t\t\t<dt class='gallery-icon portrait'>\n\t\t\t\t<a href='https:\/\/agora.xtec.cat\/escolabaloo\/3r-grup-via-lactia-24-25-t2-2\/attachment\/naus-de-fusta_0003_capa-2\/'><img loading=\"lazy\" decoding=\"async\" width=\"510\" height=\"680\" src=\"https:\/\/agora.xtec.cat\/escolabaloo\/wp-content\/uploads\/usu902\/2025\/02\/NAUS-DE-FUSTA_0003_Capa-2.jpg\" class=\"attachment-full size-full\" alt=\"\" srcset=\"https:\/\/agora.xtec.cat\/escolabaloo\/wp-content\/uploads\/usu902\/2025\/02\/NAUS-DE-FUSTA_0003_Capa-2.jpg 510w, https:\/\/agora.xtec.cat\/escolabaloo\/wp-content\/uploads\/usu902\/2025\/02\/NAUS-DE-FUSTA_0003_Capa-2-225x300.jpg 225w\" sizes=\"auto, (max-width: 510px) 100vw, 510px\" \/><\/a>\n\t\t\t<\/dt><\/dl><dl class='gallery-item'>\n\t\t\t<dt class='gallery-icon portrait'>\n\t\t\t\t<a href='https:\/\/agora.xtec.cat\/escolabaloo\/3r-grup-via-lactia-24-25-t2-2\/attachment\/naus-de-fusta_0005_fondo\/'><img loading=\"lazy\" decoding=\"async\" width=\"510\" height=\"680\" src=\"https:\/\/agora.xtec.cat\/escolabaloo\/wp-content\/uploads\/usu902\/2025\/02\/NAUS-DE-FUSTA_0005_Fondo.jpg\" class=\"attachment-full size-full\" alt=\"\" srcset=\"https:\/\/agora.xtec.cat\/escolabaloo\/wp-content\/uploads\/usu902\/2025\/02\/NAUS-DE-FUSTA_0005_Fondo.jpg 510w, https:\/\/agora.xtec.cat\/escolabaloo\/wp-content\/uploads\/usu902\/2025\/02\/NAUS-DE-FUSTA_0005_Fondo-225x300.jpg 225w\" sizes=\"auto, (max-width: 510px) 100vw, 510px\" \/><\/a>\n\t\t\t<\/dt><\/dl><dl class='gallery-item'>\n\t\t\t<dt class='gallery-icon portrait'>\n\t\t\t\t<a href='https:\/\/agora.xtec.cat\/escolabaloo\/3r-grup-via-lactia-24-25-t2-2\/attachment\/naus-de-fusta_0000_capa-5\/'><img loading=\"lazy\" decoding=\"async\" width=\"510\" height=\"680\" src=\"https:\/\/agora.xtec.cat\/escolabaloo\/wp-content\/uploads\/usu902\/2025\/02\/NAUS-DE-FUSTA_0000_Capa-5.jpg\" class=\"attachment-full size-full\" alt=\"\" aria-describedby=\"gallery-3-18900\" srcset=\"https:\/\/agora.xtec.cat\/escolabaloo\/wp-content\/uploads\/usu902\/2025\/02\/NAUS-DE-FUSTA_0000_Capa-5.jpg 510w, https:\/\/agora.xtec.cat\/escolabaloo\/wp-content\/uploads\/usu902\/2025\/02\/NAUS-DE-FUSTA_0000_Capa-5-225x300.jpg 225w\" sizes=\"auto, (max-width: 510px) 100vw, 510px\" \/><\/a>\n\t\t\t<\/dt>\n\t\t\t\t<dd class='wp-caption-text gallery-caption' id='gallery-3-18900'>\n\t\t\t\tAx\u00ed no va b\u00e9&#8230;\n\t\t\t\t<\/dd><\/dl><br style=\"clear: both\" \/><dl class='gallery-item'>\n\t\t\t<dt class='gallery-icon portrait'>\n\t\t\t\t<a href='https:\/\/agora.xtec.cat\/escolabaloo\/3r-grup-via-lactia-24-25-t2-2\/attachment\/naus-de-fusta_0001_capa-4\/'><img loading=\"lazy\" decoding=\"async\" width=\"510\" height=\"680\" src=\"https:\/\/agora.xtec.cat\/escolabaloo\/wp-content\/uploads\/usu902\/2025\/02\/NAUS-DE-FUSTA_0001_Capa-4.jpg\" class=\"attachment-full size-full\" alt=\"\" aria-describedby=\"gallery-3-18901\" srcset=\"https:\/\/agora.xtec.cat\/escolabaloo\/wp-content\/uploads\/usu902\/2025\/02\/NAUS-DE-FUSTA_0001_Capa-4.jpg 510w, https:\/\/agora.xtec.cat\/escolabaloo\/wp-content\/uploads\/usu902\/2025\/02\/NAUS-DE-FUSTA_0001_Capa-4-225x300.jpg 225w\" sizes=\"auto, (max-width: 510px) 100vw, 510px\" \/><\/a>\n\t\t\t<\/dt>\n\t\t\t\t<dd class='wp-caption-text gallery-caption' id='gallery-3-18901'>\n\t\t\t\tMolt millor!\n\t\t\t\t<\/dd><\/dl><dl class='gallery-item'>\n\t\t\t<dt class='gallery-icon portrait'>\n\t\t\t\t<a href='https:\/\/agora.xtec.cat\/escolabaloo\/3r-grup-via-lactia-24-25-t2-2\/attachment\/naus-de-fusta\/'><img loading=\"lazy\" decoding=\"async\" width=\"510\" height=\"680\" src=\"https:\/\/agora.xtec.cat\/escolabaloo\/wp-content\/uploads\/usu902\/2025\/02\/NAUS-DE-FUSTA.jpg\" class=\"attachment-full size-full\" alt=\"\" aria-describedby=\"gallery-3-18905\" srcset=\"https:\/\/agora.xtec.cat\/escolabaloo\/wp-content\/uploads\/usu902\/2025\/02\/NAUS-DE-FUSTA.jpg 510w, https:\/\/agora.xtec.cat\/escolabaloo\/wp-content\/uploads\/usu902\/2025\/02\/NAUS-DE-FUSTA-225x300.jpg 225w\" sizes=\"auto, (max-width: 510px) 100vw, 510px\" \/><\/a>\n\t\t\t<\/dt>\n\t\t\t\t<dd class='wp-caption-text gallery-caption' id='gallery-3-18905'>\n\t\t\t\tPrimers fragments de naus\n\t\t\t\t<\/dd><\/dl><dl class='gallery-item'>\n\t\t\t<dt class='gallery-icon portrait'>\n\t\t\t\t<a href='https:\/\/agora.xtec.cat\/escolabaloo\/3r-grup-via-lactia-24-25-t2-2\/attachment\/colablancaifusta_0000_capa-2\/'><img loading=\"lazy\" decoding=\"async\" width=\"531\" height=\"709\" src=\"https:\/\/agora.xtec.cat\/escolabaloo\/wp-content\/uploads\/usu902\/2025\/03\/colablancaifusta_0000_Capa-2.jpg\" class=\"attachment-full size-full\" alt=\"\" srcset=\"https:\/\/agora.xtec.cat\/escolabaloo\/wp-content\/uploads\/usu902\/2025\/03\/colablancaifusta_0000_Capa-2.jpg 531w, https:\/\/agora.xtec.cat\/escolabaloo\/wp-content\/uploads\/usu902\/2025\/03\/colablancaifusta_0000_Capa-2-225x300.jpg 225w\" sizes=\"auto, (max-width: 531px) 100vw, 531px\" \/><\/a>\n\t\t\t<\/dt><\/dl><dl class='gallery-item'>\n\t\t\t<dt class='gallery-icon portrait'>\n\t\t\t\t<a href='https:\/\/agora.xtec.cat\/escolabaloo\/3r-grup-via-lactia-24-25-t2-2\/attachment\/colablancaifusta_0001_capa-1\/'><img loading=\"lazy\" decoding=\"async\" width=\"531\" height=\"709\" src=\"https:\/\/agora.xtec.cat\/escolabaloo\/wp-content\/uploads\/usu902\/2025\/03\/colablancaifusta_0001_Capa-1.jpg\" class=\"attachment-full size-full\" alt=\"\" srcset=\"https:\/\/agora.xtec.cat\/escolabaloo\/wp-content\/uploads\/usu902\/2025\/03\/colablancaifusta_0001_Capa-1.jpg 531w, https:\/\/agora.xtec.cat\/escolabaloo\/wp-content\/uploads\/usu902\/2025\/03\/colablancaifusta_0001_Capa-1-225x300.jpg 225w\" sizes=\"auto, (max-width: 531px) 100vw, 531px\" \/><\/a>\n\t\t\t<\/dt><\/dl><br style=\"clear: both\" \/>\n\t\t<\/div>\n\n\n\t\t<style type=\"text\/css\">\n\t\t\t#gallery-4 {\n\t\t\t\tmargin: auto;\n\t\t\t}\n\t\t\t#gallery-4 .gallery-item {\n\t\t\t\tfloat: left;\n\t\t\t\tmargin-top: 10px;\n\t\t\t\ttext-align: center;\n\t\t\t\twidth: 50%;\n\t\t\t}\n\t\t\t#gallery-4 img {\n\t\t\t\tborder: 2px solid #cfcfcf;\n\t\t\t}\n\t\t\t#gallery-4 .gallery-caption {\n\t\t\t\tmargin-left: 0;\n\t\t\t}\n\t\t\t\/* see gallery_shortcode() in wp-includes\/media.php *\/\n\t\t<\/style>\n\t\t<div id='gallery-4' class='gallery galleryid-18611 gallery-columns-2 gallery-size-full'><dl class='gallery-item'>\n\t\t\t<dt class='gallery-icon portrait'>\n\t\t\t\t<a href='https:\/\/agora.xtec.cat\/escolabaloo\/3r-grup-via-lactia-24-25-t2-2\/attachment\/naus-fusta_0001_capa-2\/'><img loading=\"lazy\" decoding=\"async\" width=\"531\" height=\"709\" src=\"https:\/\/agora.xtec.cat\/escolabaloo\/wp-content\/uploads\/usu902\/2025\/03\/Naus-fusta_0001_Capa-2.jpg\" class=\"attachment-full size-full\" alt=\"\" srcset=\"https:\/\/agora.xtec.cat\/escolabaloo\/wp-content\/uploads\/usu902\/2025\/03\/Naus-fusta_0001_Capa-2.jpg 531w, https:\/\/agora.xtec.cat\/escolabaloo\/wp-content\/uploads\/usu902\/2025\/03\/Naus-fusta_0001_Capa-2-225x300.jpg 225w\" sizes=\"auto, (max-width: 531px) 100vw, 531px\" \/><\/a>\n\t\t\t<\/dt><\/dl><dl class='gallery-item'>\n\t\t\t<dt class='gallery-icon portrait'>\n\t\t\t\t<a href='https:\/\/agora.xtec.cat\/escolabaloo\/3r-grup-via-lactia-24-25-t2-2\/attachment\/naus-fusta_0002_capa-0\/'><img loading=\"lazy\" decoding=\"async\" width=\"531\" height=\"709\" src=\"https:\/\/agora.xtec.cat\/escolabaloo\/wp-content\/uploads\/usu902\/2025\/03\/Naus-fusta_0002_Capa-0.jpg\" class=\"attachment-full size-full\" alt=\"\" srcset=\"https:\/\/agora.xtec.cat\/escolabaloo\/wp-content\/uploads\/usu902\/2025\/03\/Naus-fusta_0002_Capa-0.jpg 531w, https:\/\/agora.xtec.cat\/escolabaloo\/wp-content\/uploads\/usu902\/2025\/03\/Naus-fusta_0002_Capa-0-225x300.jpg 225w\" sizes=\"auto, (max-width: 531px) 100vw, 531px\" \/><\/a>\n\t\t\t<\/dt><\/dl><br style=\"clear: both\" \/>\n\t\t<\/div>\n\n<p><a href=\"https:\/\/agora.xtec.cat\/escolabaloo\/visual-i-plastica-_-2024-25\/\"><strong>tornar a l&#8217;INICI<\/strong><\/a><\/p>\n","protected":false},"excerpt":{"rendered":"<p>MANERES DE DESAFIAR LA GRAVETAT<\/p>\n<p>COM PODR\u00cdEM VIATJAR ALS PLANETES QUE HAN FET EL GRUP DE LES ESTRELLES ?<\/p>\n<p>El trimestre passat vam investigar qu\u00e8 passaria si al taller no hi hagu\u00e9s la for\u00e7a de la gravetat.\u00a0El Rodrigo, tutor d&#8217;I3, vol aprofitar el que hem apr\u00e8s i&hellip;  <a href=\"https:\/\/agora.xtec.cat\/escolabaloo\/3r-grup-via-lactia-24-25-t2-2\/\" title=\"Read 3R VIA L\u00c0CTIA curs  24-25 T2\">Llegeix m\u00e9s\u00bb<\/a><\/p>\n","protected":false},"author":1,"featured_media":0,"parent":0,"menu_order":0,"comment_status":"closed","ping_status":"closed","template":"","meta":{"_bbp_topic_count":0,"_bbp_reply_count":0,"_bbp_total_topic_count":0,"_bbp_total_reply_count":0,"_bbp_voice_count":0,"_bbp_anonymous_reply_count":0,"_bbp_topic_count_hidden":0,"_bbp_reply_count_hidden":0,"_bbp_forum_subforum_count":0,"footnotes":""},"class_list":["post-18611","page","type-page","status-publish","hentry"],"post_mailing_queue_ids":[],"_links":{"self":[{"href":"https:\/\/agora.xtec.cat\/escolabaloo\/wp-json\/wp\/v2\/pages\/18611","targetHints":{"allow":["GET"]}}],"collection":[{"href":"https:\/\/agora.xtec.cat\/escolabaloo\/wp-json\/wp\/v2\/pages"}],"about":[{"href":"https:\/\/agora.xtec.cat\/escolabaloo\/wp-json\/wp\/v2\/types\/page"}],"author":[{"embeddable":true,"href":"https:\/\/agora.xtec.cat\/escolabaloo\/wp-json\/wp\/v2\/users\/1"}],"replies":[{"embeddable":true,"href":"https:\/\/agora.xtec.cat\/escolabaloo\/wp-json\/wp\/v2\/comments?post=18611"}],"version-history":[{"count":6,"href":"https:\/\/agora.xtec.cat\/escolabaloo\/wp-json\/wp\/v2\/pages\/18611\/revisions"}],"predecessor-version":[{"id":19310,"href":"https:\/\/agora.xtec.cat\/escolabaloo\/wp-json\/wp\/v2\/pages\/18611\/revisions\/19310"}],"wp:attachment":[{"href":"https:\/\/agora.xtec.cat\/escolabaloo\/wp-json\/wp\/v2\/media?parent=18611"}],"curies":[{"name":"wp","href":"https:\/\/api.w.org\/{rel}","templated":true}]}}