{"id":14297,"date":"2023-05-22T10:20:21","date_gmt":"2023-05-22T08:20:21","guid":{"rendered":"https:\/\/agora.xtec.cat\/escolabaloo\/?page_id=14297"},"modified":"2023-06-19T10:48:55","modified_gmt":"2023-06-19T08:48:55","slug":"estrategia-digital-de-centre","status":"publish","type":"page","link":"https:\/\/agora.xtec.cat\/escolabaloo\/projecte-educatiu\/estrategia-digital-de-centre\/","title":{"rendered":"Estrat\u00e8gia Digital de Centre"},"content":{"rendered":"<p>Cliqueu al seg\u00fcent enlla\u00e7 per con\u00e8xier l&#8217;Estrat\u00e8gia Digital de la nostra escola.<\/p>\n<p><a href=\"https:\/\/sites.google.com\/escolabaloo.cat\/edc-baloo\/inici-edc\">https:\/\/sites.google.com\/escolabaloo.cat\/edc-baloo\/inici-edc<\/a><\/p>\n<p>&nbsp;<\/p>\n","protected":false},"excerpt":{"rendered":"<p>Cliqueu al seg\u00fcent enlla\u00e7 per con\u00e8xier l&#8217;Estrat\u00e8gia Digital de la nostra escola.<br \/>\n<a href=\"https:\/\/sites.google.com\/escolabaloo.cat\/edc-baloo\/inici-edc\">https:\/\/sites.google.com\/escolabaloo.cat\/edc-baloo\/inici-edc<\/a><br \/>\n&nbsp;<\/p>\n","protected":false},"author":1,"featured_media":0,"parent":64,"menu_order":2,"comment_status":"closed","ping_status":"closed","template":"page-templates\/side-menu.php","meta":{"_bbp_topic_count":0,"_bbp_reply_count":0,"_bbp_total_topic_count":0,"_bbp_total_reply_count":0,"_bbp_voice_count":0,"_bbp_anonymous_reply_count":0,"_bbp_topic_count_hidden":0,"_bbp_reply_count_hidden":0,"_bbp_forum_subforum_count":0,"footnotes":""},"class_list":["post-14297","page","type-page","status-publish","hentry"],"post_mailing_queue_ids":[],"_links":{"self":[{"href":"https:\/\/agora.xtec.cat\/escolabaloo\/wp-json\/wp\/v2\/pages\/14297","targetHints":{"allow":["GET"]}}],"collection":[{"href":"https:\/\/agora.xtec.cat\/escolabaloo\/wp-json\/wp\/v2\/pages"}],"about":[{"href":"https:\/\/agora.xtec.cat\/escolabaloo\/wp-json\/wp\/v2\/types\/page"}],"author":[{"embeddable":true,"href":"https:\/\/agora.xtec.cat\/escolabaloo\/wp-json\/wp\/v2\/users\/1"}],"replies":[{"embeddable":true,"href":"https:\/\/agora.xtec.cat\/escolabaloo\/wp-json\/wp\/v2\/comments?post=14297"}],"version-history":[{"count":3,"href":"https:\/\/agora.xtec.cat\/escolabaloo\/wp-json\/wp\/v2\/pages\/14297\/revisions"}],"predecessor-version":[{"id":14539,"href":"https:\/\/agora.xtec.cat\/escolabaloo\/wp-json\/wp\/v2\/pages\/14297\/revisions\/14539"}],"up":[{"embeddable":true,"href":"https:\/\/agora.xtec.cat\/escolabaloo\/wp-json\/wp\/v2\/pages\/64"}],"wp:attachment":[{"href":"https:\/\/agora.xtec.cat\/escolabaloo\/wp-json\/wp\/v2\/media?parent=14297"}],"curies":[{"name":"wp","href":"https:\/\/api.w.org\/{rel}","templated":true}]}}