{"id":12496,"date":"2023-01-09T09:16:38","date_gmt":"2023-01-09T08:16:38","guid":{"rendered":"https:\/\/agora.xtec.cat\/escolabaloo\/?page_id=12496"},"modified":"2023-04-24T10:23:50","modified_gmt":"2023-04-24T08:23:50","slug":"6e-grup-superilles-2nt","status":"publish","type":"page","link":"https:\/\/agora.xtec.cat\/escolabaloo\/6e-grup-superilles-2nt\/","title":{"rendered":"6\u00e8 GRUP SUPERILLES (2T)"},"content":{"rendered":"<p><strong>UN CAT\u00c0LEG D&#8217;ARTEFACTES \u00d2PTICS<\/strong><\/p>\n<p>El primer trimestre v\u00e0rem estar investigant l&#8217;\u00f2ptica relacionada amb el dibuix. A partir d&#8217;aqu\u00ed va apar\u00e8ixer l&#8217;efecte que produeix la llum en passar a trav\u00e9s d&#8217;una lent, la projecci\u00f3 invertida de les imatges. El grup de les Superilles ja estan acabant els seus prototips, ara toca fotografiar-los i fer un recull a trav\u00e9s de les imatges i la descripci\u00f3.<\/p>\n<p><img loading=\"lazy\" decoding=\"async\" class=\"aligncenter size-large wp-image-12616\" src=\"https:\/\/agora.xtec.cat\/escolabaloo\/wp-content\/uploads\/usu902\/2023\/01\/Fotografies-per-cataleg-1024x788.jpg\" alt=\"\" width=\"1024\" height=\"788\" srcset=\"https:\/\/agora.xtec.cat\/escolabaloo\/wp-content\/uploads\/usu902\/2023\/01\/Fotografies-per-cataleg-1024x788.jpg 1024w, https:\/\/agora.xtec.cat\/escolabaloo\/wp-content\/uploads\/usu902\/2023\/01\/Fotografies-per-cataleg-300x231.jpg 300w, https:\/\/agora.xtec.cat\/escolabaloo\/wp-content\/uploads\/usu902\/2023\/01\/Fotografies-per-cataleg-768x591.jpg 768w, https:\/\/agora.xtec.cat\/escolabaloo\/wp-content\/uploads\/usu902\/2023\/01\/Fotografies-per-cataleg.jpg 1134w\" sizes=\"auto, (max-width: 1024px) 100vw, 1024px\" \/><\/p>\n\n\t\t<style type=\"text\/css\">\n\t\t\t#gallery-1 {\n\t\t\t\tmargin: auto;\n\t\t\t}\n\t\t\t#gallery-1 .gallery-item {\n\t\t\t\tfloat: left;\n\t\t\t\tmargin-top: 10px;\n\t\t\t\ttext-align: center;\n\t\t\t\twidth: 33%;\n\t\t\t}\n\t\t\t#gallery-1 img {\n\t\t\t\tborder: 2px solid #cfcfcf;\n\t\t\t}\n\t\t\t#gallery-1 .gallery-caption {\n\t\t\t\tmargin-left: 0;\n\t\t\t}\n\t\t\t\/* see gallery_shortcode() in wp-includes\/media.php *\/\n\t\t<\/style>\n\t\t<div id='gallery-1' class='gallery galleryid-12496 gallery-columns-3 gallery-size-medium'><dl class='gallery-item'>\n\t\t\t<dt class='gallery-icon landscape'>\n\t\t\t\t<a href='https:\/\/agora.xtec.cat\/escolabaloo\/6e-grup-superilles-2nt\/attachment\/artefacte-6\/'><img loading=\"lazy\" decoding=\"async\" width=\"300\" height=\"288\" src=\"https:\/\/agora.xtec.cat\/escolabaloo\/wp-content\/uploads\/usu902\/2023\/02\/artefacte-6-300x288.jpg\" class=\"attachment-medium size-medium\" alt=\"\" aria-describedby=\"gallery-1-12957\" srcset=\"https:\/\/agora.xtec.cat\/escolabaloo\/wp-content\/uploads\/usu902\/2023\/02\/artefacte-6-300x288.jpg 300w, https:\/\/agora.xtec.cat\/escolabaloo\/wp-content\/uploads\/usu902\/2023\/02\/artefacte-6-768x736.jpg 768w, https:\/\/agora.xtec.cat\/escolabaloo\/wp-content\/uploads\/usu902\/2023\/02\/artefacte-6.jpg 1020w\" sizes=\"auto, (max-width: 300px) 100vw, 300px\" \/><\/a>\n\t\t\t<\/dt>\n\t\t\t\t<dd class='wp-caption-text gallery-caption' id='gallery-1-12957'>\n\t\t\t\tC\u00e0mera projectora AE REFLEXS 10505. Ayoub i Eric. \n\t\t\t\t<\/dd><\/dl><dl class='gallery-item'>\n\t\t\t<dt class='gallery-icon portrait'>\n\t\t\t\t<a href='https:\/\/agora.xtec.cat\/escolabaloo\/6e-grup-superilles-2nt\/attachment\/artefacte-7\/'><img loading=\"lazy\" decoding=\"async\" width=\"277\" height=\"300\" src=\"https:\/\/agora.xtec.cat\/escolabaloo\/wp-content\/uploads\/usu902\/2023\/02\/artefacte-7-277x300.jpg\" class=\"attachment-medium size-medium\" alt=\"\" aria-describedby=\"gallery-1-12958\" srcset=\"https:\/\/agora.xtec.cat\/escolabaloo\/wp-content\/uploads\/usu902\/2023\/02\/artefacte-7-277x300.jpg 277w, https:\/\/agora.xtec.cat\/escolabaloo\/wp-content\/uploads\/usu902\/2023\/02\/artefacte-7-947x1024.jpg 947w, https:\/\/agora.xtec.cat\/escolabaloo\/wp-content\/uploads\/usu902\/2023\/02\/artefacte-7-768x830.jpg 768w, https:\/\/agora.xtec.cat\/escolabaloo\/wp-content\/uploads\/usu902\/2023\/02\/artefacte-7.jpg 1020w\" sizes=\"auto, (max-width: 277px) 100vw, 277px\" \/><\/a>\n\t\t\t<\/dt>\n\t\t\t\t<dd class='wp-caption-text gallery-caption' id='gallery-1-12958'>\n\t\t\t\tWALLY. Nat\u00e0lia, Georgina i Mar. \n\t\t\t\t<\/dd><\/dl><dl class='gallery-item'>\n\t\t\t<dt class='gallery-icon portrait'>\n\t\t\t\t<a href='https:\/\/agora.xtec.cat\/escolabaloo\/6e-grup-superilles-2nt\/attachment\/artefacte-1\/'><img loading=\"lazy\" decoding=\"async\" width=\"277\" height=\"300\" src=\"https:\/\/agora.xtec.cat\/escolabaloo\/wp-content\/uploads\/usu902\/2023\/02\/artefacte-1-277x300.jpg\" class=\"attachment-medium size-medium\" alt=\"\" aria-describedby=\"gallery-1-12959\" srcset=\"https:\/\/agora.xtec.cat\/escolabaloo\/wp-content\/uploads\/usu902\/2023\/02\/artefacte-1-277x300.jpg 277w, https:\/\/agora.xtec.cat\/escolabaloo\/wp-content\/uploads\/usu902\/2023\/02\/artefacte-1-946x1024.jpg 946w, https:\/\/agora.xtec.cat\/escolabaloo\/wp-content\/uploads\/usu902\/2023\/02\/artefacte-1-768x831.jpg 768w, https:\/\/agora.xtec.cat\/escolabaloo\/wp-content\/uploads\/usu902\/2023\/02\/artefacte-1.jpg 1019w\" sizes=\"auto, (max-width: 277px) 100vw, 277px\" \/><\/a>\n\t\t\t<\/dt>\n\t\t\t\t<dd class='wp-caption-text gallery-caption' id='gallery-1-12959'>\n\t\t\t\tWONDER. Duna, Mart\u00ed i\n\t\t\t\t<\/dd><\/dl><br style=\"clear: both\" \/><dl class='gallery-item'>\n\t\t\t<dt class='gallery-icon landscape'>\n\t\t\t\t<a href='https:\/\/agora.xtec.cat\/escolabaloo\/6e-grup-superilles-2nt\/attachment\/artefacte-2\/'><img loading=\"lazy\" decoding=\"async\" width=\"300\" height=\"272\" src=\"https:\/\/agora.xtec.cat\/escolabaloo\/wp-content\/uploads\/usu902\/2023\/02\/artefacte-2-300x272.jpg\" class=\"attachment-medium size-medium\" alt=\"\" aria-describedby=\"gallery-1-12960\" srcset=\"https:\/\/agora.xtec.cat\/escolabaloo\/wp-content\/uploads\/usu902\/2023\/02\/artefacte-2-300x272.jpg 300w, https:\/\/agora.xtec.cat\/escolabaloo\/wp-content\/uploads\/usu902\/2023\/02\/artefacte-2-768x696.jpg 768w, https:\/\/agora.xtec.cat\/escolabaloo\/wp-content\/uploads\/usu902\/2023\/02\/artefacte-2.jpg 1020w\" sizes=\"auto, (max-width: 300px) 100vw, 300px\" \/><\/a>\n\t\t\t<\/dt>\n\t\t\t\t<dd class='wp-caption-text gallery-caption' id='gallery-1-12960'>\n\t\t\t\tSkynet 901 Q.E.687. Quim i Edu\n\t\t\t\t<\/dd><\/dl><dl class='gallery-item'>\n\t\t\t<dt class='gallery-icon landscape'>\n\t\t\t\t<a href='https:\/\/agora.xtec.cat\/escolabaloo\/6e-grup-superilles-2nt\/attachment\/artefacte-3\/'><img loading=\"lazy\" decoding=\"async\" width=\"300\" height=\"275\" src=\"https:\/\/agora.xtec.cat\/escolabaloo\/wp-content\/uploads\/usu902\/2023\/02\/artefacte-3-300x275.jpg\" class=\"attachment-medium size-medium\" alt=\"\" aria-describedby=\"gallery-1-12961\" srcset=\"https:\/\/agora.xtec.cat\/escolabaloo\/wp-content\/uploads\/usu902\/2023\/02\/artefacte-3-300x275.jpg 300w, https:\/\/agora.xtec.cat\/escolabaloo\/wp-content\/uploads\/usu902\/2023\/02\/artefacte-3-768x705.jpg 768w, https:\/\/agora.xtec.cat\/escolabaloo\/wp-content\/uploads\/usu902\/2023\/02\/artefacte-3.jpg 1019w\" sizes=\"auto, (max-width: 300px) 100vw, 300px\" \/><\/a>\n\t\t\t<\/dt>\n\t\t\t\t<dd class='wp-caption-text gallery-caption' id='gallery-1-12961'>\n\t\t\t\tJuan i Gabriel\n\t\t\t\t<\/dd><\/dl><dl class='gallery-item'>\n\t\t\t<dt class='gallery-icon portrait'>\n\t\t\t\t<a href='https:\/\/agora.xtec.cat\/escolabaloo\/6e-grup-superilles-2nt\/attachment\/artefacte-4\/'><img loading=\"lazy\" decoding=\"async\" width=\"277\" height=\"300\" src=\"https:\/\/agora.xtec.cat\/escolabaloo\/wp-content\/uploads\/usu902\/2023\/02\/artefacte-4-277x300.jpg\" class=\"attachment-medium size-medium\" alt=\"\" aria-describedby=\"gallery-1-12962\" srcset=\"https:\/\/agora.xtec.cat\/escolabaloo\/wp-content\/uploads\/usu902\/2023\/02\/artefacte-4-277x300.jpg 277w, https:\/\/agora.xtec.cat\/escolabaloo\/wp-content\/uploads\/usu902\/2023\/02\/artefacte-4-947x1024.jpg 947w, https:\/\/agora.xtec.cat\/escolabaloo\/wp-content\/uploads\/usu902\/2023\/02\/artefacte-4-768x830.jpg 768w, https:\/\/agora.xtec.cat\/escolabaloo\/wp-content\/uploads\/usu902\/2023\/02\/artefacte-4.jpg 1020w\" sizes=\"auto, (max-width: 277px) 100vw, 277px\" \/><\/a>\n\t\t\t<\/dt>\n\t\t\t\t<dd class='wp-caption-text gallery-caption' id='gallery-1-12962'>\n\t\t\t\tJAN. Jan\n\t\t\t\t<\/dd><\/dl><br style=\"clear: both\" \/><dl class='gallery-item'>\n\t\t\t<dt class='gallery-icon portrait'>\n\t\t\t\t<a href='https:\/\/agora.xtec.cat\/escolabaloo\/6e-grup-superilles-2nt\/attachment\/artefacte-5\/'><img loading=\"lazy\" decoding=\"async\" width=\"277\" height=\"300\" src=\"https:\/\/agora.xtec.cat\/escolabaloo\/wp-content\/uploads\/usu902\/2023\/02\/artefacte-5-277x300.jpg\" class=\"attachment-medium size-medium\" alt=\"\" aria-describedby=\"gallery-1-12963\" srcset=\"https:\/\/agora.xtec.cat\/escolabaloo\/wp-content\/uploads\/usu902\/2023\/02\/artefacte-5-277x300.jpg 277w, https:\/\/agora.xtec.cat\/escolabaloo\/wp-content\/uploads\/usu902\/2023\/02\/artefacte-5-947x1024.jpg 947w, https:\/\/agora.xtec.cat\/escolabaloo\/wp-content\/uploads\/usu902\/2023\/02\/artefacte-5-768x830.jpg 768w, https:\/\/agora.xtec.cat\/escolabaloo\/wp-content\/uploads\/usu902\/2023\/02\/artefacte-5.jpg 1020w\" sizes=\"auto, (max-width: 277px) 100vw, 277px\" \/><\/a>\n\t\t\t<\/dt>\n\t\t\t\t<dd class='wp-caption-text gallery-caption' id='gallery-1-12963'>\n\t\t\t\tK.M.C.G \n\t\t\t\t<\/dd><\/dl>\n\t\t\t<br style='clear: both' \/>\n\t\t<\/div>\n\n<p><strong>DIBUIXAR AMB EL CANT\u00d3 DRET DEL CERVELL.<\/strong><\/p>\n<p>La <span class=\"hiddenSpellError\">Betty<\/span> <span class=\"hiddenSpellError\">Edwards<\/span> \u00e9s una professora de dibuix de l&#8217;estat de Calif\u00f2rnia. L&#8217;any 1984, va publicar un m\u00e8tode per aprendre a dibuixar que es basava en la comunicaci\u00f3 entre els dos hemisferis del cervell. Diuen que l&#8217;hemisferi esquerre \u00e9s l&#8217;encarregat del llenguatge, de les habilitats num\u00e8riques i dels raonaments l\u00f2gics, efica\u00e7 i seri\u00f3s. En canvi, l&#8217;hemisferi dret \u00e9s m\u00e9s obert a la imaginaci\u00f3, a les habilitats musicals, a la percepci\u00f3 de l&#8217;espai, \u00e9s m\u00e9s juganer i lliure.<\/p>\n<p><img loading=\"lazy\" decoding=\"async\" class=\"aligncenter size-large wp-image-13248\" src=\"https:\/\/agora.xtec.cat\/escolabaloo\/wp-content\/uploads\/usu902\/2023\/03\/hemisferis-1024x423.jpg\" alt=\"\" width=\"1024\" height=\"423\" srcset=\"https:\/\/agora.xtec.cat\/escolabaloo\/wp-content\/uploads\/usu902\/2023\/03\/hemisferis-1024x423.jpg 1024w, https:\/\/agora.xtec.cat\/escolabaloo\/wp-content\/uploads\/usu902\/2023\/03\/hemisferis-300x124.jpg 300w, https:\/\/agora.xtec.cat\/escolabaloo\/wp-content\/uploads\/usu902\/2023\/03\/hemisferis-768x317.jpg 768w, https:\/\/agora.xtec.cat\/escolabaloo\/wp-content\/uploads\/usu902\/2023\/03\/hemisferis.jpg 1359w\" sizes=\"auto, (max-width: 1024px) 100vw, 1024px\" \/><\/p>\n<p>A 6\u00e8 ja hi ha persones que no valoren el dibuix perqu\u00e8 diuen que &#8220;no en saben&#8221;. Aquest m\u00e8tode ens ajuda a veure que totes les persones tenen les capacitats per dibuixar, nom\u00e9s cal una mica d&#8217;esfor\u00e7 per descobrir que el dibuix no \u00e9s una qualitat per minories.<\/p>\n\n\t\t<style type=\"text\/css\">\n\t\t\t#gallery-2 {\n\t\t\t\tmargin: auto;\n\t\t\t}\n\t\t\t#gallery-2 .gallery-item {\n\t\t\t\tfloat: left;\n\t\t\t\tmargin-top: 10px;\n\t\t\t\ttext-align: center;\n\t\t\t\twidth: 33%;\n\t\t\t}\n\t\t\t#gallery-2 img {\n\t\t\t\tborder: 2px solid #cfcfcf;\n\t\t\t}\n\t\t\t#gallery-2 .gallery-caption {\n\t\t\t\tmargin-left: 0;\n\t\t\t}\n\t\t\t\/* see gallery_shortcode() in wp-includes\/media.php *\/\n\t\t<\/style>\n\t\t<div id='gallery-2' class='gallery galleryid-12496 gallery-columns-3 gallery-size-full'><dl class='gallery-item'>\n\t\t\t<dt class='gallery-icon portrait'>\n\t\t\t\t<a href='https:\/\/agora.xtec.cat\/escolabaloo\/6e-grup-superilles-2nt\/attachment\/exercici-1-betty_0000_20230213_160557-jpg\/'><img loading=\"lazy\" decoding=\"async\" width=\"567\" height=\"756\" src=\"https:\/\/agora.xtec.cat\/escolabaloo\/wp-content\/uploads\/usu902\/2023\/03\/EXERCICI-1-BETTY_0000_20230213_160557.jpg.jpg\" class=\"attachment-full size-full\" alt=\"\" srcset=\"https:\/\/agora.xtec.cat\/escolabaloo\/wp-content\/uploads\/usu902\/2023\/03\/EXERCICI-1-BETTY_0000_20230213_160557.jpg.jpg 567w, https:\/\/agora.xtec.cat\/escolabaloo\/wp-content\/uploads\/usu902\/2023\/03\/EXERCICI-1-BETTY_0000_20230213_160557.jpg-225x300.jpg 225w\" sizes=\"auto, (max-width: 567px) 100vw, 567px\" \/><\/a>\n\t\t\t<\/dt><\/dl><dl class='gallery-item'>\n\t\t\t<dt class='gallery-icon portrait'>\n\t\t\t\t<a href='https:\/\/agora.xtec.cat\/escolabaloo\/6e-grup-superilles-2nt\/attachment\/exercici-1-betty_0002_20230306_162613-jpg\/'><img loading=\"lazy\" decoding=\"async\" width=\"567\" height=\"756\" src=\"https:\/\/agora.xtec.cat\/escolabaloo\/wp-content\/uploads\/usu902\/2023\/03\/EXERCICI-1-BETTY_0002_20230306_162613.jpg.jpg\" class=\"attachment-full size-full\" alt=\"\" srcset=\"https:\/\/agora.xtec.cat\/escolabaloo\/wp-content\/uploads\/usu902\/2023\/03\/EXERCICI-1-BETTY_0002_20230306_162613.jpg.jpg 567w, https:\/\/agora.xtec.cat\/escolabaloo\/wp-content\/uploads\/usu902\/2023\/03\/EXERCICI-1-BETTY_0002_20230306_162613.jpg-225x300.jpg 225w\" sizes=\"auto, (max-width: 567px) 100vw, 567px\" \/><\/a>\n\t\t\t<\/dt><\/dl><dl class='gallery-item'>\n\t\t\t<dt class='gallery-icon portrait'>\n\t\t\t\t<a href='https:\/\/agora.xtec.cat\/escolabaloo\/6e-grup-superilles-2nt\/attachment\/exercici-1-betty_0001_20230213_160604-jpg\/'><img loading=\"lazy\" decoding=\"async\" width=\"567\" height=\"756\" src=\"https:\/\/agora.xtec.cat\/escolabaloo\/wp-content\/uploads\/usu902\/2023\/03\/EXERCICI-1-BETTY_0001_20230213_160604.jpg.jpg\" class=\"attachment-full size-full\" alt=\"\" srcset=\"https:\/\/agora.xtec.cat\/escolabaloo\/wp-content\/uploads\/usu902\/2023\/03\/EXERCICI-1-BETTY_0001_20230213_160604.jpg.jpg 567w, https:\/\/agora.xtec.cat\/escolabaloo\/wp-content\/uploads\/usu902\/2023\/03\/EXERCICI-1-BETTY_0001_20230213_160604.jpg-225x300.jpg 225w\" sizes=\"auto, (max-width: 567px) 100vw, 567px\" \/><\/a>\n\t\t\t<\/dt><\/dl><br style=\"clear: both\" \/><dl class='gallery-item'>\n\t\t\t<dt class='gallery-icon portrait'>\n\t\t\t\t<a href='https:\/\/agora.xtec.cat\/escolabaloo\/6e-grup-superilles-2nt\/attachment\/dibuixant1\/'><img loading=\"lazy\" decoding=\"async\" width=\"515\" height=\"695\" src=\"https:\/\/agora.xtec.cat\/escolabaloo\/wp-content\/uploads\/usu902\/2023\/03\/Dibuixant1.jpg\" class=\"attachment-full size-full\" alt=\"\" srcset=\"https:\/\/agora.xtec.cat\/escolabaloo\/wp-content\/uploads\/usu902\/2023\/03\/Dibuixant1.jpg 515w, https:\/\/agora.xtec.cat\/escolabaloo\/wp-content\/uploads\/usu902\/2023\/03\/Dibuixant1-222x300.jpg 222w\" sizes=\"auto, (max-width: 515px) 100vw, 515px\" \/><\/a>\n\t\t\t<\/dt><\/dl><dl class='gallery-item'>\n\t\t\t<dt class='gallery-icon portrait'>\n\t\t\t\t<a href='https:\/\/agora.xtec.cat\/escolabaloo\/6e-grup-superilles-2nt\/attachment\/dibuixant2\/'><img loading=\"lazy\" decoding=\"async\" width=\"519\" height=\"694\" src=\"https:\/\/agora.xtec.cat\/escolabaloo\/wp-content\/uploads\/usu902\/2023\/03\/Dibuixant2.jpg\" class=\"attachment-full size-full\" alt=\"\" srcset=\"https:\/\/agora.xtec.cat\/escolabaloo\/wp-content\/uploads\/usu902\/2023\/03\/Dibuixant2.jpg 519w, https:\/\/agora.xtec.cat\/escolabaloo\/wp-content\/uploads\/usu902\/2023\/03\/Dibuixant2-224x300.jpg 224w\" sizes=\"auto, (max-width: 519px) 100vw, 519px\" \/><\/a>\n\t\t\t<\/dt><\/dl><dl class='gallery-item'>\n\t\t\t<dt class='gallery-icon portrait'>\n\t\t\t\t<a href='https:\/\/agora.xtec.cat\/escolabaloo\/6e-grup-superilles-2nt\/attachment\/betty1\/'><img loading=\"lazy\" decoding=\"async\" width=\"531\" height=\"709\" src=\"https:\/\/agora.xtec.cat\/escolabaloo\/wp-content\/uploads\/usu902\/2023\/03\/betty1.jpg\" class=\"attachment-full size-full\" alt=\"\" srcset=\"https:\/\/agora.xtec.cat\/escolabaloo\/wp-content\/uploads\/usu902\/2023\/03\/betty1.jpg 531w, https:\/\/agora.xtec.cat\/escolabaloo\/wp-content\/uploads\/usu902\/2023\/03\/betty1-225x300.jpg 225w\" sizes=\"auto, (max-width: 531px) 100vw, 531px\" \/><\/a>\n\t\t\t<\/dt><\/dl><br style=\"clear: both\" \/>\n\t\t<\/div>\n\n<p>Posem a la pr\u00e0ctica dos exercicis per concentrar l&#8217;acci\u00f3 de dibuixar a l&#8217;hemisferi dret, anul\u00b7lant l&#8217;esquerra; copiant una imatge del rev\u00e9s i fixant-nos en el contorn de les formes.<\/p>\n<p style=\"text-align: right;\"><a href=\"https:\/\/agora.xtec.cat\/escolabaloo\/taller-artistic\/\">MEN\u00da INICI _<\/a><\/p>\n","protected":false},"excerpt":{"rendered":"<p>UN CAT\u00c0LEG D&#8217;ARTEFACTES \u00d2PTICS<br \/>\nEl primer trimestre v\u00e0rem estar investigant l&#8217;\u00f2ptica relacionada amb el dibuix. A partir d&#8217;aqu\u00ed va apar\u00e8ixer l&#8217;efecte que produeix la llum en passar a trav\u00e9s d&#8217;una lent, la projecci\u00f3 invertida de les imatges. El grup de les Superilles ja estan acabant els&hellip;  <a href=\"https:\/\/agora.xtec.cat\/escolabaloo\/6e-grup-superilles-2nt\/\" title=\"Read 6\u00e8 GRUP SUPERILLES (2T)\">Llegeix m\u00e9s\u00bb<\/a><\/p>\n","protected":false},"author":1,"featured_media":0,"parent":0,"menu_order":0,"comment_status":"closed","ping_status":"closed","template":"","meta":{"_bbp_topic_count":0,"_bbp_reply_count":0,"_bbp_total_topic_count":0,"_bbp_total_reply_count":0,"_bbp_voice_count":0,"_bbp_anonymous_reply_count":0,"_bbp_topic_count_hidden":0,"_bbp_reply_count_hidden":0,"_bbp_forum_subforum_count":0,"footnotes":""},"class_list":["post-12496","page","type-page","status-publish","hentry"],"post_mailing_queue_ids":[],"_links":{"self":[{"href":"https:\/\/agora.xtec.cat\/escolabaloo\/wp-json\/wp\/v2\/pages\/12496","targetHints":{"allow":["GET"]}}],"collection":[{"href":"https:\/\/agora.xtec.cat\/escolabaloo\/wp-json\/wp\/v2\/pages"}],"about":[{"href":"https:\/\/agora.xtec.cat\/escolabaloo\/wp-json\/wp\/v2\/types\/page"}],"author":[{"embeddable":true,"href":"https:\/\/agora.xtec.cat\/escolabaloo\/wp-json\/wp\/v2\/users\/1"}],"replies":[{"embeddable":true,"href":"https:\/\/agora.xtec.cat\/escolabaloo\/wp-json\/wp\/v2\/comments?post=12496"}],"version-history":[{"count":3,"href":"https:\/\/agora.xtec.cat\/escolabaloo\/wp-json\/wp\/v2\/pages\/12496\/revisions"}],"predecessor-version":[{"id":13788,"href":"https:\/\/agora.xtec.cat\/escolabaloo\/wp-json\/wp\/v2\/pages\/12496\/revisions\/13788"}],"wp:attachment":[{"href":"https:\/\/agora.xtec.cat\/escolabaloo\/wp-json\/wp\/v2\/media?parent=12496"}],"curies":[{"name":"wp","href":"https:\/\/api.w.org\/{rel}","templated":true}]}}