{"id":11677,"date":"2022-11-24T12:27:26","date_gmt":"2022-11-24T11:27:26","guid":{"rendered":"https:\/\/agora.xtec.cat\/escolabaloo\/?page_id=11677"},"modified":"2022-12-20T16:10:38","modified_gmt":"2022-12-20T15:10:38","slug":"visual-i-plastica-_-5e","status":"publish","type":"page","link":"https:\/\/agora.xtec.cat\/escolabaloo\/visual-i-plastica-_-5e\/","title":{"rendered":"5\u00e8 LLEGENDES URBANES"},"content":{"rendered":"<p style=\"text-align: justify;\">Amb el grup Llegendes Urbanes hem observat l&#8217;arquitectura animal, hem vist algunes similituds <span class=\"hiddenGreenError\">al<\/span> comparar-la amb els nostres habitatges. Qu\u00e8 necessitem per viure? Quins materials necessitem per construir? A partir d&#8217;aqu\u00ed hem passat a la pr\u00e0ctica investigant maneres de construir partint d&#8217;estructures de fusta.<\/p>\n<p style=\"text-align: justify;\"><strong>Primeres construccions amb fustes i gomes<\/strong><\/p>\n<p style=\"font-weight: 400; text-align: justify;\">Ressonants: \u201c<a href=\"https:\/\/vimeo.com\/72852191\">El Tarzan d\u2019Argelaguer<\/a>\u201d \/ \u201c<a href=\"https:\/\/www.filmin.es\/pelicula\/sobre-la-marxa\">Sobre la marxa<\/a>\u201d\/ &#8220;<a href=\"https:\/\/arquitecturaviva.com\/libros\/animales-arquitectos\">Animales arquitectos<\/a>&#8220;<\/p>\n<p style=\"font-weight: 400; text-align: justify;\">La primera proposta \u00e9s per apropar-nos al m\u00f3n de la construcci\u00f3 a trav\u00e9s d&#8217;estructures simples, inventar maneres de construir a petita escala. La sessi\u00f3 est\u00e0 pautada en tres parts:<\/p>\n<p style=\"font-weight: 400; text-align: justify;\">1. Repte individual. Aconseguir que s&#8217;aguantin dues vares de fusta perpendicularment amb una sola goma el\u00e0stica. 2. Treball en grups de tres. Generar una estructura sumant les idees i els materials de cada participant. 3, Ajuntar totes les estructures del grup en una sola forma.<\/p>\n<p>&nbsp;<\/p>\n<p style=\"font-weight: 400; text-align: justify;\"><img loading=\"lazy\" decoding=\"async\" class=\"aligncenter size-large wp-image-12318\" src=\"https:\/\/agora.xtec.cat\/escolabaloo\/wp-content\/uploads\/usu902\/2022\/12\/5e-estructures-1-1024x339.jpg\" alt=\"\" width=\"1024\" height=\"339\" srcset=\"https:\/\/agora.xtec.cat\/escolabaloo\/wp-content\/uploads\/usu902\/2022\/12\/5e-estructures-1-1024x339.jpg 1024w, https:\/\/agora.xtec.cat\/escolabaloo\/wp-content\/uploads\/usu902\/2022\/12\/5e-estructures-1-300x99.jpg 300w, https:\/\/agora.xtec.cat\/escolabaloo\/wp-content\/uploads\/usu902\/2022\/12\/5e-estructures-1-768x254.jpg 768w, https:\/\/agora.xtec.cat\/escolabaloo\/wp-content\/uploads\/usu902\/2022\/12\/5e-estructures-1.jpg 1134w\" sizes=\"auto, (max-width: 1024px) 100vw, 1024px\" \/><\/p>\n<p style=\"font-weight: 400; text-align: justify;\"><img loading=\"lazy\" decoding=\"async\" class=\"wp-image-11979 alignright\" src=\"https:\/\/agora.xtec.cat\/escolabaloo\/wp-content\/uploads\/usu902\/2022\/11\/5E13.jpg\" alt=\"\" width=\"529\" height=\"234\" srcset=\"https:\/\/agora.xtec.cat\/escolabaloo\/wp-content\/uploads\/usu902\/2022\/11\/5E13.jpg 595w, https:\/\/agora.xtec.cat\/escolabaloo\/wp-content\/uploads\/usu902\/2022\/11\/5E13-300x133.jpg 300w\" sizes=\"auto, (max-width: 529px) 100vw, 529px\" \/><\/p>\n<p><img loading=\"lazy\" decoding=\"async\" class=\" wp-image-11975 alignleft\" style=\"text-align: justify;\" src=\"https:\/\/agora.xtec.cat\/escolabaloo\/wp-content\/uploads\/usu902\/2022\/11\/5E9-767x1024.jpg\" alt=\"\" width=\"176\" height=\"235\" srcset=\"https:\/\/agora.xtec.cat\/escolabaloo\/wp-content\/uploads\/usu902\/2022\/11\/5E9-767x1024.jpg 767w, https:\/\/agora.xtec.cat\/escolabaloo\/wp-content\/uploads\/usu902\/2022\/11\/5E9-225x300.jpg 225w, https:\/\/agora.xtec.cat\/escolabaloo\/wp-content\/uploads\/usu902\/2022\/11\/5E9-768x1026.jpg 768w, https:\/\/agora.xtec.cat\/escolabaloo\/wp-content\/uploads\/usu902\/2022\/11\/5E9.jpg 850w\" sizes=\"auto, (max-width: 176px) 100vw, 176px\" \/><\/p>\n<p>&nbsp;<\/p>\n<p>&nbsp;<\/p>\n<p>&nbsp;<\/p>\n<p>&nbsp;<\/p>\n<p>&nbsp;<\/p>\n<p>&nbsp;<\/p>\n<p><img loading=\"lazy\" decoding=\"async\" class=\"size-full wp-image-11976 aligncenter\" src=\"https:\/\/agora.xtec.cat\/escolabaloo\/wp-content\/uploads\/usu902\/2022\/11\/5E10.jpg\" alt=\"\" width=\"850\" height=\"685\" srcset=\"https:\/\/agora.xtec.cat\/escolabaloo\/wp-content\/uploads\/usu902\/2022\/11\/5E10.jpg 850w, https:\/\/agora.xtec.cat\/escolabaloo\/wp-content\/uploads\/usu902\/2022\/11\/5E10-300x242.jpg 300w, https:\/\/agora.xtec.cat\/escolabaloo\/wp-content\/uploads\/usu902\/2022\/11\/5E10-768x619.jpg 768w\" sizes=\"auto, (max-width: 850px) 100vw, 850px\" \/><\/p>\n<p style=\"font-weight: 400; text-align: justify;\"><img loading=\"lazy\" decoding=\"async\" class=\"size-full wp-image-11967 aligncenter\" src=\"https:\/\/agora.xtec.cat\/escolabaloo\/wp-content\/uploads\/usu902\/2022\/11\/5E1.jpg\" alt=\"\" width=\"850\" height=\"377\" srcset=\"https:\/\/agora.xtec.cat\/escolabaloo\/wp-content\/uploads\/usu902\/2022\/11\/5E1.jpg 850w, https:\/\/agora.xtec.cat\/escolabaloo\/wp-content\/uploads\/usu902\/2022\/11\/5E1-300x133.jpg 300w, https:\/\/agora.xtec.cat\/escolabaloo\/wp-content\/uploads\/usu902\/2022\/11\/5E1-768x341.jpg 768w\" sizes=\"auto, (max-width: 850px) 100vw, 850px\" \/><\/p>\n<p style=\"font-weight: 400; text-align: justify;\"><img loading=\"lazy\" decoding=\"async\" class=\"size-full wp-image-11970 aligncenter\" src=\"https:\/\/agora.xtec.cat\/escolabaloo\/wp-content\/uploads\/usu902\/2022\/11\/5E4.jpg\" alt=\"\" width=\"850\" height=\"377\" srcset=\"https:\/\/agora.xtec.cat\/escolabaloo\/wp-content\/uploads\/usu902\/2022\/11\/5E4.jpg 850w, https:\/\/agora.xtec.cat\/escolabaloo\/wp-content\/uploads\/usu902\/2022\/11\/5E4-300x133.jpg 300w, https:\/\/agora.xtec.cat\/escolabaloo\/wp-content\/uploads\/usu902\/2022\/11\/5E4-768x341.jpg 768w\" sizes=\"auto, (max-width: 850px) 100vw, 850px\" \/><\/p>\n<p style=\"font-weight: 400; text-align: center;\">Al cobrir les estructures amb teles tamb\u00e9 van apar\u00e8ixer fantasmes i emperadors romans&#8230;<\/p>\n<p style=\"font-weight: 400; text-align: justify;\"><img loading=\"lazy\" decoding=\"async\" class=\"aligncenter size-full wp-image-11972\" src=\"https:\/\/agora.xtec.cat\/escolabaloo\/wp-content\/uploads\/usu902\/2022\/11\/5E6.jpg\" alt=\"\" width=\"850\" height=\"888\" srcset=\"https:\/\/agora.xtec.cat\/escolabaloo\/wp-content\/uploads\/usu902\/2022\/11\/5E6.jpg 850w, https:\/\/agora.xtec.cat\/escolabaloo\/wp-content\/uploads\/usu902\/2022\/11\/5E6-287x300.jpg 287w, https:\/\/agora.xtec.cat\/escolabaloo\/wp-content\/uploads\/usu902\/2022\/11\/5E6-768x802.jpg 768w\" sizes=\"auto, (max-width: 850px) 100vw, 850px\" \/><\/p>\n<p style=\"font-weight: 400; text-align: justify;\">Al veure els resultats, v\u00e0rem comentar amb la Clara (tutora de <strong><a href=\"https:\/\/agora.xtec.cat\/escolabaloo\/visual-i-plastica-_-i3\/\">I3<\/a><\/strong>) que podr\u00edem fer una col\u00b7laboraci\u00f3, elles \u00a0estan treballant la fam\u00edlia mitjan\u00e7ant un joc simb\u00f2lic amb canyes, \u00a0i necessiten cases per totes les fam\u00edlies&#8230; se\u2019ns gira feina!<\/p>\n<p style=\"font-weight: 400; text-align: justify;\"><strong>Construcci\u00f3 d\u2019habitatges per les fam\u00edlies-canya de i3.<\/strong><\/p>\n<p style=\"font-weight: 400; text-align: justify;\">Abans de comen\u00e7ar la sessi\u00f3 descobrim a l&#8217;<strong><a href=\"https:\/\/www.the-incredible-shrinking-man.net\/?page_id=286\"><span class=\"hiddenGrammarError\">Arne<\/span> <span class=\"hiddenSpellError\">Hendiks<\/span><\/a><\/strong>, un artista Holand\u00e8s que fa anys que treball en un projecte que es diu<a href=\"https:\/\/www.the-incredible-shrinking-man.net\"> &#8220;<span class=\"hiddenSpellError\">The<\/span> <span class=\"hiddenSpellError\">Incredible<\/span> <span class=\"hiddenSpellError\">Shrinking<\/span> Man&#8221;<\/a> (<em><span class=\"hiddenGrammarError\">El incre\u00edble<\/span> <span class=\"hiddenSpellError\">hombre<\/span> <span class=\"hiddenSpellError\">menguante<\/span><\/em>). Es dedica a investigar les implicacions que tindria reduir la mida de l&#8217;esp\u00e8cie humana per millorar i superar tot el que ens est\u00e0 passant. Si s&#8217;aconsegu\u00eds, <span class=\"hiddenGreenError\">al<\/span> decr\u00e9ixer, el m\u00f3n passaria a ser gaireb\u00e9 tres vegades m\u00e9s gran, aix\u00f2 voldria dir que amb els mateixos recursos passar\u00edem a l&#8217;abund\u00e0ncia, per\u00f2&#8230; seria la soluci\u00f3? Riem una bona estona pensant en <strong>el com<\/strong> es faria i quines conseq\u00fc\u00e8ncies tindria el proc\u00e9s de fer-nos cada vegada m\u00e9s petits.<\/p>\n<p><img loading=\"lazy\" decoding=\"async\" class=\"aligncenter size-large wp-image-12336\" src=\"https:\/\/agora.xtec.cat\/escolabaloo\/wp-content\/uploads\/usu902\/2022\/12\/Arne-Hendriks-1024x512.jpg\" alt=\"\" width=\"1024\" height=\"512\" srcset=\"https:\/\/agora.xtec.cat\/escolabaloo\/wp-content\/uploads\/usu902\/2022\/12\/Arne-Hendriks-1024x512.jpg 1024w, https:\/\/agora.xtec.cat\/escolabaloo\/wp-content\/uploads\/usu902\/2022\/12\/Arne-Hendriks-300x150.jpg 300w, https:\/\/agora.xtec.cat\/escolabaloo\/wp-content\/uploads\/usu902\/2022\/12\/Arne-Hendriks-768x384.jpg 768w, https:\/\/agora.xtec.cat\/escolabaloo\/wp-content\/uploads\/usu902\/2022\/12\/Arne-Hendriks.jpg 1134w\" sizes=\"auto, (max-width: 1024px) 100vw, 1024px\" \/><\/p>\n<p style=\"text-align: center;\"><a href=\"https:\/\/www.the-incredible-shrinking-man.net\">&#8220;<span class=\"hiddenSpellError\">The<\/span> <span class=\"hiddenSpellError\">Incredible<\/span> <span class=\"hiddenSpellError\">Shrinking<\/span> Man&#8221;<\/a><\/p>\n<p style=\"font-weight: 400; text-align: justify;\"><img loading=\"lazy\" decoding=\"async\" class=\"size-full wp-image-11968 aligncenter\" src=\"https:\/\/agora.xtec.cat\/escolabaloo\/wp-content\/uploads\/usu902\/2022\/11\/5E2.jpg\" alt=\"\" width=\"850\" height=\"459\" srcset=\"https:\/\/agora.xtec.cat\/escolabaloo\/wp-content\/uploads\/usu902\/2022\/11\/5E2.jpg 850w, https:\/\/agora.xtec.cat\/escolabaloo\/wp-content\/uploads\/usu902\/2022\/11\/5E2-300x162.jpg 300w, https:\/\/agora.xtec.cat\/escolabaloo\/wp-content\/uploads\/usu902\/2022\/11\/5E2-768x415.jpg 768w\" sizes=\"auto, (max-width: 850px) 100vw, 850px\" \/><\/p>\n<p style=\"font-weight: 400; text-align: justify;\"><img loading=\"lazy\" decoding=\"async\" class=\"size-full wp-image-11981 aligncenter\" src=\"https:\/\/agora.xtec.cat\/escolabaloo\/wp-content\/uploads\/usu902\/2022\/11\/5E-CHR.jpg\" alt=\"\" width=\"902\" height=\"457\" srcset=\"https:\/\/agora.xtec.cat\/escolabaloo\/wp-content\/uploads\/usu902\/2022\/11\/5E-CHR.jpg 902w, https:\/\/agora.xtec.cat\/escolabaloo\/wp-content\/uploads\/usu902\/2022\/11\/5E-CHR-300x152.jpg 300w, https:\/\/agora.xtec.cat\/escolabaloo\/wp-content\/uploads\/usu902\/2022\/11\/5E-CHR-768x389.jpg 768w\" sizes=\"auto, (max-width: 902px) 100vw, 902px\" \/><\/p>\n<p style=\"font-weight: 400; text-align: justify;\">Mentre es van acabant les petites construccions i el temps, uns altres ens dediquem a buscar l&#8217;espai on penjar el croma. \u00c9s el primer dia que l&#8217;utilitzem, hi ha gent que no ho coneix. Ens esperem a la seg\u00fcent sessi\u00f3 per descobrir qu\u00e8 \u00e9s aix\u00f2 del croma i quines possibilitats t\u00e9.<\/p>\n<p style=\"font-weight: 400; text-align: justify;\"><img loading=\"lazy\" decoding=\"async\" class=\"wp-image-11973 size-large aligncenter\" src=\"https:\/\/agora.xtec.cat\/escolabaloo\/wp-content\/uploads\/usu902\/2022\/11\/5E7-e1669720182590-1024x555.jpg\" alt=\"\" width=\"1024\" height=\"555\" srcset=\"https:\/\/agora.xtec.cat\/escolabaloo\/wp-content\/uploads\/usu902\/2022\/11\/5E7-e1669720182590-1024x555.jpg 1024w, https:\/\/agora.xtec.cat\/escolabaloo\/wp-content\/uploads\/usu902\/2022\/11\/5E7-e1669720182590-300x163.jpg 300w, https:\/\/agora.xtec.cat\/escolabaloo\/wp-content\/uploads\/usu902\/2022\/11\/5E7-e1669720182590-768x417.jpg 768w, https:\/\/agora.xtec.cat\/escolabaloo\/wp-content\/uploads\/usu902\/2022\/11\/5E7-e1669720182590.jpg 1134w\" sizes=\"auto, (max-width: 1024px) 100vw, 1024px\" \/><\/p>\n<p style=\"font-weight: 400; text-align: justify;\">Com col\u00b7loquem les cabanes abans de marxar? S\u2019ha fet una pluja d\u2019idees amb una votaci\u00f3 final: s\u2019han de situar en cercle, aix\u00ed es protegeixen del vent, i poden fer un foc al mig. On est\u00e0 situat aquest poblat? En quina part del m\u00f3n?<\/p>\n<div><\/div>\n<div><b><b>Construcci\u00f3 d\u2019un poblat a mida pel grup dels <a href=\"https:\/\/agora.xtec.cat\/escolabaloo\/visual-i-plastica-_-i3\/\">ESQUIROLS (I3)<\/a><\/b><\/b><\/div>\n<div>\n<div><\/div>\n<div>Tornem a construir, per\u00f2 aquest cop tenim bares de fusta d&#8217;un metre, ara es podran construir cabanes grans, on els nens i<\/div>\n<div><\/div>\n<div>nenes del grup dels Esquirols s&#8217;hi puguin instal\u00b7lar i jugar a l&#8217;interior amb les seves fam\u00edlies.<\/div>\n<\/div>\n<div><\/div>\n<div><\/div>\n<div><\/div>\n<div><img loading=\"lazy\" decoding=\"async\" class=\"aligncenter size-large wp-image-12343\" src=\"https:\/\/agora.xtec.cat\/escolabaloo\/wp-content\/uploads\/usu902\/2022\/12\/poblat-en-proces-1024x576.jpg\" alt=\"\" width=\"1024\" height=\"576\" srcset=\"https:\/\/agora.xtec.cat\/escolabaloo\/wp-content\/uploads\/usu902\/2022\/12\/poblat-en-proces-1024x576.jpg 1024w, https:\/\/agora.xtec.cat\/escolabaloo\/wp-content\/uploads\/usu902\/2022\/12\/poblat-en-proces-300x169.jpg 300w, https:\/\/agora.xtec.cat\/escolabaloo\/wp-content\/uploads\/usu902\/2022\/12\/poblat-en-proces-768x432.jpg 768w, https:\/\/agora.xtec.cat\/escolabaloo\/wp-content\/uploads\/usu902\/2022\/12\/poblat-en-proces.jpg 1134w\" sizes=\"auto, (max-width: 1024px) 100vw, 1024px\" \/><\/div>\n<div><\/div>\n<div><\/div>\n<p><img loading=\"lazy\" decoding=\"async\" class=\"aligncenter size-large wp-image-12187\" src=\"https:\/\/agora.xtec.cat\/escolabaloo\/wp-content\/uploads\/usu902\/2022\/12\/poblat1-1024x438.jpg\" alt=\"\" width=\"1024\" height=\"438\" srcset=\"https:\/\/agora.xtec.cat\/escolabaloo\/wp-content\/uploads\/usu902\/2022\/12\/poblat1-1024x438.jpg 1024w, https:\/\/agora.xtec.cat\/escolabaloo\/wp-content\/uploads\/usu902\/2022\/12\/poblat1-300x128.jpg 300w, https:\/\/agora.xtec.cat\/escolabaloo\/wp-content\/uploads\/usu902\/2022\/12\/poblat1-768x329.jpg 768w, https:\/\/agora.xtec.cat\/escolabaloo\/wp-content\/uploads\/usu902\/2022\/12\/poblat1.jpg 1072w\" sizes=\"auto, (max-width: 1024px) 100vw, 1024px\" \/><\/p>\n\r\n\t<div class=\"slideshow_container slideshow_container_style-light\" style=\" \" data-slideshow-id=\"12345\" data-style-name=\"style-light\" data-style-version=\"2.3.1\" >\r\n\r\n\t\t\t\t\t<div class=\"slideshow_loading_icon\"><\/div>\r\n\t\t\r\n\t\t<div class=\"slideshow_content\" style=\"display: none;\">\r\n\r\n\t\t\t<div class=\"slideshow_view\">\r\n\t\t\t\t<div class=\"slideshow_slide slideshow_slide_image\">\r\n\t\t\t\t\t\t\t\t\t\t\t<img src=\"https:\/\/agora.xtec.cat\/escolabaloo\/wp-content\/uploads\/usu902\/2022\/12\/5e-proces-poblat.jpg\" alt=\"5\u00e8-proc\u00e9s-poblat\" width=\"1324\" height=\"694\" \/>\r\n\t\t\t\t\t\t\t\t\t\t<div class=\"slideshow_description_box slideshow_transparent\">\r\n\t\t\t\t\t\t<div class=\"slideshow_title\">5\u00e8-proc\u00e9s-poblat<\/div>\t\t\t\t\t\t\t\t\t\t\t<\/div>\r\n\t\t\t\t<\/div>\r\n\r\n\t\t\t\t\t\t<div style=\"clear: both;\"><\/div><\/div><div class=\"slideshow_view\">\r\n\t\t\t\t<div class=\"slideshow_slide slideshow_slide_image\">\r\n\t\t\t\t\t\t\t\t\t\t\t<img src=\"https:\/\/agora.xtec.cat\/escolabaloo\/wp-content\/uploads\/usu902\/2022\/12\/5e-proces-poblat_0010_Fondo.jpg\" alt=\"5\u00e8 proc\u00e9s poblat_0010_Fondo\" width=\"567\" height=\"425\" \/>\r\n\t\t\t\t\t\t\t\t\t\t<div class=\"slideshow_description_box slideshow_transparent\">\r\n\t\t\t\t\t\t<div class=\"slideshow_title\">5\u00e8 proc\u00e9s poblat_0010_Fondo<\/div>\t\t\t\t\t\t\t\t\t\t\t<\/div>\r\n\t\t\t\t<\/div>\r\n\r\n\t\t\t\t\t\t<div style=\"clear: both;\"><\/div><\/div><div class=\"slideshow_view\">\r\n\t\t\t\t<div class=\"slideshow_slide slideshow_slide_image\">\r\n\t\t\t\t\t\t\t\t\t\t\t<img src=\"https:\/\/agora.xtec.cat\/escolabaloo\/wp-content\/uploads\/usu902\/2022\/12\/5e-proces-poblat_0009_Capa-1.jpg\" alt=\"5\u00e8 proc\u00e9s poblat_0009_Capa 1\" width=\"567\" height=\"425\" \/>\r\n\t\t\t\t\t\t\t\t\t\t<div class=\"slideshow_description_box slideshow_transparent\">\r\n\t\t\t\t\t\t<div class=\"slideshow_title\">5\u00e8 proc\u00e9s poblat_0009_Capa 1<\/div>\t\t\t\t\t\t\t\t\t\t\t<\/div>\r\n\t\t\t\t<\/div>\r\n\r\n\t\t\t\t\t\t<div style=\"clear: both;\"><\/div><\/div><div class=\"slideshow_view\">\r\n\t\t\t\t<div class=\"slideshow_slide slideshow_slide_image\">\r\n\t\t\t\t\t\t\t\t\t\t\t<img src=\"https:\/\/agora.xtec.cat\/escolabaloo\/wp-content\/uploads\/usu902\/2022\/12\/5e-proces-poblat_0008_Capa-2.jpg\" alt=\"5\u00e8 proc\u00e9s poblat_0008_Capa 2\" width=\"567\" height=\"425\" \/>\r\n\t\t\t\t\t\t\t\t\t\t<div class=\"slideshow_description_box slideshow_transparent\">\r\n\t\t\t\t\t\t<div class=\"slideshow_title\">5\u00e8 proc\u00e9s poblat_0008_Capa 2<\/div>\t\t\t\t\t\t\t\t\t\t\t<\/div>\r\n\t\t\t\t<\/div>\r\n\r\n\t\t\t\t\t\t<div style=\"clear: both;\"><\/div><\/div><div class=\"slideshow_view\">\r\n\t\t\t\t<div class=\"slideshow_slide slideshow_slide_image\">\r\n\t\t\t\t\t\t\t\t\t\t\t<img src=\"https:\/\/agora.xtec.cat\/escolabaloo\/wp-content\/uploads\/usu902\/2022\/12\/5e-proces-poblat_0007_Capa-3.jpg\" alt=\"5\u00e8 proc\u00e9s poblat_0007_Capa 3\" width=\"567\" height=\"425\" \/>\r\n\t\t\t\t\t\t\t\t\t\t<div class=\"slideshow_description_box slideshow_transparent\">\r\n\t\t\t\t\t\t<div class=\"slideshow_title\">5\u00e8 proc\u00e9s poblat_0007_Capa 3<\/div>\t\t\t\t\t\t\t\t\t\t\t<\/div>\r\n\t\t\t\t<\/div>\r\n\r\n\t\t\t\t\t\t<div style=\"clear: both;\"><\/div><\/div><div class=\"slideshow_view\">\r\n\t\t\t\t<div class=\"slideshow_slide slideshow_slide_image\">\r\n\t\t\t\t\t\t\t\t\t\t\t<img src=\"https:\/\/agora.xtec.cat\/escolabaloo\/wp-content\/uploads\/usu902\/2022\/12\/5e-proces-poblat_0006_Capa-4.jpg\" alt=\"5\u00e8 proc\u00e9s poblat_0006_Capa 4\" width=\"567\" height=\"425\" \/>\r\n\t\t\t\t\t\t\t\t\t\t<div class=\"slideshow_description_box slideshow_transparent\">\r\n\t\t\t\t\t\t<div class=\"slideshow_title\">5\u00e8 proc\u00e9s poblat_0006_Capa 4<\/div>\t\t\t\t\t\t\t\t\t\t\t<\/div>\r\n\t\t\t\t<\/div>\r\n\r\n\t\t\t\t\t\t<div style=\"clear: both;\"><\/div><\/div><div class=\"slideshow_view\">\r\n\t\t\t\t<div class=\"slideshow_slide slideshow_slide_image\">\r\n\t\t\t\t\t\t\t\t\t\t\t<img src=\"https:\/\/agora.xtec.cat\/escolabaloo\/wp-content\/uploads\/usu902\/2022\/12\/5e-proces-poblat_0005_Capa-5.jpg\" alt=\"5\u00e8 proc\u00e9s poblat_0005_Capa 5\" width=\"567\" height=\"425\" \/>\r\n\t\t\t\t\t\t\t\t\t\t<div class=\"slideshow_description_box slideshow_transparent\">\r\n\t\t\t\t\t\t<div class=\"slideshow_title\">5\u00e8 proc\u00e9s poblat_0005_Capa 5<\/div>\t\t\t\t\t\t\t\t\t\t\t<\/div>\r\n\t\t\t\t<\/div>\r\n\r\n\t\t\t\t\t\t<div style=\"clear: both;\"><\/div><\/div><div class=\"slideshow_view\">\r\n\t\t\t\t<div class=\"slideshow_slide slideshow_slide_image\">\r\n\t\t\t\t\t\t\t\t\t\t\t<img src=\"https:\/\/agora.xtec.cat\/escolabaloo\/wp-content\/uploads\/usu902\/2022\/12\/5e-proces-poblat_0004_Capa-6.jpg\" alt=\"5\u00e8 proc\u00e9s poblat_0004_Capa 6\" width=\"567\" height=\"425\" \/>\r\n\t\t\t\t\t\t\t\t\t\t<div class=\"slideshow_description_box slideshow_transparent\">\r\n\t\t\t\t\t\t<div class=\"slideshow_title\">5\u00e8 proc\u00e9s poblat_0004_Capa 6<\/div>\t\t\t\t\t\t\t\t\t\t\t<\/div>\r\n\t\t\t\t<\/div>\r\n\r\n\t\t\t\t\t\t<div style=\"clear: both;\"><\/div><\/div><div class=\"slideshow_view\">\r\n\t\t\t\t<div class=\"slideshow_slide slideshow_slide_image\">\r\n\t\t\t\t\t\t\t\t\t\t\t<img src=\"https:\/\/agora.xtec.cat\/escolabaloo\/wp-content\/uploads\/usu902\/2022\/12\/5e-proces-poblat_0003_Capa-7.jpg\" alt=\"5\u00e8 proc\u00e9s poblat_0003_Capa 7\" width=\"567\" height=\"425\" \/>\r\n\t\t\t\t\t\t\t\t\t\t<div class=\"slideshow_description_box slideshow_transparent\">\r\n\t\t\t\t\t\t<div class=\"slideshow_title\">5\u00e8 proc\u00e9s poblat_0003_Capa 7<\/div>\t\t\t\t\t\t\t\t\t\t\t<\/div>\r\n\t\t\t\t<\/div>\r\n\r\n\t\t\t\t\t\t<div style=\"clear: both;\"><\/div><\/div><div class=\"slideshow_view\">\r\n\t\t\t\t<div class=\"slideshow_slide slideshow_slide_image\">\r\n\t\t\t\t\t\t\t\t\t\t\t<img src=\"https:\/\/agora.xtec.cat\/escolabaloo\/wp-content\/uploads\/usu902\/2022\/12\/5e-proces-poblat_0002_Capa-8.jpg\" alt=\"5\u00e8 proc\u00e9s poblat_0002_Capa 8\" width=\"567\" height=\"425\" \/>\r\n\t\t\t\t\t\t\t\t\t\t<div class=\"slideshow_description_box slideshow_transparent\">\r\n\t\t\t\t\t\t<div class=\"slideshow_title\">5\u00e8 proc\u00e9s poblat_0002_Capa 8<\/div>\t\t\t\t\t\t\t\t\t\t\t<\/div>\r\n\t\t\t\t<\/div>\r\n\r\n\t\t\t\t\t\t<div style=\"clear: both;\"><\/div><\/div><div class=\"slideshow_view\">\r\n\t\t\t\t<div class=\"slideshow_slide slideshow_slide_image\">\r\n\t\t\t\t\t\t\t\t\t\t\t<img src=\"https:\/\/agora.xtec.cat\/escolabaloo\/wp-content\/uploads\/usu902\/2022\/12\/5e-proces-poblat_0001_Capa-9.jpg\" alt=\"5\u00e8 proc\u00e9s poblat_0001_Capa 9\" width=\"567\" height=\"425\" \/>\r\n\t\t\t\t\t\t\t\t\t\t<div class=\"slideshow_description_box slideshow_transparent\">\r\n\t\t\t\t\t\t<div class=\"slideshow_title\">5\u00e8 proc\u00e9s poblat_0001_Capa 9<\/div>\t\t\t\t\t\t\t\t\t\t\t<\/div>\r\n\t\t\t\t<\/div>\r\n\r\n\t\t\t\t\t\t<div style=\"clear: both;\"><\/div><\/div><div class=\"slideshow_view\">\r\n\t\t\t\t<div class=\"slideshow_slide slideshow_slide_image\">\r\n\t\t\t\t\t\t\t\t\t\t\t<img src=\"https:\/\/agora.xtec.cat\/escolabaloo\/wp-content\/uploads\/usu902\/2022\/12\/5e-proces-poblat_0000_Capa-10.jpg\" alt=\"5\u00e8 proc\u00e9s poblat_0000_Capa 10\" width=\"567\" height=\"425\" \/>\r\n\t\t\t\t\t\t\t\t\t\t<div class=\"slideshow_description_box slideshow_transparent\">\r\n\t\t\t\t\t\t<div class=\"slideshow_title\">5\u00e8 proc\u00e9s poblat_0000_Capa 10<\/div>\t\t\t\t\t\t\t\t\t\t\t<\/div>\r\n\t\t\t\t<\/div>\r\n\r\n\t\t\t\t\t\t<div style=\"clear: both;\"><\/div><\/div>\r\n\t\t<\/div>\r\n\r\n\t\t<div class=\"slideshow_controlPanel slideshow_transparent\" style=\"display: none;\"><ul><li class=\"slideshow_togglePlay\" data-play-text=\"Visualitza\" data-pause-text=\"Pausa\"><\/li><\/ul><\/div>\r\n\r\n\t\t<div class=\"slideshow_button slideshow_previous slideshow_transparent\" role=\"button\" data-previous-text=\"Anterior\" style=\"display: none;\"><\/div>\r\n\t\t<div class=\"slideshow_button slideshow_next slideshow_transparent\" role=\"button\" data-next-text=\"Seg\u00fcent\" style=\"display: none;\"><\/div>\r\n\r\n\t\t<div class=\"slideshow_pagination\" style=\"display: none;\" data-go-to-text=\"V\u00e9s a la diapositiva\"><div class=\"slideshow_pagination_center\"><\/div><\/div>\r\n\r\n\t\t<!-- WordPress Slideshow Version 2.3.1 -->\r\n\r\n\t\t\t<\/div>\r\n\r\n\n<p><img loading=\"lazy\" decoding=\"async\" class=\"aligncenter size-large wp-image-12188\" src=\"https:\/\/agora.xtec.cat\/escolabaloo\/wp-content\/uploads\/usu902\/2022\/12\/poblat2-1024x598.jpg\" alt=\"\" width=\"1024\" height=\"598\" srcset=\"https:\/\/agora.xtec.cat\/escolabaloo\/wp-content\/uploads\/usu902\/2022\/12\/poblat2-1024x598.jpg 1024w, https:\/\/agora.xtec.cat\/escolabaloo\/wp-content\/uploads\/usu902\/2022\/12\/poblat2-300x175.jpg 300w, https:\/\/agora.xtec.cat\/escolabaloo\/wp-content\/uploads\/usu902\/2022\/12\/poblat2-768x448.jpg 768w, https:\/\/agora.xtec.cat\/escolabaloo\/wp-content\/uploads\/usu902\/2022\/12\/poblat2.jpg 1134w\" sizes=\"auto, (max-width: 1024px) 100vw, 1024px\" \/><\/p>\n<p style=\"text-align: center;\">Per descobrir que va passar amb el poblat premeu la fotografia<\/p>\n<p style=\"text-align: center;\"><a href=\"https:\/\/agora.xtec.cat\/escolabaloo\/visual-i-plastica-_-i3\/\"><img loading=\"lazy\" decoding=\"async\" class=\"aligncenter size-large wp-image-11703\" src=\"https:\/\/agora.xtec.cat\/escolabaloo\/wp-content\/uploads\/usu902\/2022\/11\/i3-porta-cabana-gran-1024x192.jpg\" alt=\"\" width=\"1024\" height=\"192\" srcset=\"https:\/\/agora.xtec.cat\/escolabaloo\/wp-content\/uploads\/usu902\/2022\/11\/i3-porta-cabana-gran-1024x192.jpg 1024w, https:\/\/agora.xtec.cat\/escolabaloo\/wp-content\/uploads\/usu902\/2022\/11\/i3-porta-cabana-gran-300x56.jpg 300w, https:\/\/agora.xtec.cat\/escolabaloo\/wp-content\/uploads\/usu902\/2022\/11\/i3-porta-cabana-gran-768x144.jpg 768w, https:\/\/agora.xtec.cat\/escolabaloo\/wp-content\/uploads\/usu902\/2022\/11\/i3-porta-cabana-gran-1536x288.jpg 1536w, https:\/\/agora.xtec.cat\/escolabaloo\/wp-content\/uploads\/usu902\/2022\/11\/i3-porta-cabana-gran-2048x384.jpg 2048w\" sizes=\"auto, (max-width: 1024px) 100vw, 1024px\" \/><\/a><\/p>\n<p style=\"text-align: right;\"><a href=\"https:\/\/agora.xtec.cat\/escolabaloo\/taller-artistic\/\">MEN\u00da INICI _<\/a><\/p>\n","protected":false},"excerpt":{"rendered":"<p>Amb el grup Llegendes Urbanes hem observat l&#8217;arquitectura animal, hem vist algunes similituds al comparar-la amb els nostres habitatges. Qu\u00e8 necessitem per viure? Quins materials necessitem per construir? A partir d&#8217;aqu\u00ed hem passat a la pr\u00e0ctica investigant maneres de construir partint d&#8217;estructures de fusta.<br \/>\nPrimeres construccions&hellip;  <a href=\"https:\/\/agora.xtec.cat\/escolabaloo\/visual-i-plastica-_-5e\/\" title=\"Read 5\u00e8 LLEGENDES URBANES\">Llegeix m\u00e9s\u00bb<\/a><\/p>\n","protected":false},"author":1,"featured_media":0,"parent":0,"menu_order":0,"comment_status":"closed","ping_status":"closed","template":"","meta":{"_bbp_topic_count":0,"_bbp_reply_count":0,"_bbp_total_topic_count":0,"_bbp_total_reply_count":0,"_bbp_voice_count":0,"_bbp_anonymous_reply_count":0,"_bbp_topic_count_hidden":0,"_bbp_reply_count_hidden":0,"_bbp_forum_subforum_count":0,"footnotes":""},"class_list":["post-11677","page","type-page","status-publish","hentry"],"post_mailing_queue_ids":[],"_links":{"self":[{"href":"https:\/\/agora.xtec.cat\/escolabaloo\/wp-json\/wp\/v2\/pages\/11677","targetHints":{"allow":["GET"]}}],"collection":[{"href":"https:\/\/agora.xtec.cat\/escolabaloo\/wp-json\/wp\/v2\/pages"}],"about":[{"href":"https:\/\/agora.xtec.cat\/escolabaloo\/wp-json\/wp\/v2\/types\/page"}],"author":[{"embeddable":true,"href":"https:\/\/agora.xtec.cat\/escolabaloo\/wp-json\/wp\/v2\/users\/1"}],"replies":[{"embeddable":true,"href":"https:\/\/agora.xtec.cat\/escolabaloo\/wp-json\/wp\/v2\/comments?post=11677"}],"version-history":[{"count":4,"href":"https:\/\/agora.xtec.cat\/escolabaloo\/wp-json\/wp\/v2\/pages\/11677\/revisions"}],"predecessor-version":[{"id":12480,"href":"https:\/\/agora.xtec.cat\/escolabaloo\/wp-json\/wp\/v2\/pages\/11677\/revisions\/12480"}],"wp:attachment":[{"href":"https:\/\/agora.xtec.cat\/escolabaloo\/wp-json\/wp\/v2\/media?parent=11677"}],"curies":[{"name":"wp","href":"https:\/\/api.w.org\/{rel}","templated":true}]}}