{"id":11671,"date":"2022-11-24T12:27:01","date_gmt":"2022-11-24T11:27:01","guid":{"rendered":"https:\/\/agora.xtec.cat\/escolabaloo\/?page_id=11671"},"modified":"2025-02-08T19:37:53","modified_gmt":"2025-02-08T18:37:53","slug":"visual-i-plastica-_-3r","status":"publish","type":"page","link":"https:\/\/agora.xtec.cat\/escolabaloo\/visual-i-plastica-_-3r\/","title":{"rendered":"3r GRUP JARDINS URBANS"},"content":{"rendered":"<p>Un dels grans problemes de l\u2019ecosistema urb\u00e0 \u00e9s <strong>la contaminaci\u00f3 ac\u00fastica<\/strong>. Durant el confinament, un dels sons que m\u00e9s va sorprendre va ser el dels ocells, el silenci els va fer apar\u00e8ixer. Amb els de tercer, ens endinsarem al m\u00f3n de la construcci\u00f3 de sons de la natura partint dels reclams d\u2019ocell, un proc\u00e9s de treball on reciclarem materials propers per acabar transformant-los en material per compartir amb l\u2019escola.<\/p>\n<p><strong>Els reclams d&#8217;ocell<\/strong><\/p>\n<p style=\"font-weight: 400;\">Observem els reclams d\u2019ocell, els tipus de materials emprats per la seva construcci\u00f3, les caracter\u00edstiques de cada material, el so per percussi\u00f3 o aire i els colors<\/p>\n<p style=\"font-weight: 400; text-align: justify;\"><img loading=\"lazy\" decoding=\"async\" class=\"wp-image-11939 aligncenter\" src=\"https:\/\/agora.xtec.cat\/escolabaloo\/wp-content\/uploads\/usu902\/2022\/11\/3R13.jpg\" alt=\"\" width=\"614\" height=\"469\" srcset=\"https:\/\/agora.xtec.cat\/escolabaloo\/wp-content\/uploads\/usu902\/2022\/11\/3R13.jpg 595w, https:\/\/agora.xtec.cat\/escolabaloo\/wp-content\/uploads\/usu902\/2022\/11\/3R13-300x229.jpg 300w\" sizes=\"auto, (max-width: 614px) 100vw, 614px\" \/><\/p>\n<p style=\"text-align: center;\">Ressonants: <a href=\"https:\/\/www.qbc.fr\/index.php?cPath=23_21&amp;osCsid=kpp7ma3anlf8cpjfdaaskeskb7\">Quelle est belle company<\/a>,<\/p>\n<p style=\"font-weight: 400; text-align: justify;\">Els escoltem i els dibuixem per parar atenci\u00f3 i descobrir els materials que s&#8217;han utilitzat per construir-los, dibuixos per entendre i poder explicar a la fam\u00edlia, cal demanar\u00a0 materials a casa i s\u2019ha de saber perqu\u00e8 serviran en cada cas. Al llarg de la sessi\u00f3 han sortit propostes, portar nous i castanyes per fabricar el so del trenca-closques o el picot. A part, s\u2019ha proposat l\u2019aventura d\u2019anar a un ciclista i demanar cambres d\u2019aire en des\u00fas per poder fer un estornell\u00a0 d\u2019ocells entre tots, un projecte per regalar a l\u2019escola.<\/p>\n<p>&nbsp;<\/p>\n<p><img loading=\"lazy\" decoding=\"async\" class=\"aligncenter wp-image-11929 size-full\" src=\"https:\/\/agora.xtec.cat\/escolabaloo\/wp-content\/uploads\/usu902\/2022\/11\/3R3.jpg\" alt=\"\" width=\"595\" height=\"301\" srcset=\"https:\/\/agora.xtec.cat\/escolabaloo\/wp-content\/uploads\/usu902\/2022\/11\/3R3.jpg 595w, https:\/\/agora.xtec.cat\/escolabaloo\/wp-content\/uploads\/usu902\/2022\/11\/3R3-300x152.jpg 300w\" sizes=\"auto, (max-width: 595px) 100vw, 595px\" \/><\/p>\n<p>Hi ha diferents maneres d&#8217;afrontar un dibuix, totes s\u00f3n v\u00e0lides. Hi ha qui es fixa m\u00e9s en els contorns i, amb poques l\u00ednies, defineix un objecte, tamb\u00e9 hi ha qui necessita el color i fer relacions entre dibuixos per explicar les caracter\u00edstiques o qui prefereix escriure per acabar de fer-se entendre.<\/p>\n<p><img loading=\"lazy\" decoding=\"async\" class=\"aligncenter size-large wp-image-11931\" src=\"https:\/\/agora.xtec.cat\/escolabaloo\/wp-content\/uploads\/usu902\/2022\/11\/3R5.jpg\" alt=\"\" width=\"850\" height=\"396\" srcset=\"https:\/\/agora.xtec.cat\/escolabaloo\/wp-content\/uploads\/usu902\/2022\/11\/3R5.jpg 850w, https:\/\/agora.xtec.cat\/escolabaloo\/wp-content\/uploads\/usu902\/2022\/11\/3R5-300x140.jpg 300w, https:\/\/agora.xtec.cat\/escolabaloo\/wp-content\/uploads\/usu902\/2022\/11\/3R5-768x358.jpg 768w\" sizes=\"auto, (max-width: 850px) 100vw, 850px\" \/><\/p>\n<p style=\"font-weight: 400;\">Fixar-nos en les caracter\u00edstiques dels materials ens ajuda a entendre i a intuir com s\u2019han fet els reclams. En aquest cas, recon\u00e8ixer els anells de la fusta d\u2019un reclam ens ha fet pensar quina part de l\u2019abre es va utilitzar per construir-lo.<\/p>\n<p style=\"font-weight: 400;\"><strong><img loading=\"lazy\" decoding=\"async\" class=\"aligncenter size-large wp-image-11938\" src=\"https:\/\/agora.xtec.cat\/escolabaloo\/wp-content\/uploads\/usu902\/2022\/11\/3R12.jpg\" alt=\"\" width=\"850\" height=\"544\" srcset=\"https:\/\/agora.xtec.cat\/escolabaloo\/wp-content\/uploads\/usu902\/2022\/11\/3R12.jpg 850w, https:\/\/agora.xtec.cat\/escolabaloo\/wp-content\/uploads\/usu902\/2022\/11\/3R12-300x192.jpg 300w, https:\/\/agora.xtec.cat\/escolabaloo\/wp-content\/uploads\/usu902\/2022\/11\/3R12-768x492.jpg 768w\" sizes=\"auto, (max-width: 850px) 100vw, 850px\" \/> <img loading=\"lazy\" decoding=\"async\" class=\"aligncenter size-large wp-image-11930\" src=\"https:\/\/agora.xtec.cat\/escolabaloo\/wp-content\/uploads\/usu902\/2022\/11\/3R4.jpg\" alt=\"\" width=\"850\" height=\"565\" srcset=\"https:\/\/agora.xtec.cat\/escolabaloo\/wp-content\/uploads\/usu902\/2022\/11\/3R4.jpg 850w, https:\/\/agora.xtec.cat\/escolabaloo\/wp-content\/uploads\/usu902\/2022\/11\/3R4-300x199.jpg 300w, https:\/\/agora.xtec.cat\/escolabaloo\/wp-content\/uploads\/usu902\/2022\/11\/3R4-768x510.jpg 768w\" sizes=\"auto, (max-width: 850px) 100vw, 850px\" \/> \u00a0<\/strong><\/p>\n<p><strong>Com fabricar el so d&#8217;una Bandada d&#8217;estornells.<\/strong><\/p>\n<p><a href=\"https:\/\/xavibou.com\"><img loading=\"lazy\" decoding=\"async\" class=\"aligncenter size-full wp-image-12290\" src=\"https:\/\/agora.xtec.cat\/escolabaloo\/wp-content\/uploads\/usu902\/2022\/12\/bandada-estornells-reclam.jpg\" alt=\"\" width=\"850\" height=\"316\" srcset=\"https:\/\/agora.xtec.cat\/escolabaloo\/wp-content\/uploads\/usu902\/2022\/12\/bandada-estornells-reclam.jpg 850w, https:\/\/agora.xtec.cat\/escolabaloo\/wp-content\/uploads\/usu902\/2022\/12\/bandada-estornells-reclam-300x112.jpg 300w, https:\/\/agora.xtec.cat\/escolabaloo\/wp-content\/uploads\/usu902\/2022\/12\/bandada-estornells-reclam-768x286.jpg 768w\" sizes=\"auto, (max-width: 850px) 100vw, 850px\" \/><\/a><\/p>\n<p><img loading=\"lazy\" decoding=\"async\" class=\"aligncenter size-large wp-image-11933\" src=\"https:\/\/agora.xtec.cat\/escolabaloo\/wp-content\/uploads\/usu902\/2022\/11\/3R7.jpg\" alt=\"\" width=\"850\" height=\"402\" srcset=\"https:\/\/agora.xtec.cat\/escolabaloo\/wp-content\/uploads\/usu902\/2022\/11\/3R7.jpg 850w, https:\/\/agora.xtec.cat\/escolabaloo\/wp-content\/uploads\/usu902\/2022\/11\/3R7-300x142.jpg 300w, https:\/\/agora.xtec.cat\/escolabaloo\/wp-content\/uploads\/usu902\/2022\/11\/3R7-768x363.jpg 768w\" sizes=\"auto, (max-width: 850px) 100vw, 850px\" \/><\/p>\n<p style=\"font-weight: 400;\">Un cop dibuixats els reclams d\u2019ocells passem a l\u2019acci\u00f3,\u00a0 construirem un parell d\u2019artefactes per reproduir el so d\u2019un estornell. Necessitem taps de Vichy, cambres d&#8217;aire de bicicleta, claus i martells.<\/p>\n<p><img loading=\"lazy\" decoding=\"async\" class=\"wp-image-11934 aligncenter\" src=\"https:\/\/agora.xtec.cat\/escolabaloo\/wp-content\/uploads\/usu902\/2022\/11\/3R8.jpg\" alt=\"\" width=\"310\" height=\"232\" srcset=\"https:\/\/agora.xtec.cat\/escolabaloo\/wp-content\/uploads\/usu902\/2022\/11\/3R8.jpg 850w, https:\/\/agora.xtec.cat\/escolabaloo\/wp-content\/uploads\/usu902\/2022\/11\/3R8-300x225.jpg 300w, https:\/\/agora.xtec.cat\/escolabaloo\/wp-content\/uploads\/usu902\/2022\/11\/3R8-768x576.jpg 768w, https:\/\/agora.xtec.cat\/escolabaloo\/wp-content\/uploads\/usu902\/2022\/11\/3R8-200x150.jpg 200w\" sizes=\"auto, (max-width: 310px) 100vw, 310px\" \/><\/p>\n<p>Hi ha qui ha portat materials de casa, aix\u00f2 sempre va molt b\u00e9!<\/p>\n<p style=\"font-weight: 400;\">Abans de comen\u00e7ar ens mirem atentament els dos tipus de martell que tenim al taller i els dibuixem assenyalant les diferents parts que els componen. Tenim un martell de PENA i un martell de BOLA.<\/p>\n<p>&nbsp;<\/p>\n<p><img loading=\"lazy\" decoding=\"async\" class=\"aligncenter size-large wp-image-11937\" src=\"https:\/\/agora.xtec.cat\/escolabaloo\/wp-content\/uploads\/usu902\/2022\/11\/3R11.jpg\" alt=\"\" width=\"850\" height=\"628\" srcset=\"https:\/\/agora.xtec.cat\/escolabaloo\/wp-content\/uploads\/usu902\/2022\/11\/3R11.jpg 850w, https:\/\/agora.xtec.cat\/escolabaloo\/wp-content\/uploads\/usu902\/2022\/11\/3R11-300x222.jpg 300w, https:\/\/agora.xtec.cat\/escolabaloo\/wp-content\/uploads\/usu902\/2022\/11\/3R11-768x567.jpg 768w\" sizes=\"auto, (max-width: 850px) 100vw, 850px\" \/><\/p>\n<p><img loading=\"lazy\" decoding=\"async\" class=\"aligncenter size-large wp-image-11940\" src=\"https:\/\/agora.xtec.cat\/escolabaloo\/wp-content\/uploads\/usu902\/2022\/11\/3R14.jpg\" alt=\"\" width=\"850\" height=\"439\" srcset=\"https:\/\/agora.xtec.cat\/escolabaloo\/wp-content\/uploads\/usu902\/2022\/11\/3R14.jpg 850w, https:\/\/agora.xtec.cat\/escolabaloo\/wp-content\/uploads\/usu902\/2022\/11\/3R14-300x155.jpg 300w, https:\/\/agora.xtec.cat\/escolabaloo\/wp-content\/uploads\/usu902\/2022\/11\/3R14-768x397.jpg 768w\" sizes=\"auto, (max-width: 850px) 100vw, 850px\" \/><\/p>\n<p>Els passos que han seguit. Foradar els taps de Vichy de dos en dos (han de quedar encaixats!) Tallar les cambres d&#8217;aire a mida i finalment ajuntar totes les parts.<\/p>\n<p><img loading=\"lazy\" decoding=\"async\" class=\"aligncenter wp-image-11932 size-full\" src=\"https:\/\/agora.xtec.cat\/escolabaloo\/wp-content\/uploads\/usu902\/2022\/11\/3R6-e1739039825105.jpg\" alt=\"\" width=\"657\" height=\"609\" srcset=\"https:\/\/agora.xtec.cat\/escolabaloo\/wp-content\/uploads\/usu902\/2022\/11\/3R6-e1739039825105.jpg 657w, https:\/\/agora.xtec.cat\/escolabaloo\/wp-content\/uploads\/usu902\/2022\/11\/3R6-e1739039825105-300x278.jpg 300w\" sizes=\"auto, (max-width: 657px) 100vw, 657px\" \/><\/p>\n<p><img loading=\"lazy\" decoding=\"async\" class=\"size-large wp-image-11936 aligncenter\" src=\"https:\/\/agora.xtec.cat\/escolabaloo\/wp-content\/uploads\/usu902\/2022\/11\/3R10.jpg\" alt=\"\" width=\"850\" height=\"486\" srcset=\"https:\/\/agora.xtec.cat\/escolabaloo\/wp-content\/uploads\/usu902\/2022\/11\/3R10.jpg 850w, https:\/\/agora.xtec.cat\/escolabaloo\/wp-content\/uploads\/usu902\/2022\/11\/3R10-300x172.jpg 300w, https:\/\/agora.xtec.cat\/escolabaloo\/wp-content\/uploads\/usu902\/2022\/11\/3R10-768x439.jpg 768w\" sizes=\"auto, (max-width: 850px) 100vw, 850px\" \/><\/p>\n<p><strong style=\"font-weight: 400;\">Dibuixem ocells inventats<\/strong><\/p>\n<p>Ara que ja ens hem fabricat un so, quin us l&#8217;hi podr\u00edem donar? Fem\u00a0<span class=\"hiddenGrammarError\">un stop-motion<\/span>.<br \/>\nDibuixem ocells inventats amb els colors que vulguem, l&#8217;\u00fanica norma \u00e9s no utilitzar el verd, per qu\u00e8? Per fer <span class=\"hiddenGrammarError\">aquest stop-motion<\/span> farem servir un croma com a fons, una tela verda que ens servir\u00e0 per fer que els ocells, un cop animats, puguin volar pel pati de l&#8217;escola <span class=\"hiddenSpellError\">Baloo<\/span>.<\/p>\n<p><img loading=\"lazy\" decoding=\"async\" class=\"size-large wp-image-11935 aligncenter\" src=\"https:\/\/agora.xtec.cat\/escolabaloo\/wp-content\/uploads\/usu902\/2022\/11\/3R9.jpg\" alt=\"\" width=\"850\" height=\"850\" srcset=\"https:\/\/agora.xtec.cat\/escolabaloo\/wp-content\/uploads\/usu902\/2022\/11\/3R9.jpg 850w, https:\/\/agora.xtec.cat\/escolabaloo\/wp-content\/uploads\/usu902\/2022\/11\/3R9-300x300.jpg 300w, https:\/\/agora.xtec.cat\/escolabaloo\/wp-content\/uploads\/usu902\/2022\/11\/3R9-150x150.jpg 150w, https:\/\/agora.xtec.cat\/escolabaloo\/wp-content\/uploads\/usu902\/2022\/11\/3R9-768x768.jpg 768w\" sizes=\"auto, (max-width: 850px) 100vw, 850px\" \/><\/p>\n<p><strong>\u00a0Animem els ocells<\/strong><\/p>\n<p style=\"font-weight: 400;\"><img loading=\"lazy\" decoding=\"async\" class=\"size-full wp-image-11927 aligncenter\" src=\"https:\/\/agora.xtec.cat\/escolabaloo\/wp-content\/uploads\/usu902\/2022\/11\/3R1.jpg\" alt=\"\" width=\"850\" height=\"590\" srcset=\"https:\/\/agora.xtec.cat\/escolabaloo\/wp-content\/uploads\/usu902\/2022\/11\/3R1.jpg 850w, https:\/\/agora.xtec.cat\/escolabaloo\/wp-content\/uploads\/usu902\/2022\/11\/3R1-300x208.jpg 300w, https:\/\/agora.xtec.cat\/escolabaloo\/wp-content\/uploads\/usu902\/2022\/11\/3R1-768x533.jpg 768w\" sizes=\"auto, (max-width: 850px) 100vw, 850px\" \/><\/p>\n<p>&nbsp;<\/p>\n<p><img loading=\"lazy\" decoding=\"async\" class=\"size-full wp-image-12293 aligncenter\" src=\"https:\/\/agora.xtec.cat\/escolabaloo\/wp-content\/uploads\/usu902\/2022\/12\/stopmotion-3r.jpg\" alt=\"\" width=\"850\" height=\"950\" srcset=\"https:\/\/agora.xtec.cat\/escolabaloo\/wp-content\/uploads\/usu902\/2022\/12\/stopmotion-3r.jpg 850w, https:\/\/agora.xtec.cat\/escolabaloo\/wp-content\/uploads\/usu902\/2022\/12\/stopmotion-3r-268x300.jpg 268w, https:\/\/agora.xtec.cat\/escolabaloo\/wp-content\/uploads\/usu902\/2022\/12\/stopmotion-3r-768x858.jpg 768w\" sizes=\"auto, (max-width: 850px) 100vw, 850px\" \/><\/p>\n<p style=\"text-align: left;\">Cada grup ha decidit el vol dels ocells mentre feien l&#8217;Stop-motion.<\/p>\n<p><img loading=\"lazy\" decoding=\"async\" class=\"size-full wp-image-12374 aligncenter\" src=\"https:\/\/agora.xtec.cat\/escolabaloo\/wp-content\/uploads\/usu902\/2022\/12\/credits-croma.jpg\" alt=\"\" width=\"850\" height=\"973\" srcset=\"https:\/\/agora.xtec.cat\/escolabaloo\/wp-content\/uploads\/usu902\/2022\/12\/credits-croma.jpg 850w, https:\/\/agora.xtec.cat\/escolabaloo\/wp-content\/uploads\/usu902\/2022\/12\/credits-croma-262x300.jpg 262w, https:\/\/agora.xtec.cat\/escolabaloo\/wp-content\/uploads\/usu902\/2022\/12\/credits-croma-768x879.jpg 768w\" sizes=\"auto, (max-width: 850px) 100vw, 850px\" \/><\/p>\n<p style=\"text-align: center;\">Fer els cr\u00e8dits i el t\u00edtol ha sigut tota una aventura.<\/p>\n<p><iframe loading=\"lazy\" title=\"La rotllana dels ocells i els ocells curiosos de 3r\" width=\"500\" height=\"281\" src=\"https:\/\/www.youtube.com\/embed\/oWbZxz4Uk0o?feature=oembed\" frameborder=\"0\" allow=\"accelerometer; autoplay; clipboard-write; encrypted-media; gyroscope; picture-in-picture; web-share\" referrerpolicy=\"strict-origin-when-cross-origin\" allowfullscreen><\/iframe><\/p>\n<p>Us presentem <strong>La rotllana dels ocells i els ocells curiosos de 3r<\/strong><\/p>\n<p style=\"text-align: right;\"><a href=\"https:\/\/agora.xtec.cat\/escolabaloo\/taller-artistic22-23\/\">MEN\u00da INICI _<\/a><\/p>\n","protected":false},"excerpt":{"rendered":"<p>Un dels grans problemes de l\u2019ecosistema urb\u00e0 \u00e9s la contaminaci\u00f3 ac\u00fastica. Durant el confinament, un dels sons que m\u00e9s va sorprendre va ser el dels ocells, el silenci els va fer apar\u00e8ixer. Amb els de tercer, ens endinsarem al m\u00f3n de la construcci\u00f3 de sons&hellip;  <a href=\"https:\/\/agora.xtec.cat\/escolabaloo\/visual-i-plastica-_-3r\/\" title=\"Read 3r GRUP JARDINS URBANS\">Llegeix m\u00e9s\u00bb<\/a><\/p>\n","protected":false},"author":1,"featured_media":0,"parent":0,"menu_order":0,"comment_status":"closed","ping_status":"closed","template":"","meta":{"_bbp_topic_count":0,"_bbp_reply_count":0,"_bbp_total_topic_count":0,"_bbp_total_reply_count":0,"_bbp_voice_count":0,"_bbp_anonymous_reply_count":0,"_bbp_topic_count_hidden":0,"_bbp_reply_count_hidden":0,"_bbp_forum_subforum_count":0,"footnotes":""},"class_list":["post-11671","page","type-page","status-publish","hentry"],"post_mailing_queue_ids":[],"_links":{"self":[{"href":"https:\/\/agora.xtec.cat\/escolabaloo\/wp-json\/wp\/v2\/pages\/11671","targetHints":{"allow":["GET"]}}],"collection":[{"href":"https:\/\/agora.xtec.cat\/escolabaloo\/wp-json\/wp\/v2\/pages"}],"about":[{"href":"https:\/\/agora.xtec.cat\/escolabaloo\/wp-json\/wp\/v2\/types\/page"}],"author":[{"embeddable":true,"href":"https:\/\/agora.xtec.cat\/escolabaloo\/wp-json\/wp\/v2\/users\/1"}],"replies":[{"embeddable":true,"href":"https:\/\/agora.xtec.cat\/escolabaloo\/wp-json\/wp\/v2\/comments?post=11671"}],"version-history":[{"count":5,"href":"https:\/\/agora.xtec.cat\/escolabaloo\/wp-json\/wp\/v2\/pages\/11671\/revisions"}],"predecessor-version":[{"id":12373,"href":"https:\/\/agora.xtec.cat\/escolabaloo\/wp-json\/wp\/v2\/pages\/11671\/revisions\/12373"}],"wp:attachment":[{"href":"https:\/\/agora.xtec.cat\/escolabaloo\/wp-json\/wp\/v2\/media?parent=11671"}],"curies":[{"name":"wp","href":"https:\/\/api.w.org\/{rel}","templated":true}]}}