{"id":11081,"date":"2021-04-19T16:33:40","date_gmt":"2021-04-19T14:33:40","guid":{"rendered":"http:\/\/agora.xtec.cat\/escolabaloo\/?page_id=11081"},"modified":"2022-11-07T23:26:35","modified_gmt":"2022-11-07T22:26:35","slug":"recursos-per-a-les-families","status":"publish","type":"page","link":"https:\/\/agora.xtec.cat\/escolabaloo\/afa\/recursos-per-a-les-families\/","title":{"rendered":"Recursos per a les fam\u00edlies"},"content":{"rendered":"<p>En aquesta p\u00e0gina, compartim amb totes les fam\u00edlies els recursos mencionats durant els tallers impartits a l&#8217;escola.<\/p>\n<hr \/>\n<p>\ud83d\udce2 Us presentem *JO TAMB\u00c9 HI VULL ANAR, la campanya de les fam\u00edlies i l&#8217;aFFaC en defensa de l&#8217;Educaci\u00f3 Inclusiva* del nostre pa\u00eds.<\/p>\n<p>*Avui, 20 d&#8217;octubre, s\u2019hauria d\u2019haver celebrat el primer any d\u2019aplicaci\u00f3 completa del Decret d\u2019Inclusiva, per\u00f2 no ha estat aix\u00ed!* Per aquest motiu, les fam\u00edlies hem engegat aquesta campanya. Hi voleu formar part?<\/p>\n<p>*DESCOBRIU-LA* \u27a1\ufe0f https:\/\/affac.cat\/affac\/jo-tambe\/<\/p>\n<p>\ud83d\udcf2 *Compartiu tamb\u00e9 el v\u00eddeo i els hashtags de la campanya!* Sentiu-vos lliures d&#8217;utilitzar-los:<br \/>\n#JoTamb\u00e9VullAnarAClasse #CambrayFesElsDeures<br \/>\n#JoTamb\u00e9VullAnarAlMenjador<br \/>\n#JoTamb\u00e9VullAnarDeCol\u00f2nies<br \/>\n#JoTamb\u00e9VullAnarALesExtraescolars<\/p>\n<p>\ud83d\ude4f\ud83c\udffc *I gr\u00e0cies a totes les fam\u00edlies* que, des d\u2019arreu del territori, heu seguit batallant perqu\u00e8 tots els infants i joves gaudeixin del dret a l&#8217;educaci\u00f3 sense discriminaci\u00f3.<\/p>\n<hr \/>\n<p>\ud83d\udce2 Benvolgudes, us presentem les *noves formacions de crian\u00e7a positiva* \ud83d\udc9b de l&#8217;aFFaC que tenim programades fins a finals de 2022:<\/p>\n<p>\u25aa\ufe0f *Eines per parlar de sexualitat amb els infants* (16 novembre): <a href=\"https:\/\/affac.cat\/affac\/parlar-de-sexualitat\/\">https:\/\/affac.cat\/affac\/parlar-de-sexualitat\/<\/a><br \/>\n\u25aa\ufe0f *El meu fill\/a s&#8217;agrada? Prevenim els TCA des de casa* (21 novembre): https:\/\/affac.cat\/affac\/prevenim-tca-a-casa\/ (Places lliures)<br \/>\n\u25aa\ufe0f *On s\u00f3n els homes? L&#8217;abs\u00e8ncia dels homes en espais de cura* (28 novembre): <a href=\"https:\/\/affac.cat\/affac\/on-son-els-homes\/\">https:\/\/affac.cat\/affac\/on-son-els-homes\/<\/a> (Places lliures)<br \/>\n\u25aa\ufe0f *Educar els fills i filles per sobreviure a les xarxes socials* (1 desembre): <a href=\"https:\/\/affac.cat\/affac\/sobreviure-a-les-xarxes-socials\/\">https:\/\/affac.cat\/affac\/sobreviure-a-les-xarxes-socials\/<\/a>(Aforament complet)<br \/>\n\u25aa\ufe0f *Preparant-nos per als canvis a l&#8217;adolesc\u00e8ncia* (2 desembre): <a href=\"https:\/\/affac.cat\/affac\/canvis-adolescencia\">https:\/\/affac.cat\/affac\/canvis-adolescencia<\/a> (Aforament complet)<br \/>\n\u25aa\ufe0f *Parlar de la mort amb la inf\u00e0ncia: Trencant tab\u00fas* (13 desembre): <a href=\"https:\/\/affac.cat\/affac\/parlar-de-la-mort\/\">https:\/\/affac.cat\/affac\/parlar-de-la-mort\/<\/a>(Places lliures)<\/p>\n<hr \/>\n<p><strong>Especial Sant Jordi\u00a0<\/strong><\/p>\n<p><em>gr\u00e0cies a l&#8217;AFA de l&#8217;escola Collserola per compartir-ho<\/em><\/p>\n<blockquote class=\"twitter-tweet\" data-width=\"500\" data-dnt=\"true\">\n<p lang=\"ca\" dir=\"ltr\">Fam\u00edlies! Aquest \u00e9s el llistat de llibres coeducatius, per edats i tem\u00e0tica, que l&#39;AFA ha donat a l&#39;escola. Hi hem afegit algunes recomanacions per a adults, esperem que us inspirin! \ud83c\udf39<br \/>PDF aqu\u00ed: <a href=\"https:\/\/t.co\/12KQGp1cCm\">https:\/\/t.co\/12KQGp1cCm<\/a><a href=\"https:\/\/twitter.com\/hashtag\/comiG%C3%A8nere?src=hash&amp;ref_src=twsrc%5Etfw\">#comiG\u00e8nere<\/a>\ud83d\udc9c <a href=\"https:\/\/t.co\/IhVE18oo2k\">pic.twitter.com\/IhVE18oo2k<\/a><\/p>\n<p>&mdash; AFA Collserola (@afacollserola) <a href=\"https:\/\/twitter.com\/afacollserola\/status\/1384238260147216385?ref_src=twsrc%5Etfw\">April 19, 2021<\/a><\/p><\/blockquote>\n<p><script async src=\"https:\/\/platform.twitter.com\/widgets.js\" charset=\"utf-8\"><\/script><\/p>\n<p><a href=\"https:\/\/agora.xtec.cat\/escolabaloo\/wp-content\/uploads\/usu902\/2021\/04\/Sant-Jordi-2021.pdf\" target=\"_blank\" rel=\"noopener noreferrer\">Sant Jordi 2021<\/a><\/p>\n<p><strong>Llibres sobre la sexualitat i l&#8217;amor per a totes les edats des d&#8217;infantil fins a secund\u00e0ria<\/strong><\/p>\n<p><a href=\"https:\/\/agora.xtec.cat\/escolabaloo\/wp-content\/uploads\/usu902\/2021\/04\/Cuentos-6-a-9-a\u00f1os.-SEXUALIDAD-Y-AMOR.pdf\" target=\"_blank\" rel=\"noopener noreferrer\">Cuentos 6 a 9 a\u00f1os. SEXUALIDAD Y AMOR<\/a><\/p>\n<p><a href=\"https:\/\/agora.xtec.cat\/escolabaloo\/wp-content\/uploads\/usu902\/2021\/04\/Libros-recomendados-de-10-a12-a\u00f1os..pdf\" target=\"_blank\" rel=\"noopener noreferrer\">Libros recomendados de 10 a12 a\u00f1os<\/a><\/p>\n<p><a href=\"https:\/\/agora.xtec.cat\/escolabaloo\/wp-content\/uploads\/usu902\/2021\/04\/Bibliograf\u00eda-SEX-O-NO-SEX.-2020.pdf\" target=\"_blank\" rel=\"noopener noreferrer\">Bibliograf\u00eda SEX O NO SEX. 2020<\/a><\/p>\n<p><a href=\"https:\/\/sexducacion.com\/cuentos-0-a-5-anos\/\" target=\"_blank\" rel=\"noopener noreferrer\">Cuentos 0 a 5 a\u00f1os<\/a><\/p>\n<p><strong>\u201cAprendre, jugar i cr\u00e9ixer a i amb internet\u201d<\/strong><\/p>\n<p>Entrevistes:<\/p>\n<p>1- N\u00faria Aragay \u2013 \u00e9s psic\u00f2loga coordinadora de la Unitat d\u2019Atenci\u00f3 al joc patol\u00f2gic i altres addiccions no t\u00f2xiques al Consorci Sanitari de Terrassa. En aquesta entrevista dona quatre pinzellades de com detectar l\u2019addicci\u00f3 als jocs i jocs en l\u00ednia en infants i adolescents.\u00a0<a href=\"http:\/\/www.diarideterrassa.es\/terrassa\/2015\/10\/11\/nuria-aragay--addiccio-responperfil\/9554.html\" target=\"_blank\" rel=\"noopener noreferrer\">http:\/\/www.diarideterrassa.es\/terrassa\/2015\/10\/11\/nuria-aragay\u2013addiccio-responperfil\/9554.html<\/a><\/p>\n<p>2- Elies Campo \u2013 el catal\u00e0 que va fugir de WhatsApp quan va con\u00e8ixer Facebook per dins. En aquesta entrevista l\u2019Elias Campo explica la seva experi\u00e8ncia professional a Facebook.\u00a0<a href=\"https:\/\/www.ccma.cat\/tv3\/alacarta\/no-pot-ser\/elies-campo-el-catala-que-va-fugir-de-whatsappquan-va-coneixer-facebook-per-dins\/video\/5844428\/\" target=\"_blank\" rel=\"noopener noreferrer\">https:\/\/www.ccma.cat\/tv3\/alacarta\/no-pot-ser\/elies-campo-el-catala-que-va-fugir-de-whatsappquan-va-coneixer-facebook-per-dins\/video\/5844428\/<\/a><\/p>\n<p>3- Tristan Harris \u2013 entrevistes en les que explica com les companyies tecnol\u00f2giques utilitzen algoritmes per influenciar als usuaris, entre d\u2019altres.\u00a0<a href=\"https:\/\/www.tristanharris.com\/\" target=\"_blank\" rel=\"noopener noreferrer\">https:\/\/www.tristanharris.com\/<\/a><\/p>\n<p>Recursos:<\/p>\n<p>1-\u00a0<a href=\"https:\/\/duckduckgo.com\/\" target=\"_blank\" rel=\"noopener noreferrer\">DuckDuckGo<\/a>\u00a0\u2013 cercador alternatiu a Google que respecta la privacitat dels navegants.<\/p>\n<p>2-\u00a0<a href=\"http:\/\/www.internetsegura.cat\/\" target=\"_blank\" rel=\"noopener noreferrer\">http:\/\/www.internetsegura.cat<\/a>\u00a0\u2013 web de la Generalitat de Catalunya que orienta, aconsella i dona recursos a educadors i fam\u00edlies per usar de forma segura internet.<\/p>\n<p>3-\u00a0<a href=\"http:\/\/pantallasamigas.net\/\" target=\"_blank\" rel=\"noopener noreferrer\">http:\/\/pantallasamigas.net<\/a>\u00a0\u2013 promou l\u2019\u00fas segur i responsable d\u2019internet i altres TIC, dona eines per a la capacitaci\u00f3 dels infants i adolescents per a un \u00fas responsable de la xarxa.<\/p>\n<p>4-\u00a0<a href=\"http:\/\/www.isk4k.es\/\" target=\"_blank\" rel=\"noopener noreferrer\">http:\/\/www.isk4k.es<\/a>\u00a0\u2013 web del Ministerio de Asuntos Econ\u00f3micos y Transformaci\u00f3n Digital del Gobierno de Espa\u00f1a que dona eines per a l\u2019educaci\u00f3 en seguretat i responsabilitat digital dels infants.<\/p>\n<p>5-\u00a0<a href=\"http:\/\/haveibeenpwned.com\/\" target=\"_blank\" rel=\"noopener noreferrer\">http:\/\/haveibeenpwned.com<\/a>\u00a0\u2013 web que ens permet saber si el nostre correu electr\u00f2nic ha estat comprom\u00e8s.<\/p>\n<p>6-\u00a0<a href=\"https:\/\/www.lastpass.com\/\" target=\"_blank\" rel=\"noopener noreferrer\">https:\/\/www.lastpass.com\/<\/a>\u00a0\u2013 gestor de contrasenyes per generar contrasenyes segures.<\/p>\n<p>&nbsp;<\/p>\n<p><strong>Taller de sexualitat<\/strong><\/p>\n<p><a href=\"https:\/\/agora.xtec.cat\/escolabaloo\/wp-content\/uploads\/usu902\/2019\/05\/Bibliograf\u00eda-y-m\u00e1s.-PRIMARIA-Curs-2018-19.pdf\" target=\"_blank\" rel=\"noopener noreferrer\">Bibliograf\u00eda y m\u00e1s. PRIMARIA<\/a><\/p>\n","protected":false},"excerpt":{"rendered":"<p>En aquesta p\u00e0gina, compartim amb totes les fam\u00edlies els recursos mencionats durant els tallers impartits a l&#8217;escola.<\/p>\n<p>\ud83d\udce2 Us presentem *JO TAMB\u00c9 HI VULL ANAR, la campanya de les fam\u00edlies i l&#8217;aFFaC en defensa de l&#8217;Educaci\u00f3 Inclusiva* del nostre pa\u00eds.<br \/>\n*Avui, 20 d&#8217;octubre, s\u2019hauria d\u2019haver celebrat el&hellip;  <a href=\"https:\/\/agora.xtec.cat\/escolabaloo\/afa\/recursos-per-a-les-families\/\" title=\"Read Recursos per a les fam\u00edlies\">Llegeix m\u00e9s\u00bb<\/a><\/p>\n","protected":false},"author":1,"featured_media":0,"parent":6223,"menu_order":8,"comment_status":"closed","ping_status":"closed","template":"page-templates\/side-menu.php","meta":{"_bbp_topic_count":0,"_bbp_reply_count":0,"_bbp_total_topic_count":0,"_bbp_total_reply_count":0,"_bbp_voice_count":0,"_bbp_anonymous_reply_count":0,"_bbp_topic_count_hidden":0,"_bbp_reply_count_hidden":0,"_bbp_forum_subforum_count":0,"footnotes":""},"class_list":["post-11081","page","type-page","status-publish","hentry"],"post_mailing_queue_ids":[],"_links":{"self":[{"href":"https:\/\/agora.xtec.cat\/escolabaloo\/wp-json\/wp\/v2\/pages\/11081","targetHints":{"allow":["GET"]}}],"collection":[{"href":"https:\/\/agora.xtec.cat\/escolabaloo\/wp-json\/wp\/v2\/pages"}],"about":[{"href":"https:\/\/agora.xtec.cat\/escolabaloo\/wp-json\/wp\/v2\/types\/page"}],"author":[{"embeddable":true,"href":"https:\/\/agora.xtec.cat\/escolabaloo\/wp-json\/wp\/v2\/users\/1"}],"replies":[{"embeddable":true,"href":"https:\/\/agora.xtec.cat\/escolabaloo\/wp-json\/wp\/v2\/comments?post=11081"}],"version-history":[{"count":3,"href":"https:\/\/agora.xtec.cat\/escolabaloo\/wp-json\/wp\/v2\/pages\/11081\/revisions"}],"predecessor-version":[{"id":11617,"href":"https:\/\/agora.xtec.cat\/escolabaloo\/wp-json\/wp\/v2\/pages\/11081\/revisions\/11617"}],"up":[{"embeddable":true,"href":"https:\/\/agora.xtec.cat\/escolabaloo\/wp-json\/wp\/v2\/pages\/6223"}],"wp:attachment":[{"href":"https:\/\/agora.xtec.cat\/escolabaloo\/wp-json\/wp\/v2\/media?parent=11081"}],"curies":[{"name":"wp","href":"https:\/\/api.w.org\/{rel}","templated":true}]}}