{"id":10101,"date":"2019-10-02T19:14:46","date_gmt":"2019-10-02T17:14:46","guid":{"rendered":"http:\/\/agora.xtec.cat\/escolabaloo\/?page_id=10101"},"modified":"2024-01-17T15:46:29","modified_gmt":"2024-01-17T14:46:29","slug":"comissio-colla-gegantera","status":"publish","type":"page","link":"https:\/\/agora.xtec.cat\/escolabaloo\/comissio-colla-gegantera\/","title":{"rendered":"Comissi\u00f3 colla gegantera"},"content":{"rendered":"<p>S&#8217;encarrega d&#8217;organitzar les sortides dels gegantons \u00d3s Baloo, Jeroni i Harmonia, i dels capgrossos del llibre de la selva.<\/p>\n<p>Les cercaviles cl\u00e0ssiques de la colla s\u00f3n: la festa major d&#8217;Horta, la festa major de Montbau, la festa major de Santa Eul\u00e0lia amb tots els gegantons de les escoles de Barcelona, el carnestoltes de Montbau i la trobada de gegants escolars de Catalunya.<\/p>\n<ul style=\"list-style-type: square;\">\n<li><strong>Gestiona la compra i la venta de samarretes de la colla.<\/strong><\/li>\n<li><strong>Coordina els tabals de la colla gegantera.<\/strong><\/li>\n<\/ul>\n<p><a href=\"mailto:festesampa@escolabaloo.cat\">festesampa@escolabaloo.cat<\/a><\/p>\n<p><strong>Membres:<\/strong> Elena Cruz, Ferran Ferran, Ge\u00f2rgia Sanchez, Pau Leivar i Mireia Valle.<\/p>\n","protected":false},"excerpt":{"rendered":"<p>S&#8217;encarrega d&#8217;organitzar les sortides dels gegantons \u00d3s Baloo, Jeroni i Harmonia, i dels capgrossos del llibre de la selva.<br \/>\nLes cercaviles cl\u00e0ssiques de la colla s\u00f3n: la festa major d&#8217;Horta, la festa major de Montbau, la festa major de Santa Eul\u00e0lia amb tots els gegantons de&hellip;  <a href=\"https:\/\/agora.xtec.cat\/escolabaloo\/comissio-colla-gegantera\/\" title=\"Read Comissi\u00f3 colla gegantera\">Llegeix m\u00e9s\u00bb<\/a><\/p>\n","protected":false},"author":1,"featured_media":0,"parent":0,"menu_order":0,"comment_status":"closed","ping_status":"closed","template":"","meta":{"_bbp_topic_count":0,"_bbp_reply_count":0,"_bbp_total_topic_count":0,"_bbp_total_reply_count":0,"_bbp_voice_count":0,"_bbp_anonymous_reply_count":0,"_bbp_topic_count_hidden":0,"_bbp_reply_count_hidden":0,"_bbp_forum_subforum_count":0,"footnotes":""},"class_list":["post-10101","page","type-page","status-publish","hentry"],"post_mailing_queue_ids":[],"_links":{"self":[{"href":"https:\/\/agora.xtec.cat\/escolabaloo\/wp-json\/wp\/v2\/pages\/10101","targetHints":{"allow":["GET"]}}],"collection":[{"href":"https:\/\/agora.xtec.cat\/escolabaloo\/wp-json\/wp\/v2\/pages"}],"about":[{"href":"https:\/\/agora.xtec.cat\/escolabaloo\/wp-json\/wp\/v2\/types\/page"}],"author":[{"embeddable":true,"href":"https:\/\/agora.xtec.cat\/escolabaloo\/wp-json\/wp\/v2\/users\/1"}],"replies":[{"embeddable":true,"href":"https:\/\/agora.xtec.cat\/escolabaloo\/wp-json\/wp\/v2\/comments?post=10101"}],"version-history":[{"count":6,"href":"https:\/\/agora.xtec.cat\/escolabaloo\/wp-json\/wp\/v2\/pages\/10101\/revisions"}],"predecessor-version":[{"id":16057,"href":"https:\/\/agora.xtec.cat\/escolabaloo\/wp-json\/wp\/v2\/pages\/10101\/revisions\/16057"}],"wp:attachment":[{"href":"https:\/\/agora.xtec.cat\/escolabaloo\/wp-json\/wp\/v2\/media?parent=10101"}],"curies":[{"name":"wp","href":"https:\/\/api.w.org\/{rel}","templated":true}]}}