{"id":707,"date":"2020-08-09T11:24:00","date_gmt":"2020-08-09T09:24:00","guid":{"rendered":"https:\/\/agora.xtec.cat\/escolabalafia\/?page_id=707"},"modified":"2020-08-09T11:24:00","modified_gmt":"2020-08-09T09:24:00","slug":"projecte-activijocs","status":"publish","type":"page","link":"https:\/\/agora.xtec.cat\/escolabalafia\/projecte-activijocs\/","title":{"rendered":"Projecte Activijocs"},"content":{"rendered":"<p style=\"text-align: justify;\">Centrem el treball en l&#8217;educaci\u00f3 com a element fonamental en el desenvolupament dels nens i les nenes. Ho fem proporcionant suport escolar i activitats d&#8217;oci i temps lliure. Eduquem en el respecte i afavorim les relacions socials dels nens i les nenes. Oferim una atenci\u00f3 integral en la qual incloiem tamb\u00e9 a les fam\u00edlies, proporcionant-los eines per al bon tracte i la crian\u00e7a dels seus fills.<\/p>\n<p style=\"text-align: justify;\">\u00c0rees en les que incideixen:<\/p>\n<p style=\"text-align: justify;\">Refor\u00e7 educatiu: proporcionem suport escolar ensenyant t\u00e8cniques d&#8217;estudi als nens i les nenes, facilitant un espai adequat perqu\u00e8 realitzin les seves tasques escolars amb un equip d&#8217;educadors de refer\u00e8ncia que els ajuden a resoldre els seus dubtes, i amb material de suport i consulta ( llibres, acc\u00e9s a internet, etc.).<\/p>\n<p style=\"text-align: justify;\">Oci i temps lliure: desenvolupen activitats que afavoreixen la socialitzaci\u00f3 i reforcen l&#8217;autoestima dels nens i les nenes, fomentem el respecte als altres i a l&#8217;entorn.<\/p>\n<p style=\"text-align: justify;\">Atenci\u00f3 especialitzada: proporcionen atenci\u00f3 psicol\u00f2gica a trav\u00e9s de ter\u00e0pies personalitzades, familiars o acompanyament educatiu terap\u00e8utic depenent de les necessitats dels nens, nenes i les seves fam\u00edlies.<\/p>\n<p style=\"text-align: justify;\">De manera transversal a aquestes accions tamb\u00e9 treballen amb els nens, les nenes i les seves fam\u00edlies en:<\/p>\n<p style=\"text-align: justify;\">La difusi\u00f3 i promoci\u00f3 dels drets de la inf\u00e0ncia, basant-nos en la Convenci\u00f3 sobre els Drets de l&#8217;Infant de les Nacions Unides,la prevenci\u00f3 de la viol\u00e8ncia (entre iguals i contra la inf\u00e0ncia) a trav\u00e9s de campanyes, xerrades, tallers &#8230;. la promoci\u00f3 de la salut, incidint en h\u00e0bits de vida saludable, la promoci\u00f3 de la participaci\u00f3 infantil, oferint espais i facilitant eines, perqu\u00e8 els nens i nenes siguin protagonistes actius dels seus projectes (associacionisme infantil i juvenil, casals d&#8217;estiu, festes anuals, &#8230;). la import\u00e0ncia de la implicaci\u00f3 del conjunt de la societat civil, gr\u00e0cies a l&#8217;exemple i suport dels nostres voluntaris \/ es en els nostres recursos.<\/p>\n","protected":false},"excerpt":{"rendered":"<p>Centrem el treball en l&#8217;educaci\u00f3 com a element fonamental en el desenvolupament dels nens i les nenes. Ho fem proporcionant suport escolar i activitats d&#8217;oci i temps lliure. Eduquem en el respecte i afavorim les relacions socials dels nens i les nenes. Oferim una atenci\u00f3&hellip;  <a href=\"https:\/\/agora.xtec.cat\/escolabalafia\/projecte-activijocs\/\" title=\"Read Projecte Activijocs\">Llegeix m\u00e9s\u00bb<\/a><\/p>\n","protected":false},"author":1,"featured_media":0,"parent":0,"menu_order":0,"comment_status":"closed","ping_status":"closed","template":"","meta":{"_bbp_topic_count":0,"_bbp_reply_count":0,"_bbp_total_topic_count":0,"_bbp_total_reply_count":0,"_bbp_voice_count":0,"_bbp_anonymous_reply_count":0,"_bbp_topic_count_hidden":0,"_bbp_reply_count_hidden":0,"_bbp_forum_subforum_count":0,"footnotes":""},"class_list":["post-707","page","type-page","status-publish","hentry"],"post_mailing_queue_ids":[],"_links":{"self":[{"href":"https:\/\/agora.xtec.cat\/escolabalafia\/wp-json\/wp\/v2\/pages\/707","targetHints":{"allow":["GET"]}}],"collection":[{"href":"https:\/\/agora.xtec.cat\/escolabalafia\/wp-json\/wp\/v2\/pages"}],"about":[{"href":"https:\/\/agora.xtec.cat\/escolabalafia\/wp-json\/wp\/v2\/types\/page"}],"author":[{"embeddable":true,"href":"https:\/\/agora.xtec.cat\/escolabalafia\/wp-json\/wp\/v2\/users\/1"}],"replies":[{"embeddable":true,"href":"https:\/\/agora.xtec.cat\/escolabalafia\/wp-json\/wp\/v2\/comments?post=707"}],"version-history":[{"count":1,"href":"https:\/\/agora.xtec.cat\/escolabalafia\/wp-json\/wp\/v2\/pages\/707\/revisions"}],"predecessor-version":[{"id":708,"href":"https:\/\/agora.xtec.cat\/escolabalafia\/wp-json\/wp\/v2\/pages\/707\/revisions\/708"}],"wp:attachment":[{"href":"https:\/\/agora.xtec.cat\/escolabalafia\/wp-json\/wp\/v2\/media?parent=707"}],"curies":[{"name":"wp","href":"https:\/\/api.w.org\/{rel}","templated":true}]}}