{"id":693,"date":"2020-08-09T10:28:02","date_gmt":"2020-08-09T08:28:02","guid":{"rendered":"https:\/\/agora.xtec.cat\/escolabalafia\/?page_id=693"},"modified":"2020-12-02T20:04:49","modified_gmt":"2020-12-02T19:04:49","slug":"projecte-descobrim-el-mon","status":"publish","type":"page","link":"https:\/\/agora.xtec.cat\/escolabalafia\/projecte-descobrim-el-mon\/","title":{"rendered":"Projecte \u201cDescobrim el m\u00f3n\u201d"},"content":{"rendered":"<p><a href=\"https:\/\/agora.xtec.cat\/escolabalafia\/wp-content\/uploads\/usu803\/2020\/08\/images.jpg\"><img loading=\"lazy\" decoding=\"async\" class=\"aligncenter size-full wp-image-694\" src=\"https:\/\/agora.xtec.cat\/escolabalafia\/wp-content\/uploads\/usu803\/2020\/08\/images.jpg\" alt=\"\" width=\"467\" height=\"108\" srcset=\"https:\/\/agora.xtec.cat\/escolabalafia\/wp-content\/uploads\/usu803\/2020\/08\/images.jpg 467w, https:\/\/agora.xtec.cat\/escolabalafia\/wp-content\/uploads\/usu803\/2020\/08\/images-300x69.jpg 300w\" sizes=\"auto, (max-width: 467px) 100vw, 467px\" \/><\/a><\/p>\n<p><a href=\"https:\/\/agora.xtec.cat\/escolabalafia\/wp-content\/uploads\/usu803\/2020\/08\/minis.png\"><img loading=\"lazy\" decoding=\"async\" class=\"aligncenter size-full wp-image-695\" src=\"https:\/\/agora.xtec.cat\/escolabalafia\/wp-content\/uploads\/usu803\/2020\/08\/minis.png\" alt=\"\" width=\"297\" height=\"72\" \/><\/a><\/p>\n<p>L&#8217;<b>Escola Bal\u00e0fia<\/b>\u00a0participa en el\u00a0<b>Projecte Descobrim el m\u00f3n!!<\/b>, depenent del\u00a0<b>Fons Social Europeu<\/b>. Gr\u00e0cies a aquest projecte, a l&#8217;escola realitzem diferents activitats per a l&#8217;alumnat de 5\u00e8 i 6\u00e8:<br \/>\n<u><b><\/b><\/u><\/p>\n<ul style=\"list-style-type: disc;\">\n<li><u><b>Equip d&#8217;handbol femen\u00ed<\/b><\/u>: S&#8217;ha creat un equip d&#8217;handbol femen\u00ed, amb la col\u00b7laboraci\u00f3 de l&#8217;Associaci\u00f3 Lleidatana d&#8217;handbol, per a alumnes de Cicle Superior. Hem pogut crear un equip que pot competir a la Lliga Primera Catalana Infantil d&#8217;Handbol Femen\u00ed. Tamb\u00e9 es realitzen classes d&#8217;aquest esport en horari lectiu, per a tot l&#8217;alumnat de cicle superior.<\/li>\n<\/ul>\n<p style=\"text-align: center;\"><a href=\"https:\/\/agora.xtec.cat\/escolabalafia\/wp-content\/uploads\/usu803\/2020\/08\/Handbol2.jpeg\"><img loading=\"lazy\" decoding=\"async\" class=\"aligncenter size-full wp-image-696\" src=\"https:\/\/agora.xtec.cat\/escolabalafia\/wp-content\/uploads\/usu803\/2020\/08\/Handbol2.jpeg\" alt=\"\" width=\"1600\" height=\"1200\" srcset=\"https:\/\/agora.xtec.cat\/escolabalafia\/wp-content\/uploads\/usu803\/2020\/08\/Handbol2.jpeg 1600w, https:\/\/agora.xtec.cat\/escolabalafia\/wp-content\/uploads\/usu803\/2020\/08\/Handbol2-300x225.jpeg 300w, https:\/\/agora.xtec.cat\/escolabalafia\/wp-content\/uploads\/usu803\/2020\/08\/Handbol2-768x576.jpeg 768w, https:\/\/agora.xtec.cat\/escolabalafia\/wp-content\/uploads\/usu803\/2020\/08\/Handbol2-1024x768.jpeg 1024w, https:\/\/agora.xtec.cat\/escolabalafia\/wp-content\/uploads\/usu803\/2020\/08\/Handbol2-200x150.jpeg 200w\" sizes=\"auto, (max-width: 1600px) 100vw, 1600px\" \/><\/a><\/p>\n<ul>\n<li style=\"text-align: justify;\"><u><b>Auxiliar de Conversa d&#8217;Angl\u00e8s<\/b><\/u>: En les classes d&#8217;angl\u00e8s, disposem d&#8217;una persona nativa, auxiliar de conversa, per tal que els i les alumnes tinguin un contacte m\u00e9s directe amb aquesta llengua.<\/li>\n<\/ul>\n<p><a href=\"https:\/\/agora.xtec.cat\/escolabalafia\/wp-content\/uploads\/usu803\/2020\/08\/English1.jpg\"><img loading=\"lazy\" decoding=\"async\" class=\"aligncenter size-full wp-image-697\" src=\"https:\/\/agora.xtec.cat\/escolabalafia\/wp-content\/uploads\/usu803\/2020\/08\/English1.jpg\" alt=\"\" width=\"1600\" height=\"960\" srcset=\"https:\/\/agora.xtec.cat\/escolabalafia\/wp-content\/uploads\/usu803\/2020\/08\/English1.jpg 1600w, https:\/\/agora.xtec.cat\/escolabalafia\/wp-content\/uploads\/usu803\/2020\/08\/English1-300x180.jpg 300w, https:\/\/agora.xtec.cat\/escolabalafia\/wp-content\/uploads\/usu803\/2020\/08\/English1-768x461.jpg 768w, https:\/\/agora.xtec.cat\/escolabalafia\/wp-content\/uploads\/usu803\/2020\/08\/English1-1024x614.jpg 1024w\" sizes=\"auto, (max-width: 1600px) 100vw, 1600px\" \/><\/a><\/p>\n<ul>\n<li style=\"text-align: justify;\"><u><b>Projecte de l&#8217;Univers<\/b><\/u>: Aquest any, el projecte interdisciplinar de l&#8217;escola \u00e9s l&#8217;Univers. gr\u00e0cies al FSE podem disposar d&#8217;un planetari i de la visita al COU (Centre d&#8217;observaci\u00f3 de l&#8217;univers) d&#8217;\u00c0ger.<\/li>\n<\/ul>\n<p><a href=\"https:\/\/agora.xtec.cat\/escolabalafia\/wp-content\/uploads\/usu803\/2020\/08\/univers-1-740x384.jpg\"><img loading=\"lazy\" decoding=\"async\" class=\"aligncenter size-full wp-image-698\" src=\"https:\/\/agora.xtec.cat\/escolabalafia\/wp-content\/uploads\/usu803\/2020\/08\/univers-1-740x384.jpg\" alt=\"\" width=\"740\" height=\"384\" srcset=\"https:\/\/agora.xtec.cat\/escolabalafia\/wp-content\/uploads\/usu803\/2020\/08\/univers-1-740x384.jpg 740w, https:\/\/agora.xtec.cat\/escolabalafia\/wp-content\/uploads\/usu803\/2020\/08\/univers-1-740x384-300x156.jpg 300w\" sizes=\"auto, (max-width: 740px) 100vw, 740px\" \/><\/a><\/p>\n<ul>\n<li style=\"text-align: justify;\"><u><b>Escacs<\/b><\/u>: Totes i tots els alumnes de 5\u00e8 i 6\u00e8 de prim\u00e0ria realitzen l&#8217;activitat d&#8217;Escacs a l&#8217;Aula, on aprenen, pensen, juguen i practiquen aquest joc, que tants aspectes positius t\u00e9 en els infants (concentraci\u00f3, paci\u00e8ncia, anticipaci\u00f3&#8230;)<\/li>\n<\/ul>\n<p><a href=\"https:\/\/agora.xtec.cat\/escolabalafia\/wp-content\/uploads\/usu803\/2020\/08\/Escacs1.jpeg\"><img loading=\"lazy\" decoding=\"async\" class=\"aligncenter size-full wp-image-699\" src=\"https:\/\/agora.xtec.cat\/escolabalafia\/wp-content\/uploads\/usu803\/2020\/08\/Escacs1.jpeg\" alt=\"\" width=\"1024\" height=\"768\" srcset=\"https:\/\/agora.xtec.cat\/escolabalafia\/wp-content\/uploads\/usu803\/2020\/08\/Escacs1.jpeg 1024w, https:\/\/agora.xtec.cat\/escolabalafia\/wp-content\/uploads\/usu803\/2020\/08\/Escacs1-300x225.jpeg 300w, https:\/\/agora.xtec.cat\/escolabalafia\/wp-content\/uploads\/usu803\/2020\/08\/Escacs1-768x576.jpeg 768w, https:\/\/agora.xtec.cat\/escolabalafia\/wp-content\/uploads\/usu803\/2020\/08\/Escacs1-200x150.jpeg 200w\" sizes=\"auto, (max-width: 1024px) 100vw, 1024px\" \/><\/a><\/p>\n","protected":false},"excerpt":{"rendered":"<p><a href=\"https:\/\/agora.xtec.cat\/escolabalafia\/wp-content\/uploads\/usu803\/2020\/08\/images.jpg\"><\/a><br \/>\n<a href=\"https:\/\/agora.xtec.cat\/escolabalafia\/wp-content\/uploads\/usu803\/2020\/08\/minis.png\"><\/a><br \/>\nL&#8217;Escola Bal\u00e0fia\u00a0participa en el\u00a0Projecte Descobrim el m\u00f3n!!, depenent del\u00a0Fons Social Europeu. Gr\u00e0cies a aquest projecte, a l&#8217;escola realitzem diferents activitats per a l&#8217;alumnat de 5\u00e8 i 6\u00e8:<\/p>\n<ul style=\"list-style-type: disc;\">\n<li>Equip d&#8217;handbol femen\u00ed: S&#8217;ha creat un equip d&#8217;handbol femen\u00ed, amb la col\u00b7laboraci\u00f3 de l&#8217;Associaci\u00f3 Lleidatana&hellip;  <a href=\"https:\/\/agora.xtec.cat\/escolabalafia\/projecte-descobrim-el-mon\/\" title=\"Read Projecte \u201cDescobrim el m\u00f3n\u201d\">Llegeix m\u00e9s\u00bb<\/a><br \/>\n","protected":false},"author":1,"featured_media":0,"parent":0,"menu_order":0,"comment_status":"closed","ping_status":"closed","template":"","meta":{"_bbp_topic_count":0,"_bbp_reply_count":0,"_bbp_total_topic_count":0,"_bbp_total_reply_count":0,"_bbp_voice_count":0,"_bbp_anonymous_reply_count":0,"_bbp_topic_count_hidden":0,"_bbp_reply_count_hidden":0,"_bbp_forum_subforum_count":0,"footnotes":""},"class_list":["post-693","page","type-page","status-publish","hentry"],"post_mailing_queue_ids":[],"_links":{"self":[{"href":"https:\/\/agora.xtec.cat\/escolabalafia\/wp-json\/wp\/v2\/pages\/693","targetHints":{"allow":["GET"]}}],"collection":[{"href":"https:\/\/agora.xtec.cat\/escolabalafia\/wp-json\/wp\/v2\/pages"}],"about":[{"href":"https:\/\/agora.xtec.cat\/escolabalafia\/wp-json\/wp\/v2\/types\/page"}],"author":[{"embeddable":true,"href":"https:\/\/agora.xtec.cat\/escolabalafia\/wp-json\/wp\/v2\/users\/1"}],"replies":[{"embeddable":true,"href":"https:\/\/agora.xtec.cat\/escolabalafia\/wp-json\/wp\/v2\/comments?post=693"}],"version-history":[{"count":3,"href":"https:\/\/agora.xtec.cat\/escolabalafia\/wp-json\/wp\/v2\/pages\/693\/revisions"}],"predecessor-version":[{"id":1834,"href":"https:\/\/agora.xtec.cat\/escolabalafia\/wp-json\/wp\/v2\/pages\/693\/revisions\/1834"}],"wp:attachment":[{"href":"https:\/\/agora.xtec.cat\/escolabalafia\/wp-json\/wp\/v2\/media?parent=693"}],"curies":[{"name":"wp","href":"https:\/\/api.w.org\/{rel}","templated":true}]}}