{"id":669,"date":"2020-08-08T09:50:54","date_gmt":"2020-08-08T07:50:54","guid":{"rendered":"https:\/\/agora.xtec.cat\/escolabalafia\/?page_id=669"},"modified":"2020-08-08T09:50:54","modified_gmt":"2020-08-08T07:50:54","slug":"programa-de-reutilitzacio-de-llibres-i-material-escolar","status":"publish","type":"page","link":"https:\/\/agora.xtec.cat\/escolabalafia\/programa-de-reutilitzacio-de-llibres-i-material-escolar\/","title":{"rendered":"Programa de reutilitzaci\u00f3 de llibres i material escolar"},"content":{"rendered":"<p style=\"text-align: justify;\"><strong>Justificaci\u00f3<\/strong><br \/>\nLa despesa en llibres de text de les fam\u00edlies que tenen fills i filles en edat escolar s\u2019ha anat incrementant considerablement en els darrers anys, i ha acabat esdevenint una c\u00e0rrega econ\u00f2mica important, especialment per a aquelles fam\u00edlies amb rendes m\u00e9s baixes.<br \/>\nDavant aquesta situaci\u00f3, una part dels centres educatius, tant p\u00fablics com concertats, apliquen per iniciativa pr\u00f2pia diferents projectes de reutilitzaci\u00f3 dels llibres de text i material did\u00e0ctic en col\u00b7laboraci\u00f3 amb les AMPA.<br \/>\nUn dels principals objectius del Departament d\u2019Educaci\u00f3 \u00e9s impulsar la cohesi\u00f3 social mitjan\u00e7ant pol\u00edtiques d\u2019equitat que garanteixin la igualtat d\u2019oportunitats a tot l\u2019alumnat en el marc d\u2019un sistema educatiu de qualitat. D\u2019altra banda, les administracions p\u00fabliques han d\u2019orientar les seves pol\u00edtiques vers un consum m\u00e9s racional i un \u00fas dels recursos m\u00e9s sostenible des de la perspectiva ecol\u00f2gica i mediambiental.<br \/>\nDes del punt de vista de l\u2019educaci\u00f3 en valors, \u00e9s important poder transmetre a l\u2019alumnat actituds positives i valors fonamentals, com s\u00f3n ara la conservaci\u00f3 responsable dels llibres i del material, la cooperaci\u00f3, la solidaritat i la capacitat de saber compartir els recursos disponibles. Dur a terme projectes d\u2019aquestes caracter\u00edstiques ha de servir, tamb\u00e9, per construir teixit social dins els centres escolars i per promoure la cooperaci\u00f3 entre les fam\u00edlies, el professorat i l\u2019alumnat.<\/p>\n<p style=\"text-align: justify;\"><strong>Finalitat del programa<\/strong><br \/>\nLa finalitat d\u2019aquest programa \u00e9s facilitar, de manera cooperativa i mitjan\u00e7ant el sistema de pr\u00e9stec, llibres de text i material did\u00e0ctic complementari de diferents \u00e0rees, mat\u00e8ries i assignatures establertes per als diferents nivells educatius, a l\u2019alumnat d\u2019educaci\u00f3 obligat\u00f2ria matriculat en els centres docents de Catalunya sufragats amb fons p\u00fablics que s\u2019acullin al programa.<\/p>\n<p><strong>Objectius<\/strong><br \/>\n\u2022 Reduir significativament la despesa familiar en concepte de llibres de text i material did\u00e0ctic complementari.<br \/>\n\u2022 Afavorir la gratu\u00eftat a les fam\u00edlies amb rendes m\u00e9s baixes, mitjan\u00e7ant la complementarietat amb les beques d\u2019ajut per a aquest mateix concepte.<br \/>\n\u2022 Fomentar la responsabilitat i la cura del material did\u00e0ctic complementari.<br \/>\n\u2022 Afavorir la cohesi\u00f3 social i l\u2019equitat educativa.<br \/>\n\u2022 Garantir la igualtat en les condicions d\u2019escolaritzaci\u00f3 a tot l\u2019alumnat.<br \/>\n\u2022 Fomentar els valors de solidaritat, capacitat de compartir i respecte al b\u00e9 com\u00fa.<br \/>\n\u2022 Promoure la cultura del reciclatge i la reutilitzaci\u00f3 dels recursos.<br \/>\n\u2022 Educar per al consum racional i sostenible, i per a l\u2019estalvi ecol\u00f2gic i econ\u00f2mic.<br \/>\n\u2022 Fomentar la cooperaci\u00f3 entre l\u2019alumnat, les fam\u00edlies i el professorat.<br \/>\n\u2022 Promoure projectes educatius de centre compartits i gestionats per la comunitat educativa.<br \/>\n\u2022 Millorar quantitativament i qualitativa els recursos did\u00e0ctics disponibles als centres educatius.<\/p>\n","protected":false},"excerpt":{"rendered":"<p>Justificaci\u00f3<br \/>\nLa despesa en llibres de text de les fam\u00edlies que tenen fills i filles en edat escolar s\u2019ha anat incrementant considerablement en els darrers anys, i ha acabat esdevenint una c\u00e0rrega econ\u00f2mica important, especialment per a aquelles fam\u00edlies amb rendes m\u00e9s baixes.<br \/>\nDavant aquesta situaci\u00f3, una&hellip;  <a href=\"https:\/\/agora.xtec.cat\/escolabalafia\/programa-de-reutilitzacio-de-llibres-i-material-escolar\/\" title=\"Read Programa de reutilitzaci\u00f3 de llibres i material escolar\">Llegeix m\u00e9s\u00bb<\/a><\/p>\n","protected":false},"author":1,"featured_media":0,"parent":0,"menu_order":0,"comment_status":"closed","ping_status":"closed","template":"","meta":{"_bbp_topic_count":0,"_bbp_reply_count":0,"_bbp_total_topic_count":0,"_bbp_total_reply_count":0,"_bbp_voice_count":0,"_bbp_anonymous_reply_count":0,"_bbp_topic_count_hidden":0,"_bbp_reply_count_hidden":0,"_bbp_forum_subforum_count":0,"footnotes":""},"class_list":["post-669","page","type-page","status-publish","hentry"],"post_mailing_queue_ids":[],"_links":{"self":[{"href":"https:\/\/agora.xtec.cat\/escolabalafia\/wp-json\/wp\/v2\/pages\/669","targetHints":{"allow":["GET"]}}],"collection":[{"href":"https:\/\/agora.xtec.cat\/escolabalafia\/wp-json\/wp\/v2\/pages"}],"about":[{"href":"https:\/\/agora.xtec.cat\/escolabalafia\/wp-json\/wp\/v2\/types\/page"}],"author":[{"embeddable":true,"href":"https:\/\/agora.xtec.cat\/escolabalafia\/wp-json\/wp\/v2\/users\/1"}],"replies":[{"embeddable":true,"href":"https:\/\/agora.xtec.cat\/escolabalafia\/wp-json\/wp\/v2\/comments?post=669"}],"version-history":[{"count":1,"href":"https:\/\/agora.xtec.cat\/escolabalafia\/wp-json\/wp\/v2\/pages\/669\/revisions"}],"predecessor-version":[{"id":670,"href":"https:\/\/agora.xtec.cat\/escolabalafia\/wp-json\/wp\/v2\/pages\/669\/revisions\/670"}],"wp:attachment":[{"href":"https:\/\/agora.xtec.cat\/escolabalafia\/wp-json\/wp\/v2\/media?parent=669"}],"curies":[{"name":"wp","href":"https:\/\/api.w.org\/{rel}","templated":true}]}}