{"id":654,"date":"2020-08-08T09:20:25","date_gmt":"2020-08-08T07:20:25","guid":{"rendered":"https:\/\/agora.xtec.cat\/escolabalafia\/?page_id=654"},"modified":"2020-08-08T09:25:01","modified_gmt":"2020-08-08T07:25:01","slug":"pla-de-funcionament-de-la-biblioteca-escolar","status":"publish","type":"page","link":"https:\/\/agora.xtec.cat\/escolabalafia\/pla-de-funcionament-de-la-biblioteca-escolar\/","title":{"rendered":"Pla Biblioteca Escolar"},"content":{"rendered":"<p style=\"text-align: justify;\">La biblioteca escolar \u00e9s un espai educatiu i din\u00e0mic, un centre de recursos que cont\u00e9 documents en tot tipus de suport per a l\u2019aprenentatge i per a la recerca. \u00c9s un servei per al desenvolupament del curr\u00edculum i del projecte educatiu de centre adre\u00e7at al professorat, a l\u2019alumnat i a tota la comunitat educativa. La seva missi\u00f3 \u00e9s facilitar l\u2019acc\u00e9s i difondre els recursos d\u2019informaci\u00f3 afavorint els processos de creaci\u00f3 del coneixement.<\/p>\n<p style=\"text-align: justify;\">La biblioteca escolar \u00e9s un recurs fonamental per a l\u2019adquisici\u00f3 de les compet\u00e8ncies b\u00e0siques i el desplegament dels continguts curriculars a totes les \u00e0rees i etapes educatives. Aix\u00ed esdev\u00e9 un element clau per a l\u2019assoliment de la compet\u00e8ncia informacional, el foment de la lectura i l\u2019adquisici\u00f3 d\u2019aprenentatges aut\u00f2noms.<\/p>\n<p style=\"text-align: justify;\">La biblioteca escolar es comunica i interacciona amb les seves comunitats d\u2019usuaris utilitzant les tecnologies de la informaci\u00f3 i la comunicaci\u00f3, integrant-se als entorns virtuals d\u2019aprenentatge i als sistemes d\u2019informaci\u00f3 del centre. D\u2019aquesta manera deixa de ser una biblioteca exclusivament en un espai f\u00edsic per ser una biblioteca que cont\u00e9, tamb\u00e9, espais virtuals per a la consulta i per a la comunicaci\u00f3.<\/p>\n<p style=\"text-align: justify;\">En la Biblioteca de l&#8217;Escola Bal\u00e0fia trobareu informaci\u00f3 sobre llibres, activitats culturals i sobre les activitats que fem a la nostra escola al voltant del m\u00f3n de la lectura i la cultura.<\/p>\n<p>Tamb\u00e9 podrem trobar un enlla\u00e7 amb l&#8217;epergam, que ens servir\u00e0 com a catalogaci\u00f3 dels llibres que disposem al centre.<\/p>\n<p><a href=\"https:\/\/aplicacions.gestioeducativa.gencat.cat\/epergam\/web\/biblioteca.jsp\">EPERGAM<\/a><\/p>\n","protected":false},"excerpt":{"rendered":"<p>La biblioteca escolar \u00e9s un espai educatiu i din\u00e0mic, un centre de recursos que cont\u00e9 documents en tot tipus de suport per a l\u2019aprenentatge i per a la recerca. \u00c9s un servei per al desenvolupament del curr\u00edculum i del projecte educatiu de centre adre\u00e7at al&hellip;  <a href=\"https:\/\/agora.xtec.cat\/escolabalafia\/pla-de-funcionament-de-la-biblioteca-escolar\/\" title=\"Read Pla Biblioteca Escolar\">Llegeix m\u00e9s\u00bb<\/a><\/p>\n","protected":false},"author":1,"featured_media":0,"parent":0,"menu_order":0,"comment_status":"closed","ping_status":"closed","template":"","meta":{"_bbp_topic_count":0,"_bbp_reply_count":0,"_bbp_total_topic_count":0,"_bbp_total_reply_count":0,"_bbp_voice_count":0,"_bbp_anonymous_reply_count":0,"_bbp_topic_count_hidden":0,"_bbp_reply_count_hidden":0,"_bbp_forum_subforum_count":0,"footnotes":""},"class_list":["post-654","page","type-page","status-publish","hentry"],"post_mailing_queue_ids":[],"_links":{"self":[{"href":"https:\/\/agora.xtec.cat\/escolabalafia\/wp-json\/wp\/v2\/pages\/654","targetHints":{"allow":["GET"]}}],"collection":[{"href":"https:\/\/agora.xtec.cat\/escolabalafia\/wp-json\/wp\/v2\/pages"}],"about":[{"href":"https:\/\/agora.xtec.cat\/escolabalafia\/wp-json\/wp\/v2\/types\/page"}],"author":[{"embeddable":true,"href":"https:\/\/agora.xtec.cat\/escolabalafia\/wp-json\/wp\/v2\/users\/1"}],"replies":[{"embeddable":true,"href":"https:\/\/agora.xtec.cat\/escolabalafia\/wp-json\/wp\/v2\/comments?post=654"}],"version-history":[{"count":2,"href":"https:\/\/agora.xtec.cat\/escolabalafia\/wp-json\/wp\/v2\/pages\/654\/revisions"}],"predecessor-version":[{"id":661,"href":"https:\/\/agora.xtec.cat\/escolabalafia\/wp-json\/wp\/v2\/pages\/654\/revisions\/661"}],"wp:attachment":[{"href":"https:\/\/agora.xtec.cat\/escolabalafia\/wp-json\/wp\/v2\/media?parent=654"}],"curies":[{"name":"wp","href":"https:\/\/api.w.org\/{rel}","templated":true}]}}