{"id":34,"date":"2014-09-18T12:32:18","date_gmt":"2014-09-18T11:32:18","guid":{"rendered":"http:\/\/agora.xtec.cat\/escolabalafia\/?page_id=34"},"modified":"2020-08-10T10:20:26","modified_gmt":"2020-08-10T08:20:26","slug":"oferta-educativa","status":"publish","type":"page","link":"https:\/\/agora.xtec.cat\/escolabalafia\/lescola\/oferta-educativa\/","title":{"rendered":"Oferta educativa"},"content":{"rendered":"<p style=\"color: #444444;\">L\u2019Escola Bal\u00e0fia \u00e9s una escola p\u00fablica, catalana, inclusiva i compromesa en l\u2019acolliment dels alumnes i llurs fam\u00edlies, per integrar-los en la nostra cultura. Formem i instru\u00efm acad\u00e8micament, conscients que preparem pel futur, tot educant els valors necessaris per ajudar als infants a desenvolupar-se com a persones, esdevenint ciutadans respectuosos, participatius i feli\u00e7os. Oferim eines per a la cohesi\u00f3 social basada en el respecte a l\u2019altre i les seves idees, costums i cultura.<\/p>\n<p style=\"color: #444444;\"><em><strong>Treballem amb\u2026<\/strong><\/em><\/p>\n<ul>\n<li style=\"color: #444444;\">Racons ling\u00fc\u00edstics, matem\u00e0tics, tallers internivells i ambients de treball a Ed.Infantil<\/li>\n<li style=\"color: #444444;\">Racons de llengua a CI i CM<\/li>\n<li style=\"color: #444444;\">Apadrinament Lector : 6\u00e8 i 2n, 4t i P5<\/li>\n<li style=\"color: #444444;\">Tallers d\u2019escriptura i lectura a CS<\/li>\n<li style=\"color: #444444;\">Tallers d\u2019estrat\u00e8gies de lectura a CI<\/li>\n<li style=\"color: #444444;\">Lectura en parelles<\/li>\n<li style=\"color: #444444;\">Racons de llengua anglesa a CM i CS<\/li>\n<li>Projecte Quinzet, rapidesa i c\u00e0lcul mental en totes les etapes.<\/li>\n<li style=\"color: #444444;\">Aula d\u2019Acollida<\/li>\n<li style=\"color: #444444;\">T\u00e8cnic Especialista d\u2019ed. Infantil<\/li>\n<li style=\"color: #444444;\">T\u00e8cnic d\u2019Integraci\u00f3 Social<\/li>\n<\/ul>\n<p><em><strong>Plans i Projectes:<\/strong><\/em><\/p>\n<ul>\n<li>Projecte Escolta\u2019m<\/li>\n<li>Pla de Funcionament de Biblioteca Escolar<\/li>\n<li>Pla de Centre de Pr\u00e0ctiques i Alternan\u00e7a-Dual<\/li>\n<li>Projecte \u201cMatem\u00e0tiques a la carta\u201d: rob\u00f2tica, escacs i jocs de l\u00f2gica<\/li>\n<li>Programa de reutilitzaci\u00f3 de llibres i material escolar<\/li>\n<li>Pla per al foment del consum de fruita i<br \/>\nverdura<\/li>\n<li>Pla Educatiu d\u2019Entorn \u2013 Lleida<\/li>\n<li>Pla de col.laboraci\u00f3 de professorat jubilat<\/li>\n<li>Projecte de Reciclatge<\/li>\n<li>Projecte Activijocs<\/li>\n<li>Projecte \u201cDescobrim el m\u00f3n\u201d<\/li>\n<\/ul>\n<p><em><strong>Activitats extraescolars \u2013 AMPA:<\/strong><\/em><\/p>\n<ul>\n<li>Futbol cinc<\/li>\n<li>B\u00e0squet<\/li>\n<li>Multiesports<\/li>\n<li>Patinatge<\/li>\n<li>Estudi Assistit a 3r i 4t<\/li>\n<\/ul>\n<p><strong><em>ACTIVITATS I<\/em> COL.LABORACIONS SUBVENCIONADES:<\/strong><\/p>\n<ul>\n<li><strong>Activijocs :<\/strong> diari de 17 a 19 h. Save the Children<\/li>\n<li><strong>Estudi Assistit<\/strong> a 5\u00e8 i 6\u00e8 : 2h\/set Pla Educatiu d\u2019Entorn Lleida \u2013 POEFE<\/li>\n<li><strong>POEFA :<\/strong>\n<ul>\n<li>Auxiliar nadiu de llengua anglesa<\/li>\n<li>Handbol mixt en horari lectiu i extraescolar femen\u00ed<\/li>\n<li>Projecte \u201cL\u2019Univers\u201d<\/li>\n<li>Escacs a l\u2019aula<\/li>\n<\/ul>\n<\/li>\n<li><strong>Llengua i cultura romanesa extraescolar<\/strong><\/li>\n<li><strong>Llengua i cultura \u00e0rab extraescolar<\/strong><\/li>\n<\/ul>\n<p><a href=\"https:\/\/agora.xtec.cat\/escolabalafia\/wp-content\/uploads\/usu803\/2020\/08\/descarga-1.png\"><img loading=\"lazy\" decoding=\"async\" class=\"wp-image-573 alignleft\" src=\"https:\/\/agora.xtec.cat\/escolabalafia\/wp-content\/uploads\/usu803\/2020\/08\/descarga-1.png\" alt=\"\" width=\"201\" height=\"72\" data-wp-editing=\"1\" srcset=\"https:\/\/agora.xtec.cat\/escolabalafia\/wp-content\/uploads\/usu803\/2020\/08\/descarga-1.png 374w, https:\/\/agora.xtec.cat\/escolabalafia\/wp-content\/uploads\/usu803\/2020\/08\/descarga-1-300x108.png 300w\" sizes=\"auto, (max-width: 201px) 100vw, 201px\" \/><\/a><a href=\"https:\/\/agora.xtec.cat\/escolabalafia\/wp-content\/uploads\/usu803\/2020\/08\/descarga.png\"><img loading=\"lazy\" decoding=\"async\" class=\"wp-image-574 alignright\" src=\"https:\/\/agora.xtec.cat\/escolabalafia\/wp-content\/uploads\/usu803\/2020\/08\/descarga.png\" alt=\"\" width=\"195\" height=\"103\" srcset=\"https:\/\/agora.xtec.cat\/escolabalafia\/wp-content\/uploads\/usu803\/2020\/08\/descarga.png 309w, https:\/\/agora.xtec.cat\/escolabalafia\/wp-content\/uploads\/usu803\/2020\/08\/descarga-300x158.png 300w\" sizes=\"auto, (max-width: 195px) 100vw, 195px\" \/><\/a><a href=\"https:\/\/agora.xtec.cat\/escolabalafia\/wp-content\/uploads\/usu803\/2020\/08\/save.jpg\"><img loading=\"lazy\" decoding=\"async\" class=\"wp-image-572 aligncenter\" src=\"https:\/\/agora.xtec.cat\/escolabalafia\/wp-content\/uploads\/usu803\/2020\/08\/save.jpg\" alt=\"\" width=\"196\" height=\"81\" srcset=\"https:\/\/agora.xtec.cat\/escolabalafia\/wp-content\/uploads\/usu803\/2020\/08\/save.jpg 480w, https:\/\/agora.xtec.cat\/escolabalafia\/wp-content\/uploads\/usu803\/2020\/08\/save-300x125.jpg 300w\" sizes=\"auto, (max-width: 196px) 100vw, 196px\" \/><\/a><\/p>\n","protected":false},"excerpt":{"rendered":"<p>L\u2019Escola Bal\u00e0fia \u00e9s una escola p\u00fablica, catalana, inclusiva i compromesa en l\u2019acolliment dels alumnes i llurs fam\u00edlies, per integrar-los en la nostra cultura. Formem i instru\u00efm acad\u00e8micament, conscients que preparem pel futur, tot educant els valors necessaris per ajudar als infants a desenvolupar-se com a&hellip;  <a href=\"https:\/\/agora.xtec.cat\/escolabalafia\/lescola\/oferta-educativa\/\" title=\"Read Oferta educativa\">Llegeix m\u00e9s\u00bb<\/a><\/p>\n","protected":false},"author":1,"featured_media":0,"parent":22,"menu_order":60,"comment_status":"closed","ping_status":"closed","template":"page-templates\/side-menu.php","meta":{"_bbp_topic_count":0,"_bbp_reply_count":0,"_bbp_total_topic_count":0,"_bbp_total_reply_count":0,"_bbp_voice_count":0,"_bbp_anonymous_reply_count":0,"_bbp_topic_count_hidden":0,"_bbp_reply_count_hidden":0,"_bbp_forum_subforum_count":0,"footnotes":""},"class_list":["post-34","page","type-page","status-publish","hentry"],"post_mailing_queue_ids":[],"_links":{"self":[{"href":"https:\/\/agora.xtec.cat\/escolabalafia\/wp-json\/wp\/v2\/pages\/34","targetHints":{"allow":["GET"]}}],"collection":[{"href":"https:\/\/agora.xtec.cat\/escolabalafia\/wp-json\/wp\/v2\/pages"}],"about":[{"href":"https:\/\/agora.xtec.cat\/escolabalafia\/wp-json\/wp\/v2\/types\/page"}],"author":[{"embeddable":true,"href":"https:\/\/agora.xtec.cat\/escolabalafia\/wp-json\/wp\/v2\/users\/1"}],"replies":[{"embeddable":true,"href":"https:\/\/agora.xtec.cat\/escolabalafia\/wp-json\/wp\/v2\/comments?post=34"}],"version-history":[{"count":3,"href":"https:\/\/agora.xtec.cat\/escolabalafia\/wp-json\/wp\/v2\/pages\/34\/revisions"}],"predecessor-version":[{"id":717,"href":"https:\/\/agora.xtec.cat\/escolabalafia\/wp-json\/wp\/v2\/pages\/34\/revisions\/717"}],"up":[{"embeddable":true,"href":"https:\/\/agora.xtec.cat\/escolabalafia\/wp-json\/wp\/v2\/pages\/22"}],"wp:attachment":[{"href":"https:\/\/agora.xtec.cat\/escolabalafia\/wp-json\/wp\/v2\/media?parent=34"}],"curies":[{"name":"wp","href":"https:\/\/api.w.org\/{rel}","templated":true}]}}